{"id":39,"date":"2021-07-27T16:33:11","date_gmt":"2021-07-27T19:33:11","guid":{"rendered":"https:\/\/www3.unicentro.br\/novatec\/?page_id=39"},"modified":"2026-03-31T16:14:50","modified_gmt":"2026-03-31T19:14:50","slug":"incubadora-tecnologica","status":"publish","type":"page","link":"https:\/\/www3.unicentro.br\/novatec\/incubadora-tecnologica\/","title":{"rendered":"Incubadora Tecnol\u00f3gica"},"content":{"rendered":"<div class=\"wpb-content-wrapper\"><p>[vc_row][vc_column][vc_single_image image=&#8221;2531&#8243; img_size=&#8221;full&#8221; alignment=&#8221;center&#8221; css_animation=&#8221;fadeInUp&#8221; css=&#8221;&#8221;][vc_column_text css_animation=&#8221;fadeInUp&#8221;]<\/p>\n<p align=\"justify\"><span style=\"font-family: 'arial black', sans-serif;font-size: 14pt;color: #003366\">INTEG<\/span><\/p>\n<p align=\"justify\"><span style=\"font-family: georgia, palatino, serif;font-size: 12pt;color: #333333\">Somos uma associa\u00e7\u00e3o civil sem fins lucrativos, com personalidade jur\u00eddica de direito privado, inscrita no CNPJ sob n\u00ba 05.137.604\/0001-06, declarada de Utilidade P\u00fablica pela Lei n\u00ba 2100, de 4 de abril de 2013.<\/span><\/p>\n<p>[\/vc_column_text][vc_separator color=&#8221;orange&#8221; style=&#8221;double&#8221; css_animation=&#8221;fadeInUp&#8221;][vc_column_text css_animation=&#8221;fadeInUp&#8221;]<\/p>\n<p align=\"justify\"><span style=\"font-family: 'arial black', sans-serif;font-size: 14pt;color: #003366\">NOSSO PROP\u00d3SITO<\/span><\/p>\n<p align=\"justify\"><span style=\"font-family: georgia, palatino, serif;font-size: 12pt\">Nosso objetivo \u00e9 apoiar a cria\u00e7\u00e3o e o desenvolvimento de empresas de base tecnol\u00f3gica, oferecendo apoio, assist\u00eancia e capacita\u00e7\u00e3o para pessoas com ideias inovadoras e empreendedoras. Proporcionar ambiente favor\u00e1vel para o desenvolvimento de novas tecnologias, bem como mecanismos para fortalecer empreendimentos sustent\u00e1veis.<\/span><\/p>\n<p>[\/vc_column_text][vc_separator color=&#8221;orange&#8221; style=&#8221;double&#8221; css_animation=&#8221;fadeInUp&#8221;][vc_column_text css_animation=&#8221;fadeInUp&#8221;]<\/p>\n<p align=\"justify\"><span style=\"font-family: 'arial black', sans-serif;font-size: 14pt;color: #003366\">PROGRAMA DE INCUBA\u00c7\u00c3O<\/span><\/p>\n<p align=\"justify\"><span style=\"font-family: georgia, palatino, serif;font-size: 12pt\">Empreendimentos com ideias ou projetos de grande potencial que estejam em est\u00e1gio embrion\u00e1rio ou no in\u00edcio das atividades, podendo ser pessoas f\u00edsicas ou jur\u00eddicas, individualmente ou em sociedade, que visem o desenvolvimento ou comercializa\u00e7\u00e3o de uma solu\u00e7\u00e3o inovadora (produto, servi\u00e7o ou processo), s\u00e3o eleg\u00edveis para participa\u00e7\u00e3o do programa de incuba\u00e7\u00e3o da INTEG. N\u00e3o \u00e9 necess\u00e1rio que a empresa esteja formalmente constitu\u00edda na apresenta\u00e7\u00e3o da proposta. Entretanto, a formaliza\u00e7\u00e3o \u00e9 obrigat\u00f3ria no decorrer do processo de incuba\u00e7\u00e3o.<\/span><\/p>\n<p>[\/vc_column_text][vc_separator color=&#8221;orange&#8221; style=&#8221;double&#8221; css_animation=&#8221;fadeInUp&#8221;][vc_column_text css_animation=&#8221;fadeInUp&#8221;]<\/p>\n<p align=\"justify\"><span style=\"font-family: 'arial black', sans-serif;font-size: 14pt;color: #003366\">MODALIDADES<\/span><\/p>\n<p align=\"justify\"><span style=\"font-family: georgia, palatino, serif;font-size: 12pt\"><strong>INCUBA\u00c7\u00c3O RESIDENTE:<\/strong> \u00e9 aquela onde o empreendimento incubado se instala fisicamente em um espa\u00e7o privativo cedido pela incubadora, utilizando-o como ambiente regular de trabalho;<\/span><\/p>\n<p align=\"justify\"><span style=\"font-family: georgia, palatino, serif;font-size: 12pt\"><strong>INCUBA\u00c7\u00c3O N\u00c3O RESIDENTE:<\/strong> \u00e9 aquela onde o empreendimento incubado se instala fisicamente em um espa\u00e7o fora das depend\u00eancias da incubadora, podendo, entretanto, utilizar os espa\u00e7os compartilhados quando necess\u00e1rios e mediante disponibilidade. Mesmo fora do espa\u00e7o f\u00edsico da incubadora, a empresa incubada n\u00e3o residente tem acesso aos demais benef\u00edcios oferecidos pelo programa, assim como possui direitos e deveres compat\u00edveis com a modalidade de incuba\u00e7\u00e3o em quest\u00e3o;<\/span><\/p>\n<p align=\"justify\"><span style=\"font-family: georgia, palatino, serif;font-size: 12pt\"><strong>PR\u00c9-INCUBA\u00c7\u00c3O:<\/strong> \u00e9 a modalidade que apoia os projetos inovadores ainda em fase de desenvolvimento, que n\u00e3o est\u00e3o prontos para gerar receita no curto prazo, podendo ser residente ou n\u00e3o-residente. Os projetos recebem apoio para que possam concluir o desenvolvimento e amadurecimento do modelo de neg\u00f3cios.<\/span><\/p>\n<p>[\/vc_column_text][vc_separator color=&#8221;orange&#8221; style=&#8221;double&#8221; css_animation=&#8221;fadeInUp&#8221;][vc_column_text css_animation=&#8221;fadeInUp&#8221; css=&#8221;&#8221;]<\/p>\n<p align=\"justify\"><span style=\"font-family: 'arial black', sans-serif;font-size: 14pt;color: #003366\">EDITAL DE FLUXO CONT\u00cdNUO<\/span><\/p>\n<p align=\"justify\"><span style=\"font-family: georgia, palatino, serif;font-size: 12pt\">Para saber mais sobre o Programa de Incuba\u00e7\u00e3o da Incubadora Tecnol\u00f3gica da Unicentro, acesse nosso Edital de Fluxo Cont\u00ednuo de 2026,\u00a0 <strong><a href=\"https:\/\/www3.unicentro.br\/novatec\/wp-content\/uploads\/sites\/128\/2026\/01\/EDITAL-FLUXO-CONTINUO-2026-1.pdf\">clicando aqui.<\/a><\/strong><\/span><\/p>\n<p>[\/vc_column_text][vc_separator color=&#8221;orange&#8221; style=&#8221;double&#8221; css_animation=&#8221;fadeInUp&#8221;][\/vc_column][\/vc_row][vc_row][vc_column][vc_column_text css_animation=&#8221;fadeInUp&#8221;]<\/p>\n<p align=\"justify\"><span style=\"font-family: 'arial black', sans-serif;font-size: 14pt;color: #003366\">RECONHECIMENTOS<\/span><\/p>\n<p align=\"justify\"><span style=\"font-family: georgia, palatino, serif;font-size: 12pt\">A INTEG \u00e9 certificada pela \u201cCentro de Refer\u00eancia para Apoio a Novos Empreendimentos (CERNE)\u201d por atingir o <strong>N\u00cdVEL 3<\/strong> em <strong>2023<\/strong> de boas pr\u00e1ticas em incuba\u00e7\u00e3o, reconhecimento oferecido pela Associa\u00e7\u00e3o Nacional de Entidades Promotoras de Empreendimentos Inovadores (ANPROTEC) e pelo Servi\u00e7o Brasileiro de Apoio \u00e0s Micro e Pequenas Empresas (SEBRAE).<\/span><\/p>\n<p>[\/vc_column_text][vc_single_image image=&#8221;1180&#8243; img_size=&#8221;full&#8221; alignment=&#8221;center&#8221; onclick=&#8221;link_image&#8221; css_animation=&#8221;fadeInUp&#8221;][vc_separator color=&#8221;orange&#8221; style=&#8221;double&#8221; css_animation=&#8221;fadeInUp&#8221;][\/vc_column][\/vc_row]<\/p>\n<\/div>","protected":false},"excerpt":{"rendered":"<p>[vc_row][vc_column][vc_single_image image=&#8221;2531&#8243; img_size=&#8221;full&#8221; alignment=&#8221;center&#8221; css_animation=&#8221;fadeInUp&#8221; css=&#8221;&#8221;][vc_column_text css_animation=&#8221;fadeInUp&#8221;] INTEG Somos uma associa\u00e7\u00e3o civil sem fins lucrativos, com personalidade jur\u00eddica de direito privado, inscrita no CNPJ sob n\u00ba 05.137.604\/0001-06, declarada de Utilidade P\u00fablica pela Lei n\u00ba 2100, de 4 de abril de 2013. [\/vc_column_text][vc_separator color=&#8221;orange&#8221; style=&#8221;double&#8221; css_animation=&#8221;fadeInUp&#8221;][vc_column_text css_animation=&#8221;fadeInUp&#8221;] NOSSO PROP\u00d3SITO Nosso objetivo \u00e9 apoiar a cria\u00e7\u00e3o e [&hellip;]<\/p>\n","protected":false},"author":3,"featured_media":0,"parent":0,"menu_order":0,"comment_status":"closed","ping_status":"closed","template":"","meta":{"_exactmetrics_skip_tracking":false,"_exactmetrics_sitenote_active":false,"_exactmetrics_sitenote_note":"","_exactmetrics_sitenote_category":0,"footnotes":"","_links_to":"","_links_to_target":""},"class_list":["post-39","page","type-page","status-publish","hentry"],"_links":{"self":[{"href":"https:\/\/www3.unicentro.br\/novatec\/wp-json\/wp\/v2\/pages\/39","targetHints":{"allow":["GET"]}}],"collection":[{"href":"https:\/\/www3.unicentro.br\/novatec\/wp-json\/wp\/v2\/pages"}],"about":[{"href":"https:\/\/www3.unicentro.br\/novatec\/wp-json\/wp\/v2\/types\/page"}],"author":[{"embeddable":true,"href":"https:\/\/www3.unicentro.br\/novatec\/wp-json\/wp\/v2\/users\/3"}],"replies":[{"embeddable":true,"href":"https:\/\/www3.unicentro.br\/novatec\/wp-json\/wp\/v2\/comments?post=39"}],"version-history":[{"count":3,"href":"https:\/\/www3.unicentro.br\/novatec\/wp-json\/wp\/v2\/pages\/39\/revisions"}],"predecessor-version":[{"id":2533,"href":"https:\/\/www3.unicentro.br\/novatec\/wp-json\/wp\/v2\/pages\/39\/revisions\/2533"}],"wp:attachment":[{"href":"https:\/\/www3.unicentro.br\/novatec\/wp-json\/wp\/v2\/media?parent=39"}],"curies":[{"name":"wp","href":"https:\/\/api.w.org\/{rel}","templated":true}]}}