{"id":2139,"date":"2025-08-04T09:15:42","date_gmt":"2025-08-04T12:15:42","guid":{"rendered":"https:\/\/www3.unicentro.br\/novatec\/?page_id=2139"},"modified":"2025-08-14T10:02:48","modified_gmt":"2025-08-14T13:02:48","slug":"ageuni","status":"publish","type":"page","link":"https:\/\/www3.unicentro.br\/novatec\/ageuni\/","title":{"rendered":"AGEUNI"},"content":{"rendered":"<div class=\"wpb-content-wrapper\"><p>[vc_row][vc_column][vc_btn title=&#8221;Formul\u00e1rio simplificado para propostas&#8221; style=&#8221;3d&#8221; color=&#8221;sky&#8221; css=&#8221;&#8221; link=&#8221;url:https%3A%2F%2Fwww3.unicentro.br%2Fnovatec%2Fwp-content%2Fuploads%2Fsites%2F128%2F2025%2F08%2FFormulario-SIMPLIFICADO-AGEUNI-2025_PRORROGADO_.pdf|title:Formulario&#8221;][vc_btn title=&#8221;Resumo executivo de normas &#8211; SETI\/PR&#8221; style=&#8221;3d&#8221; color=&#8221;pink&#8221; css=&#8221;&#8221; link=&#8221;url:https%3A%2F%2Fwww3.unicentro.br%2Fnovatec%2Fwp-content%2Fuploads%2Fsites%2F128%2F2025%2F08%2FRESUMO-EXECUTIVO-AGEUNI-2025.pdf&#8221;][\/vc_column][\/vc_row][vc_row][vc_column][vc_btn title=&#8221;Formul\u00e1rio simplificado para propostas (em Word)&#8221; style=&#8221;3d&#8221; color=&#8221;primary&#8221; css=&#8221;&#8221; link=&#8221;url:https%3A%2F%2Fwww3.unicentro.br%2Fnovatec%2Fwp-content%2Fuploads%2Fsites%2F128%2F2025%2F08%2FFormulario-SIMPLIFICADO-AGEUNI-2025_PRORROGADO_.docx|title:Formulario&#8221;][\/vc_column][\/vc_row][vc_row][vc_column][vc_column_text css=&#8221;&#8221;]<\/p>\n<div><\/div>\n<div class=\"wp-block-image\"><\/div>\n<div>\n<div class=\"wp-block-image\"><img loading=\"lazy\" decoding=\"async\" class=\"wpa-warning wpa-image-missing-alt aligncenter size-full wp-image-2246\" src=\"https:\/\/www3.unicentro.br\/novatec\/wp-content\/uploads\/sites\/128\/2025\/08\/postageuni140825-1.jpg\" alt=\"\" width=\"1080\" height=\"1350\" data-warning=\"Missing alt text\" srcset=\"https:\/\/www3.unicentro.br\/novatec\/wp-content\/uploads\/sites\/128\/2025\/08\/postageuni140825-1.jpg 1080w, https:\/\/www3.unicentro.br\/novatec\/wp-content\/uploads\/sites\/128\/2025\/08\/postageuni140825-1-768x960.jpg 768w, https:\/\/www3.unicentro.br\/novatec\/wp-content\/uploads\/sites\/128\/2025\/08\/postageuni140825-1-255x319.jpg 255w\" sizes=\"auto, (max-width: 1080px) 100vw, 1080px\" \/><\/div>\n<p style=\"text-align: justify\"><span style=\"font-size: 12pt\">Se voc\u00ea busca otimizar um processo, desenvolver um novo produto ou agregar valor ao seu neg\u00f3cio, esta \u00e9 a sua oportunidade!<\/span><\/p>\n<p style=\"text-align: justify\"><span style=\"font-size: 12pt\">\ud83c\udfaf<strong> O que \u00e9 o Programa AGEUNI?<\/strong><\/span><br \/>\n<span style=\"font-size: 12pt\">A Ag\u00eancia de Desenvolvimento Regional Sustent\u00e1vel (AGEUNI) \u00e9 um programa de est\u00edmulo \u00e0 integra\u00e7\u00e3o Universidade\u2013Empresa\u2013Governo\u2013Sociedade, idealizado pelo Governo do Paran\u00e1, por meio da SETI-PR.<\/span><\/p>\n<p style=\"text-align: justify\"><span style=\"font-size: 12pt\">\ud83d\udca1 <strong>Por que participar?<\/strong><\/span><br \/>\n<span style=\"font-size: 12pt\">Esta a\u00e7\u00e3o visa conectar o seu desafio de neg\u00f3cio diretamente com a excel\u00eancia cient\u00edfica das Universidades de nosso estado. A iniciativa estimula o desenvolvimento regional ao transformar problemas reais em projetos de Pesquisa, Desenvolvimento e Inova\u00e7\u00e3o (PD&amp;I).<\/span><\/p>\n<p style=\"text-align: justify\"><span style=\"font-size: 12pt\">\ud83d\ude80 <strong>N\u00e3o perca a chance de inovar!<\/strong><\/span><\/p>\n<p style=\"text-align: justify\"><span style=\"font-size: 12pt\">\ud83d\udcc5 Prazo final para envio de propostas: 15 de agosto de 2025.<\/span><\/p>\n<p style=\"text-align: justify\"><span style=\"font-size: 12pt\">\ud83d\udd17 Acesse o <strong><span style=\"color: #ff6600\"><a style=\"color: #ff6600\" href=\"https:\/\/www3.unicentro.br\/novatec\/wp-content\/uploads\/sites\/128\/2025\/08\/RESUMO-EXECUTIVO-AGEUNI-2025.pdf\">resumo executivo<\/a><\/span><\/strong> e o <strong><span style=\"color: #0000ff\"><a style=\"color: #0000ff\" href=\"https:\/\/www3.unicentro.br\/novatec\/wp-content\/uploads\/sites\/128\/2025\/08\/Formulario-SIMPLIFICADO-AGEUNI-2025v01.pdf\">formul\u00e1rio<\/a><\/span><\/strong> e submeta o seu desafio!<\/span><\/p>\n<p style=\"text-align: justify\"><span style=\"font-size: 12pt\">\u2049 <strong>D\u00favidas?<\/strong><\/span><br \/>\n<span style=\"font-size: 12pt\">A equipe da NOVATEC como representante local da AGEUNI est\u00e1 \u00e0 disposi\u00e7\u00e3o para apoiar sua participa\u00e7\u00e3o.<\/span><br \/>\n<span style=\"font-size: 12pt\">Hor\u00e1rio de atendimento: segunda a sexta, das 08h30min \u00e0s 17h30min<\/span><br \/>\n<span style=\"font-size: 12pt\">WhatsApp:\u00a0\u202a42\u00a03629-8144<\/span><\/p>\n<\/div>\n<p>[\/vc_column_text][vc_separator color=&#8221;sky&#8221; style=&#8221;double&#8221; css_animation=&#8221;fadeInUp&#8221; css=&#8221;&#8221;][\/vc_column][\/vc_row][vc_row][vc_column][vc_btn title=&#8221;Formul\u00e1rio simplificado para propostas&#8221; style=&#8221;3d&#8221; color=&#8221;sky&#8221; css=&#8221;&#8221; link=&#8221;url:https%3A%2F%2Fwww3.unicentro.br%2Fnovatec%2Fwp-content%2Fuploads%2Fsites%2F128%2F2025%2F08%2FFormulario-SIMPLIFICADO-AGEUNI-2025_PRORROGADO_.pdf|title:Formato%20.pdf&#8221;][\/vc_column][\/vc_row][vc_row][vc_column][vc_separator color=&#8221;pink&#8221; style=&#8221;double&#8221; css_animation=&#8221;fadeInUp&#8221; css=&#8221;&#8221;][vc_btn title=&#8221;Resumo executivo de normas &#8211; SETI\/PR&#8221; style=&#8221;3d&#8221; color=&#8221;pink&#8221; css=&#8221;&#8221; link=&#8221;url:https%3A%2F%2Fwww3.unicentro.br%2Fnovatec%2Fwp-content%2Fuploads%2Fsites%2F128%2F2025%2F08%2FRESUMO-EXECUTIVO-AGEUNI-2025.pdf|title:Formato%20.pdf&#8221;][\/vc_column][\/vc_row][vc_row][vc_column][vc_separator color=&#8221;sky&#8221; style=&#8221;double&#8221; css_animation=&#8221;fadeInUp&#8221; css=&#8221;&#8221;][vc_btn title=&#8221;Formul\u00e1rio simplificado para propostas (em Word)&#8221; style=&#8221;3d&#8221; color=&#8221;primary&#8221; css=&#8221;&#8221; link=&#8221;url:https%3A%2F%2Fwww3.unicentro.br%2Fnovatec%2Fwp-content%2Fuploads%2Fsites%2F128%2F2025%2F08%2FFormulario-SIMPLIFICADO-AGEUNI-2025_PRORROGADO_.docx|title:Formulario&#8221;][\/vc_column][\/vc_row][vc_row][vc_column][\/vc_column][\/vc_row]<\/p>\n<\/div>","protected":false},"excerpt":{"rendered":"<p>[vc_row][vc_column][vc_btn title=&#8221;Formul\u00e1rio simplificado para propostas&#8221; style=&#8221;3d&#8221; color=&#8221;sky&#8221; css=&#8221;&#8221; link=&#8221;url:https%3A%2F%2Fwww3.unicentro.br%2Fnovatec%2Fwp-content%2Fuploads%2Fsites%2F128%2F2025%2F08%2FFormulario-SIMPLIFICADO-AGEUNI-2025_PRORROGADO_.pdf|title:Formulario&#8221;][vc_btn title=&#8221;Resumo executivo de normas &#8211; SETI\/PR&#8221; style=&#8221;3d&#8221; color=&#8221;pink&#8221; css=&#8221;&#8221; link=&#8221;url:https%3A%2F%2Fwww3.unicentro.br%2Fnovatec%2Fwp-content%2Fuploads%2Fsites%2F128%2F2025%2F08%2FRESUMO-EXECUTIVO-AGEUNI-2025.pdf&#8221;][\/vc_column][\/vc_row][vc_row][vc_column][vc_btn title=&#8221;Formul\u00e1rio simplificado para propostas (em Word)&#8221; style=&#8221;3d&#8221; color=&#8221;primary&#8221; css=&#8221;&#8221; link=&#8221;url:https%3A%2F%2Fwww3.unicentro.br%2Fnovatec%2Fwp-content%2Fuploads%2Fsites%2F128%2F2025%2F08%2FFormulario-SIMPLIFICADO-AGEUNI-2025_PRORROGADO_.docx|title:Formulario&#8221;][\/vc_column][\/vc_row][vc_row][vc_column][vc_column_text css=&#8221;&#8221;] Se voc\u00ea busca otimizar um processo, desenvolver um novo produto ou agregar valor ao seu neg\u00f3cio, esta \u00e9 a sua oportunidade! \ud83c\udfaf O que \u00e9 [&hellip;]<\/p>\n","protected":false},"author":193,"featured_media":0,"parent":0,"menu_order":0,"comment_status":"closed","ping_status":"closed","template":"","meta":{"_exactmetrics_skip_tracking":false,"_exactmetrics_sitenote_active":false,"_exactmetrics_sitenote_note":"","_exactmetrics_sitenote_category":0,"footnotes":"","_links_to":"","_links_to_target":""},"class_list":["post-2139","page","type-page","status-publish","hentry"],"_links":{"self":[{"href":"https:\/\/www3.unicentro.br\/novatec\/wp-json\/wp\/v2\/pages\/2139","targetHints":{"allow":["GET"]}}],"collection":[{"href":"https:\/\/www3.unicentro.br\/novatec\/wp-json\/wp\/v2\/pages"}],"about":[{"href":"https:\/\/www3.unicentro.br\/novatec\/wp-json\/wp\/v2\/types\/page"}],"author":[{"embeddable":true,"href":"https:\/\/www3.unicentro.br\/novatec\/wp-json\/wp\/v2\/users\/193"}],"replies":[{"embeddable":true,"href":"https:\/\/www3.unicentro.br\/novatec\/wp-json\/wp\/v2\/comments?post=2139"}],"version-history":[{"count":2,"href":"https:\/\/www3.unicentro.br\/novatec\/wp-json\/wp\/v2\/pages\/2139\/revisions"}],"predecessor-version":[{"id":2247,"href":"https:\/\/www3.unicentro.br\/novatec\/wp-json\/wp\/v2\/pages\/2139\/revisions\/2247"}],"wp:attachment":[{"href":"https:\/\/www3.unicentro.br\/novatec\/wp-json\/wp\/v2\/media?parent=2139"}],"curies":[{"name":"wp","href":"https:\/\/api.w.org\/{rel}","templated":true}]}}