{"id":1537,"date":"2023-11-13T09:17:56","date_gmt":"2023-11-13T12:17:56","guid":{"rendered":"https:\/\/www3.unicentro.br\/novatec\/?page_id=1537"},"modified":"2024-07-25T09:50:48","modified_gmt":"2024-07-25T12:50:48","slug":"feira-de-ideias","status":"publish","type":"page","link":"https:\/\/www3.unicentro.br\/novatec\/incubadora-tecnologica\/feira-de-ideias\/","title":{"rendered":"Feira de Ideias"},"content":{"rendered":"<div class=\"wpb-content-wrapper\"><p>[vc_row][vc_column][vc_single_image image=&#8221;1831&#8243; img_size=&#8221;full&#8221; style=&#8221;vc_box_shadow_3d&#8221; css_animation=&#8221;fadeInUp&#8221; css=&#8221;&#8221;][vc_btn title=&#8221;Inscri\u00e7\u00e3o da Ideia\/Projeto &#8211; Feira de Ideias 2024&#8243; style=&#8221;3d&#8221; color=&#8221;sandy-brown&#8221; css_animation=&#8221;fadeInUp&#8221; css=&#8221;&#8221; link=&#8221;url:https%3A%2F%2Fforms.gle%2Fi6WvSMPVecGYsu9e9&#8243;][vc_separator css=&#8221;&#8221;][vc_column_text css_animation=&#8221;fadeInUp&#8221;]<span style=\"font-family: 'arial black', sans-serif;font-size: 14pt;color: #003366\">FEIRA DE IDEIAS<\/span><\/p>\n<p><span style=\"font-family: georgia, palatino, serif;font-size: 12pt\">A Feira de Ideias \u00e9 um programa promovido pela Incubadora Tecnol\u00f3gica de Guarapuava &#8211; INTEG, que consiste na oferta de oficinas e workshops com objetivo de sensibilizar e prospectar ideias e projetos inovadores e capacitar empreendedores e potenciais empreendedores.<\/span><\/p>\n<p><span style=\"font-family: georgia, palatino, serif;font-size: 12pt\">O programa \u00e9 destinado \u00e0 toda comunidade e conta com o apoio de entidades p\u00fablicas e privadas como SEBRAE, Valley Coworking, Lab de Ideias, Secretaria Municipal de Ci\u00eancia, Tecnologia e Inova\u00e7\u00e3o, Parque Tecnol\u00f3gico Cilla Tech Park, Tahech Advogados e F\u00f3rum de Ci\u00eancia, Tecnologia e Inova\u00e7\u00e3o.<\/span>[\/vc_column_text][vc_tta_accordion color=&#8221;sandy-brown&#8221; active_section=&#8221;0&#8243; css_animation=&#8221;fadeInUp&#8221; collapsible_all=&#8221;true&#8221;][vc_tta_section title=&#8221;2022&#8243; tab_id=&#8221;1699878004956-4e55723d-232d&#8221;][vc_masonry_media_grid grid_id=&#8221;vc_gid:1721910284663-252544f6-4cb8-1&#8243; include=&#8221;1589,1584,1593,1588,1587,1595&#8243;][\/vc_tta_section][vc_tta_section title=&#8221;2020\/2021&#8243; tab_id=&#8221;1699877984674-744d7bc3-9144&#8243;][vc_masonry_media_grid grid_id=&#8221;vc_gid:1721910284664-8308eb44-db21-0&#8243; include=&#8221;1578,1579,1580,1581,1582,1583&#8243;][\/vc_tta_section][vc_tta_section title=&#8221;2019&#8243; tab_id=&#8221;1699877973838-0d644e69-8163&#8243;][vc_masonry_media_grid grid_id=&#8221;vc_gid:1721910284664-ffc5d1be-86f9-2&#8243; include=&#8221;1559,1565,1566,1563,1564,1569&#8243;][\/vc_tta_section][vc_tta_section title=&#8221;2018&#8243; tab_id=&#8221;1699877936160-b9ff22a5-7ed2&#8243;][vc_masonry_media_grid grid_id=&#8221;vc_gid:1721910284664-d905182a-459c-7&#8243; include=&#8221;1550,1551,1552,1553,1554,1555,1556,1557,1558&#8243;][\/vc_tta_section][vc_tta_section title=&#8221;2017&#8243; tab_id=&#8221;1699877936154-f8087f5f-6933&#8243;][vc_masonry_media_grid grid_id=&#8221;vc_gid:1721910284664-56386f3d-a2ff-6&#8243; include=&#8221;1548,1547,1546,1545,1544,1543,1542,1541,1540&#8243;][\/vc_tta_section][\/vc_tta_accordion][\/vc_column][\/vc_row][vc_row][vc_column][\/vc_column][\/vc_row]<\/p>\n<\/div>","protected":false},"excerpt":{"rendered":"<p>[vc_row][vc_column][vc_single_image image=&#8221;1831&#8243; img_size=&#8221;full&#8221; style=&#8221;vc_box_shadow_3d&#8221; css_animation=&#8221;fadeInUp&#8221; css=&#8221;&#8221;][vc_btn title=&#8221;Inscri\u00e7\u00e3o da Ideia\/Projeto &#8211; Feira de Ideias 2024&#8243; style=&#8221;3d&#8221; color=&#8221;sandy-brown&#8221; css_animation=&#8221;fadeInUp&#8221; css=&#8221;&#8221; link=&#8221;url:https%3A%2F%2Fforms.gle%2Fi6WvSMPVecGYsu9e9&#8243;][vc_separator css=&#8221;&#8221;][vc_column_text css_animation=&#8221;fadeInUp&#8221;]FEIRA DE IDEIAS A Feira de Ideias \u00e9 um programa promovido pela Incubadora Tecnol\u00f3gica de Guarapuava &#8211; INTEG, que consiste na oferta de oficinas e workshops com objetivo de sensibilizar e prospectar ideias e projetos [&hellip;]<\/p>\n","protected":false},"author":400,"featured_media":0,"parent":39,"menu_order":0,"comment_status":"closed","ping_status":"closed","template":"","meta":{"_exactmetrics_skip_tracking":false,"_exactmetrics_sitenote_active":false,"_exactmetrics_sitenote_note":"","_exactmetrics_sitenote_category":0,"footnotes":"","_links_to":"","_links_to_target":""},"class_list":["post-1537","page","type-page","status-publish","hentry"],"_links":{"self":[{"href":"https:\/\/www3.unicentro.br\/novatec\/wp-json\/wp\/v2\/pages\/1537","targetHints":{"allow":["GET"]}}],"collection":[{"href":"https:\/\/www3.unicentro.br\/novatec\/wp-json\/wp\/v2\/pages"}],"about":[{"href":"https:\/\/www3.unicentro.br\/novatec\/wp-json\/wp\/v2\/types\/page"}],"author":[{"embeddable":true,"href":"https:\/\/www3.unicentro.br\/novatec\/wp-json\/wp\/v2\/users\/400"}],"replies":[{"embeddable":true,"href":"https:\/\/www3.unicentro.br\/novatec\/wp-json\/wp\/v2\/comments?post=1537"}],"version-history":[{"count":2,"href":"https:\/\/www3.unicentro.br\/novatec\/wp-json\/wp\/v2\/pages\/1537\/revisions"}],"predecessor-version":[{"id":1842,"href":"https:\/\/www3.unicentro.br\/novatec\/wp-json\/wp\/v2\/pages\/1537\/revisions\/1842"}],"up":[{"embeddable":true,"href":"https:\/\/www3.unicentro.br\/novatec\/wp-json\/wp\/v2\/pages\/39"}],"wp:attachment":[{"href":"https:\/\/www3.unicentro.br\/novatec\/wp-json\/wp\/v2\/media?parent=1537"}],"curies":[{"name":"wp","href":"https:\/\/api.w.org\/{rel}","templated":true}]}}