{"id":1290,"date":"2023-09-04T11:13:56","date_gmt":"2023-09-04T14:13:56","guid":{"rendered":"https:\/\/www3.unicentro.br\/novatec\/?page_id=1290"},"modified":"2023-09-04T11:16:23","modified_gmt":"2023-09-04T14:16:23","slug":"tecnoquisa-2","status":"publish","type":"page","link":"https:\/\/www3.unicentro.br\/novatec\/incubadora-tecnologica\/empresas-graduadas\/tecnoquisa-2\/","title":{"rendered":"TECNOQUISA"},"content":{"rendered":"<div class=\"wpb-content-wrapper\"><p>[vc_row][vc_column width=&#8221;1\/4&#8243;][vc_single_image image=&#8221;1288&#8243; img_size=&#8221;400&#215;400&#8243; style=&#8221;vc_box_shadow_3d&#8221; css_animation=&#8221;fadeInUp&#8221;][\/vc_column][vc_column width=&#8221;3\/4&#8243;][vc_column_text css_animation=&#8221;fadeInUp&#8221;]<span style=\"font-family: 'arial black', sans-serif;font-size: 14pt;color: #003366\">TECNOQUISA <\/span><\/p>\n<p><span style=\"font-family: georgia, palatino, serif;font-size: 12pt\">A <strong>Tecnoquisa<\/strong> \u00e9 uma empresa que desenvolve produtos qu\u00edmicos para \u00e1rea de limpeza profissional e dom\u00e9stica, bem como para a \u00e1rea agr\u00edcola e metal\u00fargica. A empresa adota a pesquisa e a sistematiza\u00e7\u00e3o entre os processos f\u00edsicos e qu\u00edmicos, para o correto desenvolvimento e melhoria cont\u00ednua com valoriza\u00e7\u00e3o de seus produtos e novas pesquisas.<\/span>[\/vc_column_text][\/vc_column][\/vc_row]<\/p>\n<\/div>","protected":false},"excerpt":{"rendered":"<p>[vc_row][vc_column width=&#8221;1\/4&#8243;][vc_single_image image=&#8221;1288&#8243; img_size=&#8221;400&#215;400&#8243; style=&#8221;vc_box_shadow_3d&#8221; css_animation=&#8221;fadeInUp&#8221;][\/vc_column][vc_column width=&#8221;3\/4&#8243;][vc_column_text css_animation=&#8221;fadeInUp&#8221;]TECNOQUISA A Tecnoquisa \u00e9 uma empresa que desenvolve produtos qu\u00edmicos para \u00e1rea de limpeza profissional e dom\u00e9stica, bem como para a \u00e1rea agr\u00edcola e metal\u00fargica. A empresa adota a pesquisa e a sistematiza\u00e7\u00e3o entre os processos f\u00edsicos e qu\u00edmicos, para o correto desenvolvimento e melhoria cont\u00ednua com valoriza\u00e7\u00e3o [&hellip;]<\/p>\n","protected":false},"author":400,"featured_media":0,"parent":121,"menu_order":0,"comment_status":"closed","ping_status":"closed","template":"","meta":{"_exactmetrics_skip_tracking":false,"_exactmetrics_sitenote_active":false,"_exactmetrics_sitenote_note":"","_exactmetrics_sitenote_category":0,"footnotes":"","_links_to":"","_links_to_target":""},"class_list":["post-1290","page","type-page","status-publish","hentry"],"_links":{"self":[{"href":"https:\/\/www3.unicentro.br\/novatec\/wp-json\/wp\/v2\/pages\/1290","targetHints":{"allow":["GET"]}}],"collection":[{"href":"https:\/\/www3.unicentro.br\/novatec\/wp-json\/wp\/v2\/pages"}],"about":[{"href":"https:\/\/www3.unicentro.br\/novatec\/wp-json\/wp\/v2\/types\/page"}],"author":[{"embeddable":true,"href":"https:\/\/www3.unicentro.br\/novatec\/wp-json\/wp\/v2\/users\/400"}],"replies":[{"embeddable":true,"href":"https:\/\/www3.unicentro.br\/novatec\/wp-json\/wp\/v2\/comments?post=1290"}],"version-history":[{"count":2,"href":"https:\/\/www3.unicentro.br\/novatec\/wp-json\/wp\/v2\/pages\/1290\/revisions"}],"predecessor-version":[{"id":1293,"href":"https:\/\/www3.unicentro.br\/novatec\/wp-json\/wp\/v2\/pages\/1290\/revisions\/1293"}],"up":[{"embeddable":true,"href":"https:\/\/www3.unicentro.br\/novatec\/wp-json\/wp\/v2\/pages\/121"}],"wp:attachment":[{"href":"https:\/\/www3.unicentro.br\/novatec\/wp-json\/wp\/v2\/media?parent=1290"}],"curies":[{"name":"wp","href":"https:\/\/api.w.org\/{rel}","templated":true}]}}