{"id":1276,"date":"2023-09-04T10:56:07","date_gmt":"2023-09-04T13:56:07","guid":{"rendered":"https:\/\/www3.unicentro.br\/novatec\/?page_id=1276"},"modified":"2023-09-04T11:00:46","modified_gmt":"2023-09-04T14:00:46","slug":"idea-jogos","status":"publish","type":"page","link":"https:\/\/www3.unicentro.br\/novatec\/incubadora-tecnologica\/empresas-graduadas\/idea-jogos\/","title":{"rendered":"IDEA JOGOS"},"content":{"rendered":"<div class=\"wpb-content-wrapper\"><p>[vc_row][vc_column width=&#8221;1\/4&#8243;][vc_single_image image=&#8221;1273&#8243; img_size=&#8221;400&#215;400&#8243; style=&#8221;vc_box_shadow_3d&#8221; css_animation=&#8221;fadeInUp&#8221;][\/vc_column][vc_column width=&#8221;3\/4&#8243;][vc_column_text css_animation=&#8221;fadeInUp&#8221;]<span style=\"font-family: 'arial black', sans-serif;font-size: 14pt;color: #003366\">IDEA JOGOS<\/span><\/p>\n<p><span style=\"font-family: georgia, palatino, serif;font-size: 12pt\">A <strong>Idea Jogos<\/strong> \u00e9 uma empresa que atua no mercado de tecnologia educacional, realizando a cria\u00e7\u00e3o e produ\u00e7\u00e3o de jogos pedag\u00f3gicos, terap\u00eauticos e cognitivos como ferramenta na intermedia\u00e7\u00e3o de forma l\u00fadica no processo de aprendizado e desenvolvimento cognitivo e emocional do ser. Assim, por meio dos jogos, os profissionais podem trabalhar diferentes disfun\u00e7\u00f5es no ambiente f\u00edsico, cognitivo, social e afetivo, al\u00e9m de possibilitar a melhoria da autonomia e da autoestima, essenciais na forma\u00e7\u00e3o integral da pessoa.<\/span>[\/vc_column_text][vc_btn title=&#8221;Site&#8221; style=&#8221;3d&#8221; color=&#8221;sandy-brown&#8221; css_animation=&#8221;fadeInUp&#8221; link=&#8221;url:https%3A%2F%2Fwww.ideajogos.com.br%2F&#8221;][vc_btn title=&#8221;Instagram&#8221; style=&#8221;3d&#8221; color=&#8221;sandy-brown&#8221; css_animation=&#8221;fadeInUp&#8221; link=&#8221;url:https%3A%2F%2Fwww.instagram.com%2Fideajogos%2F&#8221;][vc_btn title=&#8221;YouTube&#8221; style=&#8221;3d&#8221; color=&#8221;sandy-brown&#8221; css_animation=&#8221;fadeInUp&#8221; link=&#8221;url:https%3A%2F%2Fwww.youtube.com%2Fideajogos&#8221;][vc_btn title=&#8221;E-Mail&#8221; style=&#8221;3d&#8221; color=&#8221;sandy-brown&#8221; css_animation=&#8221;fadeInUp&#8221; link=&#8221;url:http%3A%2F%2Fidea%40ideajogos.com.br&#8221;][\/vc_column][\/vc_row]<\/p>\n<\/div>","protected":false},"excerpt":{"rendered":"<p>[vc_row][vc_column width=&#8221;1\/4&#8243;][vc_single_image image=&#8221;1273&#8243; img_size=&#8221;400&#215;400&#8243; style=&#8221;vc_box_shadow_3d&#8221; css_animation=&#8221;fadeInUp&#8221;][\/vc_column][vc_column width=&#8221;3\/4&#8243;][vc_column_text css_animation=&#8221;fadeInUp&#8221;]IDEA JOGOS A Idea Jogos \u00e9 uma empresa que atua no mercado de tecnologia educacional, realizando a cria\u00e7\u00e3o e produ\u00e7\u00e3o de jogos pedag\u00f3gicos, terap\u00eauticos e cognitivos como ferramenta na intermedia\u00e7\u00e3o de forma l\u00fadica no processo de aprendizado e desenvolvimento cognitivo e emocional do ser. Assim, por meio dos [&hellip;]<\/p>\n","protected":false},"author":400,"featured_media":0,"parent":121,"menu_order":0,"comment_status":"closed","ping_status":"closed","template":"","meta":{"_exactmetrics_skip_tracking":false,"_exactmetrics_sitenote_active":false,"_exactmetrics_sitenote_note":"","_exactmetrics_sitenote_category":0,"footnotes":"","_links_to":"","_links_to_target":""},"class_list":["post-1276","page","type-page","status-publish","hentry"],"_links":{"self":[{"href":"https:\/\/www3.unicentro.br\/novatec\/wp-json\/wp\/v2\/pages\/1276","targetHints":{"allow":["GET"]}}],"collection":[{"href":"https:\/\/www3.unicentro.br\/novatec\/wp-json\/wp\/v2\/pages"}],"about":[{"href":"https:\/\/www3.unicentro.br\/novatec\/wp-json\/wp\/v2\/types\/page"}],"author":[{"embeddable":true,"href":"https:\/\/www3.unicentro.br\/novatec\/wp-json\/wp\/v2\/users\/400"}],"replies":[{"embeddable":true,"href":"https:\/\/www3.unicentro.br\/novatec\/wp-json\/wp\/v2\/comments?post=1276"}],"version-history":[{"count":1,"href":"https:\/\/www3.unicentro.br\/novatec\/wp-json\/wp\/v2\/pages\/1276\/revisions"}],"predecessor-version":[{"id":1279,"href":"https:\/\/www3.unicentro.br\/novatec\/wp-json\/wp\/v2\/pages\/1276\/revisions\/1279"}],"up":[{"embeddable":true,"href":"https:\/\/www3.unicentro.br\/novatec\/wp-json\/wp\/v2\/pages\/121"}],"wp:attachment":[{"href":"https:\/\/www3.unicentro.br\/novatec\/wp-json\/wp\/v2\/media?parent=1276"}],"curies":[{"name":"wp","href":"https:\/\/api.w.org\/{rel}","templated":true}]}}