{"id":1254,"date":"2023-09-04T10:18:48","date_gmt":"2023-09-04T13:18:48","guid":{"rendered":"https:\/\/www3.unicentro.br\/novatec\/?page_id=1254"},"modified":"2023-09-04T10:23:46","modified_gmt":"2023-09-04T13:23:46","slug":"organic","status":"publish","type":"page","link":"https:\/\/www3.unicentro.br\/novatec\/incubadora-tecnologica\/empresas\/organic\/","title":{"rendered":"ORGANIC"},"content":{"rendered":"<div class=\"wpb-content-wrapper\"><p>[vc_row][vc_column width=&#8221;1\/4&#8243;][vc_single_image image=&#8221;1256&#8243; img_size=&#8221;400&#215;400&#8243; style=&#8221;vc_box_shadow_3d&#8221; css_animation=&#8221;fadeInUp&#8221;][\/vc_column][vc_column width=&#8221;3\/4&#8243;][vc_column_text css_animation=&#8221;fadeInUp&#8221;]<span style=\"font-family: 'arial black', sans-serif;font-size: 14pt;color: #003366\">ORGANIC<\/span><\/p>\n<p><span style=\"font-family: georgia, palatino, serif;font-size: 12pt\">A <strong>Organic<\/strong> \u00e9 uma empresa voltada para \u00e1rea de transforma\u00e7\u00e3o res\u00edduos Org\u00e2nicos atrav\u00e9s do processo de compostagem, visando a produ\u00e7\u00e3o de adubo org\u00e2nico de qualidade. Seu diferencial \u00e9 solucionar os problemas relacionados aos res\u00edduos atrav\u00e9s de uma plataforma digital para agilizar a coleta, tratamento e destina\u00e7\u00e3o final do volume de res\u00edduos gerados e tratados gerando assim ao final do processo o relat\u00f3rio final do cr\u00e9dito de carbono.<\/span>[\/vc_column_text][vc_btn title=&#8221;E-Mail&#8221; style=&#8221;3d&#8221; color=&#8221;sandy-brown&#8221; css_animation=&#8221;fadeInUp&#8221; link=&#8221;url:http%3A%2F%2Forganicltda%40yahoo.com.br&#8221;][\/vc_column][\/vc_row]<\/p>\n<\/div>","protected":false},"excerpt":{"rendered":"<p>[vc_row][vc_column width=&#8221;1\/4&#8243;][vc_single_image image=&#8221;1256&#8243; img_size=&#8221;400&#215;400&#8243; style=&#8221;vc_box_shadow_3d&#8221; css_animation=&#8221;fadeInUp&#8221;][\/vc_column][vc_column width=&#8221;3\/4&#8243;][vc_column_text css_animation=&#8221;fadeInUp&#8221;]ORGANIC A Organic \u00e9 uma empresa voltada para \u00e1rea de transforma\u00e7\u00e3o res\u00edduos Org\u00e2nicos atrav\u00e9s do processo de compostagem, visando a produ\u00e7\u00e3o de adubo org\u00e2nico de qualidade. Seu diferencial \u00e9 solucionar os problemas relacionados aos res\u00edduos atrav\u00e9s de uma plataforma digital para agilizar a coleta, tratamento e destina\u00e7\u00e3o final [&hellip;]<\/p>\n","protected":false},"author":400,"featured_media":0,"parent":119,"menu_order":0,"comment_status":"closed","ping_status":"closed","template":"","meta":{"_exactmetrics_skip_tracking":false,"_exactmetrics_sitenote_active":false,"_exactmetrics_sitenote_note":"","_exactmetrics_sitenote_category":0,"footnotes":"","_links_to":"","_links_to_target":""},"class_list":["post-1254","page","type-page","status-publish","hentry"],"_links":{"self":[{"href":"https:\/\/www3.unicentro.br\/novatec\/wp-json\/wp\/v2\/pages\/1254","targetHints":{"allow":["GET"]}}],"collection":[{"href":"https:\/\/www3.unicentro.br\/novatec\/wp-json\/wp\/v2\/pages"}],"about":[{"href":"https:\/\/www3.unicentro.br\/novatec\/wp-json\/wp\/v2\/types\/page"}],"author":[{"embeddable":true,"href":"https:\/\/www3.unicentro.br\/novatec\/wp-json\/wp\/v2\/users\/400"}],"replies":[{"embeddable":true,"href":"https:\/\/www3.unicentro.br\/novatec\/wp-json\/wp\/v2\/comments?post=1254"}],"version-history":[{"count":1,"href":"https:\/\/www3.unicentro.br\/novatec\/wp-json\/wp\/v2\/pages\/1254\/revisions"}],"predecessor-version":[{"id":1258,"href":"https:\/\/www3.unicentro.br\/novatec\/wp-json\/wp\/v2\/pages\/1254\/revisions\/1258"}],"up":[{"embeddable":true,"href":"https:\/\/www3.unicentro.br\/novatec\/wp-json\/wp\/v2\/pages\/119"}],"wp:attachment":[{"href":"https:\/\/www3.unicentro.br\/novatec\/wp-json\/wp\/v2\/media?parent=1254"}],"curies":[{"name":"wp","href":"https:\/\/api.w.org\/{rel}","templated":true}]}}