{"id":1206,"date":"2023-09-01T13:24:23","date_gmt":"2023-09-01T16:24:23","guid":{"rendered":"https:\/\/www3.unicentro.br\/novatec\/?page_id=1206"},"modified":"2023-10-25T09:26:50","modified_gmt":"2023-10-25T12:26:50","slug":"prospecta","status":"publish","type":"page","link":"https:\/\/www3.unicentro.br\/novatec\/incubadora-tecnologica\/empresas\/prospecta\/","title":{"rendered":"PROSPECTA"},"content":{"rendered":"<div class=\"wpb-content-wrapper\"><p>[vc_row][vc_column width=&#8221;1\/4&#8243;][vc_single_image image=&#8221;1227&#8243; img_size=&#8221;400&#215;400&#8243; style=&#8221;vc_box_shadow_3d&#8221; css_animation=&#8221;fadeInUp&#8221;][\/vc_column][vc_column css_animation=&#8221;fadeInUp&#8221; width=&#8221;3\/4&#8243;][vc_column_text css_animation=&#8221;fadeInUp&#8221;]<span style=\"font-family: 'arial black', sans-serif;font-size: 14pt;color: #003366\">PROSPECTA<\/span><\/p>\n<p><span style=\"font-family: georgia, palatino, serif;font-size: 12pt\">A\u00a0<strong>Prospecta<\/strong> \u00e9 uma empresa de servi\u00e7os t\u00e9cnicos nas \u00e1reas de geologia, geof\u00edsica, geografia e biologia. Em seu portf\u00f3lio o cliente pode buscar por Investiga\u00e7\u00e3o geof\u00edsica em \u00e1reas contaminadas, estudo de viabilidade ambiental, avalia\u00e7\u00e3o geof\u00edsica para busca de po\u00e7os artesianos, entre uma vasta possibilidade das melhores pr\u00e1ticas e solu\u00e7\u00f5es ambientais.<\/span>[\/vc_column_text][vc_btn title=&#8221;Site&#8221; style=&#8221;3d&#8221; color=&#8221;sandy-brown&#8221; css_animation=&#8221;fadeInUp&#8221; link=&#8221;url:https%3A%2F%2Fprospectageo.com%2F&#8221;][vc_btn title=&#8221;WhatsApp&#8221; style=&#8221;3d&#8221; color=&#8221;sandy-brown&#8221; css_animation=&#8221;fadeInUp&#8221; link=&#8221;url:https%3A%2F%2Fapi.whatsapp.com%2Fsend%3Fphone%3D5542999610509&#8243;][vc_btn title=&#8221;Instagram&#8221; style=&#8221;3d&#8221; color=&#8221;sandy-brown&#8221; css_animation=&#8221;fadeInUp&#8221; link=&#8221;url:https%3A%2F%2Fwww.instagram.com%2Fprospecta_geo%2F&#8221;][vc_btn title=&#8221;Facebook&#8221; style=&#8221;3d&#8221; color=&#8221;sandy-brown&#8221; css_animation=&#8221;fadeInUp&#8221; link=&#8221;url:https%3A%2F%2Fwww.facebook.com%2Fprospectageo&#8221;][\/vc_column][\/vc_row]<\/p>\n<\/div>","protected":false},"excerpt":{"rendered":"<p>[vc_row][vc_column width=&#8221;1\/4&#8243;][vc_single_image image=&#8221;1227&#8243; img_size=&#8221;400&#215;400&#8243; style=&#8221;vc_box_shadow_3d&#8221; css_animation=&#8221;fadeInUp&#8221;][\/vc_column][vc_column css_animation=&#8221;fadeInUp&#8221; width=&#8221;3\/4&#8243;][vc_column_text css_animation=&#8221;fadeInUp&#8221;]PROSPECTA A\u00a0Prospecta \u00e9 uma empresa de servi\u00e7os t\u00e9cnicos nas \u00e1reas de geologia, geof\u00edsica, geografia e biologia. Em seu portf\u00f3lio o cliente pode buscar por Investiga\u00e7\u00e3o geof\u00edsica em \u00e1reas contaminadas, estudo de viabilidade ambiental, avalia\u00e7\u00e3o geof\u00edsica para busca de po\u00e7os artesianos, entre uma vasta possibilidade das melhores pr\u00e1ticas [&hellip;]<\/p>\n","protected":false},"author":400,"featured_media":0,"parent":119,"menu_order":0,"comment_status":"closed","ping_status":"closed","template":"","meta":{"_exactmetrics_skip_tracking":false,"_exactmetrics_sitenote_active":false,"_exactmetrics_sitenote_note":"","_exactmetrics_sitenote_category":0,"footnotes":"","_links_to":"","_links_to_target":""},"class_list":["post-1206","page","type-page","status-publish","hentry"],"_links":{"self":[{"href":"https:\/\/www3.unicentro.br\/novatec\/wp-json\/wp\/v2\/pages\/1206","targetHints":{"allow":["GET"]}}],"collection":[{"href":"https:\/\/www3.unicentro.br\/novatec\/wp-json\/wp\/v2\/pages"}],"about":[{"href":"https:\/\/www3.unicentro.br\/novatec\/wp-json\/wp\/v2\/types\/page"}],"author":[{"embeddable":true,"href":"https:\/\/www3.unicentro.br\/novatec\/wp-json\/wp\/v2\/users\/400"}],"replies":[{"embeddable":true,"href":"https:\/\/www3.unicentro.br\/novatec\/wp-json\/wp\/v2\/comments?post=1206"}],"version-history":[{"count":2,"href":"https:\/\/www3.unicentro.br\/novatec\/wp-json\/wp\/v2\/pages\/1206\/revisions"}],"predecessor-version":[{"id":1470,"href":"https:\/\/www3.unicentro.br\/novatec\/wp-json\/wp\/v2\/pages\/1206\/revisions\/1470"}],"up":[{"embeddable":true,"href":"https:\/\/www3.unicentro.br\/novatec\/wp-json\/wp\/v2\/pages\/119"}],"wp:attachment":[{"href":"https:\/\/www3.unicentro.br\/novatec\/wp-json\/wp\/v2\/media?parent=1206"}],"curies":[{"name":"wp","href":"https:\/\/api.w.org\/{rel}","templated":true}]}}