{"id":9118,"date":"2017-10-19T14:55:50","date_gmt":"2017-10-19T16:55:50","guid":{"rendered":"https:\/\/www3.unicentro.br\/noticias\/?page_id=9118"},"modified":"2019-02-06T13:53:39","modified_gmt":"2019-02-06T15:53:39","slug":"app","status":"publish","type":"page","link":"https:\/\/www3.unicentro.br\/noticias\/app\/","title":{"rendered":"App Unicentro Not\u00edcias"},"content":{"rendered":"<div class=\"wpb-content-wrapper\"><p>[vc_row][vc_column][vc_row_inner][vc_column_inner width=&#8221;1\/6&#8243;][\/vc_column_inner][vc_column_inner width=&#8221;2\/3&#8243;][vc_video link=&#8221;https:\/\/youtu.be\/w2R4UIf2MnA&#8221; align=&#8221;center&#8221; css_animation=&#8221;fadeIn&#8221;][vc_column_text]<\/p>\n<h1>POL\u00cdTICA DE PRIVACIDADE<\/h1>\n<h2>Sobre<\/h2>\n<div>Este aplicativo e o conte\u00fado a este relacionado (App Unicentro Not\u00edcias) s\u00e3o de propriedade exclusiva da\u00a0<b>Unicentro<\/b>\u00a0Universidade Estadual do Centro-Oeste com sede na Rua Padre Salvatore Renna, 875 &#8211; Santa Cruz, Guarapuava &#8211; Paran\u00e1, CEP 85015-430.<\/div>\n<div>Todos os direitos reservados.<\/div>\n<div>Essa Pol\u00edtica de Privacidade \u00e9 aplic\u00e1vel ao uso do App tanto em plataformas web quanto por meio de dispositivos mobile.<\/div>\n<div>A privacidade na internet \u00e9 um assunto muito importante e nessa Pol\u00edtica de Privacidade voc\u00ea vai encontrar informa\u00e7\u00f5es sobre:<\/div>\n<ul>\n<li>Quais informa\u00e7\u00f5es suas coletamos atrav\u00e9s do App (as &#8220;Informa\u00e7\u00f5es Pessoais&#8221;);<\/li>\n<li>Como utilizamos as Informa\u00e7\u00f5es Pessoais coletadas;<\/li>\n<li>Com quem e como compartilhamos as Informa\u00e7\u00f5es Pessoais;<\/li>\n<li>Como protegemos as Informa\u00e7\u00f5es Pessoais; e<\/li>\n<li>Quais seus direitos em rela\u00e7\u00e3o \u00e0s Informa\u00e7\u00f5es Pessoais coletadas.<\/li>\n<\/ul>\n<p><b>O ACESSO E CADASTRO AO APP IMPLICAM NA ACEITA\u00c7\u00c3O TOTAL DAS DISPOSI\u00c7\u00d5ES DESTA POL\u00cdTICA DE PRIVACIDADE. SE VOC\u00ca DISCORDAR DE ALGUMA DISPOSI\u00c7\u00c3O AQUI PRESENTE, VOC\u00ca N\u00c3O DEVE ACESSAR E\/OU CADASTRAR-SE AO APP.<\/b><\/p>\n<h2>Informa\u00e7\u00f5es Pessoais Coletadas<\/h2>\n<div><b>Informa\u00e7\u00f5es Fornecidas Voluntariamente<\/b>\u00a0&#8211; Para o cadastro e plena frui\u00e7\u00e3o dos servi\u00e7os oferecidos no App, os usu\u00e1rios poder\u00e3o ser solicitados a fornecer certas Informa\u00e7\u00f5es Pessoais necess\u00e1rias para a sua identifica\u00e7\u00e3o, como, por exemplo, nome, data de nascimento, email e telefone. \u00c9 de inteira responsabilidade dos usu\u00e1rios o fornecimento de informa\u00e7\u00f5es corretas e completas.<\/div>\n<div><b>Informa\u00e7\u00f5es de Acesso<\/b>\u00a0&#8211; A\u00a0<b>Unicentro<\/b>\u00a0utiliza diversas tecnologias para coletar e armazenar Informa\u00e7\u00f5es Pessoais sobre sua visita ao App, com o objetivo de tornar sua experi\u00eancia mais conveniente, r\u00e1pida e personalizada. Essas tecnologias podem incluir cookies e identificadores an\u00f4nimos, que s\u00e3o pequenos arquivos de informa\u00e7\u00e3o, n\u00e3o identific\u00e1veis, armazenados no computador do usu\u00e1rio ao acessar um site, com objetivo de manuten\u00e7\u00e3o de registros e prefer\u00eancias de navega\u00e7\u00e3o. Essas tecnologias podem coletar informa\u00e7\u00f5es como, por exemplo:<\/div>\n<ul>\n<li>Seu hist\u00f3rico de pesquisa e navega\u00e7\u00e3o;<\/li>\n<li>Informa\u00e7\u00f5es sobre seu dispositivo de acesso, como sistema operacional e browser;<\/li>\n<li>Registros de tela e usabilidade do App;<\/li>\n<li>Seu endere\u00e7o de protocolo de Internet (IP) e hor\u00e1rio de acesso;<\/li>\n<\/ul>\n<h2>Como Utilizamos suas Informa\u00e7\u00f5es Pessoais<\/h2>\n<div>Utilizaremos as Informa\u00e7\u00f5es Fornecidas Voluntariamente e as Informa\u00e7\u00f5es de Acesso para fornecer, proteger, corrigir e aprimorar nossos servi\u00e7os, inclusive:<\/div>\n<ul>\n<li>Oferecer um conte\u00fado mais personalizado aos usu\u00e1rios do App;<\/li>\n<li>Obter estat\u00edsticas e m\u00e9tricas a respeito do perfil dos usu\u00e1rios do App, aprimorando nossos servi\u00e7os e conte\u00fado em raz\u00e3o desses resultados;<\/li>\n<li>Identificar erros de programa\u00e7\u00e3o que possam afetar a navega\u00e7\u00e3o no App;<\/li>\n<li>Gerenciar a base de usu\u00e1rios do App e a intera\u00e7\u00e3o entre esses;<\/li>\n<li>Enviar comunica\u00e7\u00f5es e alertas importantes sobre o funcionamento do App e a participa\u00e7\u00e3o do usu\u00e1rio no App;<\/li>\n<\/ul>\n<div>As Informa\u00e7\u00f5es Pessoais fornecidas tamb\u00e9m poder\u00e3o ser utilizadas para enviar-lhe informa\u00e7\u00f5es sobre servi\u00e7os e projetos oferecidos pela\u00a0<b>Unicentro<\/b>\u00a0ou terceiros, que acreditamos que possam ser de seu interesse.<\/div>\n<h2>Compartilhamento das Informa\u00e7\u00f5es Pessoais<\/h2>\n<div>As informa\u00e7\u00f5es coletadas n\u00e3o ser\u00e3o repassadas, em hip\u00f3tese alguma, para terceiros.<\/div>\n<div>A \u00fanica exce\u00e7\u00e3o ser\u00e1 por motivos legais, em que poderemos compartilhar as Informa\u00e7\u00f5es Pessoais dos usu\u00e1rios para cumprir qualquer legisla\u00e7\u00e3o, regulamenta\u00e7\u00e3o, ordem judicial ou solicita\u00e7\u00e3o governamental aplic\u00e1vel.<\/div>\n<h2>Prote\u00e7\u00e3o das Informa\u00e7\u00f5es Pessoais<\/h2>\n<div>Todas as Informa\u00e7\u00f5es Pessoais fornecidas pelo usu\u00e1rio \u00e0 Unicentro\u00a0no cadastro ou em qualquer outro momento de sua navega\u00e7\u00e3o no App s\u00e3o tratadas como informa\u00e7\u00f5es sigilosas e est\u00e3o sujeitas a medidas de seguran\u00e7a e confidencialidade para impedir o acesso, uso ou divulga\u00e7\u00e3o n\u00e3o-autorizados.<\/div>\n<div>A\u00a0<b>Unicentro<\/b>\u00a0tamb\u00e9m n\u00e3o solicitar\u00e1 a seus usu\u00e1rios Informa\u00e7\u00f5es Pessoais por email, especialmente informa\u00e7\u00f5es relativas a senhas de acesso. A\u00a0<b>Unicentro<\/b>\u00a0n\u00e3o se responsabiliza por quaisquer comunica\u00e7\u00f5es eletr\u00f4nicas fraudulentas que coletem dados pessoais dos usu\u00e1rios (phishing).<\/div>\n<div>\u00c9 de inteira responsabilidade do usu\u00e1rio manter o ambiente de seu computador ou dispositivo m\u00f3vel seguros, com o uso de ferramentas dispon\u00edveis como antiv\u00edrus e firewall, entre outras, de modo a prevenir riscos eletr\u00f4nicos e, ainda, utilizar-se de softwares atualizados e eficientes para o acesso ao App.<\/div>\n<div><\/div>\n<h2>Seus Direitos<\/h2>\n<div>O usu\u00e1rio poder\u00e1, a qualquer momento, ajustar seu navegador para bloquear e recusar cookies e outros identificadores an\u00f4nimos, atrav\u00e9s das configura\u00e7\u00f5es do seu navegador ou com a utiliza\u00e7\u00e3o de modos de navega\u00e7\u00e3o an\u00f4nimos ou privados.<\/div>\n<div><\/div>\n<h2>Outras Disposi\u00e7\u00f5es<\/h2>\n<div>A\u00a0<b>Unicentro<\/b>\u00a0reserva-se o direito de alterar os termos desta Pol\u00edtica de Privacidade de tempos em tempos, informando previamente os usu\u00e1rios e sempre em observ\u00e2ncia da legisla\u00e7\u00e3o aplic\u00e1vel. Em caso de altera\u00e7\u00f5es significativas ou que reduzam direitos dos usu\u00e1rios, a\u00a0<b>Unicentro<\/b>\u00a0enviar\u00e1 previamente uma comunica\u00e7\u00e3o por e-mail a todos os usu\u00e1rios, indicando a data em que a referida altera\u00e7\u00e3o passar\u00e1 a ser vigente.<\/div>\n<div>Qualquer d\u00favida ou solicita\u00e7\u00e3o relacionada a esta Pol\u00edtica de Privacidade dever\u00e1 ser enviada a\u00a0<b>Unicentro<\/b>\u00a0atrav\u00e9s do email <a href=\"mailto:comunicacao@unicentro.br\">comunicacao@unicentro.br<\/a><\/div>\n<p>[\/vc_column_text][\/vc_column_inner][vc_column_inner width=&#8221;1\/6&#8243;][vc_single_image image=&#8221;9123&#8243; img_size=&#8221;200&#215;59&#8243; alignment=&#8221;center&#8221; onclick=&#8221;custom_link&#8221; link=&#8221;https:\/\/play.google.com\/store\/apps\/details?id=com.unicentro.unicentronoticias&#8221;][vc_single_image image=&#8221;9122&#8243; img_size=&#8221;200&#215;59&#8243; alignment=&#8221;center&#8221; onclick=&#8221;custom_link&#8221; link=&#8221;https:\/\/itunes.apple.com\/br\/app\/unicentro-not%C3%ADcias\/id1282827874?mt=8&amp;ign-mpt=uo%3D4&#8243;][\/vc_column_inner][\/vc_row_inner][\/vc_column][\/vc_row]<\/p>\n<\/div>","protected":false},"excerpt":{"rendered":"<p>[vc_row][vc_column][vc_row_inner][vc_column_inner width=&#8221;1\/6&#8243;][\/vc_column_inner][vc_column_inner width=&#8221;2\/3&#8243;][vc_video link=&#8221;https:\/\/youtu.be\/w2R4UIf2MnA&#8221; align=&#8221;center&#8221; css_animation=&#8221;fadeIn&#8221;][vc_column_text] POL\u00cdTICA DE PRIVACIDADE Sobre Este aplicativo e o conte\u00fado a este relacionado (App Unicentro Not\u00edcias) s\u00e3o de propriedade exclusiva da\u00a0Unicentro\u00a0Universidade Estadual do Centro-Oeste com sede na Rua Padre Salvatore Renna, 875 &#8211; Santa Cruz, Guarapuava &#8211; Paran\u00e1, CEP 85015-430. Todos os direitos reservados. Essa Pol\u00edtica de Privacidade \u00e9 aplic\u00e1vel&hellip; <a class=\"continue\" href=\"https:\/\/www3.unicentro.br\/noticias\/app\/\"><span> App Unicentro Not\u00edcias<\/span><\/a><\/p>\n","protected":false},"author":3,"featured_media":0,"parent":0,"menu_order":0,"comment_status":"closed","ping_status":"closed","template":"","meta":{"_exactmetrics_skip_tracking":false,"_exactmetrics_sitenote_active":false,"_exactmetrics_sitenote_note":"","_exactmetrics_sitenote_category":0,"footnotes":"","_links_to":"","_links_to_target":""},"class_list":["post-9118","page","type-page","status-publish","hentry"],"_links":{"self":[{"href":"https:\/\/www3.unicentro.br\/noticias\/wp-json\/wp\/v2\/pages\/9118","targetHints":{"allow":["GET"]}}],"collection":[{"href":"https:\/\/www3.unicentro.br\/noticias\/wp-json\/wp\/v2\/pages"}],"about":[{"href":"https:\/\/www3.unicentro.br\/noticias\/wp-json\/wp\/v2\/types\/page"}],"author":[{"embeddable":true,"href":"https:\/\/www3.unicentro.br\/noticias\/wp-json\/wp\/v2\/users\/3"}],"replies":[{"embeddable":true,"href":"https:\/\/www3.unicentro.br\/noticias\/wp-json\/wp\/v2\/comments?post=9118"}],"version-history":[{"count":0,"href":"https:\/\/www3.unicentro.br\/noticias\/wp-json\/wp\/v2\/pages\/9118\/revisions"}],"wp:attachment":[{"href":"https:\/\/www3.unicentro.br\/noticias\/wp-json\/wp\/v2\/media?parent=9118"}],"curies":[{"name":"wp","href":"https:\/\/api.w.org\/{rel}","templated":true}]}}