{"id":22753,"date":"2022-07-29T17:14:53","date_gmt":"2022-07-29T20:14:53","guid":{"rendered":"https:\/\/www3.unicentro.br\/noticias\/?page_id=22753"},"modified":"2025-02-24T14:44:57","modified_gmt":"2025-02-24T17:44:57","slug":"instrucoes-normativas","status":"publish","type":"page","link":"https:\/\/www3.unicentro.br\/noticias\/instrucoes-normativas\/","title":{"rendered":"Instru\u00e7\u00f5es Normativas"},"content":{"rendered":"<ul>\n<li><a href=\"https:\/\/sgu.unicentro.br\/pcatooficiais\/imprimir\/74409F91\"><strong>INSTRU\u00c7\u00c3O NORMATIVA N\u00ba 01\/2025-Coorc\/Unicentro<\/strong> &#8211; Normatiza procedimentos para solicita\u00e7\u00e3o de tutoriais e empr\u00e9stimos de equipamentos para transmiss\u00e3o de eventos de maneira online e substitui a Instru\u00e7\u00e3o Normativa N\u00ba 02\/2023-Coorc\/Unicentro<\/a><\/li>\n<li>\n<p class=\"p1\"><a href=\"https:\/\/www3.unicentro.br\/noticias\/wp-content\/uploads\/sites\/3\/2022\/07\/2022_IN_01_PROAF-COORC_-_Materiais_Divulgacao_assinado-digitalmente.pdf\"><strong>INSTRU\u00c7\u00c3O NORMATIVA N\u00ba 01\/2022-Proaf-Coorc\/Unicentro<\/strong> &#8211; Normatiza prazos e demais procedimentos para solicita\u00e7\u00e3o de materiais de divulga\u00e7\u00e3o online e\/ou impressos<\/a><\/p>\n<\/li>\n<li>\n<p class=\"p1\"><a href=\"https:\/\/www3.unicentro.br\/noticias\/wp-content\/uploads\/sites\/3\/2022\/07\/2022_IN-03_COORC_assinadoGovBR.pdf\"><strong>INSTRU\u00c7\u00c3O NORMATIVA N\u00ba 03\/2022-Coorc\/Unicentro<\/strong>\u00a0&#8211; Normatiza prazos e demais procedimentos para uso da marca institucional, bem como orienta sobre o uso da palavra \u201cc\u00e2mpus\u201d<\/a><\/p>\n<\/li>\n<\/ul>\n","protected":false},"excerpt":{"rendered":"<p>INSTRU\u00c7\u00c3O NORMATIVA N\u00ba 01\/2025-Coorc\/Unicentro &#8211; Normatiza procedimentos para solicita\u00e7\u00e3o de tutoriais e empr\u00e9stimos de equipamentos para transmiss\u00e3o de eventos de maneira online e substitui a Instru\u00e7\u00e3o Normativa N\u00ba 02\/2023-Coorc\/Unicentro INSTRU\u00c7\u00c3O NORMATIVA N\u00ba 01\/2022-Proaf-Coorc\/Unicentro &#8211; Normatiza prazos e demais procedimentos para solicita\u00e7\u00e3o de materiais de divulga\u00e7\u00e3o online e\/ou impressos INSTRU\u00c7\u00c3O NORMATIVA N\u00ba 03\/2022-Coorc\/Unicentro\u00a0&#8211; Normatiza prazos e&hellip; <a class=\"continue\" href=\"https:\/\/www3.unicentro.br\/noticias\/instrucoes-normativas\/\"><span> Instru\u00e7\u00f5es Normativas<\/span><\/a><\/p>\n","protected":false},"author":3,"featured_media":0,"parent":0,"menu_order":0,"comment_status":"closed","ping_status":"closed","template":"","meta":{"_exactmetrics_skip_tracking":false,"_exactmetrics_sitenote_active":false,"_exactmetrics_sitenote_note":"","_exactmetrics_sitenote_category":0,"footnotes":"","_links_to":"","_links_to_target":""},"class_list":["post-22753","page","type-page","status-publish","hentry"],"_links":{"self":[{"href":"https:\/\/www3.unicentro.br\/noticias\/wp-json\/wp\/v2\/pages\/22753","targetHints":{"allow":["GET"]}}],"collection":[{"href":"https:\/\/www3.unicentro.br\/noticias\/wp-json\/wp\/v2\/pages"}],"about":[{"href":"https:\/\/www3.unicentro.br\/noticias\/wp-json\/wp\/v2\/types\/page"}],"author":[{"embeddable":true,"href":"https:\/\/www3.unicentro.br\/noticias\/wp-json\/wp\/v2\/users\/3"}],"replies":[{"embeddable":true,"href":"https:\/\/www3.unicentro.br\/noticias\/wp-json\/wp\/v2\/comments?post=22753"}],"version-history":[{"count":1,"href":"https:\/\/www3.unicentro.br\/noticias\/wp-json\/wp\/v2\/pages\/22753\/revisions"}],"predecessor-version":[{"id":39984,"href":"https:\/\/www3.unicentro.br\/noticias\/wp-json\/wp\/v2\/pages\/22753\/revisions\/39984"}],"wp:attachment":[{"href":"https:\/\/www3.unicentro.br\/noticias\/wp-json\/wp\/v2\/media?parent=22753"}],"curies":[{"name":"wp","href":"https:\/\/api.w.org\/{rel}","templated":true}]}}