{"id":82,"date":"2022-03-18T09:09:58","date_gmt":"2022-03-18T12:09:58","guid":{"rendered":"https:\/\/www3.unicentro.br\/naf\/?page_id=82"},"modified":"2022-04-26T15:58:19","modified_gmt":"2022-04-26T18:58:19","slug":"resultados-esperados","status":"publish","type":"page","link":"https:\/\/www3.unicentro.br\/naf\/sobre\/resultados-esperados\/","title":{"rendered":"Resultados Esperados"},"content":{"rendered":"<div class=\"wpb-content-wrapper\"><p>[vc_row][vc_column][vc_row_inner][vc_column_inner width=&#8221;2\/3&#8243;][vc_column_text]Os resultados s\u00e3o classificados em diversas perspectivas:<\/p>\n<ol style=\"list-style-type: lower-roman\">\n<li>resultados esperados pelo Departamento de Ci\u00eancias Cont\u00e1beis (Decic\/G);<\/li>\n<li>da Sociedade;<\/li>\n<li>das parcerias a serem realizadas;<\/li>\n<li>da capacita\u00e7\u00e3o dos alunos (presencial e virtual);<\/li>\n<li>do atendimento ao contribuinte no NAF Unicentro.<\/li>\n<\/ol>\n<p>Os resultados esperados s\u00e3o avaliados nas seguintes perspectivas:<\/p>\n<p>[\/vc_column_text][\/vc_column_inner][vc_column_inner width=&#8221;1\/3&#8243;][vc_single_image image=&#8221;113&#8243; img_size=&#8221;full&#8221;][\/vc_column_inner][\/vc_row_inner][vc_column_text]<strong>I &#8211; Da perspectiva do Departamento de Ci\u00eancias Cont\u00e1beis (Decic\/G), <em>Campus<\/em> Santa Cruz da Unicentro: <\/strong><\/p>\n<ol>\n<li>Desenvolvimento de canal t\u00e9cnico de comunica\u00e7\u00e3o institucional com colaboradores externos;<\/li>\n<li>Amplia\u00e7\u00e3o de projetos voltados ao desenvolvimento da educa\u00e7\u00e3o e moral tribut\u00e1ria;<\/li>\n<li>Estimular a capacita\u00e7\u00e3o do futuro profissional formado na Unicentro;<\/li>\n<li>Eleva\u00e7\u00e3o do cumprimento espont\u00e2neo das obriga\u00e7\u00f5es tribut\u00e1rias e aduaneiras em raz\u00e3o do fortalecimento da cultura fiscal e da dissemina\u00e7\u00e3o de informa\u00e7\u00f5es e do acesso de servi\u00e7os;<\/li>\n<li>Fortalecimento da imagem dos projetos de extens\u00e3o da Unicentro perante a sociedade;<\/li>\n<li>Maior qualifica\u00e7\u00e3o do seu corpo discente e docente;<\/li>\n<li>Oferecer aos alunos a oportunidade de treinamento pr\u00e1tico supervisionado por um professor do Decic\/G; e<\/li>\n<li>Possibilidade de constru\u00e7\u00e3o conjunta de solu\u00e7\u00f5es a partir de problemas reais apresentados pela comunidade.<\/li>\n<\/ol>\n<p><strong>II &#8211; Da Perspectiva da Sociedade<\/strong><\/p>\n<ol>\n<li>a) Acesso gratuito a orienta\u00e7\u00f5es e servi\u00e7os cont\u00e1beis e fiscais para o contribuinte hipossuficiente econ\u00f4mico evitando que este seja personalizado por desconhecimento e\/ou falta de condi\u00e7\u00f5es de arcar com seus custos;<\/li>\n<li>b) Maior possibilidade de conhecimento de suas obriga\u00e7\u00f5es e direitos como cidad\u00e3o perante a Receita Federal do Brasil (RFB); e<\/li>\n<li>c) Fornecer suporte cont\u00e1bil e fiscal a pessoas f\u00edsicas de baixa renda, bem como microempresas, microempreendedores individuais e entidades sem fins lucrativos, concedendo o atendimento gratuito aos hipossuficientes econ\u00f4micos.<\/li>\n<\/ol>\n<p><strong>III &#8211; Parcerias a serem realizadas<\/strong><\/p>\n<p>Al\u00e9m das perspectivas dos resultados, o NAF Unicentro buscar\u00e1 parcerias com demais \u00f3rg\u00e3os para incremento do projeto de extens\u00e3o.<\/p>\n<p><strong>IV &#8211; Da Capacita\u00e7\u00e3o dos Alunos<\/strong><\/p>\n<p>A capacita\u00e7\u00e3o dos alunos poder\u00e1 ser virtual ou presencial. O NAF Unicentro organizar\u00e1 a forma que as videoaulas disponibilizadas na plataforma virtual ser\u00e3o apresentadas aos alunos.<\/p>\n<p>A v\u00eddeoaula \u00e9 disponibilizadas pela RFB e ser\u00e1 composto pelos cursos de Educa\u00e7\u00e3o Fiscal, Cidadania Fiscal, Estrutura da RFB, No\u00e7\u00f5es de Direito Tribut\u00e1rio e <em>e<\/em>Cac: Autoatendimento, cujas aulas s\u00e3o obrigat\u00f3rias para o aluno que participar\u00e1 do projeto NAF Unicentro.<\/p>\n<ul>\n<li><strong>Capacita\u00e7\u00e3o Virtual<\/strong><\/li>\n<\/ul>\n<p style=\"padding-left: 40px\">O aluno do NAF Unicentro receber\u00e1 por meio da plataforma virtual, estudos disponibilizados gratuitamente pela Receita Federal do Brasil (RFB), caracterizando um treinamento diferenciado.<\/p>\n<p style=\"padding-left: 40px\">Na rede de estudos s\u00e3o divulgadas as videoaulas com especialistas da \u00e1rea de estudo.<\/p>\n<p style=\"padding-left: 40px\">Na plataforma virtual \u00e9 disponibilizada cursos relacionados aos servi\u00e7os que os alunos prestam aos cidad\u00e3os em um N\u00facleo de Apoio Cont\u00e1bil e Fiscal NAF Unicentro.<\/p>\n<p style=\"padding-left: 40px\">Os cursos na plataforma virtual podem ser utilizados em sala de aula, como tarefa adicional e as d\u00favidas esclarecidas em sala de aula e h\u00e1 estudantes que s\u00e3o capacitados presencialmente utilizando a plataforma para esclarecerem suas d\u00favidas.<\/p>\n<p style=\"padding-left: 40px\">Para os alunos que participarem do atendimento no NAF UNICENTRO ser\u00e1 obrigat\u00f3rio o curso b\u00e1sico NAF, que \u00e9 composto dos temas: Educa\u00e7\u00e3o Fiscal, Estrutura da RFB, No\u00e7\u00f5es de Direito Tribut\u00e1rio e Autoatendimento como o primeiro curso para ser estudado.<\/p>\n<p style=\"padding-left: 40px\">O curso site Virtual da RFB poder\u00e1 servir como complemento para os conhecimentos do autoatendimento.<\/p>\n<ul>\n<li><strong>Capacita\u00e7\u00e3o Presencial<\/strong><\/li>\n<\/ul>\n<p style=\"padding-left: 40px\">Sempre que poss\u00edvel as aulas referentes ao curso b\u00e1sico, que \u00e9 composto por Educa\u00e7\u00e3o Fiscal, Cidadania Fiscal, Estrutura da RFB, No\u00e7\u00f5es de Direito Tribut\u00e1rio, <em>e<\/em>Cac: Autoatendimento, dever\u00e3o ser ministradas presencialmente. Cabe ao NAF Unicentro coordenar as a\u00e7\u00f5es de disponibilizar as aulas, apostilas sobre os servi\u00e7os prestados no NAF Unicentro.<\/p>\n<p>[\/vc_column_text][\/vc_column][\/vc_row]<\/p>\n<\/div>","protected":false},"excerpt":{"rendered":"<p>[vc_row][vc_column][vc_row_inner][vc_column_inner width=&#8221;2\/3&#8243;][vc_column_text]Os resultados s\u00e3o classificados em diversas perspectivas: resultados esperados pelo Departamento de Ci\u00eancias Cont\u00e1beis (Decic\/G); da Sociedade; das parcerias a serem realizadas; da capacita\u00e7\u00e3o dos alunos (presencial e virtual); do atendimento ao contribuinte no NAF Unicentro. Os resultados esperados s\u00e3o avaliados nas seguintes perspectivas: [\/vc_column_text][\/vc_column_inner][vc_column_inner width=&#8221;1\/3&#8243;][vc_single_image image=&#8221;113&#8243; img_size=&#8221;full&#8221;][\/vc_column_inner][\/vc_row_inner][vc_column_text]I &#8211; Da perspectiva do Departamento de [&hellip;]<\/p>\n","protected":false},"author":3,"featured_media":0,"parent":20,"menu_order":0,"comment_status":"closed","ping_status":"closed","template":"","meta":{"_exactmetrics_skip_tracking":false,"_exactmetrics_sitenote_active":false,"_exactmetrics_sitenote_note":"","_exactmetrics_sitenote_category":0,"footnotes":"","_links_to":"","_links_to_target":""},"class_list":["post-82","page","type-page","status-publish","hentry"],"_links":{"self":[{"href":"https:\/\/www3.unicentro.br\/naf\/wp-json\/wp\/v2\/pages\/82","targetHints":{"allow":["GET"]}}],"collection":[{"href":"https:\/\/www3.unicentro.br\/naf\/wp-json\/wp\/v2\/pages"}],"about":[{"href":"https:\/\/www3.unicentro.br\/naf\/wp-json\/wp\/v2\/types\/page"}],"author":[{"embeddable":true,"href":"https:\/\/www3.unicentro.br\/naf\/wp-json\/wp\/v2\/users\/3"}],"replies":[{"embeddable":true,"href":"https:\/\/www3.unicentro.br\/naf\/wp-json\/wp\/v2\/comments?post=82"}],"version-history":[{"count":0,"href":"https:\/\/www3.unicentro.br\/naf\/wp-json\/wp\/v2\/pages\/82\/revisions"}],"up":[{"embeddable":true,"href":"https:\/\/www3.unicentro.br\/naf\/wp-json\/wp\/v2\/pages\/20"}],"wp:attachment":[{"href":"https:\/\/www3.unicentro.br\/naf\/wp-json\/wp\/v2\/media?parent=82"}],"curies":[{"name":"wp","href":"https:\/\/api.w.org\/{rel}","templated":true}]}}