{"id":50,"date":"2022-03-10T10:22:45","date_gmt":"2022-03-10T13:22:45","guid":{"rendered":"https:\/\/www3.unicentro.br\/naf\/?page_id=50"},"modified":"2022-04-26T16:06:42","modified_gmt":"2022-04-26T19:06:42","slug":"parcerias","status":"publish","type":"page","link":"https:\/\/www3.unicentro.br\/naf\/parcerias\/","title":{"rendered":"Parcerias"},"content":{"rendered":"<div class=\"wpb-content-wrapper\"><p>[vc_row content_placement=&#8221;middle&#8221; u_row_style=&#8221;0&#8243; u_row_paralax=&#8221;0&#8243; u_row_scheme=&#8221;0&#8243; css=&#8221;.vc_custom_1647606584035{padding-top: 20px !important;padding-right: 20px !important;padding-bottom: 20px !important;padding-left: 20px !important;background-color: #f4f4f4 !important;}&#8221;][vc_column width=&#8221;1\/5&#8243;][vc_single_image image=&#8221;89&#8243; img_size=&#8221;full&#8221; alignment=&#8221;center&#8221; onclick=&#8221;custom_link&#8221; img_link_target=&#8221;_blank&#8221; link=&#8221;https:\/\/www.gov.br\/receitafederal\/pt-br\/assuntos\/educacao-fiscal\/educacao-fiscal\/naf&#8221;][\/vc_column][vc_column width=&#8221;4\/5&#8243; css=&#8221;.vc_custom_1647606573921{margin-left: 20px !important;}&#8221;][vc_column_text]<strong>Receita Federal do Brasil (RFB)<\/strong>: a RFB busca pelas parcerias com as institui\u00e7\u00f5es de ensino superior, como primeiro passo para a implanta\u00e7\u00e3o de um N\u00facleo de Apoio Cont\u00e1bil e Fiscal (NAF). A RFB desenvolve diversas a\u00e7\u00f5es de Educa\u00e7\u00e3o Fiscal, norteadas por diretrizes como a promo\u00e7\u00e3o da orienta\u00e7\u00e3o tribut\u00e1ria e aduaneira, o fornecimento aos cidad\u00e3os de conhecimentos sobre o funcionamento do \u00f3rg\u00e3o, a informa\u00e7\u00e3o e a divulga\u00e7\u00e3o dos servi\u00e7os prestados e dos seus diversos canais de atendimento. A RFB incentiva e apoia a cria\u00e7\u00e3o de NAF nas institui\u00e7\u00f5es de ensino superior, especialmente nos cursos de Ci\u00eancias Cont\u00e1beis.[\/vc_column_text][\/vc_column][\/vc_row]<\/p>\n<\/div>","protected":false},"excerpt":{"rendered":"<p>[vc_row content_placement=&#8221;middle&#8221; u_row_style=&#8221;0&#8243; u_row_paralax=&#8221;0&#8243; u_row_scheme=&#8221;0&#8243; css=&#8221;.vc_custom_1647606584035{padding-top: 20px !important;padding-right: 20px !important;padding-bottom: 20px !important;padding-left: 20px !important;background-color: #f4f4f4 !important;}&#8221;][vc_column width=&#8221;1\/5&#8243;][vc_single_image image=&#8221;89&#8243; img_size=&#8221;full&#8221; alignment=&#8221;center&#8221; onclick=&#8221;custom_link&#8221; img_link_target=&#8221;_blank&#8221; link=&#8221;https:\/\/www.gov.br\/receitafederal\/pt-br\/assuntos\/educacao-fiscal\/educacao-fiscal\/naf&#8221;][\/vc_column][vc_column width=&#8221;4\/5&#8243; css=&#8221;.vc_custom_1647606573921{margin-left: 20px !important;}&#8221;][vc_column_text]Receita Federal do Brasil (RFB): a RFB busca pelas parcerias com as institui\u00e7\u00f5es de ensino superior, como primeiro passo para a implanta\u00e7\u00e3o de um N\u00facleo de Apoio Cont\u00e1bil e [&hellip;]<\/p>\n","protected":false},"author":3,"featured_media":0,"parent":0,"menu_order":0,"comment_status":"closed","ping_status":"closed","template":"","meta":{"_exactmetrics_skip_tracking":false,"_exactmetrics_sitenote_active":false,"_exactmetrics_sitenote_note":"","_exactmetrics_sitenote_category":0,"footnotes":"","_links_to":"","_links_to_target":""},"class_list":["post-50","page","type-page","status-publish","hentry"],"_links":{"self":[{"href":"https:\/\/www3.unicentro.br\/naf\/wp-json\/wp\/v2\/pages\/50","targetHints":{"allow":["GET"]}}],"collection":[{"href":"https:\/\/www3.unicentro.br\/naf\/wp-json\/wp\/v2\/pages"}],"about":[{"href":"https:\/\/www3.unicentro.br\/naf\/wp-json\/wp\/v2\/types\/page"}],"author":[{"embeddable":true,"href":"https:\/\/www3.unicentro.br\/naf\/wp-json\/wp\/v2\/users\/3"}],"replies":[{"embeddable":true,"href":"https:\/\/www3.unicentro.br\/naf\/wp-json\/wp\/v2\/comments?post=50"}],"version-history":[{"count":0,"href":"https:\/\/www3.unicentro.br\/naf\/wp-json\/wp\/v2\/pages\/50\/revisions"}],"wp:attachment":[{"href":"https:\/\/www3.unicentro.br\/naf\/wp-json\/wp\/v2\/media?parent=50"}],"curies":[{"name":"wp","href":"https:\/\/api.w.org\/{rel}","templated":true}]}}