{"id":44,"date":"2022-03-10T10:21:45","date_gmt":"2022-03-10T13:21:45","guid":{"rendered":"https:\/\/www3.unicentro.br\/naf\/?page_id=44"},"modified":"2025-07-28T10:36:48","modified_gmt":"2025-07-28T13:36:48","slug":"capacitacao-dos-alunos","status":"publish","type":"page","link":"https:\/\/www3.unicentro.br\/naf\/capacitacao-dos-alunos\/","title":{"rendered":"Capacita\u00e7\u00e3o dos Alunos"},"content":{"rendered":"<div class=\"wpb-content-wrapper\"><p>[vc_row][vc_column][vc_column_text css=&#8221;&#8221;]O NAF Unicentro disponibiliza gratuitamente cursos aos acad\u00eamicos.[\/vc_column_text][vc_tta_accordion title_tag=&#8221;h3&#8243; style=&#8221;flat&#8221; shape=&#8221;square&#8221; color=&#8221;black&#8221; spacing=&#8221;1&#8243; active_section=&#8221;30&#8243; no_fill=&#8221;true&#8221; collapsible_all=&#8221;true&#8221;][vc_tta_section title=&#8221;Curso de Imposto de Renda \u2013 Projeto de Extens\u00e3o Universit\u00e1ria (clique para acessar)&#8221; tab_id=&#8221;1718135265623-a8ee4d33-5372&#8243;][vc_column_text css=&#8221;&#8221;]<\/p>\n<div class=\"wp-block-image\"><img loading=\"lazy\" decoding=\"async\" class=\"wpa-warning wpa-image-missing-alt size-full wp-image-181 alignright\" src=\"https:\/\/www3.unicentro.br\/naf\/wp-content\/uploads\/sites\/136\/2025\/07\/naf08.png\" alt=\"\" width=\"450\" height=\"450\" data-warning=\"Missing alt text\" srcset=\"https:\/\/www3.unicentro.br\/naf\/wp-content\/uploads\/sites\/136\/2025\/07\/naf08.png 450w, https:\/\/www3.unicentro.br\/naf\/wp-content\/uploads\/sites\/136\/2025\/07\/naf08-50x50.png 50w, https:\/\/www3.unicentro.br\/naf\/wp-content\/uploads\/sites\/136\/2025\/07\/naf08-80x80.png 80w, https:\/\/www3.unicentro.br\/naf\/wp-content\/uploads\/sites\/136\/2025\/07\/naf08-263x263.png 263w, https:\/\/www3.unicentro.br\/naf\/wp-content\/uploads\/sites\/136\/2025\/07\/naf08-100x100.png 100w, https:\/\/www3.unicentro.br\/naf\/wp-content\/uploads\/sites\/136\/2025\/07\/naf08-255x255.png 255w\" sizes=\"auto, (max-width: 450px) 100vw, 450px\" \/><\/div>\n<p><strong>Descri\u00e7\u00e3o:<\/strong><\/p>\n<p>O Curso de Imposto de Renda \u00e9 uma iniciativa gratuita promovida pelo NAF Unicentro, realizada no campus Santa Cruz (Guarapuava &#8211; PR) e no campus de Pitanga, como parte das a\u00e7\u00f5es de extens\u00e3o vinculadas ao curso de Ci\u00eancias Cont\u00e1beis. Com carga hor\u00e1ria total de 20 horas, a atividade foi destinada aos acad\u00eamicos, com o objetivo de capacit\u00e1-los na elabora\u00e7\u00e3o da Declara\u00e7\u00e3o de Imposto de Renda da Pessoa F\u00edsica (IRPF) 2025, conforme a legisla\u00e7\u00e3o vigente da Receita Federal.<\/p>\n<p><strong>Objetivos:<\/strong><\/p>\n<ul>\n<li>Proporcionar forma\u00e7\u00e3o t\u00e9cnica e pr\u00e1tica sobre a legisla\u00e7\u00e3o atual do Imposto de Renda.<\/li>\n<li>Ensinar o uso correto dos sistemas da Receita Federal para a entrega da declara\u00e7\u00e3o.<\/li>\n<li>Preparar os estudantes para atuarem em a\u00e7\u00f5es de atendimento ao p\u00fablico, tanto dentro quanto fora da universidade.<\/li>\n<li>Estimular a cidadania e o compromisso social por meio da aplica\u00e7\u00e3o do conhecimento cont\u00e1bil em benef\u00edcio da comunidade.<\/li>\n<\/ul>\n<p><strong>Contribui\u00e7\u00f5es para os participantes:<\/strong><\/p>\n<p>A realiza\u00e7\u00e3o do curso representa uma valiosa oportunidade de integra\u00e7\u00e3o entre teoria e pr\u00e1tica, contribuindo de forma significativa para a forma\u00e7\u00e3o profissional dos acad\u00eamicos. Al\u00e9m de consolidar os conhecimentos t\u00e9cnicos, a iniciativa aproxima os estudantes das demandas reais do mercado de trabalho, incentivando o desenvolvimento de habilidades interpessoais, \u00e9tica profissional e senso de responsabilidade social.[\/vc_column_text][vc_masonry_media_grid css=&#8221;&#8221; grid_id=&#8221;vc_gid:1753709760862-1db92bba-765f-1&#8243; include=&#8221;180,179,178&#8243;][\/vc_tta_section][\/vc_tta_accordion][\/vc_column][\/vc_row][vc_row][vc_column][\/vc_column][\/vc_row]<\/p>\n<\/div>","protected":false},"excerpt":{"rendered":"<p>[vc_row][vc_column][vc_column_text css=&#8221;&#8221;]O NAF Unicentro disponibiliza gratuitamente cursos aos acad\u00eamicos.[\/vc_column_text][vc_tta_accordion title_tag=&#8221;h3&#8243; style=&#8221;flat&#8221; shape=&#8221;square&#8221; color=&#8221;black&#8221; spacing=&#8221;1&#8243; active_section=&#8221;30&#8243; no_fill=&#8221;true&#8221; collapsible_all=&#8221;true&#8221;][vc_tta_section title=&#8221;Curso de Imposto de Renda \u2013 Projeto de Extens\u00e3o Universit\u00e1ria (clique para acessar)&#8221; tab_id=&#8221;1718135265623-a8ee4d33-5372&#8243;][vc_column_text css=&#8221;&#8221;] Descri\u00e7\u00e3o: O Curso de Imposto de Renda \u00e9 uma iniciativa gratuita promovida pelo NAF Unicentro, realizada no campus Santa Cruz (Guarapuava &#8211; PR) [&hellip;]<\/p>\n","protected":false},"author":3,"featured_media":0,"parent":0,"menu_order":0,"comment_status":"closed","ping_status":"closed","template":"","meta":{"_exactmetrics_skip_tracking":false,"_exactmetrics_sitenote_active":false,"_exactmetrics_sitenote_note":"","_exactmetrics_sitenote_category":0,"footnotes":"","_links_to":"","_links_to_target":""},"class_list":["post-44","page","type-page","status-publish","hentry"],"_links":{"self":[{"href":"https:\/\/www3.unicentro.br\/naf\/wp-json\/wp\/v2\/pages\/44","targetHints":{"allow":["GET"]}}],"collection":[{"href":"https:\/\/www3.unicentro.br\/naf\/wp-json\/wp\/v2\/pages"}],"about":[{"href":"https:\/\/www3.unicentro.br\/naf\/wp-json\/wp\/v2\/types\/page"}],"author":[{"embeddable":true,"href":"https:\/\/www3.unicentro.br\/naf\/wp-json\/wp\/v2\/users\/3"}],"replies":[{"embeddable":true,"href":"https:\/\/www3.unicentro.br\/naf\/wp-json\/wp\/v2\/comments?post=44"}],"version-history":[{"count":2,"href":"https:\/\/www3.unicentro.br\/naf\/wp-json\/wp\/v2\/pages\/44\/revisions"}],"predecessor-version":[{"id":183,"href":"https:\/\/www3.unicentro.br\/naf\/wp-json\/wp\/v2\/pages\/44\/revisions\/183"}],"wp:attachment":[{"href":"https:\/\/www3.unicentro.br\/naf\/wp-json\/wp\/v2\/media?parent=44"}],"curies":[{"name":"wp","href":"https:\/\/api.w.org\/{rel}","templated":true}]}}