{"id":38,"date":"2022-03-10T10:13:42","date_gmt":"2022-03-10T13:13:42","guid":{"rendered":"https:\/\/www3.unicentro.br\/naf\/?page_id=38"},"modified":"2022-03-18T09:13:15","modified_gmt":"2022-03-18T12:13:15","slug":"atendimento","status":"publish","type":"page","link":"https:\/\/www3.unicentro.br\/naf\/atendimento\/","title":{"rendered":"Hor\u00e1rio e Atendimento"},"content":{"rendered":"<p>O atendimento do NAF Unicentro ser\u00e1 realizado exclusivamente nas depend\u00eancias da Unicentro.<\/p>\n<p><strong>Local<\/strong>: NAF Unicentro, Sala 117, Bloco E, T\u00e9rreo, <em>Campus<\/em> Santa Cruz, Unicentro.<\/p>\n<p><strong>Hor\u00e1rio<\/strong>: Atendimento aos contribuintes: Segunda-feira \u00e0 Quinta-feira, das 13h \u00e0s 17h.<\/p>\n<p><strong>Endere\u00e7o<\/strong>:<\/p>\n<p>Universidade Estadual do Centro-Oeste, Unicentro<br \/>\nNAF Unicentro, Sala 117, Bloco E, T\u00e9rreo<br \/>\nRua Padre Salvatore Renna, 875, Bairro Santa Cruz<br \/>\nCEP 85015-430<br \/>\nGuarapuava &#8211; PR<\/p>\n","protected":false},"excerpt":{"rendered":"<p>O atendimento do NAF Unicentro ser\u00e1 realizado exclusivamente nas depend\u00eancias da Unicentro. Local: NAF Unicentro, Sala 117, Bloco E, T\u00e9rreo, Campus Santa Cruz, Unicentro. Hor\u00e1rio: Atendimento aos contribuintes: Segunda-feira \u00e0 Quinta-feira, das 13h \u00e0s 17h. Endere\u00e7o: Universidade Estadual do Centro-Oeste, Unicentro NAF Unicentro, Sala 117, Bloco E, T\u00e9rreo Rua Padre Salvatore Renna, 875, Bairro Santa [&hellip;]<\/p>\n","protected":false},"author":3,"featured_media":0,"parent":0,"menu_order":0,"comment_status":"closed","ping_status":"closed","template":"","meta":{"_exactmetrics_skip_tracking":false,"_exactmetrics_sitenote_active":false,"_exactmetrics_sitenote_note":"","_exactmetrics_sitenote_category":0,"footnotes":"","_links_to":"","_links_to_target":""},"class_list":["post-38","page","type-page","status-publish","hentry"],"_links":{"self":[{"href":"https:\/\/www3.unicentro.br\/naf\/wp-json\/wp\/v2\/pages\/38","targetHints":{"allow":["GET"]}}],"collection":[{"href":"https:\/\/www3.unicentro.br\/naf\/wp-json\/wp\/v2\/pages"}],"about":[{"href":"https:\/\/www3.unicentro.br\/naf\/wp-json\/wp\/v2\/types\/page"}],"author":[{"embeddable":true,"href":"https:\/\/www3.unicentro.br\/naf\/wp-json\/wp\/v2\/users\/3"}],"replies":[{"embeddable":true,"href":"https:\/\/www3.unicentro.br\/naf\/wp-json\/wp\/v2\/comments?post=38"}],"version-history":[{"count":0,"href":"https:\/\/www3.unicentro.br\/naf\/wp-json\/wp\/v2\/pages\/38\/revisions"}],"wp:attachment":[{"href":"https:\/\/www3.unicentro.br\/naf\/wp-json\/wp\/v2\/media?parent=38"}],"curies":[{"name":"wp","href":"https:\/\/api.w.org\/{rel}","templated":true}]}}