{"id":34,"date":"2022-03-10T10:10:52","date_gmt":"2022-03-10T13:10:52","guid":{"rendered":"https:\/\/www3.unicentro.br\/naf\/?page_id=34"},"modified":"2022-03-18T09:11:29","modified_gmt":"2022-03-18T12:11:29","slug":"servicos-ofertados","status":"publish","type":"page","link":"https:\/\/www3.unicentro.br\/naf\/servicos-ofertados\/","title":{"rendered":"Servi\u00e7os ofertados"},"content":{"rendered":"<p>As atividades que s\u00e3o prestadas no NAF Unicentro foram escolhidas dentre a lista de servi\u00e7os disponibilizada pela Receita Federal do Brasil (RFB) que podem ser prestados no NAF Unicentro.<\/p>\n<p>Antes de iniciar o atendimento ao p\u00fablico externo, o aluno NAF Unicentro ser\u00e1 treinado previamente.<\/p>\n<p>As atividades e servi\u00e7os do NAF Unicentro iniciar\u00e3o com os servi\u00e7os essenciais ofertados pela RFB, e os demais servi\u00e7os ser\u00e3o inseridos conforme os alunos forem sendo capacitados.<\/p>\n<p>O Coordenador NAF Unicentro atuar\u00e1 com os alunos estabelecendo uma diretriz de atendimento proativo, sendo que cada aluno tem uma meta de observar, controlar e auxiliar os pequenos empreendedores ou pessoas f\u00edsicas com problemas em seu bairro ou em seu trabalho. O estudante deve coletar o problema estudar o caso com o professor ou em grupo, e depois levar uma resposta ao interessado.<\/p>\n<p>A rela\u00e7\u00e3o de atendimento e servi\u00e7os iniciais prestados pelos NAF Unicentro aos contribuintes hipossuficientes econ\u00f4micos a serem disponibilizados pela RFB s\u00e3o:<\/p>\n<ol>\n<li>Aux\u00edlio \u00e0 elabora\u00e7\u00e3o e orienta\u00e7\u00f5es sobre a Declara\u00e7\u00e3o de Ajuste Anual do IRPF;<\/li>\n<li>Aux\u00edlio \u00e0 inscri\u00e7\u00e3o e informa\u00e7\u00f5es cadastrais de CPF;<\/li>\n<li>Aux\u00edlio \u00e0 inscri\u00e7\u00e3o e informa\u00e7\u00f5es cadastrais do CNPJ;<\/li>\n<li>Aux\u00edlio \u00e0 inscri\u00e7\u00e3o e informa\u00e7\u00f5es cadastrais da Matr\u00edcula CEI;<\/li>\n<li>Aux\u00edlio \u00e0 emiss\u00e3o e informa\u00e7\u00f5es sobre Certid\u00f5es Negativas de D\u00e9bitos PF e PJ;<\/li>\n<li>Aux\u00edlio \u00e0 consulta \u00e0 situa\u00e7\u00e3o fiscal;<\/li>\n<li>Agendamento on-line de atendimentos na Receita Federal;<\/li>\n<li>Informa\u00e7\u00f5es e aux\u00edlio \u00e0 regulariza\u00e7\u00e3o de CPF Suspenso;<\/li>\n<li>Informa\u00e7\u00f5es e aux\u00edlio \u00e0 elabora\u00e7\u00e3o de pedido de isen\u00e7\u00e3o de IRPF para portadores de mol\u00e9stias graves;<\/li>\n<li>Orienta\u00e7\u00f5es e aux\u00edlio \u00e0 elabora\u00e7\u00e3o de pedidos de isen\u00e7\u00e3o de IPI\/IOF na compra de ve\u00edculos por portadores de defici\u00eancia f\u00edsica, mental ou visual;<\/li>\n<li>Aux\u00edlio \u00e0 apresenta\u00e7\u00e3o de pedidos de restitui\u00e7\u00e3o de pagamentos indevidos e\/ou a maior (PER\/DCOMP);<\/li>\n<li>Informa\u00e7\u00f5es gerais sobre ITR;<\/li>\n<li>Aux\u00edlio \u00e0 inscri\u00e7\u00e3o e Informa\u00e7\u00f5es gerais sobre o Microempreendedor Individual;<\/li>\n<li>Aux\u00edlio \u00e0 inscri\u00e7\u00e3o e Informa\u00e7\u00f5es gerais sobre o Simples Nacional;<\/li>\n<li>Orienta\u00e7\u00f5es e aux\u00edlio ao cumprimento de obriga\u00e7\u00f5es tribut\u00e1rias acess\u00f3rias para associa\u00e7\u00f5es e demais entidades sem fins lucrativos;<\/li>\n<li>Esclarecimentos sobre o eSocial;<\/li>\n<li>Informa\u00e7\u00f5es e aux\u00edlio para a obten\u00e7\u00e3o de Certificado Digital;<\/li>\n<li>Informa\u00e7\u00f5es e aux\u00edlio para realizar a op\u00e7\u00e3o pelo Domic\u00edlio Tribut\u00e1rio Eletr\u00f4nico- DTE;<\/li>\n<li>Aux\u00edlio \u00e0 habilita\u00e7\u00e3o nos sistemas Radar e Siscomex;<\/li>\n<li>Informa\u00e7\u00f5es sobre regras de importa\u00e7\u00e3o e exporta\u00e7\u00e3o por meio dos Correios;<\/li>\n<li>Informa\u00e7\u00f5es sobre regras de bagagem.<\/li>\n<\/ol>\n","protected":false},"excerpt":{"rendered":"<p>As atividades que s\u00e3o prestadas no NAF Unicentro foram escolhidas dentre a lista de servi\u00e7os disponibilizada pela Receita Federal do Brasil (RFB) que podem ser prestados no NAF Unicentro. Antes de iniciar o atendimento ao p\u00fablico externo, o aluno NAF Unicentro ser\u00e1 treinado previamente. As atividades e servi\u00e7os do NAF Unicentro iniciar\u00e3o com os servi\u00e7os [&hellip;]<\/p>\n","protected":false},"author":3,"featured_media":0,"parent":0,"menu_order":0,"comment_status":"closed","ping_status":"closed","template":"","meta":{"_exactmetrics_skip_tracking":false,"_exactmetrics_sitenote_active":false,"_exactmetrics_sitenote_note":"","_exactmetrics_sitenote_category":0,"footnotes":"","_links_to":"","_links_to_target":""},"class_list":["post-34","page","type-page","status-publish","hentry"],"_links":{"self":[{"href":"https:\/\/www3.unicentro.br\/naf\/wp-json\/wp\/v2\/pages\/34","targetHints":{"allow":["GET"]}}],"collection":[{"href":"https:\/\/www3.unicentro.br\/naf\/wp-json\/wp\/v2\/pages"}],"about":[{"href":"https:\/\/www3.unicentro.br\/naf\/wp-json\/wp\/v2\/types\/page"}],"author":[{"embeddable":true,"href":"https:\/\/www3.unicentro.br\/naf\/wp-json\/wp\/v2\/users\/3"}],"replies":[{"embeddable":true,"href":"https:\/\/www3.unicentro.br\/naf\/wp-json\/wp\/v2\/comments?post=34"}],"version-history":[{"count":0,"href":"https:\/\/www3.unicentro.br\/naf\/wp-json\/wp\/v2\/pages\/34\/revisions"}],"wp:attachment":[{"href":"https:\/\/www3.unicentro.br\/naf\/wp-json\/wp\/v2\/media?parent=34"}],"curies":[{"name":"wp","href":"https:\/\/api.w.org\/{rel}","templated":true}]}}