{"id":32,"date":"2022-03-10T10:09:30","date_gmt":"2022-03-10T13:09:30","guid":{"rendered":"https:\/\/www3.unicentro.br\/naf\/?page_id=32"},"modified":"2025-07-28T10:20:55","modified_gmt":"2025-07-28T13:20:55","slug":"naf-em-acao","status":"publish","type":"page","link":"https:\/\/www3.unicentro.br\/naf\/naf-em-acao\/","title":{"rendered":"Atividades do NAF Unicentro"},"content":{"rendered":"<div class=\"wpb-content-wrapper\"><p>[vc_row][vc_column][vc_tta_accordion title_tag=&#8221;h3&#8243; style=&#8221;flat&#8221; shape=&#8221;square&#8221; color=&#8221;black&#8221; spacing=&#8221;1&#8243; active_section=&#8221;30&#8243; no_fill=&#8221;true&#8221; collapsible_all=&#8221;true&#8221;][vc_tta_section title=&#8221;Palestra Comemorativa ao Dia do Contador &#8211; Compartilhando experi\u00eancias com o mercado (clique para acessar)&#8221; tab_id=&#8221;1718135265623-a8ee4d33-5372&#8243;][vc_column_text css=&#8221;&#8221;]<strong>Descri\u00e7\u00e3o:<\/strong><\/p>\n<p class=\"wp-block-image\"><img loading=\"lazy\" decoding=\"async\" class=\"wpa-warning wpa-image-missing-alt size-full wp-image-150 alignright\" src=\"https:\/\/www3.unicentro.br\/naf\/wp-content\/uploads\/sites\/136\/2025\/07\/naf01.png\" alt=\"\" width=\"450\" height=\"448\" data-warning=\"Missing alt text\" srcset=\"https:\/\/www3.unicentro.br\/naf\/wp-content\/uploads\/sites\/136\/2025\/07\/naf01.png 450w, https:\/\/www3.unicentro.br\/naf\/wp-content\/uploads\/sites\/136\/2025\/07\/naf01-50x50.png 50w, https:\/\/www3.unicentro.br\/naf\/wp-content\/uploads\/sites\/136\/2025\/07\/naf01-80x80.png 80w, https:\/\/www3.unicentro.br\/naf\/wp-content\/uploads\/sites\/136\/2025\/07\/naf01-263x263.png 263w, https:\/\/www3.unicentro.br\/naf\/wp-content\/uploads\/sites\/136\/2025\/07\/naf01-100x100.png 100w, https:\/\/www3.unicentro.br\/naf\/wp-content\/uploads\/sites\/136\/2025\/07\/naf01-255x254.png 255w\" sizes=\"auto, (max-width: 450px) 100vw, 450px\" \/><\/p>\n<p>Em comemora\u00e7\u00e3o ao Dia do Contador, no m\u00eas de abril, o curso de Ci\u00eancias Cont\u00e1beis da Unicentro promoveu, no dia 24\/04\/2025, uma palestra especial com a participa\u00e7\u00e3o um empres\u00e1rio convidado, que compartilhou sua trajet\u00f3ria profissional, os desafios superados e experi\u00eancias no mercado cont\u00e1bil e empresarial. A iniciativa integrou a programa\u00e7\u00e3o de forma\u00e7\u00e3o complementar dos acad\u00eamicos e evidenciou a relev\u00e2ncia do di\u00e1logo entre o ambiente acad\u00eamico e o mundo dos neg\u00f3cios.<\/p>\n<p><strong>Conte\u00fado abordado:<\/strong><\/p>\n<p>Durante a palestra, o convidado abordou temas relevantes para a forma\u00e7\u00e3o e o desenvolvimento profissional dos acad\u00eamicos, como:<\/p>\n<ul>\n<li>O in\u00edcio da carreira e a constru\u00e7\u00e3o de autoridade profissional;<\/li>\n<li>Os desafios da atua\u00e7\u00e3o no mercado cont\u00e1bil e empresarial;<\/li>\n<li>A import\u00e2ncia da \u00e9tica, resili\u00eancia e inova\u00e7\u00e3o na trajet\u00f3ria profissional;<\/li>\n<li>Tend\u00eancias e oportunidades no setor cont\u00e1bil.<\/li>\n<\/ul>\n<p><strong>Contribui\u00e7\u00f5es para os participantes:<\/strong><\/p>\n<p>A palestra proporcionou aos estudantes e demais ouvintes uma vis\u00e3o pr\u00e1tica e inspiradora da realidade profissional, promovendo uma reflex\u00e3o sobre os caminhos poss\u00edveis dentro da \u00e1rea cont\u00e1bil. Por meio de relatos reais de supera\u00e7\u00e3o e sucesso, os participantes foram incentivados a planejar suas trajet\u00f3rias com mais clareza, motiva\u00e7\u00e3o e consci\u00eancia acerca dos desafios e oportunidades do mercado.[\/vc_column_text][vc_masonry_media_grid css=&#8221;&#8221; grid_id=&#8221;vc_gid:1753708845582-088d9794-f2cd-1&#8243; include=&#8221;149,148,147&#8243;][\/vc_tta_section][\/vc_tta_accordion][\/vc_column][\/vc_row][vc_row][vc_column][\/vc_column][\/vc_row]<\/p>\n<\/div>","protected":false},"excerpt":{"rendered":"<p>[vc_row][vc_column][vc_tta_accordion title_tag=&#8221;h3&#8243; style=&#8221;flat&#8221; shape=&#8221;square&#8221; color=&#8221;black&#8221; spacing=&#8221;1&#8243; active_section=&#8221;30&#8243; no_fill=&#8221;true&#8221; collapsible_all=&#8221;true&#8221;][vc_tta_section title=&#8221;Palestra Comemorativa ao Dia do Contador &#8211; Compartilhando experi\u00eancias com o mercado (clique para acessar)&#8221; tab_id=&#8221;1718135265623-a8ee4d33-5372&#8243;][vc_column_text css=&#8221;&#8221;]Descri\u00e7\u00e3o: Em comemora\u00e7\u00e3o ao Dia do Contador, no m\u00eas de abril, o curso de Ci\u00eancias Cont\u00e1beis da Unicentro promoveu, no dia 24\/04\/2025, uma palestra especial com a participa\u00e7\u00e3o um empres\u00e1rio [&hellip;]<\/p>\n","protected":false},"author":3,"featured_media":0,"parent":0,"menu_order":0,"comment_status":"closed","ping_status":"closed","template":"","meta":{"_exactmetrics_skip_tracking":false,"_exactmetrics_sitenote_active":false,"_exactmetrics_sitenote_note":"","_exactmetrics_sitenote_category":0,"footnotes":"","_links_to":"","_links_to_target":""},"class_list":["post-32","page","type-page","status-publish","hentry"],"_links":{"self":[{"href":"https:\/\/www3.unicentro.br\/naf\/wp-json\/wp\/v2\/pages\/32","targetHints":{"allow":["GET"]}}],"collection":[{"href":"https:\/\/www3.unicentro.br\/naf\/wp-json\/wp\/v2\/pages"}],"about":[{"href":"https:\/\/www3.unicentro.br\/naf\/wp-json\/wp\/v2\/types\/page"}],"author":[{"embeddable":true,"href":"https:\/\/www3.unicentro.br\/naf\/wp-json\/wp\/v2\/users\/3"}],"replies":[{"embeddable":true,"href":"https:\/\/www3.unicentro.br\/naf\/wp-json\/wp\/v2\/comments?post=32"}],"version-history":[{"count":2,"href":"https:\/\/www3.unicentro.br\/naf\/wp-json\/wp\/v2\/pages\/32\/revisions"}],"predecessor-version":[{"id":170,"href":"https:\/\/www3.unicentro.br\/naf\/wp-json\/wp\/v2\/pages\/32\/revisions\/170"}],"wp:attachment":[{"href":"https:\/\/www3.unicentro.br\/naf\/wp-json\/wp\/v2\/media?parent=32"}],"curies":[{"name":"wp","href":"https:\/\/api.w.org\/{rel}","templated":true}]}}