{"id":30,"date":"2022-03-10T10:09:02","date_gmt":"2022-03-10T13:09:02","guid":{"rendered":"https:\/\/www3.unicentro.br\/naf\/?page_id=30"},"modified":"2022-04-26T15:57:10","modified_gmt":"2022-04-26T18:57:10","slug":"metodologias-e-procedimentos-de-avaliacao","status":"publish","type":"page","link":"https:\/\/www3.unicentro.br\/naf\/sobre\/metodologias-e-procedimentos-de-avaliacao\/","title":{"rendered":"Metodologias e Procedimentos de Avalia\u00e7\u00e3o"},"content":{"rendered":"<div class=\"wpb-content-wrapper\"><p>[vc_row][vc_column][vc_row_inner][vc_column_inner width=&#8221;2\/3&#8243;][vc_column_text]O projeto do NAF Unicentro ser\u00e1 desenvolvido nas depend\u00eancias da Unicentro e se apoia nas diretrizes para as a\u00e7\u00f5es de Extens\u00e3o Universit\u00e1ria, que devem orientar a formula\u00e7\u00e3o e implementa\u00e7\u00e3o das a\u00e7\u00f5es extensionistas universit\u00e1rias, de forma ampla e aberta, sendo:<\/p>\n<ol>\n<li>Interdisciplinariedade e Interprofissionalidade;<\/li>\n<li>Indissociabilidade entre ensino-pesquisa-extens\u00e3o;<\/li>\n<li>Impacto na forma\u00e7\u00e3o do estudante, e<\/li>\n<li>Impacto e transforma\u00e7\u00e3o social.<\/li>\n<\/ol>\n<p>Ressalta-se que este projeto utiliza um conjunto dessas diretrizes para a implementa\u00e7\u00e3o da a\u00e7\u00e3o.<\/p>\n<p>O projeto se apoia na metodologia colaborativa para troca de experi\u00eancias entre os diversos projetos de extens\u00e3o que compor\u00e3o o NAF Unicentro.<\/p>\n<p>O projeto de extens\u00e3o NAF Unicentro est\u00e1 inserido no Projeto Pedag\u00f3gico do Curso de Ci\u00eancias Cont\u00e1beis (Condep\/2021) que teve a carga hor\u00e1ria do curso adequada e com ajustes de ementas em fun\u00e7\u00e3o da necessidade de aprimoramento e atualiza\u00e7\u00e3o das disciplinas, e, principalmente, a inser\u00e7\u00e3o de um quantitativo maior de horas atividades relacionadas \u00e0 extens\u00e3o, exigindo que os alunos durante o curso realizem 323 horas\/rel\u00f3gio, participando de projetos de extens\u00e3o, o que equivale a 10% da carga hor\u00e1rio do curso.<\/p>\n<p>Esse projeto de extens\u00e3o pretende estimular o envolvimento do aluno ao alinhar a estrutura do curso, objetivando as pr\u00e1ticas necess\u00e1rias e direcionando os esfor\u00e7os de docentes e discentes, no desenvolvimento de projetos extensionistas no intuito de contribuir para a constru\u00e7\u00e3o de uma universidade e uma sociedade sempre melhor.[\/vc_column_text][\/vc_column_inner][vc_column_inner width=&#8221;1\/3&#8243;][vc_single_image image=&#8221;111&#8243; img_size=&#8221;full&#8221;][\/vc_column_inner][\/vc_row_inner][vc_column_text]O alunos, durante os 8 semestres do curso de Ci\u00eancias Cont\u00e1beis, poder\u00e3o participar do NAF Unicentro, que ofertar\u00e1 al\u00e9m do atendimento aos contribuintes hipossuficientes econ\u00f4micos, cursos gratuitos que t\u00eam importante papel na forma\u00e7\u00e3o do universit\u00e1rio em mat\u00e9ria fiscal e tribut\u00e1ria e disponibilizar\u00e1 palestras, grupos de estudo e treinamentos espec\u00edficos.<\/p>\n<p>O aluno que participar do NAF Unicentro receber\u00e1 por meio da plataforma virtual, cursos disponibilizados gratuitamente, por meio da parceria com a Receita Federal do Brasil (RFB).<\/p>\n<p>O projeto NAF Unicentro disponibiliza uma carga-hor\u00e1ria total semanal de 16 horas, sendo distribu\u00eddas da seguinte forma:<\/p>\n<ul>\n<li>2 horas\/rel\u00f3gio para ensino;<\/li>\n<li>2 horas\/rel\u00f3gio para pesquisa; e<\/li>\n<li>12 horas\/rel\u00f3gio para extens\u00e3o no atendimento aos contribuintes hipossuficientes econ\u00f4micos.<\/li>\n<\/ul>\n<p>Objetivando o controle das atividades desenvolvidas no NAF Unicentro s\u00e3o estruturados question\u00e1rios que devem ser preenchidos pelos participantes do projeto, sendo:<\/p>\n<ol>\n<li>Avalia\u00e7\u00e3o do Coordenador NAF Unicentro: deve ser preenchido semestralmente, indicando as atividades desenvolvidas pelos alunos, indicando quais cursos est\u00e3o sendo realizados.<\/li>\n<li>Avalia\u00e7\u00e3o do acad\u00eamico: deve ser preenchido ao final do semestre pelos estudantes que realizarem cursos ou atividades junto ao NAF Unicentro. Por meio deste question\u00e1rio ser\u00e1 avaliado o aproveitamento do estudante durante o per\u00edodo em que participou do projeto.<\/li>\n<li>Avalia\u00e7\u00e3o de atendimento: deve ser preenchido pelos cidad\u00e3os atendidos pelo NAF Unicentro para que possa ser avaliada como a presta\u00e7\u00e3o de servi\u00e7o est\u00e1 sendo recebida pelo p\u00fablico.<\/li>\n<\/ol>\n<p>&nbsp;<\/p>\n<h3><strong>Carga-hor\u00e1ria no Projeto\u00a0<\/strong><\/h3>\n<p>O projeto NAF Unicentro disponibiliza uma carga-hor\u00e1ria total semanal de 16 horas, sendo distribu\u00eddas da seguinte forma:<\/p>\n<ul>\n<li>2 horas\/rel\u00f3gio para ensino;<\/li>\n<li>2 horas\/rel\u00f3gio para pesquisa; e<\/li>\n<li>12 horas\/rel\u00f3gio para extens\u00e3o no atendimento aos contribuintes hipossuficientes econ\u00f4micos.<\/li>\n<\/ul>\n<p>&nbsp;<\/p>\n<h3><strong>Atividades Desenvolvidas no Projeto\u00a0<\/strong><\/h3>\n<p>Objetivando o controle das atividades desenvolvidas no NAF Unicentro s\u00e3o estruturados question\u00e1rios que devem ser preenchidos pelos participantes do projeto, sendo:<\/p>\n<ol>\n<li><strong>Avalia\u00e7\u00e3o do Coordenador NAF Unicentro<\/strong>: deve ser preenchido semestralmente, indicando as atividades desenvolvidas pelos alunos, indicando quais cursos est\u00e3o sendo realizados.<\/li>\n<li><strong>Avalia\u00e7\u00e3o do acad\u00eamico<\/strong>: deve ser preenchido ao final do semestre pelos estudantes que realizarem cursos ou atividades junto ao NAF Unicentro. Por meio deste question\u00e1rio ser\u00e1 avaliado o aproveitamento do estudante durante o per\u00edodo em que participou do projeto.<\/li>\n<li><strong>Avalia\u00e7\u00e3o de atendimento<\/strong>: deve ser preenchido pelos cidad\u00e3os atendidos pelo NAF Unicentro para que possa ser avaliada como a presta\u00e7\u00e3o de servi\u00e7o est\u00e1 sendo recebida pelo p\u00fablico.<\/li>\n<\/ol>\n<p>[\/vc_column_text][\/vc_column][\/vc_row]<\/p>\n<\/div>","protected":false},"excerpt":{"rendered":"<p>[vc_row][vc_column][vc_row_inner][vc_column_inner width=&#8221;2\/3&#8243;][vc_column_text]O projeto do NAF Unicentro ser\u00e1 desenvolvido nas depend\u00eancias da Unicentro e se apoia nas diretrizes para as a\u00e7\u00f5es de Extens\u00e3o Universit\u00e1ria, que devem orientar a formula\u00e7\u00e3o e implementa\u00e7\u00e3o das a\u00e7\u00f5es extensionistas universit\u00e1rias, de forma ampla e aberta, sendo: Interdisciplinariedade e Interprofissionalidade; Indissociabilidade entre ensino-pesquisa-extens\u00e3o; Impacto na forma\u00e7\u00e3o do estudante, e Impacto e transforma\u00e7\u00e3o [&hellip;]<\/p>\n","protected":false},"author":3,"featured_media":0,"parent":20,"menu_order":0,"comment_status":"closed","ping_status":"closed","template":"","meta":{"_exactmetrics_skip_tracking":false,"_exactmetrics_sitenote_active":false,"_exactmetrics_sitenote_note":"","_exactmetrics_sitenote_category":0,"footnotes":"","_links_to":"","_links_to_target":""},"class_list":["post-30","page","type-page","status-publish","hentry"],"_links":{"self":[{"href":"https:\/\/www3.unicentro.br\/naf\/wp-json\/wp\/v2\/pages\/30","targetHints":{"allow":["GET"]}}],"collection":[{"href":"https:\/\/www3.unicentro.br\/naf\/wp-json\/wp\/v2\/pages"}],"about":[{"href":"https:\/\/www3.unicentro.br\/naf\/wp-json\/wp\/v2\/types\/page"}],"author":[{"embeddable":true,"href":"https:\/\/www3.unicentro.br\/naf\/wp-json\/wp\/v2\/users\/3"}],"replies":[{"embeddable":true,"href":"https:\/\/www3.unicentro.br\/naf\/wp-json\/wp\/v2\/comments?post=30"}],"version-history":[{"count":0,"href":"https:\/\/www3.unicentro.br\/naf\/wp-json\/wp\/v2\/pages\/30\/revisions"}],"up":[{"embeddable":true,"href":"https:\/\/www3.unicentro.br\/naf\/wp-json\/wp\/v2\/pages\/20"}],"wp:attachment":[{"href":"https:\/\/www3.unicentro.br\/naf\/wp-json\/wp\/v2\/media?parent=30"}],"curies":[{"name":"wp","href":"https:\/\/api.w.org\/{rel}","templated":true}]}}