{"id":26,"date":"2022-03-10T10:08:06","date_gmt":"2022-03-10T13:08:06","guid":{"rendered":"https:\/\/www3.unicentro.br\/naf\/?page_id=26"},"modified":"2022-03-29T09:40:50","modified_gmt":"2022-03-29T12:40:50","slug":"objetivos","status":"publish","type":"page","link":"https:\/\/www3.unicentro.br\/naf\/sobre\/objetivos\/","title":{"rendered":"Objetivos"},"content":{"rendered":"<h3><strong><img loading=\"lazy\" decoding=\"async\" class=\"alignright  wp-image-101\" src=\"https:\/\/www3.unicentro.br\/naf\/wp-content\/uploads\/sites\/136\/2022\/03\/img-objetivos.jpg\" alt=\"Objetivos NAF\" width=\"461\" height=\"303\" srcset=\"https:\/\/www3.unicentro.br\/naf\/wp-content\/uploads\/sites\/136\/2022\/03\/img-objetivos.jpg 600w, https:\/\/www3.unicentro.br\/naf\/wp-content\/uploads\/sites\/136\/2022\/03\/img-objetivos-255x168.jpg 255w\" sizes=\"auto, (max-width: 461px) 100vw, 461px\" \/>Objetivo Geral<\/strong>:<\/h3>\n<p>O NAF Unicentro apresenta dois objetivos:<\/p>\n<ol>\n<li>Fornecer suporte cont\u00e1bil e fiscal a pessoas f\u00edsicas de baixa renda, bem como microempresas, microempreendedores individuais e entidades sem fins lucrativos por meio de projeto extensionista; e<\/li>\n<li>Agir como centro de gera\u00e7\u00e3o de conhecimento tribut\u00e1rio e fiscal por meio de discuss\u00f5es, cria\u00e7\u00e3o de palestras, pesquisa, grupos de estudo, trabalhos de conclus\u00e3o de curso e treinamentos aos acad\u00eamicos.<\/li>\n<\/ol>\n<p>&nbsp;<\/p>\n<h3><strong>Objetivos Espec\u00edficos:<\/strong><\/h3>\n<ol>\n<li>Proporcionar aos estudantes a forma\u00e7\u00e3o sobre a fun\u00e7\u00e3o social dos tributos e dos direitos e deveres associados \u00e0 tributa\u00e7\u00e3o;<\/li>\n<li>Qualificar o futuro profissional por meio de uma viv\u00eancia pr\u00e1tica, proporcionando a aplica\u00e7\u00e3o pr\u00e1tica do seu aprendizado acad\u00eamico, assim como a gera\u00e7\u00e3o de conhecimento acerca das obriga\u00e7\u00f5es tribut\u00e1rias por meio de palestras, grupos de estudo e treinamentos;<\/li>\n<li>Disponibilizar orienta\u00e7\u00e3o cont\u00e1bil e fiscal pelos estudantes universit\u00e1rios a pessoas f\u00edsicas de baixa renda, bem como a microempresas, microempreendedores individuais e entidades sem fins lucrativos;<\/li>\n<li>Estimular atividades de extens\u00e3o cujo desenvolvimento implique rela\u00e7\u00f5es interdisciplinares e interprofissionais de cursos de gradua\u00e7\u00e3o, do Setor de Ci\u00eancias Sociais Aplicadas (Sesa\/G) da Unicentro e da sociedade; e<\/li>\n<li>Divulgar as atividades extensionistas desenvolvidas pela Unicentro para a sociedade.<\/li>\n<\/ol>\n","protected":false},"excerpt":{"rendered":"<p>Objetivo Geral: O NAF Unicentro apresenta dois objetivos: Fornecer suporte cont\u00e1bil e fiscal a pessoas f\u00edsicas de baixa renda, bem como microempresas, microempreendedores individuais e entidades sem fins lucrativos por meio de projeto extensionista; e Agir como centro de gera\u00e7\u00e3o de conhecimento tribut\u00e1rio e fiscal por meio de discuss\u00f5es, cria\u00e7\u00e3o de palestras, pesquisa, grupos de [&hellip;]<\/p>\n","protected":false},"author":3,"featured_media":0,"parent":20,"menu_order":0,"comment_status":"closed","ping_status":"closed","template":"","meta":{"_exactmetrics_skip_tracking":false,"_exactmetrics_sitenote_active":false,"_exactmetrics_sitenote_note":"","_exactmetrics_sitenote_category":0,"footnotes":"","_links_to":"","_links_to_target":""},"class_list":["post-26","page","type-page","status-publish","hentry"],"_links":{"self":[{"href":"https:\/\/www3.unicentro.br\/naf\/wp-json\/wp\/v2\/pages\/26","targetHints":{"allow":["GET"]}}],"collection":[{"href":"https:\/\/www3.unicentro.br\/naf\/wp-json\/wp\/v2\/pages"}],"about":[{"href":"https:\/\/www3.unicentro.br\/naf\/wp-json\/wp\/v2\/types\/page"}],"author":[{"embeddable":true,"href":"https:\/\/www3.unicentro.br\/naf\/wp-json\/wp\/v2\/users\/3"}],"replies":[{"embeddable":true,"href":"https:\/\/www3.unicentro.br\/naf\/wp-json\/wp\/v2\/comments?post=26"}],"version-history":[{"count":0,"href":"https:\/\/www3.unicentro.br\/naf\/wp-json\/wp\/v2\/pages\/26\/revisions"}],"up":[{"embeddable":true,"href":"https:\/\/www3.unicentro.br\/naf\/wp-json\/wp\/v2\/pages\/20"}],"wp:attachment":[{"href":"https:\/\/www3.unicentro.br\/naf\/wp-json\/wp\/v2\/media?parent=26"}],"curies":[{"name":"wp","href":"https:\/\/api.w.org\/{rel}","templated":true}]}}