{"id":22,"date":"2022-03-10T10:07:25","date_gmt":"2022-03-10T13:07:25","guid":{"rendered":"https:\/\/www3.unicentro.br\/naf\/?page_id=22"},"modified":"2022-04-26T15:54:04","modified_gmt":"2022-04-26T18:54:04","slug":"missao","status":"publish","type":"page","link":"https:\/\/www3.unicentro.br\/naf\/sobre\/missao\/","title":{"rendered":"Miss\u00e3o"},"content":{"rendered":"<div class=\"wpb-content-wrapper\"><p>[vc_row][vc_column width=&#8221;2\/3&#8243;][vc_column_text]Oferecer servi\u00e7os de suporte cont\u00e1bil e fiscal gratuitos para pessoas f\u00edsicas e jur\u00eddicas de menor poder aquisitivo, n\u00e3o substituindo, por\u00e9m, um escrit\u00f3rio de contabilidade, agindo como centro de gera\u00e7\u00e3o de conhecimento tribut\u00e1rio e fiscal aos acad\u00eamicos.[\/vc_column_text][\/vc_column][vc_column width=&#8221;1\/3&#8243;][vc_single_image image=&#8221;112&#8243; img_size=&#8221;full&#8221; alignment=&#8221;center&#8221;][\/vc_column][\/vc_row]<\/p>\n<\/div>","protected":false},"excerpt":{"rendered":"<p>[vc_row][vc_column width=&#8221;2\/3&#8243;][vc_column_text]Oferecer servi\u00e7os de suporte cont\u00e1bil e fiscal gratuitos para pessoas f\u00edsicas e jur\u00eddicas de menor poder aquisitivo, n\u00e3o substituindo, por\u00e9m, um escrit\u00f3rio de contabilidade, agindo como centro de gera\u00e7\u00e3o de conhecimento tribut\u00e1rio e fiscal aos acad\u00eamicos.[\/vc_column_text][\/vc_column][vc_column width=&#8221;1\/3&#8243;][vc_single_image image=&#8221;112&#8243; img_size=&#8221;full&#8221; alignment=&#8221;center&#8221;][\/vc_column][\/vc_row]<\/p>\n","protected":false},"author":3,"featured_media":0,"parent":20,"menu_order":0,"comment_status":"closed","ping_status":"closed","template":"","meta":{"_exactmetrics_skip_tracking":false,"_exactmetrics_sitenote_active":false,"_exactmetrics_sitenote_note":"","_exactmetrics_sitenote_category":0,"footnotes":"","_links_to":"","_links_to_target":""},"class_list":["post-22","page","type-page","status-publish","hentry"],"_links":{"self":[{"href":"https:\/\/www3.unicentro.br\/naf\/wp-json\/wp\/v2\/pages\/22","targetHints":{"allow":["GET"]}}],"collection":[{"href":"https:\/\/www3.unicentro.br\/naf\/wp-json\/wp\/v2\/pages"}],"about":[{"href":"https:\/\/www3.unicentro.br\/naf\/wp-json\/wp\/v2\/types\/page"}],"author":[{"embeddable":true,"href":"https:\/\/www3.unicentro.br\/naf\/wp-json\/wp\/v2\/users\/3"}],"replies":[{"embeddable":true,"href":"https:\/\/www3.unicentro.br\/naf\/wp-json\/wp\/v2\/comments?post=22"}],"version-history":[{"count":0,"href":"https:\/\/www3.unicentro.br\/naf\/wp-json\/wp\/v2\/pages\/22\/revisions"}],"up":[{"embeddable":true,"href":"https:\/\/www3.unicentro.br\/naf\/wp-json\/wp\/v2\/pages\/20"}],"wp:attachment":[{"href":"https:\/\/www3.unicentro.br\/naf\/wp-json\/wp\/v2\/media?parent=22"}],"curies":[{"name":"wp","href":"https:\/\/api.w.org\/{rel}","templated":true}]}}