{"id":47,"date":"2020-10-15T20:45:23","date_gmt":"2020-10-15T23:45:23","guid":{"rendered":"https:\/\/www3.unicentro.br\/museuinterativo\/qrcode1\/"},"modified":"2020-11-23T18:03:12","modified_gmt":"2020-11-23T21:03:12","slug":"qrcode1","status":"publish","type":"page","link":"https:\/\/www3.unicentro.br\/museuinterativo\/do-mar\/qrcode1\/","title":{"rendered":"Tartaruga, Jabuti e C\u00e1gado: tudo a mesma coisa?"},"content":{"rendered":"<audio class=\"wp-audio-shortcode\" id=\"audio-47-1\" preload=\"none\" style=\"width: 100%;\" controls=\"controls\"><source type=\"audio\/mpeg\" src=\"https:\/\/www3.unicentro.br\/museuinterativo\/wp-content\/uploads\/sites\/98\/2020\/11\/Tartaruga-jabuti-e-cagados.mp3?_=1\" \/><a href=\"https:\/\/www3.unicentro.br\/museuinterativo\/wp-content\/uploads\/sites\/98\/2020\/11\/Tartaruga-jabuti-e-cagados.mp3\">https:\/\/www3.unicentro.br\/museuinterativo\/wp-content\/uploads\/sites\/98\/2020\/11\/Tartaruga-jabuti-e-cagados.mp3<\/a><\/audio>\n<p style=\"text-align: center\"><span style=\"font-family: helvetica, arial, sans-serif;font-size: 14pt\"><strong>TARTARUGA, JABUTI E C\u00c1GADO: TUDO A MESMA COISA?<\/strong><\/span><\/p>\n<p style=\"text-align: justify\"><span style=\"font-family: helvetica, arial, sans-serif;font-size: 14pt\">A resposta \u00e9 n\u00e3o! Apesar de serem muito parecidos, s\u00e3o esp\u00e9cies diferentes que causam confus\u00e3o na hora de diferenci\u00e1-las. \u00c9 comum chamar todos de tartaruga, mas isso pode ser perigoso ao encontrar um jabuti e querer coloc\u00e1-lo em \u00e1gua, pois os jabutis s\u00e3o terrestres, ou seja, vivem em terra. Os c\u00e1gados s\u00e3o semiaqu\u00e1ticos, podem ficar dentro da \u00e1gua e fora tamb\u00e9m. E as tartarugas em si s\u00e3o aqu\u00e1ticas, vivem suas vidas inteiras dentro da \u00e1gua, tanto marinha quanto doce, e saem apenas para desovar.<\/span><\/p>\n<p style=\"text-align: justify\"><span style=\"font-family: helvetica, arial, sans-serif;font-size: 14pt\">Em rela\u00e7\u00e3o a seus cascos, o do jabuti \u00e9 mais alto e pesado, enquanto o das tartarugas e c\u00e1gados s\u00e3o mais leves e num formato que os ajude a n\u00e3o afundar na \u00e1gua e permita nadar com velocidade e agilidade.<\/span><\/p>\n<p style=\"text-align: justify\"><span style=\"font-family: helvetica, arial, sans-serif;font-size: 14pt\">E j\u00e1 parou para se perguntar porque os jabutis s\u00e3o t\u00e3o lentos? As patas traseiras do jabuti t\u00eam um formato cil\u00edndrico, semelhante as de um elefante, e por ter membros curtos e um casco pesado, n\u00e3o conseguem se movimentar rapidamente. Mas nunca se esque\u00e7am, como Esopo diz em sua f\u00e1bula \u201cA Tartaruga e a Lebre\u201d, devagar se vai longe!<\/span><\/p>\n<p>&nbsp;<\/p>\n<div id=\"attachment_45\" style=\"width: 572px\" class=\"wp-caption aligncenter\"><img loading=\"lazy\" decoding=\"async\" aria-describedby=\"caption-attachment-45\" class=\"wp-image-45\" src=\"https:\/\/www3.unicentro.br\/museuinterativo\/wp-content\/uploads\/sites\/98\/2020\/10\/diferenca-300x221.jpeg\" alt=\"\" width=\"562\" height=\"414\" srcset=\"https:\/\/www3.unicentro.br\/museuinterativo\/wp-content\/uploads\/sites\/98\/2020\/10\/diferenca-300x221.jpeg 300w, https:\/\/www3.unicentro.br\/museuinterativo\/wp-content\/uploads\/sites\/98\/2020\/10\/diferenca-1024x753.jpeg 1024w, https:\/\/www3.unicentro.br\/museuinterativo\/wp-content\/uploads\/sites\/98\/2020\/10\/diferenca-768x565.jpeg 768w, https:\/\/www3.unicentro.br\/museuinterativo\/wp-content\/uploads\/sites\/98\/2020\/10\/diferenca-1536x1129.jpeg 1536w, https:\/\/www3.unicentro.br\/museuinterativo\/wp-content\/uploads\/sites\/98\/2020\/10\/diferenca-255x188.jpeg 255w, https:\/\/www3.unicentro.br\/museuinterativo\/wp-content\/uploads\/sites\/98\/2020\/10\/diferenca.jpeg 1723w\" sizes=\"auto, (max-width: 562px) 100vw, 562px\" \/><p id=\"caption-attachment-45\" class=\"wp-caption-text\"><span style=\"font-family: helvetica, arial, sans-serif;font-size: 12pt\">Figura 1: diferen\u00e7a entre tartaruga, jabuti e c\u00e1gado.\u00a0 Fonte: &lt;https:\/\/pontobiologia.com.br\/diferenca-entre-jabuti-cagado-tartaruga\/&gt;<\/span><\/p><\/div>\n<p>&nbsp;<\/p>\n<p><span style=\"font-family: helvetica, arial, sans-serif;font-size: 14pt;color: #000000\"><strong>Acad\u00eamicos respons\u00e1veis:<\/strong> Douglas Rocha, Felipe Martins, Fernanda Gurgel Matakas, Karoline Troc Pires, Tamiris Loures.<\/span><\/p>\n<p>&nbsp;<\/p>\n<p>&nbsp;<\/p>\n","protected":false},"excerpt":{"rendered":"<p>TARTARUGA, JABUTI E C\u00c1GADO: TUDO A MESMA COISA? A resposta \u00e9 n\u00e3o! Apesar de serem muito parecidos, s\u00e3o esp\u00e9cies diferentes que causam confus\u00e3o na hora de diferenci\u00e1-las. \u00c9 comum chamar todos de tartaruga, mas isso pode ser perigoso ao encontrar um jabuti e querer coloc\u00e1-lo em \u00e1gua, pois os jabutis s\u00e3o terrestres, ou seja, vivem [&hellip;]<\/p>\n","protected":false},"author":299,"featured_media":0,"parent":22,"menu_order":0,"comment_status":"closed","ping_status":"closed","template":"","meta":{"_exactmetrics_skip_tracking":false,"_exactmetrics_sitenote_active":false,"_exactmetrics_sitenote_note":"","_exactmetrics_sitenote_category":0,"footnotes":"","_links_to":"","_links_to_target":""},"class_list":["post-47","page","type-page","status-publish","hentry"],"_links":{"self":[{"href":"https:\/\/www3.unicentro.br\/museuinterativo\/wp-json\/wp\/v2\/pages\/47","targetHints":{"allow":["GET"]}}],"collection":[{"href":"https:\/\/www3.unicentro.br\/museuinterativo\/wp-json\/wp\/v2\/pages"}],"about":[{"href":"https:\/\/www3.unicentro.br\/museuinterativo\/wp-json\/wp\/v2\/types\/page"}],"author":[{"embeddable":true,"href":"https:\/\/www3.unicentro.br\/museuinterativo\/wp-json\/wp\/v2\/users\/299"}],"replies":[{"embeddable":true,"href":"https:\/\/www3.unicentro.br\/museuinterativo\/wp-json\/wp\/v2\/comments?post=47"}],"version-history":[{"count":0,"href":"https:\/\/www3.unicentro.br\/museuinterativo\/wp-json\/wp\/v2\/pages\/47\/revisions"}],"up":[{"embeddable":true,"href":"https:\/\/www3.unicentro.br\/museuinterativo\/wp-json\/wp\/v2\/pages\/22"}],"wp:attachment":[{"href":"https:\/\/www3.unicentro.br\/museuinterativo\/wp-json\/wp\/v2\/media?parent=47"}],"curies":[{"name":"wp","href":"https:\/\/api.w.org\/{rel}","templated":true}]}}