{"id":321,"date":"2020-11-07T01:30:48","date_gmt":"2020-11-07T04:30:48","guid":{"rendered":"https:\/\/www3.unicentro.br\/museuinterativo\/?page_id=321"},"modified":"2020-12-14T10:57:44","modified_gmt":"2020-12-14T13:57:44","slug":"phasmotodea","status":"publish","type":"page","link":"https:\/\/www3.unicentro.br\/museuinterativo\/phasmotodea\/","title":{"rendered":"Phasmotodea"},"content":{"rendered":"<p style=\"text-align: center\"><span style=\"font-size: 18pt\">Bicho-pau<\/span><\/p>\n<div id=\"attachment_445\" style=\"width: 693px\" class=\"wp-caption aligncenter\"><img loading=\"lazy\" decoding=\"async\" aria-describedby=\"caption-attachment-445\" class=\"wp-image-445 size-large\" src=\"https:\/\/www3.unicentro.br\/museuinterativo\/wp-content\/uploads\/sites\/98\/2020\/11\/Phasmatodea_overview-683x1024.jpg\" alt=\"\" width=\"683\" height=\"1024\" srcset=\"https:\/\/www3.unicentro.br\/museuinterativo\/wp-content\/uploads\/sites\/98\/2020\/11\/Phasmatodea_overview-683x1024.jpg 683w, https:\/\/www3.unicentro.br\/museuinterativo\/wp-content\/uploads\/sites\/98\/2020\/11\/Phasmatodea_overview-200x300.jpg 200w, https:\/\/www3.unicentro.br\/museuinterativo\/wp-content\/uploads\/sites\/98\/2020\/11\/Phasmatodea_overview-768x1152.jpg 768w, https:\/\/www3.unicentro.br\/museuinterativo\/wp-content\/uploads\/sites\/98\/2020\/11\/Phasmatodea_overview-400x600.jpg 400w, https:\/\/www3.unicentro.br\/museuinterativo\/wp-content\/uploads\/sites\/98\/2020\/11\/Phasmatodea_overview.jpg 800w, https:\/\/www3.unicentro.br\/museuinterativo\/wp-content\/uploads\/sites\/98\/2020\/11\/Phasmatodea_overview-255x383.jpg 255w\" sizes=\"auto, (max-width: 683px) 100vw, 683px\" \/><p id=\"caption-attachment-445\" class=\"wp-caption-text\">Figura 1. 1\u00b0 linha, esquerda: par de Spinohirasea bengalensis, centro: Achrioptera fallax, direita: macho de Heteropteryx dilatata; 2\u00b0 linha, esquerda: macho de Peruphasma schultei, centro: macho de Eurycantha calcarata, direita: par de Necroscia annulipes; 3\u00b0 linha, esquerda: par de Brasidas foveolatus, centro: f\u00eamea de Phyllium ericoriai, direita: macho de Mearnsiana bullosa. Cr\u00e9dito: Wikimedia commons.<\/p><\/div>\n<audio class=\"wp-audio-shortcode\" id=\"audio-321-1\" preload=\"none\" style=\"width: 100%;\" controls=\"controls\"><source type=\"audio\/mpeg\" src=\"https:\/\/www3.unicentro.br\/museuinterativo\/wp-content\/uploads\/sites\/98\/2020\/12\/Bicho-pau.mp3?_=1\" \/><a href=\"https:\/\/www3.unicentro.br\/museuinterativo\/wp-content\/uploads\/sites\/98\/2020\/12\/Bicho-pau.mp3\">https:\/\/www3.unicentro.br\/museuinterativo\/wp-content\/uploads\/sites\/98\/2020\/12\/Bicho-pau.mp3<\/a><\/audio>\n<p style=\"text-align: justify\"><span style=\"font-size: 14pt\">A ordem Plasmotodea compreende os bicho-pau, onde Phasma do latim significa espectro\/fantasma, apresenta mais de 2,5 mil esp\u00e9cies descritas. As caracter\u00edsticas gerais dos insetos que fazem parte dessa ordem \u00e9 aparelho bucal mastigador; patas ambulat\u00f3rias, grande aspecto de graveto, cabe\u00e7a pequena, antenas bem desenvolvidas. Possui h\u00e1bito alimentar fit\u00f3gafo, alimentando-se de folhas (n\u00e3o \u00e9 praga agr\u00edcola). Seu desenvolvimento \u00e9 do tipo hemimet\u00e1bolo (s\u00e3o aqueles que sofrem uma metamorfose completa, uma vez que o indiv\u00edduo jovem \u00e9 completamente diferente do adulto), sendo que a maioria das esp\u00e9cies se reproduzem sexuadamente e possuem um grande dimorfismo sexual (as diferen\u00e7as f\u00edsicas entre machos e f\u00eameas da mesma esp\u00e9cie). Os bichos-pau s\u00e3o algumas das criaturas mais interessantes do planeta. Seu corpo \u00e9 t\u00e3o alongado que ele se confunde com galhos de \u00e1rvores por apresentar forma f\u00edsica semelhante, (camuflagem: homomorfia), isto \u00e9, o animal engana predadores se passando por elementos existentes no ambiente a sua volta. Mas sua adapta\u00e7\u00e3o vai al\u00e9m dos atributos f\u00edsicos: quando amea\u00e7ado, o inseto imita at\u00e9 o comportamento de galhos e folhas, balan\u00e7ando propositalmente o corpo no ritmo do vento. <\/span><\/p>\n<p style=\"text-align: justify\"><span style=\"font-size: 14pt\">Veja alguns exemplares de bicho-pau no v\u00eddeo.<\/span><\/p>\n<p><iframe loading=\"lazy\" title=\"BICHO-PAU \/  STICK  INSECT \/ J.B.ROMANI\" width=\"900\" height=\"506\" src=\"https:\/\/www.youtube.com\/embed\/mH9j7kFo6iM?feature=oembed\" frameborder=\"0\" allow=\"accelerometer; autoplay; clipboard-write; encrypted-media; gyroscope; picture-in-picture\" allowfullscreen><\/iframe><\/p>\n<p>&nbsp;<\/p>\n<p>&nbsp;<\/p>\n<h1 class=\"title style-scope ytd-video-primary-info-renderer\"><\/h1>\n<p><span style=\"font-size: 14pt\">Fontes:<\/span><\/p>\n<p><span style=\"font-size: 14pt\">V\u00eddeo 1: BICHO-PAU \/ STICK INSECT \/ J.B.ROMANI, JB ROMANI, dispon\u00edvel em: <a href=\"https:\/\/www.youtube.com\/watch?v=mH9j7kFo6iM\">https:\/\/www.youtube.com\/watch?v=mH9j7kFo6iM.<\/a><\/span><\/p>\n<p><span style=\"font-size: 14pt\">Figura 1. Wikimedia commons, dispon\u00edvel em: <\/span><a style=\"font-size: 14pt\" href=\"https:\/\/commons.wikimedia.org\/wiki\/File:Phasmatodea_overview.jpg.\">https:\/\/commons.wikimedia.org\/wiki\/File:Phasmatodea_overview.jpg.<\/a><\/p>\n<p><span style=\"font-size: 14pt\">Embrapa, Ordem Phasmatodea, dispon\u00edvel em: <a href=\"https:\/\/www.embrapa.br\/cerrados\/colecao-entomologica\/phasmatodea.\">https:\/\/www.embrapa.br\/cerrados\/colecao-entomologica\/phasmatodea.<\/a><\/span><\/p>\n<p><span style=\"font-size: 14pt\">G1, Planeta possui 3 mil esp\u00e9cies de bicho-pau; conhe\u00e7a detalhes dos maiores insetos do mundo, dispon\u00edvel em: <a href=\"https:\/\/g1.globo.com\/sp\/campinas-regiao\/terra-da-gente\/noticia\/2020\/08\/11\/planeta-possui-3-mil-especies-de-bicho-pau-conheca-detalhes-dos-maiores-insetos-do-mundo.ghtml.\">https:\/\/g1.globo.com\/sp\/campinas-regiao\/terra-da-gente.<\/a><\/span><\/p>\n<p>&nbsp;<\/p>\n<p><span style=\"font-size: 14pt\"><strong>Acad\u00eamicos respons\u00e1veis:\u00a0<\/strong>Alexsandra de Lima Klates; Aline Noga; Fabiana Polidorio dos Santos; Isac marcelo Gon\u00e7alves da Silva; Pedro Augusto Gon\u00e7alves Tilp.<\/span><\/p>\n","protected":false},"excerpt":{"rendered":"<p>Bicho-pau A ordem Plasmotodea compreende os bicho-pau, onde Phasma do latim significa espectro\/fantasma, apresenta mais de 2,5 mil esp\u00e9cies descritas. As caracter\u00edsticas gerais dos insetos que fazem parte dessa ordem \u00e9 aparelho bucal mastigador; patas ambulat\u00f3rias, grande aspecto de graveto, cabe\u00e7a pequena, antenas bem desenvolvidas. Possui h\u00e1bito alimentar fit\u00f3gafo, alimentando-se de folhas (n\u00e3o \u00e9 praga [&hellip;]<\/p>\n","protected":false},"author":297,"featured_media":0,"parent":0,"menu_order":0,"comment_status":"closed","ping_status":"closed","template":"","meta":{"_exactmetrics_skip_tracking":false,"_exactmetrics_sitenote_active":false,"_exactmetrics_sitenote_note":"","_exactmetrics_sitenote_category":0,"footnotes":"","_links_to":"","_links_to_target":""},"class_list":["post-321","page","type-page","status-publish","hentry"],"_links":{"self":[{"href":"https:\/\/www3.unicentro.br\/museuinterativo\/wp-json\/wp\/v2\/pages\/321","targetHints":{"allow":["GET"]}}],"collection":[{"href":"https:\/\/www3.unicentro.br\/museuinterativo\/wp-json\/wp\/v2\/pages"}],"about":[{"href":"https:\/\/www3.unicentro.br\/museuinterativo\/wp-json\/wp\/v2\/types\/page"}],"author":[{"embeddable":true,"href":"https:\/\/www3.unicentro.br\/museuinterativo\/wp-json\/wp\/v2\/users\/297"}],"replies":[{"embeddable":true,"href":"https:\/\/www3.unicentro.br\/museuinterativo\/wp-json\/wp\/v2\/comments?post=321"}],"version-history":[{"count":0,"href":"https:\/\/www3.unicentro.br\/museuinterativo\/wp-json\/wp\/v2\/pages\/321\/revisions"}],"wp:attachment":[{"href":"https:\/\/www3.unicentro.br\/museuinterativo\/wp-json\/wp\/v2\/media?parent=321"}],"curies":[{"name":"wp","href":"https:\/\/api.w.org\/{rel}","templated":true}]}}