{"id":319,"date":"2020-11-07T01:29:14","date_gmt":"2020-11-07T04:29:14","guid":{"rendered":"https:\/\/www3.unicentro.br\/museuinterativo\/?page_id=319"},"modified":"2020-12-14T10:16:01","modified_gmt":"2020-12-14T13:16:01","slug":"orthoptera","status":"publish","type":"page","link":"https:\/\/www3.unicentro.br\/museuinterativo\/orthoptera\/","title":{"rendered":"Orthoptera"},"content":{"rendered":"<p style=\"text-align: center\"><span style=\"font-size: 18pt\">Grilos, gafanhotos e esperan\u00e7as<\/span><\/p>\n<div id=\"attachment_435\" style=\"width: 310px\" class=\"wp-caption aligncenter\"><img loading=\"lazy\" decoding=\"async\" aria-describedby=\"caption-attachment-435\" class=\"wp-image-435 size-medium\" src=\"https:\/\/www3.unicentro.br\/museuinterativo\/wp-content\/uploads\/sites\/98\/2020\/11\/Acheta_domestica_male-e1604871176512-300x161.jpg\" alt=\"\" width=\"300\" height=\"161\" srcset=\"https:\/\/www3.unicentro.br\/museuinterativo\/wp-content\/uploads\/sites\/98\/2020\/11\/Acheta_domestica_male-e1604871176512-300x161.jpg 300w, https:\/\/www3.unicentro.br\/museuinterativo\/wp-content\/uploads\/sites\/98\/2020\/11\/Acheta_domestica_male-e1604871176512-1024x549.jpg 1024w, https:\/\/www3.unicentro.br\/museuinterativo\/wp-content\/uploads\/sites\/98\/2020\/11\/Acheta_domestica_male-e1604871176512-768x412.jpg 768w, https:\/\/www3.unicentro.br\/museuinterativo\/wp-content\/uploads\/sites\/98\/2020\/11\/Acheta_domestica_male-e1604871176512-255x137.jpg 255w, https:\/\/www3.unicentro.br\/museuinterativo\/wp-content\/uploads\/sites\/98\/2020\/11\/Acheta_domestica_male-e1604871176512.jpg 1320w\" sizes=\"auto, (max-width: 300px) 100vw, 300px\" \/><p id=\"caption-attachment-435\" class=\"wp-caption-text\">Imagem 1. Grilo da esp\u00e9cie Gryllus assimilis. Cr\u00e9dito: Wikimedia commons.<\/p><\/div>\n<div id=\"attachment_436\" style=\"width: 310px\" class=\"wp-caption aligncenter\"><img loading=\"lazy\" decoding=\"async\" aria-describedby=\"caption-attachment-436\" class=\"wp-image-436 size-medium\" src=\"https:\/\/www3.unicentro.br\/museuinterativo\/wp-content\/uploads\/sites\/98\/2020\/11\/Macrotona_australis_laying_eggs-300x200.jpg\" alt=\"\" width=\"300\" height=\"200\" srcset=\"https:\/\/www3.unicentro.br\/museuinterativo\/wp-content\/uploads\/sites\/98\/2020\/11\/Macrotona_australis_laying_eggs-300x200.jpg 300w, https:\/\/www3.unicentro.br\/museuinterativo\/wp-content\/uploads\/sites\/98\/2020\/11\/Macrotona_australis_laying_eggs-1024x683.jpg 1024w, https:\/\/www3.unicentro.br\/museuinterativo\/wp-content\/uploads\/sites\/98\/2020\/11\/Macrotona_australis_laying_eggs-768x512.jpg 768w, https:\/\/www3.unicentro.br\/museuinterativo\/wp-content\/uploads\/sites\/98\/2020\/11\/Macrotona_australis_laying_eggs-1536x1024.jpg 1536w, https:\/\/www3.unicentro.br\/museuinterativo\/wp-content\/uploads\/sites\/98\/2020\/11\/Macrotona_australis_laying_eggs-255x170.jpg 255w, https:\/\/www3.unicentro.br\/museuinterativo\/wp-content\/uploads\/sites\/98\/2020\/11\/Macrotona_australis_laying_eggs.jpg 1800w\" sizes=\"auto, (max-width: 300px) 100vw, 300px\" \/><p id=\"caption-attachment-436\" class=\"wp-caption-text\">Imagem 2. Gafanhoto da esp\u00e9cie Macrotona australis. Cr\u00e9dito: Wikimedia commons.<\/p><\/div>\n<div id=\"attachment_434\" style=\"width: 310px\" class=\"wp-caption aligncenter\"><img loading=\"lazy\" decoding=\"async\" aria-describedby=\"caption-attachment-434\" class=\"wp-image-434 size-medium\" src=\"https:\/\/www3.unicentro.br\/museuinterativo\/wp-content\/uploads\/sites\/98\/2020\/11\/Dixi-Tettigonia_Viridissima-300x173.jpg\" alt=\"\" width=\"300\" height=\"173\" srcset=\"https:\/\/www3.unicentro.br\/museuinterativo\/wp-content\/uploads\/sites\/98\/2020\/11\/Dixi-Tettigonia_Viridissima-300x173.jpg 300w, https:\/\/www3.unicentro.br\/museuinterativo\/wp-content\/uploads\/sites\/98\/2020\/11\/Dixi-Tettigonia_Viridissima-1024x590.jpg 1024w, https:\/\/www3.unicentro.br\/museuinterativo\/wp-content\/uploads\/sites\/98\/2020\/11\/Dixi-Tettigonia_Viridissima-768x442.jpg 768w, https:\/\/www3.unicentro.br\/museuinterativo\/wp-content\/uploads\/sites\/98\/2020\/11\/Dixi-Tettigonia_Viridissima-1536x885.jpg 1536w, https:\/\/www3.unicentro.br\/museuinterativo\/wp-content\/uploads\/sites\/98\/2020\/11\/Dixi-Tettigonia_Viridissima-255x147.jpg 255w, https:\/\/www3.unicentro.br\/museuinterativo\/wp-content\/uploads\/sites\/98\/2020\/11\/Dixi-Tettigonia_Viridissima.jpg 2000w\" sizes=\"auto, (max-width: 300px) 100vw, 300px\" \/><p id=\"caption-attachment-434\" class=\"wp-caption-text\">Imagem 3. Esperan\u00e7a da esp\u00e9cie Tettigonia viridissima. Cr\u00e9dito: Wikimedia commons.<\/p><\/div>\n<audio class=\"wp-audio-shortcode\" id=\"audio-319-1\" preload=\"none\" style=\"width: 100%;\" controls=\"controls\"><source type=\"audio\/mpeg\" src=\"https:\/\/www3.unicentro.br\/museuinterativo\/wp-content\/uploads\/sites\/98\/2020\/12\/orthoptera-1.mp3?_=1\" \/><a href=\"https:\/\/www3.unicentro.br\/museuinterativo\/wp-content\/uploads\/sites\/98\/2020\/12\/orthoptera-1.mp3\">https:\/\/www3.unicentro.br\/museuinterativo\/wp-content\/uploads\/sites\/98\/2020\/12\/orthoptera-1.mp3<\/a><\/audio>\n<p style=\"text-align: justify\"><span style=\"font-size: 14pt;text-align: justify\">A ordem Orthoptera (Ortho=reto + ptera=asas) \u00e9 representado pelos grilos, gafanhotos e esperan\u00e7as. Existem cerca de 17 mil esp\u00e9cies descritas, os insetos que pertencentes a essa ordem tem como caracter\u00edsticas gerais o aparelho bucal mastigador, asas anteriores em t\u00e9gmina e patas posteriores saltat\u00f3rias. Possui h\u00e1bito alimentar como insetos fit\u00f3fagos (mastigadores), muitos s\u00e3o pragas em nossa agricultura. Os gafanhotos apresentam colora\u00e7\u00f5es variadas, sendo os mais conhecidos e observados com maior frequ\u00eancia de colora\u00e7\u00e3o verde, esses insetos apresentam camuflagem homocromia, pois se assemelham a cor do ambiente em que vivem, como por exemplo a cor verde da grama, ficando praticamente invis\u00edvel aos seus predadores. <\/span><\/p>\n<p style=\"text-align: justify\"><span style=\"font-size: 14pt;text-align: justify\">Aprenda a diferenciar grilos, gafanhotos e esperan\u00e7as com o v\u00eddeo.<\/span><\/p>\n<p><iframe loading=\"lazy\" title=\"DIFEREN\u00c7A ENTRE GRILO, GAFANHOTO E ESPERAN\u00c7A - SOBRE ANIMAIS\" width=\"900\" height=\"506\" src=\"https:\/\/www.youtube.com\/embed\/FRbLA3VSI6Y?feature=oembed\" frameborder=\"0\" allow=\"accelerometer; autoplay; clipboard-write; encrypted-media; gyroscope; picture-in-picture\" allowfullscreen><\/iframe><\/p>\n<p style=\"text-align: center\"><span style=\"font-size: 18pt\">Voc\u00ea j\u00e1 ouviu falar da Nuvem de gafanhoto?<\/span><\/p>\n<div id=\"attachment_439\" style=\"width: 910px\" class=\"wp-caption aligncenter\"><img loading=\"lazy\" decoding=\"async\" aria-describedby=\"caption-attachment-439\" class=\"wp-image-439 size-large\" src=\"https:\/\/www3.unicentro.br\/museuinterativo\/wp-content\/uploads\/sites\/98\/2020\/11\/Plague_locust-e1604871982764-1024x428.jpg\" alt=\"\" width=\"900\" height=\"376\" srcset=\"https:\/\/www3.unicentro.br\/museuinterativo\/wp-content\/uploads\/sites\/98\/2020\/11\/Plague_locust-e1604871982764-1024x428.jpg 1024w, https:\/\/www3.unicentro.br\/museuinterativo\/wp-content\/uploads\/sites\/98\/2020\/11\/Plague_locust-e1604871982764-300x125.jpg 300w, https:\/\/www3.unicentro.br\/museuinterativo\/wp-content\/uploads\/sites\/98\/2020\/11\/Plague_locust-e1604871982764-768x321.jpg 768w, https:\/\/www3.unicentro.br\/museuinterativo\/wp-content\/uploads\/sites\/98\/2020\/11\/Plague_locust-e1604871982764-1536x641.jpg 1536w, https:\/\/www3.unicentro.br\/museuinterativo\/wp-content\/uploads\/sites\/98\/2020\/11\/Plague_locust-e1604871982764-255x106.jpg 255w, https:\/\/www3.unicentro.br\/museuinterativo\/wp-content\/uploads\/sites\/98\/2020\/11\/Plague_locust-e1604871982764.jpg 1600w\" sizes=\"auto, (max-width: 900px) 100vw, 900px\" \/><p id=\"caption-attachment-439\" class=\"wp-caption-text\">Imagem 4. Nuvem de gafanhotos. Cr\u00e9dito: Wikimedia commons.<\/p><\/div>\n<audio class=\"wp-audio-shortcode\" id=\"audio-319-2\" preload=\"none\" style=\"width: 100%;\" controls=\"controls\"><source type=\"audio\/mpeg\" src=\"https:\/\/www3.unicentro.br\/museuinterativo\/wp-content\/uploads\/sites\/98\/2020\/12\/nuvem-de-gafanhotos-1.mp3?_=2\" \/><a href=\"https:\/\/www3.unicentro.br\/museuinterativo\/wp-content\/uploads\/sites\/98\/2020\/12\/nuvem-de-gafanhotos-1.mp3\">https:\/\/www3.unicentro.br\/museuinterativo\/wp-content\/uploads\/sites\/98\/2020\/12\/nuvem-de-gafanhotos-1.mp3<\/a><\/audio>\n<p style=\"text-align: justify\"><span style=\"font-size: 14pt\">O fen\u00f4meno da natureza que assusta e impressiona. A nuvem \u00e9 um comportamento de migra\u00e7\u00e3o, que atinge somente 20 dentre as 7 mil esp\u00e9cies de gafanhotos. O processo envolve tanto aspectos dos pr\u00f3prios insetos quanto do ambiente em que vivem, que fornecem uma esp\u00e9cie de gatilho para que eles se desloquem. Eles saem de um lugar onde o recurso pode estar come\u00e7ando a ficar escasso ou as condi\u00e7\u00f5es ambientais n\u00e3o s\u00e3o ideais e v\u00e3o rumo a outra \u00e1rea que <\/span><span style=\"font-size: 14pt\">propicie a continuidade da esp\u00e9cie. O fen\u00f4meno pode estar relacionado, ao aumento da temperatura e \u00e0 diminui\u00e7\u00e3o da chuva. Al\u00e9m disso, grandes monoculturas e planta\u00e7\u00f5es agr\u00edcolas s\u00e3o mais sujeitas ao ataque dessas pragas. Os insetos s\u00e3o capazes de destruir planta\u00e7\u00f5es inteiras em apenas algumas horas. De acordo com proje\u00e7\u00e3o do coordenador do Programa Nacional de Gafanhotos do Servi\u00e7o Nacional de Sa\u00fade da Argentina (Senasa), H\u00e9ctor Medina, a nuvem, de cerca de 1km\u00b2, deve conter mais de 40 milh\u00f5es de gafanhotos, que podem devorar em um s\u00f3 dia o consumo alimentar de 2 mil vacas ou 350 mil pessoas. Mas \u00e9 importante ressaltar que estes insetos n\u00e3o transmitem doen\u00e7as e n\u00e3o atacam animais ou seres humanos. Eles atacam material vegetal para se alimentar, e \u00e9 a\u00ed que mora o perigo: o deslocamento da nuvem pode trazer graves consequ\u00eancias para a agricultura e, indiretamente, para a pecu\u00e1ria, j\u00e1 que pode prejudicar os recursos usados para a cria\u00e7\u00e3o de animais. Por isso, eles s\u00e3o considerados um risco para a seguran\u00e7a alimentar. De 400 esp\u00e9cies de gafanhoto conhecidas, algo em torno de 50 s\u00e3o n\u00f4mades \u2014 isto \u00e9, se deslocam quando h\u00e1 um aumento populacional \u2014 e apenas pouco mais de dez causam preju\u00edzos \u00e0 agricultura. A \u00fanica esp\u00e9cie n\u00f4made que vive regularmente no Brasil e causa problemas \u00e9 a <em>Rhammatocerus schistocercoides<\/em>, encontrada no Mato Grosso. <\/span><\/p>\n<p style=\"text-align: justify\"><span style=\"font-size: 14pt\">O v\u00eddeo a seguir mostra como \u00e9 a nuvem de gafanhotos.<\/span><\/p>\n<p><iframe loading=\"lazy\" title=\"Nuvem de gafanhotos: veja o que aconteceu em pa\u00edses atingidos pela praga\" width=\"900\" height=\"506\" src=\"https:\/\/www.youtube.com\/embed\/hKlqu-ki88g?feature=oembed\" frameborder=\"0\" allow=\"accelerometer; autoplay; clipboard-write; encrypted-media; gyroscope; picture-in-picture\" allowfullscreen><\/iframe><\/p>\n<p>&nbsp;<\/p>\n<p><span style=\"font-size: 14pt\">Fontes:<\/span><\/p>\n<p><span style=\"font-size: 14pt\">Imagem 1. Wikimedia commons, dispon\u00edvel em: <a href=\"https:\/\/commons.wikimedia.org\/wiki\/File:Acheta_domestica_male.png\">https:\/\/commons.wikimedia.org\/wiki\/File:Acheta_domestica_male.png<\/a>.<\/span><\/p>\n<p><span style=\"font-size: 14pt\">Imagem 2. Wikimedia commons, dispon\u00edvel em: <a href=\"https:\/\/commons.wikimedia.org\/wiki\/File:Macrotona_australis_laying_eggs.jpg.\">https:\/\/commons.wikimedia.org\/wiki\/File:Macrotona_australis_laying_eggs.jpg.<\/a><\/span><\/p>\n<p><span style=\"font-size: 14pt\">Imagem 3. Wikimedia commons, dispon\u00edvel em: <a href=\"https:\/\/commons.wikimedia.org\/wiki\/File:Dixi-Tettigonia_Viridissima.jpg.\">https:\/\/commons.wikimedia.org\/wiki\/File:Dixi-Tettigonia_Viridissima.jpg.<\/a><\/span><\/p>\n<p><span style=\"font-size: 14pt\">Imagem 4. Wikimedia commons, dispon\u00edvel em: <a href=\"https:\/\/commons.wikimedia.org\/wiki\/File:Plague_locust.jpg.\">https:\/\/commons.wikimedia.org\/wiki\/File:Plague_locust.jpg.<\/a><\/span><\/p>\n<p><span style=\"font-size: 14pt\">Embrapa, Ordem Orthoptera, dispon\u00edvel em:\u00a0<\/span><a href=\"https:\/\/www.embrapa.br\/cerrados\/colecao-entomologica\/orthoptera.\"><span style=\"font-size: 14pt\">https:\/\/www.embrapa.br\/cerrados\/colecao-entomologica\/orthoptera.<\/span><\/a><\/p>\n<p><span style=\"font-size: 14pt\">Infoescola, Nuvem de gafanhotos, dispon\u00edvel em: <a href=\"https:\/\/www.infoescola.com\/ecologia\/nuvem-de-gafanhotos\/#:~:text=Uma%20das%20pragas%20agr%C3%ADcolas%20mais,de%20indiv%C3%ADduos%20se%20movem%20juntos.\">https:\/\/www.infoescola.com\/ecologia\/nuvem-de-gafanhotos\/.<\/a><\/span><\/p>\n<p>&nbsp;<\/p>\n<p><span style=\"font-size: 14pt\"><strong>Acad\u00eamicos respons\u00e1veis:\u00a0<\/strong>Alexsandra de Lima Klates; Aline Noga; Fabiana Polidorio dos Santos; Isac marcelo Gon\u00e7alves da Silva; Pedro Augusto Gon\u00e7alves Tilp.<\/span><\/p>\n","protected":false},"excerpt":{"rendered":"<p>Grilos, gafanhotos e esperan\u00e7as A ordem Orthoptera (Ortho=reto + ptera=asas) \u00e9 representado pelos grilos, gafanhotos e esperan\u00e7as. Existem cerca de 17 mil esp\u00e9cies descritas, os insetos que pertencentes a essa ordem tem como caracter\u00edsticas gerais o aparelho bucal mastigador, asas anteriores em t\u00e9gmina e patas posteriores saltat\u00f3rias. Possui h\u00e1bito alimentar como insetos fit\u00f3fagos (mastigadores), muitos [&hellip;]<\/p>\n","protected":false},"author":297,"featured_media":0,"parent":0,"menu_order":0,"comment_status":"closed","ping_status":"closed","template":"","meta":{"_exactmetrics_skip_tracking":false,"_exactmetrics_sitenote_active":false,"_exactmetrics_sitenote_note":"","_exactmetrics_sitenote_category":0,"footnotes":"","_links_to":"","_links_to_target":""},"class_list":["post-319","page","type-page","status-publish","hentry"],"_links":{"self":[{"href":"https:\/\/www3.unicentro.br\/museuinterativo\/wp-json\/wp\/v2\/pages\/319","targetHints":{"allow":["GET"]}}],"collection":[{"href":"https:\/\/www3.unicentro.br\/museuinterativo\/wp-json\/wp\/v2\/pages"}],"about":[{"href":"https:\/\/www3.unicentro.br\/museuinterativo\/wp-json\/wp\/v2\/types\/page"}],"author":[{"embeddable":true,"href":"https:\/\/www3.unicentro.br\/museuinterativo\/wp-json\/wp\/v2\/users\/297"}],"replies":[{"embeddable":true,"href":"https:\/\/www3.unicentro.br\/museuinterativo\/wp-json\/wp\/v2\/comments?post=319"}],"version-history":[{"count":0,"href":"https:\/\/www3.unicentro.br\/museuinterativo\/wp-json\/wp\/v2\/pages\/319\/revisions"}],"wp:attachment":[{"href":"https:\/\/www3.unicentro.br\/museuinterativo\/wp-json\/wp\/v2\/media?parent=319"}],"curies":[{"name":"wp","href":"https:\/\/api.w.org\/{rel}","templated":true}]}}