{"id":317,"date":"2020-11-07T01:28:28","date_gmt":"2020-11-07T04:28:28","guid":{"rendered":"https:\/\/www3.unicentro.br\/museuinterativo\/?page_id=317"},"modified":"2020-12-14T10:00:35","modified_gmt":"2020-12-14T13:00:35","slug":"mantodea","status":"publish","type":"page","link":"https:\/\/www3.unicentro.br\/museuinterativo\/mantodea\/","title":{"rendered":"Mantodea"},"content":{"rendered":"<p style=\"text-align: center\"><span style=\"font-size: 18pt\">Os Louva-a-deus<\/span><\/p>\n<div id=\"attachment_421\" style=\"width: 558px\" class=\"wp-caption aligncenter\"><img loading=\"lazy\" decoding=\"async\" aria-describedby=\"caption-attachment-421\" class=\"wp-image-421 \" src=\"https:\/\/www3.unicentro.br\/museuinterativo\/wp-content\/uploads\/sites\/98\/2020\/11\/535_of_Travels_in_Africa_during_the_years_1875-1878_1879-1883-1882-1886..._Translated_from_the_German_by_A._H._Keane..._Illustrated_11114115955-1024x635.jpg\" alt=\"\" width=\"548\" height=\"340\" srcset=\"https:\/\/www3.unicentro.br\/museuinterativo\/wp-content\/uploads\/sites\/98\/2020\/11\/535_of_Travels_in_Africa_during_the_years_1875-1878_1879-1883-1882-1886..._Translated_from_the_German_by_A._H._Keane..._Illustrated_11114115955-1024x635.jpg 1024w, https:\/\/www3.unicentro.br\/museuinterativo\/wp-content\/uploads\/sites\/98\/2020\/11\/535_of_Travels_in_Africa_during_the_years_1875-1878_1879-1883-1882-1886..._Translated_from_the_German_by_A._H._Keane..._Illustrated_11114115955-300x186.jpg 300w, https:\/\/www3.unicentro.br\/museuinterativo\/wp-content\/uploads\/sites\/98\/2020\/11\/535_of_Travels_in_Africa_during_the_years_1875-1878_1879-1883-1882-1886..._Translated_from_the_German_by_A._H._Keane..._Illustrated_11114115955-768x476.jpg 768w, https:\/\/www3.unicentro.br\/museuinterativo\/wp-content\/uploads\/sites\/98\/2020\/11\/535_of_Travels_in_Africa_during_the_years_1875-1878_1879-1883-1882-1886..._Translated_from_the_German_by_A._H._Keane..._Illustrated_11114115955-255x158.jpg 255w, https:\/\/www3.unicentro.br\/museuinterativo\/wp-content\/uploads\/sites\/98\/2020\/11\/535_of_Travels_in_Africa_during_the_years_1875-1878_1879-1883-1882-1886..._Translated_from_the_German_by_A._H._Keane..._Illustrated_11114115955.jpg 1195w\" sizes=\"auto, (max-width: 548px) 100vw, 548px\" \/><p id=\"caption-attachment-421\" class=\"wp-caption-text\">Figura 1. Morfologia geral de um mant\u00f3deo. Cr\u00e9dito: Wikimedia commons.<\/p><\/div>\n<audio class=\"wp-audio-shortcode\" id=\"audio-317-1\" preload=\"none\" style=\"width: 100%;\" controls=\"controls\"><source type=\"audio\/wav\" src=\"https:\/\/www3.unicentro.br\/museuinterativo\/wp-content\/uploads\/sites\/98\/2020\/12\/1-Os-louva-deus-1-1.wav?_=1\" \/><a href=\"https:\/\/www3.unicentro.br\/museuinterativo\/wp-content\/uploads\/sites\/98\/2020\/12\/1-Os-louva-deus-1-1.wav\">https:\/\/www3.unicentro.br\/museuinterativo\/wp-content\/uploads\/sites\/98\/2020\/12\/1-Os-louva-deus-1-1.wav<\/a><\/audio>\n<p style=\"text-align: justify\"><span style=\"font-size: 14pt\">A ordem Mantodea (Mantis=profeta) compreende aos popularmente conhecidos como Louva-a-deus, existe mais de 2 mil esp\u00e9cies descritas das quais cerca de 273 ocorrem no Brasil, apresentam como caracter\u00edstica principal patas anteriores raptat\u00f3rias; prot\u00f3rax muito longo (juntas e opostas como se estivesse orando) na verdade pronto para o bote, tem o parelho bucal mastigador. S\u00e3o insetos predadores e comem qualquer inseto que conseguirem capturar com seus ap\u00eandices raptoriais t\u00edpicos. Ainda, o canibalismo \u00e9 comum na maioria das esp\u00e9cies.<\/span><\/p>\n<div id=\"attachment_424\" style=\"width: 310px\" class=\"wp-caption aligncenter\"><img loading=\"lazy\" decoding=\"async\" aria-describedby=\"caption-attachment-424\" class=\"wp-image-424 size-medium\" src=\"https:\/\/www3.unicentro.br\/museuinterativo\/wp-content\/uploads\/sites\/98\/2020\/11\/Iris_oratoria01-300x225.jpg\" alt=\"\" width=\"300\" height=\"225\" srcset=\"https:\/\/www3.unicentro.br\/museuinterativo\/wp-content\/uploads\/sites\/98\/2020\/11\/Iris_oratoria01-300x225.jpg 300w, https:\/\/www3.unicentro.br\/museuinterativo\/wp-content\/uploads\/sites\/98\/2020\/11\/Iris_oratoria01-1024x770.jpg 1024w, https:\/\/www3.unicentro.br\/museuinterativo\/wp-content\/uploads\/sites\/98\/2020\/11\/Iris_oratoria01-768x577.jpg 768w, https:\/\/www3.unicentro.br\/museuinterativo\/wp-content\/uploads\/sites\/98\/2020\/11\/Iris_oratoria01-400x300.jpg 400w, https:\/\/www3.unicentro.br\/museuinterativo\/wp-content\/uploads\/sites\/98\/2020\/11\/Iris_oratoria01-800x600.jpg 800w, https:\/\/www3.unicentro.br\/museuinterativo\/wp-content\/uploads\/sites\/98\/2020\/11\/Iris_oratoria01-255x192.jpg 255w, https:\/\/www3.unicentro.br\/museuinterativo\/wp-content\/uploads\/sites\/98\/2020\/11\/Iris_oratoria01.jpg 1191w\" sizes=\"auto, (max-width: 300px) 100vw, 300px\" \/><p id=\"caption-attachment-424\" class=\"wp-caption-text\">Imagem 1. Louva-a-deus da esp\u00e9cie Iris oratoria (Louva-a-deus mediterr\u00e2neo). Cr\u00e9dito: Wikimedia commons.<\/p><\/div>\n<div id=\"attachment_425\" style=\"width: 310px\" class=\"wp-caption aligncenter\"><img loading=\"lazy\" decoding=\"async\" aria-describedby=\"caption-attachment-425\" class=\"wp-image-425 size-medium\" src=\"https:\/\/www3.unicentro.br\/museuinterativo\/wp-content\/uploads\/sites\/98\/2020\/11\/Myrmecomantis_atra-300x213.jpg\" alt=\"\" width=\"300\" height=\"213\" srcset=\"https:\/\/www3.unicentro.br\/museuinterativo\/wp-content\/uploads\/sites\/98\/2020\/11\/Myrmecomantis_atra-300x213.jpg 300w, https:\/\/www3.unicentro.br\/museuinterativo\/wp-content\/uploads\/sites\/98\/2020\/11\/Myrmecomantis_atra-255x181.jpg 255w, https:\/\/www3.unicentro.br\/museuinterativo\/wp-content\/uploads\/sites\/98\/2020\/11\/Myrmecomantis_atra.jpg 480w\" sizes=\"auto, (max-width: 300px) 100vw, 300px\" \/><p id=\"caption-attachment-425\" class=\"wp-caption-text\">Imagem 2. Louva-a-deus da esp\u00e9cie Myrmecomantis atra (Formiga-louva). Cr\u00e9dito: Wikimedia commons.<\/p><\/div>\n<div id=\"attachment_426\" style=\"width: 612px\" class=\"wp-caption aligncenter\"><img loading=\"lazy\" decoding=\"async\" aria-describedby=\"caption-attachment-426\" class=\"wp-image-426 \" src=\"https:\/\/www3.unicentro.br\/museuinterativo\/wp-content\/uploads\/sites\/98\/2020\/11\/Stagmatoptera_supplicaria_MHNT_vol-e1604867625914-300x143.jpg\" alt=\"\" width=\"602\" height=\"287\" srcset=\"https:\/\/www3.unicentro.br\/museuinterativo\/wp-content\/uploads\/sites\/98\/2020\/11\/Stagmatoptera_supplicaria_MHNT_vol-e1604867625914-300x143.jpg 300w, https:\/\/www3.unicentro.br\/museuinterativo\/wp-content\/uploads\/sites\/98\/2020\/11\/Stagmatoptera_supplicaria_MHNT_vol-e1604867625914-1024x489.jpg 1024w, https:\/\/www3.unicentro.br\/museuinterativo\/wp-content\/uploads\/sites\/98\/2020\/11\/Stagmatoptera_supplicaria_MHNT_vol-e1604867625914-768x367.jpg 768w, https:\/\/www3.unicentro.br\/museuinterativo\/wp-content\/uploads\/sites\/98\/2020\/11\/Stagmatoptera_supplicaria_MHNT_vol-e1604867625914-1536x733.jpg 1536w, https:\/\/www3.unicentro.br\/museuinterativo\/wp-content\/uploads\/sites\/98\/2020\/11\/Stagmatoptera_supplicaria_MHNT_vol-e1604867625914-255x122.jpg 255w, https:\/\/www3.unicentro.br\/museuinterativo\/wp-content\/uploads\/sites\/98\/2020\/11\/Stagmatoptera_supplicaria_MHNT_vol-e1604867625914.jpg 2000w\" sizes=\"auto, (max-width: 602px) 100vw, 602px\" \/><p id=\"caption-attachment-426\" class=\"wp-caption-text\">Imagem 3. Louva-a-deus da esp\u00e9cie Stagmatoptera supplicaria, na esquerda um macho adulto e na direita uma f\u00eamea adulta. Cr\u00e9dito: Wikimedia commons.<\/p><\/div>\n<p>&nbsp;<\/p>\n<div id=\"attachment_427\" style=\"width: 310px\" class=\"wp-caption aligncenter\"><img loading=\"lazy\" decoding=\"async\" aria-describedby=\"caption-attachment-427\" class=\"wp-image-427 size-medium\" src=\"https:\/\/www3.unicentro.br\/museuinterativo\/wp-content\/uploads\/sites\/98\/2020\/11\/Bristol.zoo.dead.leaf.mantis.arp-300x210.jpg\" alt=\"\" width=\"300\" height=\"210\" srcset=\"https:\/\/www3.unicentro.br\/museuinterativo\/wp-content\/uploads\/sites\/98\/2020\/11\/Bristol.zoo.dead.leaf.mantis.arp-300x210.jpg 300w, https:\/\/www3.unicentro.br\/museuinterativo\/wp-content\/uploads\/sites\/98\/2020\/11\/Bristol.zoo.dead.leaf.mantis.arp-1024x717.jpg 1024w, https:\/\/www3.unicentro.br\/museuinterativo\/wp-content\/uploads\/sites\/98\/2020\/11\/Bristol.zoo.dead.leaf.mantis.arp-768x538.jpg 768w, https:\/\/www3.unicentro.br\/museuinterativo\/wp-content\/uploads\/sites\/98\/2020\/11\/Bristol.zoo.dead.leaf.mantis.arp-1536x1075.jpg 1536w, https:\/\/www3.unicentro.br\/museuinterativo\/wp-content\/uploads\/sites\/98\/2020\/11\/Bristol.zoo.dead.leaf.mantis.arp-255x179.jpg 255w, https:\/\/www3.unicentro.br\/museuinterativo\/wp-content\/uploads\/sites\/98\/2020\/11\/Bristol.zoo.dead.leaf.mantis.arp.jpg 1714w\" sizes=\"auto, (max-width: 300px) 100vw, 300px\" \/><p id=\"caption-attachment-427\" class=\"wp-caption-text\">Imagem 4. Louva-a-deus da esp\u00e9cie Deroplatys desiccata (Louva-a-deus folha gigante da Mal\u00e1sia). Cr\u00e9dito: Wikimedia commons.<\/p><\/div>\n<div id=\"attachment_428\" style=\"width: 310px\" class=\"wp-caption aligncenter\"><img loading=\"lazy\" decoding=\"async\" aria-describedby=\"caption-attachment-428\" class=\"wp-image-428 size-medium\" src=\"https:\/\/www3.unicentro.br\/museuinterativo\/wp-content\/uploads\/sites\/98\/2020\/11\/Insect_camouflage_PP08338-300x200.jpg\" alt=\"\" width=\"300\" height=\"200\" srcset=\"https:\/\/www3.unicentro.br\/museuinterativo\/wp-content\/uploads\/sites\/98\/2020\/11\/Insect_camouflage_PP08338-300x200.jpg 300w, https:\/\/www3.unicentro.br\/museuinterativo\/wp-content\/uploads\/sites\/98\/2020\/11\/Insect_camouflage_PP08338-1024x682.jpg 1024w, https:\/\/www3.unicentro.br\/museuinterativo\/wp-content\/uploads\/sites\/98\/2020\/11\/Insect_camouflage_PP08338-768x511.jpg 768w, https:\/\/www3.unicentro.br\/museuinterativo\/wp-content\/uploads\/sites\/98\/2020\/11\/Insect_camouflage_PP08338-1536x1023.jpg 1536w, https:\/\/www3.unicentro.br\/museuinterativo\/wp-content\/uploads\/sites\/98\/2020\/11\/Insect_camouflage_PP08338-255x170.jpg 255w, https:\/\/www3.unicentro.br\/museuinterativo\/wp-content\/uploads\/sites\/98\/2020\/11\/Insect_camouflage_PP08338.jpg 1802w\" sizes=\"auto, (max-width: 300px) 100vw, 300px\" \/><p id=\"caption-attachment-428\" class=\"wp-caption-text\">Imagem 5. Uma f\u00eamea adulta da esp\u00e9cie Hymenopus coronatus (Louva-a-deus orqu\u00eddea) imitando uma orqu\u00eddea Phalaenopsis Sp. Cr\u00e9dito: Wikimedia commons.<\/p><\/div>\n<audio class=\"wp-audio-shortcode\" id=\"audio-317-2\" preload=\"none\" style=\"width: 100%;\" controls=\"controls\"><source type=\"audio\/wav\" src=\"https:\/\/www3.unicentro.br\/museuinterativo\/wp-content\/uploads\/sites\/98\/2020\/12\/2-os-louva-deus-1-1.wav?_=2\" \/><a href=\"https:\/\/www3.unicentro.br\/museuinterativo\/wp-content\/uploads\/sites\/98\/2020\/12\/2-os-louva-deus-1-1.wav\">https:\/\/www3.unicentro.br\/museuinterativo\/wp-content\/uploads\/sites\/98\/2020\/12\/2-os-louva-deus-1-1.wav<\/a><\/audio>\n<p style=\"text-align: justify\"><span style=\"font-size: 14pt\">O Louva-a-deus, apresenta diferentes cores, a cor depende do meio onde ele fez sua \u00faltima troca de pele (exoesqueleto), portanto, sua cor pode variar do verde ao pardo, para se camuflar (homocromia), se a troca de pele aconteceu em uma \u00e1rea com muita erva, ser\u00e1 verde, se a ecdise aconteceu em um ambiente com palha, ser\u00e1 de tons amarelados ou pardos, por isso, o Louva-a-deus se camufla muito bem em seu habitat, tornando-se ser invis\u00edvel para seus predadores.\u00a0<\/span><\/p>\n<p><span style=\"font-size: 14pt\">Veja no v\u00eddeo algumas curiosidades sobre os Louva-a-deus.<\/span><\/p>\n<p><iframe loading=\"lazy\" title=\"Louva Deus - Curiosidades\" width=\"900\" height=\"506\" src=\"https:\/\/www.youtube.com\/embed\/Doo0FwmofFA?feature=oembed\" frameborder=\"0\" allow=\"accelerometer; autoplay; clipboard-write; encrypted-media; gyroscope; picture-in-picture\" allowfullscreen><\/iframe><\/p>\n<p>&nbsp;<\/p>\n<p><span style=\"font-size: 14pt\">Fontes:<\/span><\/p>\n<p><span style=\"font-size: 14pt\">Figura 1. Wikimedia commons, dispon\u00edvel em: <a href=\"https:\/\/commons.wikimedia.org\/wiki\/File:535_of_%27Travels_in_Africa_during_the_years_1875-1878_(1879-1883-1882-1886)_..._Translated_from_the_German_by_A._H._Keane_..._Illustrated%27_(11114115955).jpg.\">https:\/\/commons.wikimedia.org\/wiki\/File:Travels_in_Africa_during_the_years_Illustrated.jpg.<\/a><\/span><\/p>\n<p><span style=\"font-size: 14pt\">Imagem 1. Wikimedia commons, dispon\u00edvel em: <a href=\"https:\/\/commons.wikimedia.org\/wiki\/File:Iris_oratoria01.jpg.\">https:\/\/commons.wikimedia.org\/wiki\/File:Iris_oratoria01.jpg.<\/a><\/span><\/p>\n<p><span style=\"font-size: 14pt\">Imagem 2. Wikimedia commons, dispon\u00edvel em: <a href=\"https:\/\/commons.wikimedia.org\/wiki\/File:Myrmecomantis_atra.jpg.\">https:\/\/commons.wikimedia.org\/wiki\/File:Myrmecomantis_atra.jpg.<\/a><\/span><\/p>\n<p><span style=\"font-size: 14pt\">Imagem 3. Wikimedia commons, dispon\u00edvel em: <a href=\"https:\/\/commons.wikimedia.org\/wiki\/File:Stagmatoptera_supplicaria_MHNT_vol.jpg.\">https:\/\/commons.wikimedia.org\/wiki\/File:Stagmatoptera_supplicaria_MHNT_vol.jpg.<\/a><\/span><\/p>\n<p><span style=\"font-size: 14pt\">Imagem 4. Wikimedia commons, dispon\u00edvel em: <a href=\"https:\/\/commons.wikimedia.org\/wiki\/File:Bristol.zoo.dead.leaf.mantis.arp.jpg.\">https:\/\/commons.wikimedia.org\/wiki\/File:Bristol.zoo.dead.leaf.mantis.arp.jpg.<\/a><\/span><\/p>\n<p><span style=\"font-size: 14pt\">Imagem 5. Wikimedia commons, dispon\u00edvel em: <a href=\"https:\/\/commons.wikimedia.org\/wiki\/File:Insect_camouflage_PP08338.png.\">https:\/\/commons.wikimedia.org\/wiki\/File:Insect_camouflage_PP08338.png.<\/a><\/span><\/p>\n<p><span style=\"font-size: 14pt\">Embrapa, Ordem Mantodea, dispon\u00edvel em: <a href=\"https:\/\/www.embrapa.br\/cerrados\/colecao-entomologica\/mantodea.\">https:\/\/www.embrapa.br\/cerrados\/colecao-entomologica\/mantodea.<\/a><\/span><\/p>\n<p><span style=\"font-size: 14pt\">Guia Zoobot\u00e2nico de Ariquemes, Insetos, dipon\u00edvel em: <a href=\"https:\/\/sites.google.com\/view\/zoobotanicoariquemes\/fauna\/cat%C3%A1logo-fauna\/insetos.\">https:\/\/sites.google.com\/view\/zoobotanicoariquemes\/fauna\/cat%C3%A1logo-fauna\/insetos.<\/a><\/span><\/p>\n<p><span style=\"font-size: 14pt\">My animals, Louva-a-deus: caracter\u00edsticas, comportamento e habitat, dispon\u00edvel em: <a href=\"https:\/\/myanimals.com\/pt\/louva-a-deus-caracteristicas-comportamento-e-habitat\/#:~:text=As%20f%C3%AAmeas%20costumam%20ser%20um,com%20muita%20erva%2C%20ser%C3%A1%20verde.\">https:\/\/myanimals.com\/pt\/louva-a-deus-caracteristicas-comportamento-e-habitat\/.<\/a><\/span><\/p>\n<p>&nbsp;<\/p>\n<p><span style=\"font-size: 14pt\"><strong>Acad\u00eamicos respons\u00e1veis:\u00a0<\/strong>Alexsandra de Lima Klates; Aline Noga; Fabiana Polidorio dos Santos; Isac marcelo Gon\u00e7alves da Silva; Pedro Augusto Gon\u00e7alves Tilp.<\/span><\/p>\n","protected":false},"excerpt":{"rendered":"<p>Os Louva-a-deus A ordem Mantodea (Mantis=profeta) compreende aos popularmente conhecidos como Louva-a-deus, existe mais de 2 mil esp\u00e9cies descritas das quais cerca de 273 ocorrem no Brasil, apresentam como caracter\u00edstica principal patas anteriores raptat\u00f3rias; prot\u00f3rax muito longo (juntas e opostas como se estivesse orando) na verdade pronto para o bote, tem o parelho bucal mastigador. [&hellip;]<\/p>\n","protected":false},"author":297,"featured_media":0,"parent":0,"menu_order":0,"comment_status":"closed","ping_status":"closed","template":"","meta":{"_exactmetrics_skip_tracking":false,"_exactmetrics_sitenote_active":false,"_exactmetrics_sitenote_note":"","_exactmetrics_sitenote_category":0,"footnotes":"","_links_to":"","_links_to_target":""},"class_list":["post-317","page","type-page","status-publish","hentry"],"_links":{"self":[{"href":"https:\/\/www3.unicentro.br\/museuinterativo\/wp-json\/wp\/v2\/pages\/317","targetHints":{"allow":["GET"]}}],"collection":[{"href":"https:\/\/www3.unicentro.br\/museuinterativo\/wp-json\/wp\/v2\/pages"}],"about":[{"href":"https:\/\/www3.unicentro.br\/museuinterativo\/wp-json\/wp\/v2\/types\/page"}],"author":[{"embeddable":true,"href":"https:\/\/www3.unicentro.br\/museuinterativo\/wp-json\/wp\/v2\/users\/297"}],"replies":[{"embeddable":true,"href":"https:\/\/www3.unicentro.br\/museuinterativo\/wp-json\/wp\/v2\/comments?post=317"}],"version-history":[{"count":0,"href":"https:\/\/www3.unicentro.br\/museuinterativo\/wp-json\/wp\/v2\/pages\/317\/revisions"}],"wp:attachment":[{"href":"https:\/\/www3.unicentro.br\/museuinterativo\/wp-json\/wp\/v2\/media?parent=317"}],"curies":[{"name":"wp","href":"https:\/\/api.w.org\/{rel}","templated":true}]}}