{"id":315,"date":"2020-11-07T01:27:23","date_gmt":"2020-11-07T04:27:23","guid":{"rendered":"https:\/\/www3.unicentro.br\/museuinterativo\/?page_id=315"},"modified":"2020-12-14T09:22:59","modified_gmt":"2020-12-14T12:22:59","slug":"lepidoptera","status":"publish","type":"page","link":"https:\/\/www3.unicentro.br\/museuinterativo\/lepidoptera\/","title":{"rendered":"Lepidoptera"},"content":{"rendered":"<p style=\"text-align: center\"><span style=\"font-size: 18pt\">Borboletas e mariposas<\/span><\/p>\n<div id=\"attachment_400\" style=\"width: 457px\" class=\"wp-caption aligncenter\"><img loading=\"lazy\" decoding=\"async\" aria-describedby=\"caption-attachment-400\" class=\"wp-image-400 \" src=\"https:\/\/www3.unicentro.br\/museuinterativo\/wp-content\/uploads\/sites\/98\/2020\/11\/800px-Assorted_Moths_Lepidoptera_in_the_University_of_Texas_Insect_Collection_22281153644_cropped-300x219.jpg\" alt=\"\" width=\"447\" height=\"327\" srcset=\"https:\/\/www3.unicentro.br\/museuinterativo\/wp-content\/uploads\/sites\/98\/2020\/11\/800px-Assorted_Moths_Lepidoptera_in_the_University_of_Texas_Insect_Collection_22281153644_cropped-300x219.jpg 300w, https:\/\/www3.unicentro.br\/museuinterativo\/wp-content\/uploads\/sites\/98\/2020\/11\/800px-Assorted_Moths_Lepidoptera_in_the_University_of_Texas_Insect_Collection_22281153644_cropped-768x561.jpg 768w, https:\/\/www3.unicentro.br\/museuinterativo\/wp-content\/uploads\/sites\/98\/2020\/11\/800px-Assorted_Moths_Lepidoptera_in_the_University_of_Texas_Insect_Collection_22281153644_cropped-255x186.jpg 255w, https:\/\/www3.unicentro.br\/museuinterativo\/wp-content\/uploads\/sites\/98\/2020\/11\/800px-Assorted_Moths_Lepidoptera_in_the_University_of_Texas_Insect_Collection_22281153644_cropped.jpg 800w\" sizes=\"auto, (max-width: 447px) 100vw, 447px\" \/><p id=\"caption-attachment-400\" class=\"wp-caption-text\">Imagem 1. Mariposas sortidas (Lepidoptera) na cole\u00e7\u00e3o de insetos da Universidade do Texas. Cr\u00e9dito: Wikimedia commons.<\/p><\/div>\n<div id=\"attachment_397\" style=\"width: 407px\" class=\"wp-caption aligncenter\"><img loading=\"lazy\" decoding=\"async\" aria-describedby=\"caption-attachment-397\" class=\"wp-image-397\" src=\"https:\/\/www3.unicentro.br\/museuinterativo\/wp-content\/uploads\/sites\/98\/2020\/11\/Detalhes_da_asa_de_uma_borboleta-e1604805296140-300x237.jpg\" alt=\"\" width=\"397\" height=\"313\" srcset=\"https:\/\/www3.unicentro.br\/museuinterativo\/wp-content\/uploads\/sites\/98\/2020\/11\/Detalhes_da_asa_de_uma_borboleta-e1604805296140-300x237.jpg 300w, https:\/\/www3.unicentro.br\/museuinterativo\/wp-content\/uploads\/sites\/98\/2020\/11\/Detalhes_da_asa_de_uma_borboleta-e1604805296140-1024x808.jpg 1024w, https:\/\/www3.unicentro.br\/museuinterativo\/wp-content\/uploads\/sites\/98\/2020\/11\/Detalhes_da_asa_de_uma_borboleta-e1604805296140-768x606.jpg 768w, https:\/\/www3.unicentro.br\/museuinterativo\/wp-content\/uploads\/sites\/98\/2020\/11\/Detalhes_da_asa_de_uma_borboleta-e1604805296140-255x201.jpg 255w, https:\/\/www3.unicentro.br\/museuinterativo\/wp-content\/uploads\/sites\/98\/2020\/11\/Detalhes_da_asa_de_uma_borboleta-e1604805296140.jpg 1521w\" sizes=\"auto, (max-width: 397px) 100vw, 397px\" \/><p id=\"caption-attachment-397\" class=\"wp-caption-text\">Imagem 2. Detalhe da asa de uma borboleta Cr\u00e9dito: Wikimedia commons.<\/p><\/div>\n<audio class=\"wp-audio-shortcode\" id=\"audio-315-1\" preload=\"none\" style=\"width: 100%;\" controls=\"controls\"><source type=\"audio\/wav\" src=\"https:\/\/www3.unicentro.br\/museuinterativo\/wp-content\/uploads\/sites\/98\/2020\/12\/Lepidoptera.wav?_=1\" \/><a href=\"https:\/\/www3.unicentro.br\/museuinterativo\/wp-content\/uploads\/sites\/98\/2020\/12\/Lepidoptera.wav\">https:\/\/www3.unicentro.br\/museuinterativo\/wp-content\/uploads\/sites\/98\/2020\/12\/Lepidoptera.wav<\/a><\/audio>\n<p style=\"text-align: justify\"><span style=\"font-size: 14pt\">A ordem Lepidoptera inclui as mariposas e borboletas, possuem estimadas 180000 esp\u00e9cies divididas em 34 subfam\u00edlias e 130 fam\u00edlias, sendo 12% borboletas. Suas larvas podem ser pragas para o ser humano. Por outro lado, \u00e9 um grupo muito importante para a poliniza\u00e7\u00e3o. Seu nome significa \u201casa com escamas\u201d, caracter\u00edstica da ordem, elas possuem suas asas relativamente grandes cobertas por escamas, que d\u00e3o as cores e desenhos marcantes.<\/span><\/p>\n<div id=\"attachment_405\" style=\"width: 396px\" class=\"wp-caption aligncenter\"><img loading=\"lazy\" decoding=\"async\" aria-describedby=\"caption-attachment-405\" class=\"wp-image-405 \" src=\"https:\/\/www3.unicentro.br\/museuinterativo\/wp-content\/uploads\/sites\/98\/2020\/11\/Wtigerswallowtail-300x240.jpg\" alt=\"\" width=\"386\" height=\"309\" srcset=\"https:\/\/www3.unicentro.br\/museuinterativo\/wp-content\/uploads\/sites\/98\/2020\/11\/Wtigerswallowtail-300x240.jpg 300w, https:\/\/www3.unicentro.br\/museuinterativo\/wp-content\/uploads\/sites\/98\/2020\/11\/Wtigerswallowtail-1024x821.jpg 1024w, https:\/\/www3.unicentro.br\/museuinterativo\/wp-content\/uploads\/sites\/98\/2020\/11\/Wtigerswallowtail-768x615.jpg 768w, https:\/\/www3.unicentro.br\/museuinterativo\/wp-content\/uploads\/sites\/98\/2020\/11\/Wtigerswallowtail-255x204.jpg 255w, https:\/\/www3.unicentro.br\/museuinterativo\/wp-content\/uploads\/sites\/98\/2020\/11\/Wtigerswallowtail.jpg 1400w\" sizes=\"auto, (max-width: 386px) 100vw, 386px\" \/><p id=\"caption-attachment-405\" class=\"wp-caption-text\">Imagem 3. Borboleta da esp\u00e9cie Papilio rutulus. Cr\u00e9dito: Wikimedia commons.<\/p><\/div>\n<div id=\"attachment_404\" style=\"width: 414px\" class=\"wp-caption aligncenter\"><img loading=\"lazy\" decoding=\"async\" aria-describedby=\"caption-attachment-404\" class=\"wp-image-404 \" src=\"https:\/\/www3.unicentro.br\/museuinterativo\/wp-content\/uploads\/sites\/98\/2020\/11\/Emperor_Gum_Moth-300x220.jpg\" alt=\"\" width=\"404\" height=\"296\" srcset=\"https:\/\/www3.unicentro.br\/museuinterativo\/wp-content\/uploads\/sites\/98\/2020\/11\/Emperor_Gum_Moth-300x220.jpg 300w, https:\/\/www3.unicentro.br\/museuinterativo\/wp-content\/uploads\/sites\/98\/2020\/11\/Emperor_Gum_Moth-1024x752.jpg 1024w, https:\/\/www3.unicentro.br\/museuinterativo\/wp-content\/uploads\/sites\/98\/2020\/11\/Emperor_Gum_Moth-768x564.jpg 768w, https:\/\/www3.unicentro.br\/museuinterativo\/wp-content\/uploads\/sites\/98\/2020\/11\/Emperor_Gum_Moth-255x187.jpg 255w, https:\/\/www3.unicentro.br\/museuinterativo\/wp-content\/uploads\/sites\/98\/2020\/11\/Emperor_Gum_Moth.jpg 1278w\" sizes=\"auto, (max-width: 404px) 100vw, 404px\" \/><p id=\"caption-attachment-404\" class=\"wp-caption-text\">Imagem 4. Mariposa da esp\u00e9cie Opodiphthera helena. Cr\u00e9dito: Wikimedia commons.<\/p><\/div>\n<p style=\"text-align: justify\"><span style=\"font-size: 14pt\">Pode-se distinguir mariposas e borboletas observando h\u00e1bitos e caracter\u00edsticas morfol\u00f3gicas, as borboletas geralmente possuem h\u00e1bitos diurnos e quando pousam mant\u00e9m suas asas elevadas em um sentido perpendicular ao corpo, j\u00e1 as mariposas geralmente tem h\u00e1bitos noturnos e quando pousam mant\u00e9m suas asas distendidas para o lado, no mesmo plano do corpo, as antenas das borboletas s\u00e3o filiformes, finas com um incha\u00e7o na ponta, j\u00e1 a antena das mariposas n\u00e3o possuem o incha\u00e7o na ponta e podem possuir estruturas que aumentam a superf\u00edcie melhorando a percep\u00e7\u00e3o sobre o meio. <\/span><\/p>\n<p style=\"text-align: justify\"><span style=\"font-size: 14pt\">Veja o video, o que \u00e9 Lepitoptera.<\/span><\/p>\n<p><iframe loading=\"lazy\" title=\"O que \u00e9 Lepid\u00f3ptera\" width=\"900\" height=\"506\" src=\"https:\/\/www.youtube.com\/embed\/OpGlVijn15o?feature=oembed\" frameborder=\"0\" allow=\"accelerometer; autoplay; clipboard-write; encrypted-media; gyroscope; picture-in-picture\" allowfullscreen><\/iframe><\/p>\n<p style=\"text-align: center\"><span style=\"font-size: 18pt\">Fam\u00edlia Uraniidae<\/span><\/p>\n<div id=\"attachment_411\" style=\"width: 390px\" class=\"wp-caption aligncenter\"><img loading=\"lazy\" decoding=\"async\" aria-describedby=\"caption-attachment-411\" class=\"wp-image-411\" src=\"https:\/\/www3.unicentro.br\/museuinterativo\/wp-content\/uploads\/sites\/98\/2020\/11\/Acropteris_iphiata01-300x229.jpg\" alt=\"\" width=\"380\" height=\"290\" srcset=\"https:\/\/www3.unicentro.br\/museuinterativo\/wp-content\/uploads\/sites\/98\/2020\/11\/Acropteris_iphiata01-300x229.jpg 300w, https:\/\/www3.unicentro.br\/museuinterativo\/wp-content\/uploads\/sites\/98\/2020\/11\/Acropteris_iphiata01-1024x782.jpg 1024w, https:\/\/www3.unicentro.br\/museuinterativo\/wp-content\/uploads\/sites\/98\/2020\/11\/Acropteris_iphiata01-768x587.jpg 768w, https:\/\/www3.unicentro.br\/museuinterativo\/wp-content\/uploads\/sites\/98\/2020\/11\/Acropteris_iphiata01-1536x1174.jpg 1536w, https:\/\/www3.unicentro.br\/museuinterativo\/wp-content\/uploads\/sites\/98\/2020\/11\/Acropteris_iphiata01-255x195.jpg 255w, https:\/\/www3.unicentro.br\/museuinterativo\/wp-content\/uploads\/sites\/98\/2020\/11\/Acropteris_iphiata01.jpg 1564w\" sizes=\"auto, (max-width: 380px) 100vw, 380px\" \/><p id=\"caption-attachment-411\" class=\"wp-caption-text\">Imagem 5. Mariposa da subfam\u00edlia Microniinae, esp\u00e9cie Acropteris iphiata. Cr\u00e9dito: Wikimedia commons.<\/p><\/div>\n<div id=\"attachment_412\" style=\"width: 350px\" class=\"wp-caption aligncenter\"><img loading=\"lazy\" decoding=\"async\" aria-describedby=\"caption-attachment-412\" class=\"wp-image-412\" src=\"https:\/\/www3.unicentro.br\/museuinterativo\/wp-content\/uploads\/sites\/98\/2020\/11\/Green-banded_Urania_Tambopata_Park_Peru-300x246.jpg\" alt=\"\" width=\"340\" height=\"278\" srcset=\"https:\/\/www3.unicentro.br\/museuinterativo\/wp-content\/uploads\/sites\/98\/2020\/11\/Green-banded_Urania_Tambopata_Park_Peru-300x246.jpg 300w, https:\/\/www3.unicentro.br\/museuinterativo\/wp-content\/uploads\/sites\/98\/2020\/11\/Green-banded_Urania_Tambopata_Park_Peru-1024x841.jpg 1024w, https:\/\/www3.unicentro.br\/museuinterativo\/wp-content\/uploads\/sites\/98\/2020\/11\/Green-banded_Urania_Tambopata_Park_Peru-768x631.jpg 768w, https:\/\/www3.unicentro.br\/museuinterativo\/wp-content\/uploads\/sites\/98\/2020\/11\/Green-banded_Urania_Tambopata_Park_Peru-255x209.jpg 255w, https:\/\/www3.unicentro.br\/museuinterativo\/wp-content\/uploads\/sites\/98\/2020\/11\/Green-banded_Urania_Tambopata_Park_Peru.jpg 1461w\" sizes=\"auto, (max-width: 340px) 100vw, 340px\" \/><p id=\"caption-attachment-412\" class=\"wp-caption-text\">Imagem 6. Mariposa da subfam\u00edlia Uraniinae, esp\u00e9cie Urania leilus. Cr\u00e9dito: Wikimedia commons.<\/p><\/div>\n<audio class=\"wp-audio-shortcode\" id=\"audio-315-2\" preload=\"none\" style=\"width: 100%;\" controls=\"controls\"><source type=\"audio\/wav\" src=\"https:\/\/www3.unicentro.br\/museuinterativo\/wp-content\/uploads\/sites\/98\/2020\/12\/familia-Uraniidae.wav?_=2\" \/><a href=\"https:\/\/www3.unicentro.br\/museuinterativo\/wp-content\/uploads\/sites\/98\/2020\/12\/familia-Uraniidae.wav\">https:\/\/www3.unicentro.br\/museuinterativo\/wp-content\/uploads\/sites\/98\/2020\/12\/familia-Uraniidae.wav<\/a><\/audio>\n<p style=\"text-align: justify\"><span style=\"font-size: 14pt\">A fam\u00edlia Uraniidae \u00e9 uma fam\u00edlia de mariposas diurnas, noturnas e crepusculares. Composta por quatro subfam\u00edlias, podemos destacar por\u00e9m duas dessas subfam\u00edlias, Microniinae, esp\u00e9cies menores e em sua maioria brancas, com caudas curtas e Uraniinae com esp\u00e9cies maiores com caudas longas, destaca-se tr\u00eas g\u00eaneros <em>Chrysiridia<\/em>, <em>Urania<\/em> e <em>Alcides<\/em>, diurnas com cores vibrantes muito parecidas com borboletas. <\/span><\/p>\n<p style=\"text-align: justify\"><span style=\"font-size: 14pt\">Veja o v\u00eddeo de algumas borboletas desse g\u00eanero.<\/span><\/p>\n<p><iframe loading=\"lazy\" title=\"Mariposa (Urania leilus)\" width=\"900\" height=\"506\" src=\"https:\/\/www.youtube.com\/embed\/r8jl0yCWkXQ?feature=oembed\" frameborder=\"0\" allow=\"accelerometer; autoplay; clipboard-write; encrypted-media; gyroscope; picture-in-picture\" allowfullscreen><\/iframe><\/p>\n<p style=\"text-align: center\"><span style=\"font-size: 18pt\">Borboleta-coruja (<em>Caligo <\/em>Spp.)<\/span><\/p>\n<div id=\"attachment_415\" style=\"width: 561px\" class=\"wp-caption aligncenter\"><img loading=\"lazy\" decoding=\"async\" aria-describedby=\"caption-attachment-415\" class=\"wp-image-415 \" src=\"https:\/\/www3.unicentro.br\/museuinterativo\/wp-content\/uploads\/sites\/98\/2020\/11\/Borboleta-coruja-e1604807778821-300x142.jpg\" alt=\"\" width=\"551\" height=\"261\" srcset=\"https:\/\/www3.unicentro.br\/museuinterativo\/wp-content\/uploads\/sites\/98\/2020\/11\/Borboleta-coruja-e1604807778821-300x142.jpg 300w, https:\/\/www3.unicentro.br\/museuinterativo\/wp-content\/uploads\/sites\/98\/2020\/11\/Borboleta-coruja-e1604807778821-1024x486.jpg 1024w, https:\/\/www3.unicentro.br\/museuinterativo\/wp-content\/uploads\/sites\/98\/2020\/11\/Borboleta-coruja-e1604807778821-768x365.jpg 768w, https:\/\/www3.unicentro.br\/museuinterativo\/wp-content\/uploads\/sites\/98\/2020\/11\/Borboleta-coruja-e1604807778821-1536x729.jpg 1536w, https:\/\/www3.unicentro.br\/museuinterativo\/wp-content\/uploads\/sites\/98\/2020\/11\/Borboleta-coruja-e1604807778821-255x121.jpg 255w, https:\/\/www3.unicentro.br\/museuinterativo\/wp-content\/uploads\/sites\/98\/2020\/11\/Borboleta-coruja-e1604807778821.jpg 1793w\" sizes=\"auto, (max-width: 551px) 100vw, 551px\" \/><p id=\"caption-attachment-415\" class=\"wp-caption-text\">Imagem 7. Borboleta-coruja. Cr\u00e9dito: Wikimedia commons.<\/p><\/div>\n<audio class=\"wp-audio-shortcode\" id=\"audio-315-3\" preload=\"none\" style=\"width: 100%;\" controls=\"controls\"><source type=\"audio\/wav\" src=\"https:\/\/www3.unicentro.br\/museuinterativo\/wp-content\/uploads\/sites\/98\/2020\/12\/Borboleta-coruja-1.wav?_=3\" \/><a href=\"https:\/\/www3.unicentro.br\/museuinterativo\/wp-content\/uploads\/sites\/98\/2020\/12\/Borboleta-coruja-1.wav\">https:\/\/www3.unicentro.br\/museuinterativo\/wp-content\/uploads\/sites\/98\/2020\/12\/Borboleta-coruja-1.wav<\/a><\/audio>\n<p style=\"text-align: justify\"><span style=\"font-size: 14pt\">A Borboleta-coruja pertencem ao g\u00eanero <em>Caligo<\/em>, suas asas pelo lado de dentro apresentam um desenho semelhante ao rosto de uma coruja, com destaque para olhos enormes e abertos, o que d\u00e1 origem ao apelido borboleta-coruja. Uma forma de mimetismo, que confunde seus predadores, os animais que ca\u00e7am usando o sentido da vis\u00e3o, hesitam em se aproximar dessa borboleta, \u201cimaginando\u201d ou confundindo-a com uma coruja. Este mecanismo anti-preda\u00e7\u00e3o protege o animal enquanto descansa, se alimenta e acasala. <\/span><\/p>\n<p style=\"text-align: justify\"><span style=\"font-size: 14pt\">Veja o v\u00eddeo que mostra o desenvolvimento de uma Borboleta-coruja.<\/span><\/p>\n<p><iframe loading=\"lazy\" title=\"Vida de uma Borboleta-coruja\" width=\"900\" height=\"506\" src=\"https:\/\/www.youtube.com\/embed\/fsJBa5n1OXU?feature=oembed\" frameborder=\"0\" allow=\"accelerometer; autoplay; clipboard-write; encrypted-media; gyroscope; picture-in-picture\" allowfullscreen><\/iframe><\/p>\n<p style=\"text-align: center\"><span style=\"font-size: 18pt\">Boorboleta vice-rei e Borboleta-monarca<\/span><\/p>\n<div id=\"attachment_417\" style=\"width: 411px\" class=\"wp-caption aligncenter\"><img loading=\"lazy\" decoding=\"async\" aria-describedby=\"caption-attachment-417\" class=\"wp-image-417 \" src=\"https:\/\/www3.unicentro.br\/museuinterativo\/wp-content\/uploads\/sites\/98\/2020\/11\/Viceroy_Butterfly-300x232.jpg\" alt=\"\" width=\"401\" height=\"310\" srcset=\"https:\/\/www3.unicentro.br\/museuinterativo\/wp-content\/uploads\/sites\/98\/2020\/11\/Viceroy_Butterfly-300x232.jpg 300w, https:\/\/www3.unicentro.br\/museuinterativo\/wp-content\/uploads\/sites\/98\/2020\/11\/Viceroy_Butterfly-1024x793.jpg 1024w, https:\/\/www3.unicentro.br\/museuinterativo\/wp-content\/uploads\/sites\/98\/2020\/11\/Viceroy_Butterfly-768x595.jpg 768w, https:\/\/www3.unicentro.br\/museuinterativo\/wp-content\/uploads\/sites\/98\/2020\/11\/Viceroy_Butterfly-255x197.jpg 255w, https:\/\/www3.unicentro.br\/museuinterativo\/wp-content\/uploads\/sites\/98\/2020\/11\/Viceroy_Butterfly.jpg 1027w\" sizes=\"auto, (max-width: 401px) 100vw, 401px\" \/><p id=\"caption-attachment-417\" class=\"wp-caption-text\">Imagem 8. Borboleta Vice-rei, Limenitis archippus. Cr\u00e9dito: Wikimedia commons.<\/p><\/div>\n<div id=\"attachment_416\" style=\"width: 290px\" class=\"wp-caption aligncenter\"><img loading=\"lazy\" decoding=\"async\" aria-describedby=\"caption-attachment-416\" class=\"wp-image-416 size-medium\" src=\"https:\/\/www3.unicentro.br\/museuinterativo\/wp-content\/uploads\/sites\/98\/2020\/11\/ComputerHotline_-_Danaus_plexippus_by_3-280x300.jpg\" alt=\"\" width=\"280\" height=\"300\" srcset=\"https:\/\/www3.unicentro.br\/museuinterativo\/wp-content\/uploads\/sites\/98\/2020\/11\/ComputerHotline_-_Danaus_plexippus_by_3-280x300.jpg 280w, https:\/\/www3.unicentro.br\/museuinterativo\/wp-content\/uploads\/sites\/98\/2020\/11\/ComputerHotline_-_Danaus_plexippus_by_3-957x1024.jpg 957w, https:\/\/www3.unicentro.br\/museuinterativo\/wp-content\/uploads\/sites\/98\/2020\/11\/ComputerHotline_-_Danaus_plexippus_by_3-768x822.jpg 768w, https:\/\/www3.unicentro.br\/museuinterativo\/wp-content\/uploads\/sites\/98\/2020\/11\/ComputerHotline_-_Danaus_plexippus_by_3-255x273.jpg 255w, https:\/\/www3.unicentro.br\/museuinterativo\/wp-content\/uploads\/sites\/98\/2020\/11\/ComputerHotline_-_Danaus_plexippus_by_3.jpg 1121w\" sizes=\"auto, (max-width: 280px) 100vw, 280px\" \/><p id=\"caption-attachment-416\" class=\"wp-caption-text\">Imagem 9. Borboleta-monarca, Danaus plexippus. Cr\u00e9dito: Wikimedia commons.<\/p><\/div>\n<audio class=\"wp-audio-shortcode\" id=\"audio-315-4\" preload=\"none\" style=\"width: 100%;\" controls=\"controls\"><source type=\"audio\/wav\" src=\"https:\/\/www3.unicentro.br\/museuinterativo\/wp-content\/uploads\/sites\/98\/2020\/12\/AnyConv.com__Borbol.-Vice-rei-1.wav?_=4\" \/><a href=\"https:\/\/www3.unicentro.br\/museuinterativo\/wp-content\/uploads\/sites\/98\/2020\/12\/AnyConv.com__Borbol.-Vice-rei-1.wav\">https:\/\/www3.unicentro.br\/museuinterativo\/wp-content\/uploads\/sites\/98\/2020\/12\/AnyConv.com__Borbol.-Vice-rei-1.wav<\/a><\/audio>\n<p style=\"text-align: justify\"><span style=\"font-size: 14pt\">As borboletas vice-rei (<em>Limenitis archippus<\/em>) apresentam grande semelhan\u00e7a com as Borboletas-monarca (<em>Danaus Plexippus<\/em>), que s\u00e3o borboletas conhecidas por apresentarem um sabor desagrad\u00e1vel e serem t\u00f3xicas aos seus predadores, sendo assim evitadas por p\u00e1ssaros predadores, com evidente benef\u00edcio para a \u201cimitadora\u201d (borboleta vice-rei), que, mimetiza a monarca, pois os predadores \u201caprendem\u201d a associar o padr\u00e3o de colora\u00e7\u00e3o (colora\u00e7\u00e3o de advert\u00eancia ou colora\u00e7\u00e3o de aviso) ao sabor desagrad\u00e1vel e evitam capturar essas borboletas. <\/span><\/p>\n<p><span style=\"font-size: 14pt\">Veja o v\u00eddeo sobre o mimetismo de algumas borboletas, inclusive a monarca e vice-rei.<\/span><\/p>\n<p><iframe loading=\"lazy\" title=\"16. Mimetismo das borboletas\" width=\"900\" height=\"506\" src=\"https:\/\/www.youtube.com\/embed\/AHNFHrvhW04?feature=oembed\" frameborder=\"0\" allow=\"accelerometer; autoplay; clipboard-write; encrypted-media; gyroscope; picture-in-picture\" allowfullscreen><\/iframe><\/p>\n<p>&nbsp;<\/p>\n<p>&nbsp;<\/p>\n<p><span style=\"font-size: 14pt\">Fontes:<\/span><\/p>\n<p><span style=\"font-size: 14pt\">Imagem 1. Wikimedia commons, dispon\u00edvel em: <a href=\"https:\/\/commons.wikimedia.org\/wiki\/File:Assorted_Moths_(Lepidoptera)_in_the_University_of_Texas_Insect_Collection_(22281153644)_(cropped).jpg.\">https:\/\/commons.wikimedia.org\/wiki\/File:Assorted_Moths_(Lepidoptera)_in_the_University_of_Texas_Insect_Collection_(22281153644)_(cropped).jpg.<\/a><\/span><\/p>\n<p><span style=\"font-size: 14pt\">Imagem 2. Wikimedia commons, dispon\u00edvel em: <a href=\"https:\/\/commons.wikimedia.org\/wiki\/File:Detalhes_da_asa_de_uma_borboleta.jpg\">https:\/\/commons.wikimedia.org\/wiki\/File:Detalhes_da_asa_de_uma_borboleta.jpg.<\/a><\/span><\/p>\n<p><span style=\"font-size: 14pt\">Imagem 3. Wikimedia commons, dispon\u00edvel em: <a href=\"https:\/\/commons.wikimedia.org\/wiki\/File:Wtigerswallowtail.JPG.\">https:\/\/commons.wikimedia.org\/wiki\/File:Wtigerswallowtail.JPG.<\/a><\/span><\/p>\n<p><span style=\"font-size: 14pt\">Imagem 4. Wikimedia commons, dispon\u00edvel em: <a href=\"https:\/\/commons.wikimedia.org\/wiki\/File:Emperor_Gum_Moth.jpg.\">https:\/\/commons.wikimedia.org\/wiki\/File:Emperor_Gum_Moth.jpg.<\/a><\/span><\/p>\n<p><span style=\"font-size: 14pt\">Imagem 5. Wikimedia commons, dispon\u00edvel em: <a href=\"https:\/\/commons.wikimedia.org\/wiki\/File:Acropteris_iphiata01.jpg.\">https:\/\/commons.wikimedia.org\/wiki\/File:Acropteris_iphiata01.jpg.<\/a><\/span><\/p>\n<p><span style=\"font-size: 14pt\">Imagem 6. Wikimedia commons, dispon\u00edvel em: <a href=\"https:\/\/commons.wikimedia.org\/wiki\/File:Green-banded_Urania,_Tambopata_Park,_Peru.jpg.\">https:\/\/commons.wikimedia.org\/wiki\/File:Green-banded_Urania,_Tambopata_Park,_Peru.jpg.<\/a><\/span><\/p>\n<p><span style=\"font-size: 14pt\">Imagem 7. Wikimedia commons, dispon\u00edvel em:<a href=\"https:\/\/commons.wikimedia.org\/wiki\/File:Borboleta-coruja.JPG\"> https:\/\/commons.wikimedia.org\/wiki\/File:Borboleta-coruja.JPG.<\/a><\/span><\/p>\n<p><span style=\"font-size: 14pt\">Imagem 8. Wikimedia commons, dispon\u00edvel em: <a href=\"https:\/\/commons.wikimedia.org\/wiki\/File:Viceroy_Butterfly.jpg\">https:\/\/commons.wikimedia.org\/wiki\/File:Viceroy_Butterfly.jpg.<\/a><\/span><\/p>\n<p><span style=\"font-size: 14pt\">Imagem 9. Wikimedia commons, dispon\u00edvel em:\u00a0<a href=\"https:\/\/commons.wikimedia.org\/wiki\/File:ComputerHotline_-_Danaus_plexippus_(by)_(3).jpg\">https:\/\/commons.wikimedia.org\/wiki\/File:ComputerHotline_-_Danaus_plexippus_(by)_(3).jpg.<\/a><\/span><\/p>\n<p><span style=\"font-size: 14pt\">Brasil escola, Mimetismo, dispon\u00edvel em: <a href=\"https:\/\/brasilescola.uol.com.br\/biologia\/mimetismo.htm.\">https:\/\/brasilescola.uol.com.br\/biologia\/mimetismo.htm.<\/a><\/span><\/p>\n<p><span style=\"font-size: 14pt\">Britannica escola, Borboleta e ariposa, dispon\u00edvel no site: <a href=\"https:\/\/escola.britannica.com.br\/artigo\/borboleta-e-mariposa\/480871#:~:text=Como%20todos%20os%20insetos%2C%20elas,uma%20pequena%20sali%C3%AAncia%20na%20ponta.\">https:\/\/escola.britannica.com.br\/artigo\/borboleta-e-mariposa\/.<\/a><\/span><\/p>\n<p><span style=\"font-size: 14pt\">Embrapa, Ordem Lepidoptera, dispon\u00edvel em: <a href=\"https:\/\/www.embrapa.br\/cerrados\/colecao-entomologica\/lepidoptera\">https:\/\/www.embrapa.br\/cerrados\/colecao-entomologica\/lepidoptera.<\/a><\/span><\/p>\n<p><span style=\"font-size: 14pt\">Moths of Australia, Family URANIIDAE, dispon\u00edvel no site: <a href=\"https:\/\/books.google.com.br\/books?id=k7mDUXKhemQC&amp;pg=PT612&amp;lpg=PT612&amp;dq=uraniidae+family&amp;source=bl&amp;ots=M2n34CcmuR&amp;sig=3m85YeC2AlI4egHlBNUPDj86IKY&amp;hl=pt-PT&amp;sa=X&amp;ved=0ahUKEwiPyePv77rTAhVFIZAKHey4D0Q4ChDoAQhQMAc#v=onepage&amp;q&amp;f=false\">https:\/\/books.google.com.br\/books?.<\/a><\/span><\/p>\n<p><span style=\"font-size: 14pt\">Oeco, Boeboleta-coruja: presa ou predador?, dispon\u00edvel em: <a href=\"https:\/\/www.oeco.org.br\/blogs\/fauna-e-flora\/27373-borboleta-coruja-presa-ou-predador\/\">https:\/\/www.oeco.org.br\/blogs\/fauna-e-flora\/27373-borboleta-coruja-presa-ou-predador\/.<\/a><\/span><\/p>\n<p>&nbsp;<\/p>\n<p><span style=\"font-size: 14pt\"><strong><span style=\"font-size: 14pt\">Acad\u00ea<\/span>micos respons\u00e1veis:\u00a0<\/strong>Alexsandra de Lima Klates; Aline Noga; Fabiana Polidorio dos Santos; Isac marcelo Gon\u00e7alves da Silva; Pedro Augusto Gon\u00e7alves Tilp.<\/span><\/p>\n","protected":false},"excerpt":{"rendered":"<p>Borboletas e mariposas A ordem Lepidoptera inclui as mariposas e borboletas, possuem estimadas 180000 esp\u00e9cies divididas em 34 subfam\u00edlias e 130 fam\u00edlias, sendo 12% borboletas. Suas larvas podem ser pragas para o ser humano. Por outro lado, \u00e9 um grupo muito importante para a poliniza\u00e7\u00e3o. Seu nome significa \u201casa com escamas\u201d, caracter\u00edstica da ordem, elas [&hellip;]<\/p>\n","protected":false},"author":297,"featured_media":416,"parent":0,"menu_order":0,"comment_status":"closed","ping_status":"closed","template":"","meta":{"_exactmetrics_skip_tracking":false,"_exactmetrics_sitenote_active":false,"_exactmetrics_sitenote_note":"","_exactmetrics_sitenote_category":0,"footnotes":"","_links_to":"","_links_to_target":""},"class_list":["post-315","page","type-page","status-publish","has-post-thumbnail","hentry"],"_links":{"self":[{"href":"https:\/\/www3.unicentro.br\/museuinterativo\/wp-json\/wp\/v2\/pages\/315","targetHints":{"allow":["GET"]}}],"collection":[{"href":"https:\/\/www3.unicentro.br\/museuinterativo\/wp-json\/wp\/v2\/pages"}],"about":[{"href":"https:\/\/www3.unicentro.br\/museuinterativo\/wp-json\/wp\/v2\/types\/page"}],"author":[{"embeddable":true,"href":"https:\/\/www3.unicentro.br\/museuinterativo\/wp-json\/wp\/v2\/users\/297"}],"replies":[{"embeddable":true,"href":"https:\/\/www3.unicentro.br\/museuinterativo\/wp-json\/wp\/v2\/comments?post=315"}],"version-history":[{"count":0,"href":"https:\/\/www3.unicentro.br\/museuinterativo\/wp-json\/wp\/v2\/pages\/315\/revisions"}],"wp:featuredmedia":[{"embeddable":true,"href":"https:\/\/www3.unicentro.br\/museuinterativo\/wp-json\/wp\/v2\/media\/416"}],"wp:attachment":[{"href":"https:\/\/www3.unicentro.br\/museuinterativo\/wp-json\/wp\/v2\/media?parent=315"}],"curies":[{"name":"wp","href":"https:\/\/api.w.org\/{rel}","templated":true}]}}