{"id":313,"date":"2020-11-07T01:26:31","date_gmt":"2020-11-07T04:26:31","guid":{"rendered":"https:\/\/www3.unicentro.br\/museuinterativo\/?page_id=313"},"modified":"2020-12-06T21:28:12","modified_gmt":"2020-12-07T00:28:12","slug":"hymenoptera","status":"publish","type":"page","link":"https:\/\/www3.unicentro.br\/museuinterativo\/hymenoptera\/","title":{"rendered":"Hymenoptera"},"content":{"rendered":"<p style=\"text-align: center\"><span style=\"font-size: 18pt\">Abelhas (Anthophila)<\/span><\/p>\n<div id=\"attachment_375\" style=\"width: 318px\" class=\"wp-caption aligncenter\"><img loading=\"lazy\" decoding=\"async\" aria-describedby=\"caption-attachment-375\" class=\"wp-image-375\" src=\"https:\/\/www3.unicentro.br\/museuinterativo\/wp-content\/uploads\/sites\/98\/2020\/11\/Abelha-300x249.jpg\" alt=\"\" width=\"308\" height=\"256\" srcset=\"https:\/\/www3.unicentro.br\/museuinterativo\/wp-content\/uploads\/sites\/98\/2020\/11\/Abelha-300x249.jpg 300w, https:\/\/www3.unicentro.br\/museuinterativo\/wp-content\/uploads\/sites\/98\/2020\/11\/Abelha-1024x852.jpg 1024w, https:\/\/www3.unicentro.br\/museuinterativo\/wp-content\/uploads\/sites\/98\/2020\/11\/Abelha-768x639.jpg 768w, https:\/\/www3.unicentro.br\/museuinterativo\/wp-content\/uploads\/sites\/98\/2020\/11\/Abelha-255x212.jpg 255w, https:\/\/www3.unicentro.br\/museuinterativo\/wp-content\/uploads\/sites\/98\/2020\/11\/Abelha.jpg 1443w\" sizes=\"auto, (max-width: 308px) 100vw, 308px\" \/><p id=\"caption-attachment-375\" class=\"wp-caption-text\">Imagem 1. Abelha da esp\u00e9cie Apis mellifera sobre uma flor. Cr\u00e9dito: Wikimedia commons.<\/p><\/div>\n<div id=\"attachment_373\" style=\"width: 415px\" class=\"wp-caption aligncenter\"><img loading=\"lazy\" decoding=\"async\" aria-describedby=\"caption-attachment-373\" class=\"wp-image-373\" src=\"https:\/\/www3.unicentro.br\/museuinterativo\/wp-content\/uploads\/sites\/98\/2020\/11\/Tetragonisca_angustula-e1604792083864-300x188.jpg\" alt=\"\" width=\"405\" height=\"254\" srcset=\"https:\/\/www3.unicentro.br\/museuinterativo\/wp-content\/uploads\/sites\/98\/2020\/11\/Tetragonisca_angustula-e1604792083864-300x188.jpg 300w, https:\/\/www3.unicentro.br\/museuinterativo\/wp-content\/uploads\/sites\/98\/2020\/11\/Tetragonisca_angustula-e1604792083864-1024x642.jpg 1024w, https:\/\/www3.unicentro.br\/museuinterativo\/wp-content\/uploads\/sites\/98\/2020\/11\/Tetragonisca_angustula-e1604792083864-768x481.jpg 768w, https:\/\/www3.unicentro.br\/museuinterativo\/wp-content\/uploads\/sites\/98\/2020\/11\/Tetragonisca_angustula-e1604792083864-409x258.jpg 409w, https:\/\/www3.unicentro.br\/museuinterativo\/wp-content\/uploads\/sites\/98\/2020\/11\/Tetragonisca_angustula-e1604792083864-818x516.jpg 818w, https:\/\/www3.unicentro.br\/museuinterativo\/wp-content\/uploads\/sites\/98\/2020\/11\/Tetragonisca_angustula-e1604792083864-255x160.jpg 255w, https:\/\/www3.unicentro.br\/museuinterativo\/wp-content\/uploads\/sites\/98\/2020\/11\/Tetragonisca_angustula-e1604792083864.jpg 1262w\" sizes=\"auto, (max-width: 405px) 100vw, 405px\" \/><p id=\"caption-attachment-373\" class=\"wp-caption-text\">Imagem 2. Abelhas jata\u00ed da esp\u00e9cie Tetragonisca angustula guardando a entrada da colmeia. Cr\u00e9dito: Wikimedia commons.<\/p><\/div>\n<div id=\"attachment_376\" style=\"width: 319px\" class=\"wp-caption aligncenter\"><img loading=\"lazy\" decoding=\"async\" aria-describedby=\"caption-attachment-376\" class=\"wp-image-376\" src=\"https:\/\/www3.unicentro.br\/museuinterativo\/wp-content\/uploads\/sites\/98\/2020\/11\/Bumblebee_October_2007-3a-300x225.jpg\" alt=\"\" width=\"309\" height=\"233\" srcset=\"https:\/\/www3.unicentro.br\/museuinterativo\/wp-content\/uploads\/sites\/98\/2020\/11\/Bumblebee_October_2007-3a-300x225.jpg 300w, https:\/\/www3.unicentro.br\/museuinterativo\/wp-content\/uploads\/sites\/98\/2020\/11\/Bumblebee_October_2007-3a-1024x768.jpg 1024w, https:\/\/www3.unicentro.br\/museuinterativo\/wp-content\/uploads\/sites\/98\/2020\/11\/Bumblebee_October_2007-3a-768x576.jpg 768w, https:\/\/www3.unicentro.br\/museuinterativo\/wp-content\/uploads\/sites\/98\/2020\/11\/Bumblebee_October_2007-3a-1536x1151.jpg 1536w, https:\/\/www3.unicentro.br\/museuinterativo\/wp-content\/uploads\/sites\/98\/2020\/11\/Bumblebee_October_2007-3a-400x300.jpg 400w, https:\/\/www3.unicentro.br\/museuinterativo\/wp-content\/uploads\/sites\/98\/2020\/11\/Bumblebee_October_2007-3a-800x600.jpg 800w, https:\/\/www3.unicentro.br\/museuinterativo\/wp-content\/uploads\/sites\/98\/2020\/11\/Bumblebee_October_2007-3a-1200x900.jpg 1200w, https:\/\/www3.unicentro.br\/museuinterativo\/wp-content\/uploads\/sites\/98\/2020\/11\/Bumblebee_October_2007-3a-255x191.jpg 255w, https:\/\/www3.unicentro.br\/museuinterativo\/wp-content\/uploads\/sites\/98\/2020\/11\/Bumblebee_October_2007-3a.jpg 1601w\" sizes=\"auto, (max-width: 309px) 100vw, 309px\" \/><p id=\"caption-attachment-376\" class=\"wp-caption-text\">Imagem 3. Abelha mamangava da esp\u00e9cie Bombus terrestris. Cr\u00e9dito: Wikimedia commons.<\/p><\/div>\n<div id=\"attachment_379\" style=\"width: 339px\" class=\"wp-caption aligncenter\"><img loading=\"lazy\" decoding=\"async\" aria-describedby=\"caption-attachment-379\" class=\"wp-image-379\" src=\"https:\/\/www3.unicentro.br\/museuinterativo\/wp-content\/uploads\/sites\/98\/2020\/11\/Irapua_-_REFON-300x210.jpg\" alt=\"\" width=\"329\" height=\"230\" srcset=\"https:\/\/www3.unicentro.br\/museuinterativo\/wp-content\/uploads\/sites\/98\/2020\/11\/Irapua_-_REFON-300x210.jpg 300w, https:\/\/www3.unicentro.br\/museuinterativo\/wp-content\/uploads\/sites\/98\/2020\/11\/Irapua_-_REFON-1024x717.jpg 1024w, https:\/\/www3.unicentro.br\/museuinterativo\/wp-content\/uploads\/sites\/98\/2020\/11\/Irapua_-_REFON-768x537.jpg 768w, https:\/\/www3.unicentro.br\/museuinterativo\/wp-content\/uploads\/sites\/98\/2020\/11\/Irapua_-_REFON-1536x1075.jpg 1536w, https:\/\/www3.unicentro.br\/museuinterativo\/wp-content\/uploads\/sites\/98\/2020\/11\/Irapua_-_REFON-255x178.jpg 255w, https:\/\/www3.unicentro.br\/museuinterativo\/wp-content\/uploads\/sites\/98\/2020\/11\/Irapua_-_REFON.jpg 1715w\" sizes=\"auto, (max-width: 329px) 100vw, 329px\" \/><p id=\"caption-attachment-379\" class=\"wp-caption-text\">Imagem 4. Abelha Jata\u00ed da esp\u00e9cie Trigona spinipes. Cr\u00e9dito: Wikimedia commons.<\/p><\/div>\n<audio class=\"wp-audio-shortcode\" id=\"audio-313-1\" preload=\"none\" style=\"width: 100%;\" controls=\"controls\"><source type=\"audio\/mpeg\" src=\"https:\/\/www3.unicentro.br\/museuinterativo\/wp-content\/uploads\/sites\/98\/2020\/12\/AudioMerger_Abelhas-5-8.mp3?_=1\" \/><a href=\"https:\/\/www3.unicentro.br\/museuinterativo\/wp-content\/uploads\/sites\/98\/2020\/12\/AudioMerger_Abelhas-5-8.mp3\">https:\/\/www3.unicentro.br\/museuinterativo\/wp-content\/uploads\/sites\/98\/2020\/12\/AudioMerger_Abelhas-5-8.mp3<\/a><\/audio>\n<p style=\"text-align: justify\"><span style=\"font-size: 14pt\">Quando se fala em poliniza\u00e7\u00e3o, a primeira coisa que vem na cabe\u00e7a s\u00e3o as abelhas, elas desempenham um papel fundamental polinizando cerca de 80% das plantas com flores. A mais conhecida no mundo \u00e9 a <em>Apis<\/em> Spp., uma abelha social que forma col\u00f4nias, possui ferr\u00e3o e \u00e9 muito eficiente na produ\u00e7\u00e3o de mel. S\u00e3o nativas da \u00c1frica e Europa, mas est\u00e3o introduzidas em todos os continentes atualmente. As abelhas sociais s\u00e3o as mais conhecidas, por\u00e9m, 85% de todas as abelhas s\u00e3o solit\u00e1rias e fazem a maior parte do trabalho de poliniza\u00e7\u00e3o. Um bom exemplo \u00e9 a mamangava, abelha enorme, e que n\u00e3o produz mel, e \u00e9 indispens\u00e1vel na poliniza\u00e7\u00e3o do maracuj\u00e1. <\/span><\/p>\n<audio class=\"wp-audio-shortcode\" id=\"audio-313-2\" preload=\"none\" style=\"width: 100%;\" controls=\"controls\"><source type=\"audio\/mpeg\" src=\"https:\/\/www3.unicentro.br\/museuinterativo\/wp-content\/uploads\/sites\/98\/2020\/12\/AudioMerger_Abelhas-8-8.mp3?_=2\" \/><a href=\"https:\/\/www3.unicentro.br\/museuinterativo\/wp-content\/uploads\/sites\/98\/2020\/12\/AudioMerger_Abelhas-8-8.mp3\">https:\/\/www3.unicentro.br\/museuinterativo\/wp-content\/uploads\/sites\/98\/2020\/12\/AudioMerger_Abelhas-8-8.mp3<\/a><\/audio>\n<p style=\"text-align: justify\"><span style=\"font-size: 14pt\">Essa abelha n\u00e3o \u00e9 agressiva, mas pode dar uma ferroada muito dolorosa caso se sinta amea\u00e7ada. O Brasil possui cerca de 400 esp\u00e9cies de abelhas nativas, que produzem mel e n\u00e3o possuem ferr\u00e3o, como a Jata\u00ed, Arapu\u00e1, Mirins, al\u00e9m de muitas outras solit\u00e1rias e desconhecidas. Infelizmente as popula\u00e7\u00f5es de abelhas vem diminuindo, colocando v\u00e1rias esp\u00e9cies em risco de extin\u00e7\u00e3o, o que \u00e9 um grande problema porque esses insetos s\u00e3o extremamente importantes para o ecossistema, pois polinizam grande parte das plantas, tamb\u00e9m as quais se tornam nossos alimentos. <\/span><\/p>\n<p style=\"text-align: justify\"><span style=\"font-size: 14pt\">Veja a seguir um v\u00eddeo mostrando o que acontece logo ap\u00f3s as abelhas princesas deixarem a com\u00e9ia para formar sua pr\u00f3pria colonia.<\/span><\/p>\n<p><iframe loading=\"lazy\" title=\"Abelhas Rainhas Cenas Fant\u00e1sticas !\" width=\"900\" height=\"506\" src=\"https:\/\/www.youtube.com\/embed\/0VqM5gS9ljo?feature=oembed\" frameborder=\"0\" allow=\"accelerometer; autoplay; clipboard-write; encrypted-media; gyroscope; picture-in-picture\" allowfullscreen><\/iframe><\/p>\n<p>&nbsp;<\/p>\n<p style=\"text-align: center\"><span style=\"font-size: 18pt\">Vespas (Spheciformes)<\/span><\/p>\n<div id=\"attachment_384\" style=\"width: 388px\" class=\"wp-caption aligncenter\"><img loading=\"lazy\" decoding=\"async\" aria-describedby=\"caption-attachment-384\" class=\"wp-image-384 \" src=\"https:\/\/www3.unicentro.br\/museuinterativo\/wp-content\/uploads\/sites\/98\/2020\/11\/Blastophaga_psenes.jpg\" alt=\"\" width=\"378\" height=\"285\" srcset=\"https:\/\/www3.unicentro.br\/museuinterativo\/wp-content\/uploads\/sites\/98\/2020\/11\/Blastophaga_psenes.jpg 300w, https:\/\/www3.unicentro.br\/museuinterativo\/wp-content\/uploads\/sites\/98\/2020\/11\/Blastophaga_psenes-255x192.jpg 255w\" sizes=\"auto, (max-width: 378px) 100vw, 378px\" \/><p id=\"caption-attachment-384\" class=\"wp-caption-text\">Figura 1. Desenho de uma vespa do figo da esp\u00e9cie Blastophaga psenes. Cr\u00e9dito: Wikimedia commons.<\/p><\/div>\n<audio class=\"wp-audio-shortcode\" id=\"audio-313-3\" preload=\"none\" style=\"width: 100%;\" controls=\"controls\"><source type=\"audio\/wav\" src=\"https:\/\/www3.unicentro.br\/museuinterativo\/wp-content\/uploads\/sites\/98\/2020\/12\/AnyConv.com__Vespas-1-1.wav?_=3\" \/><a href=\"https:\/\/www3.unicentro.br\/museuinterativo\/wp-content\/uploads\/sites\/98\/2020\/12\/AnyConv.com__Vespas-1-1.wav\">https:\/\/www3.unicentro.br\/museuinterativo\/wp-content\/uploads\/sites\/98\/2020\/12\/AnyConv.com__Vespas-1-1.wav<\/a><\/audio>\n<p style=\"text-align: justify\"><span style=\"font-size: 14pt\">As vespas desempenham papeis \u00a0muito importantes na natureza como controle de outras esp\u00e9cies com a rela\u00e7\u00e3o de parasitismo, al\u00e9m de apresentar rela\u00e7\u00f5es mutual\u00edsticas com esp\u00e9cies de plantas, como \u00e9 o caso da figueira e a vespa do figo, sem essa vespa n\u00e3o haveria a figueira e sem a figueira a vespa n\u00e3o existiria. <\/span><\/p>\n<p style=\"text-align: justify\"><span style=\"font-size: 14pt\">Veja a seguir um v\u00eddeo que fala mais da rela\u00e7\u00e3o da vespa com a figueira.<\/span><\/p>\n<p><iframe loading=\"lazy\" title=\"COC-BIOLOGIA-ARTHU8R SIM\u00d5ES JUNIOR- FIGUEIRA FLOR FRUTO VESPA POLINIZA\" width=\"900\" height=\"675\" src=\"https:\/\/www.youtube.com\/embed\/WAksdepQBqo?feature=oembed\" frameborder=\"0\" allow=\"accelerometer; autoplay; clipboard-write; encrypted-media; gyroscope; picture-in-picture\" allowfullscreen><\/iframe><\/p>\n<p>&nbsp;<\/p>\n<p>&nbsp;<\/p>\n<p style=\"text-align: justify\"><span style=\"font-size: 14pt\">Fontes:<\/span><\/p>\n<p><span style=\"font-size: 14pt\">Figura 1. Wikimedia commons, dispon\u00edvel em: <a href=\"https:\/\/commons.wikimedia.org\/wiki\/File:Blastophaga_psenes.jpg.\">https:\/\/commons.wikimedia.org\/wiki\/File:Blastophaga_psenes.jpg.<\/a><\/span><\/p>\n<p style=\"text-align: justify\"><span style=\"font-size: 14pt\">Imagem 1. Wikimedia commons, dispon\u00edvel em: <a href=\"https:\/\/commons.wikimedia.org\/wiki\/File:Apis_mellifera_Western_honey_bee.jpg\">https:\/\/commons.wikimedia.org\/wiki\/File:Apis_mellifera_Western_honey_bee.jpg.<\/a><\/span><\/p>\n<p style=\"text-align: justify\"><span style=\"font-size: 14pt\">Imagem 2. Wikimedia commons, dispon\u00edvel em: <a href=\"https:\/\/commons.wikimedia.org\/wiki\/File:Tetragonisca_angustula.JPG\">https:\/\/commons.wikimedia.org\/wiki\/File:Tetragonisca_angustula.JPG.<\/a><\/span><\/p>\n<p style=\"text-align: justify\"><span style=\"font-size: 14pt\">Imagem 3. Wikimedia commons, dispon\u00edvel em: <a href=\"https:\/\/commons.wikimedia.org\/wiki\/File:Bumblebee_October_2007-3.jpg.\">https:\/\/commons.wikimedia.org\/wiki\/File:Bumblebee_October_2007-3.jpg.<\/a><\/span><\/p>\n<p style=\"text-align: justify\"><span style=\"font-size: 14pt\">Imagem 4. Wikimedia commons, dispon\u00edvel em: <a href=\"https:\/\/commons.wikimedia.org\/wiki\/File:Irapu%C3%A3_-_REFON.jpg.\">https:\/\/commons.wikimedia.org\/wiki\/File:Irapu%C3%A3_-_REFON.jpg.<\/a><\/span><\/p>\n<p><span style=\"font-size: 14pt\">Ag\u00eancia FAPESP, Nova fase na rela\u00e7\u00e3o entre figueiras e vespas \u00e9 desvendada, dispon\u00edvel em: <a href=\"https:\/\/agencia.fapesp.br\/nova-fase-na-relacao-entre-figueiras-e-vespas-e-desvendada\/28396\/#:~:text=Os%20machos%20rastejam%20sobre%20as,a%20f%C3%AAmea%20dentro%20da%20galha.\">https:\/\/agencia.fapesp.br\/nova-fase-na-relacao-entre-figueiras-e-vespas-e-desvendada\/.<\/a><\/span><\/p>\n<p><span style=\"font-size: 14pt\">Exame, Meio bilh\u00e3o de abelhas morrem no Brasil-e isso \u00e9 um p\u00e9ssima noticia, dispon\u00edvel em: <a href=\"https:\/\/exame.com\/brasil\/meio-bilhao-de-abelhas-morreram-no-brasil-e-isso-e-uma-pessima-noticia\/\">https:\/\/exame.com\/brasil\/meio-bilhao-de-abelhas-morreram-no-brasil-e-isso-e-uma-pessima-noticia\/.<\/a><\/span><\/p>\n<p style=\"text-align: justify\"><span style=\"font-size: 14pt\">G1, Mamangavas s\u00e3o polinizadoras eficientes e representadaspor mais de 50 esp\u00e9cies no Brasil,dispon\u00edvel em: <a href=\"https:\/\/g1.globo.com\/sp\/campinas-regiao\/terra-da-gente\/noticia\/2019\/12\/20\/mamangavas-sao-polinizadoras-eficientes-e-representadas-em-mais-de-50-especies-no-brasil.ghtml\">https:\/\/g1.globo.com\/sp\/campinas-regiao\/terra-da-gente\/.<\/a><\/span><\/p>\n<p><span style=\"font-size: 14pt\">Revista Agropecu\u00e1ria, A import\u00e2ncia das abelhas napoliniza\u00e7\u00e3o, dispon\u00edvel em: <a href=\"http:\/\/www.revistaagropecuaria.com.br\/2016\/08\/16\/a-importancia-das-abelhas-na-polinizacao\/#:~:text=O%20trabalho%20de%20uma%20abelha,a%2C%20%C3%A9%20conhecido%20como%20poliniza%C3%A7%C3%A3o.&amp;text=Assim%2C%20voando%20de%20flor%20em,melhor%20qualidade%20e%20mais%20sementes.\">http:\/\/www.revistaagropecuaria.com.br.<\/a><\/span><\/p>\n<p><span style=\"font-size: 14pt\">Universo UFES, Abelhas nativas brasileiras, dispon\u00edvel em: <a href=\"http:\/\/universo.ufes.br\/blog\/2019\/11\/abelhas-nativas-brasileiras\/\">http:\/\/universo.ufes.br\/blog\/2019\/11\/abelhas-nativas-brasileiras\/.<\/a><\/span><\/p>\n<p>&nbsp;<\/p>\n<p style=\"text-align: justify\"><span style=\"font-size: 14pt\"><strong>Acad\u00eamicos respons\u00e1veis:\u00a0<\/strong>Alexsandra de Lima Klates; Aline Noga; Fabiana Polidorio dos Santos; Isac marcelo Gon\u00e7alves da Silva; Pedro Augusto Gon\u00e7alves Tilp.<\/span><\/p>\n","protected":false},"excerpt":{"rendered":"<p>Abelhas (Anthophila) Quando se fala em poliniza\u00e7\u00e3o, a primeira coisa que vem na cabe\u00e7a s\u00e3o as abelhas, elas desempenham um papel fundamental polinizando cerca de 80% das plantas com flores. A mais conhecida no mundo \u00e9 a Apis Spp., uma abelha social que forma col\u00f4nias, possui ferr\u00e3o e \u00e9 muito eficiente na produ\u00e7\u00e3o de mel. [&hellip;]<\/p>\n","protected":false},"author":297,"featured_media":0,"parent":0,"menu_order":0,"comment_status":"closed","ping_status":"closed","template":"","meta":{"_exactmetrics_skip_tracking":false,"_exactmetrics_sitenote_active":false,"_exactmetrics_sitenote_note":"","_exactmetrics_sitenote_category":0,"footnotes":"","_links_to":"","_links_to_target":""},"class_list":["post-313","page","type-page","status-publish","hentry"],"_links":{"self":[{"href":"https:\/\/www3.unicentro.br\/museuinterativo\/wp-json\/wp\/v2\/pages\/313","targetHints":{"allow":["GET"]}}],"collection":[{"href":"https:\/\/www3.unicentro.br\/museuinterativo\/wp-json\/wp\/v2\/pages"}],"about":[{"href":"https:\/\/www3.unicentro.br\/museuinterativo\/wp-json\/wp\/v2\/types\/page"}],"author":[{"embeddable":true,"href":"https:\/\/www3.unicentro.br\/museuinterativo\/wp-json\/wp\/v2\/users\/297"}],"replies":[{"embeddable":true,"href":"https:\/\/www3.unicentro.br\/museuinterativo\/wp-json\/wp\/v2\/comments?post=313"}],"version-history":[{"count":0,"href":"https:\/\/www3.unicentro.br\/museuinterativo\/wp-json\/wp\/v2\/pages\/313\/revisions"}],"wp:attachment":[{"href":"https:\/\/www3.unicentro.br\/museuinterativo\/wp-json\/wp\/v2\/media?parent=313"}],"curies":[{"name":"wp","href":"https:\/\/api.w.org\/{rel}","templated":true}]}}