{"id":301,"date":"2020-11-07T01:08:54","date_gmt":"2020-11-07T04:08:54","guid":{"rendered":"https:\/\/www3.unicentro.br\/museuinterativo\/?page_id=301"},"modified":"2020-12-06T18:25:47","modified_gmt":"2020-12-06T21:25:47","slug":"coleoptera","status":"publish","type":"page","link":"https:\/\/www3.unicentro.br\/museuinterativo\/coleoptera\/","title":{"rendered":"Coleoptera"},"content":{"rendered":"<p style=\"text-align: center\"><span style=\"font-size: 18pt\">Besouros (Coleoptera)<\/span><\/p>\n<div id=\"attachment_337\" style=\"width: 561px\" class=\"wp-caption aligncenter\"><img loading=\"lazy\" decoding=\"async\" aria-describedby=\"caption-attachment-337\" class=\"wp-image-337\" src=\"https:\/\/www3.unicentro.br\/museuinterativo\/wp-content\/uploads\/sites\/98\/2020\/11\/Besouros-300x286.jpg\" alt=\"\" width=\"551\" height=\"525\" srcset=\"https:\/\/www3.unicentro.br\/museuinterativo\/wp-content\/uploads\/sites\/98\/2020\/11\/Besouros-300x286.jpg 300w, https:\/\/www3.unicentro.br\/museuinterativo\/wp-content\/uploads\/sites\/98\/2020\/11\/Besouros-768x732.jpg 768w, https:\/\/www3.unicentro.br\/museuinterativo\/wp-content\/uploads\/sites\/98\/2020\/11\/Besouros-255x243.jpg 255w, https:\/\/www3.unicentro.br\/museuinterativo\/wp-content\/uploads\/sites\/98\/2020\/11\/Besouros.jpg 865w\" sizes=\"auto, (max-width: 551px) 100vw, 551px\" \/><p id=\"caption-attachment-337\" class=\"wp-caption-text\">Imagem 1: Em sentido hor\u00e1rio, do canto superior esquerdo: <em>Lamprima aurata<\/em> f\u00eamea, besouro rinoceronte (<em>Megasoma<\/em> Sp.), <em>Rhinotia hemistictus<\/em>, <em>Chondropyga dorsalis<\/em>, <em>Amblytelus<\/em> Sp.. Cr\u00e9dito: Wikimedia commons.<\/p><\/div>\n<audio class=\"wp-audio-shortcode\" id=\"audio-301-1\" preload=\"none\" style=\"width: 100%;\" controls=\"controls\"><source type=\"audio\/wav\" src=\"https:\/\/www3.unicentro.br\/museuinterativo\/wp-content\/uploads\/sites\/98\/2020\/12\/Besouros-_Coleoptera__1.wav?_=1\" \/><a href=\"https:\/\/www3.unicentro.br\/museuinterativo\/wp-content\/uploads\/sites\/98\/2020\/12\/Besouros-_Coleoptera__1.wav\">https:\/\/www3.unicentro.br\/museuinterativo\/wp-content\/uploads\/sites\/98\/2020\/12\/Besouros-_Coleoptera__1.wav<\/a><\/audio>\n<p style=\"text-align: justify\"><span style=\"font-size: 14pt\">O nome dessa ordem, Coleoptera, faz alus\u00e3o as asas anteriores desses insetos que s\u00e3o duras, de origem grega a <em>koleos<\/em> significa estojo e <em>peteron<\/em> significa asas. S\u00e3o comumente conhecidos como besouros e a maios parte das esp\u00e9cies s\u00e3o fit\u00f3fagas, ou seja, se alimentam de plantas (ra\u00edzes, folhas, flores, frutos e gr\u00e3os de p\u00f3lens), sendo muitas delas importantes na poliniza\u00e7\u00e3o de plantas. <\/span><\/p>\n<p style=\"text-align: justify\"><span style=\"font-size: 14pt\">O v\u00eddeo a seguir mostra o desenvolvimento de um besouro.<\/span><\/p>\n<p><iframe loading=\"lazy\" title=\"O incr\u00edvel processo de evolu\u00e7\u00e3o do besouro &#039;Dynastes hercules&#039;.\" width=\"900\" height=\"506\" src=\"https:\/\/www.youtube.com\/embed\/5DAgga4KVSQ?feature=oembed\" frameborder=\"0\" allow=\"accelerometer; autoplay; clipboard-write; encrypted-media; gyroscope; picture-in-picture\" allowfullscreen><\/iframe><\/p>\n<p style=\"text-align: center\"><span style=\"font-size: 18pt\">Rola-bosta (Scarabaeinae)<\/span><\/p>\n<div id=\"attachment_339\" style=\"width: 360px\" class=\"wp-caption aligncenter\"><img loading=\"lazy\" decoding=\"async\" aria-describedby=\"caption-attachment-339\" class=\"wp-image-339\" src=\"https:\/\/www3.unicentro.br\/museuinterativo\/wp-content\/uploads\/sites\/98\/2020\/11\/rola-bozo-282x300.jpg\" alt=\"\" width=\"350\" height=\"372\" srcset=\"https:\/\/www3.unicentro.br\/museuinterativo\/wp-content\/uploads\/sites\/98\/2020\/11\/rola-bozo-282x300.jpg 282w, https:\/\/www3.unicentro.br\/museuinterativo\/wp-content\/uploads\/sites\/98\/2020\/11\/rola-bozo-255x271.jpg 255w, https:\/\/www3.unicentro.br\/museuinterativo\/wp-content\/uploads\/sites\/98\/2020\/11\/rola-bozo.jpg 414w\" sizes=\"auto, (max-width: 350px) 100vw, 350px\" \/><p id=\"caption-attachment-339\" class=\"wp-caption-text\">Imagem 2: Besouro do esterco t\u00edpico. Cr\u00e9dito: Wikimedia commons.<\/p><\/div>\n<audio class=\"wp-audio-shortcode\" id=\"audio-301-2\" preload=\"none\" style=\"width: 100%;\" controls=\"controls\"><source type=\"audio\/wav\" src=\"https:\/\/www3.unicentro.br\/museuinterativo\/wp-content\/uploads\/sites\/98\/2020\/12\/Rola-Bosta.wav?_=2\" \/><a href=\"https:\/\/www3.unicentro.br\/museuinterativo\/wp-content\/uploads\/sites\/98\/2020\/12\/Rola-Bosta.wav\">https:\/\/www3.unicentro.br\/museuinterativo\/wp-content\/uploads\/sites\/98\/2020\/12\/Rola-Bosta.wav<\/a><\/audio>\n<p style=\"text-align: justify\"><span style=\"font-size: 14pt\">O besouro Rola-Bosta transporta fezes de mam\u00edferos em ninhos ou em galerias cavadas por ele pr\u00f3prio a fim de utilizar a massa org\u00e2nica para nidifica\u00e7\u00e3o e alimenta\u00e7\u00e3o de lavar e adultos. <\/span><\/p>\n<p style=\"text-align: justify\"><span style=\"font-size: 14pt\">O v\u00eddeo a seguir fala um pouco mais sobre o besouro Rola-bosta.<\/span><\/p>\n<p><iframe loading=\"lazy\" title=\"Besouro do Esterco, Besouro Rola bosta\" width=\"900\" height=\"506\" src=\"https:\/\/www.youtube.com\/embed\/iN5_JXTF25E?feature=oembed\" frameborder=\"0\" allow=\"accelerometer; autoplay; clipboard-write; encrypted-media; gyroscope; picture-in-picture\" allowfullscreen><\/iframe><\/p>\n<p style=\"text-align: center\"><span style=\"font-size: 18pt\">Serra-pau (Cerambycidae)<\/span><\/p>\n<div id=\"attachment_340\" style=\"width: 424px\" class=\"wp-caption aligncenter\"><img loading=\"lazy\" decoding=\"async\" aria-describedby=\"caption-attachment-340\" class=\"wp-image-340 \" src=\"https:\/\/www3.unicentro.br\/museuinterativo\/wp-content\/uploads\/sites\/98\/2020\/11\/serra-pau-300x226.jpg\" alt=\"\" width=\"414\" height=\"312\" srcset=\"https:\/\/www3.unicentro.br\/museuinterativo\/wp-content\/uploads\/sites\/98\/2020\/11\/serra-pau-300x226.jpg 300w, https:\/\/www3.unicentro.br\/museuinterativo\/wp-content\/uploads\/sites\/98\/2020\/11\/serra-pau-768x578.jpg 768w, https:\/\/www3.unicentro.br\/museuinterativo\/wp-content\/uploads\/sites\/98\/2020\/11\/serra-pau-400x300.jpg 400w, https:\/\/www3.unicentro.br\/museuinterativo\/wp-content\/uploads\/sites\/98\/2020\/11\/serra-pau-255x192.jpg 255w, https:\/\/www3.unicentro.br\/museuinterativo\/wp-content\/uploads\/sites\/98\/2020\/11\/serra-pau.jpg 793w\" sizes=\"auto, (max-width: 414px) 100vw, 414px\" \/><p id=\"caption-attachment-340\" class=\"wp-caption-text\">Imagem 3: Besouro Serra-Pau da esp\u00e9cie <em>Retrachydes thoracicus<\/em>. Cr\u00e9dito: Wikimedia commons.<\/p><\/div>\n<audio class=\"wp-audio-shortcode\" id=\"audio-301-3\" preload=\"none\" style=\"width: 100%;\" controls=\"controls\"><source type=\"audio\/wav\" src=\"https:\/\/www3.unicentro.br\/museuinterativo\/wp-content\/uploads\/sites\/98\/2020\/12\/Serra-pau.wav?_=3\" \/><a href=\"https:\/\/www3.unicentro.br\/museuinterativo\/wp-content\/uploads\/sites\/98\/2020\/12\/Serra-pau.wav\">https:\/\/www3.unicentro.br\/museuinterativo\/wp-content\/uploads\/sites\/98\/2020\/12\/Serra-pau.wav<\/a><\/audio>\n<p style=\"text-align: justify\"><span style=\"font-size: 14pt\">O Besouro Serra-pau, como o nome indica, \u00e9 famoso por \u201cserrar\u201d galhos de \u00e1rvores, por\u00e9m, ele n\u00e3o faz isso para se alimentar do galho, j\u00e1 que ele se alimenta principalmente da casca verde na ponta dos galhos, eles na verdade \u201cserram\u201d a madeira para depositar os seus ovos e ent\u00e3o as larvas se desenvolvem e se alimentam do lenho da \u00e1rvore. <\/span><\/p>\n<p style=\"text-align: justify\"><span style=\"font-size: 14pt\">O v\u00eddeo a seguir fala sobre alguns problemas que o Serra-pau pode trazer para o ser humano.<\/span><\/p>\n<p><iframe loading=\"lazy\" title=\"Serra-Pau. Uma praga nas \u00e1rvores frut\u00edferas (A tree cutter insect. A plague on fruit trees)\" width=\"900\" height=\"506\" src=\"https:\/\/www.youtube.com\/embed\/s1hmq3Kfa4o?feature=oembed\" frameborder=\"0\" allow=\"accelerometer; autoplay; clipboard-write; encrypted-media; gyroscope; picture-in-picture\" allowfullscreen><\/iframe><\/p>\n<p>&nbsp;<\/p>\n<p>&nbsp;<\/p>\n<p><span style=\"font-size: 14pt\">Fontes:<\/span><\/p>\n<p><span style=\"font-size: 14pt\">Imagem 1. Wikimedia commons, dispon\u00edvel em: <a href=\"https:\/\/commons.wikimedia.org\/wiki\/File:Coleoptera_collage.png\">https:\/\/commons.wikimedia.org\/wiki\/File:Coleoptera_collage.png<\/a>.<\/span><\/p>\n<p><span style=\"font-size: 14pt\">Imagem 2. Wikimedia commons, dispon\u00edvel em: <a href=\"https:\/\/commons.wikimedia.org\/wiki\/File:Epirinus_validus_000916-2.jpg\">https:\/\/commons.wikimedia.org\/wiki\/File:Epirinus_validus_000916-2.jpg<\/a>.<\/span><\/p>\n<p><span style=\"font-size: 14pt\">Imagem 3. Wikimedia commons, dispon\u00edvel em: <a href=\"https:\/\/en.wikipedia.org\/wiki\/File:Cerambycidae_-_Retrachydes_thoracicus.JPG\">https:\/\/en.wikipedia.org\/wiki\/File:Cerambycidae_-_Retrachydes_thoracicus.JPG<\/a>.<\/span><\/p>\n<p><span style=\"font-size: 14pt\">Darwinianas, O que voc\u00ea sabe sobre os besouros Rola-bosta?, dispon\u00edvel em: <a href=\"https:\/\/darwinianas.com\/2017\/07\/11\/o-que-voce-sabe-sobre-os-besouros-rola-bostas\/\">https:\/\/darwinianas.com\/2017\/07\/11\/o-que-voce-sabe-sobre-os-besouros-rola-bostas\/<\/a>.<\/span><\/p>\n<p><span style=\"font-size: 14pt\">Embrapa. Ordem Coleoptera, dispon\u00edvel em: <a href=\"https:\/\/www.embrapa.br\/cerrados\/colecao-entomologica\/coleoptera.\">https:\/\/www.embrapa.br\/cerrados\/colecao-entomologica\/coleoptera.<\/a><\/span><\/p>\n<p><span style=\"font-size: 14pt\">G1, Serra-pau, dispon\u00edvel em:<a href=\"http:\/\/faunaeflora.terradagente.g1.globo.com\/fauna\/invertebrados\/NOT,0,0,1223029,Serra-pau.aspx\"> http:\/\/faunaeflora.terradagente.g1.globo.com\/fauna\/invertebrados\/NOT,0,0,1223029,Serra-pau.aspx<\/a>.<\/span><\/p>\n<p>&nbsp;<\/p>\n<p><span style=\"font-size: 14pt\"><strong>Acad\u00eamicos respons\u00e1veis:\u00a0<\/strong>Alexsandra de Lima Klates; Aline Noga; Fabiana Polidorio dos Santos; Isac marcelo Gon\u00e7alves da Silva; Pedro Augusto Gon\u00e7alves Tilp.<\/span><\/p>\n","protected":false},"excerpt":{"rendered":"<p>Besouros (Coleoptera) O nome dessa ordem, Coleoptera, faz alus\u00e3o as asas anteriores desses insetos que s\u00e3o duras, de origem grega a koleos significa estojo e peteron significa asas. S\u00e3o comumente conhecidos como besouros e a maios parte das esp\u00e9cies s\u00e3o fit\u00f3fagas, ou seja, se alimentam de plantas (ra\u00edzes, folhas, flores, frutos e gr\u00e3os de p\u00f3lens), [&hellip;]<\/p>\n","protected":false},"author":297,"featured_media":0,"parent":0,"menu_order":0,"comment_status":"closed","ping_status":"closed","template":"","meta":{"_exactmetrics_skip_tracking":false,"_exactmetrics_sitenote_active":false,"_exactmetrics_sitenote_note":"","_exactmetrics_sitenote_category":0,"footnotes":"","_links_to":"","_links_to_target":""},"class_list":["post-301","page","type-page","status-publish","hentry"],"_links":{"self":[{"href":"https:\/\/www3.unicentro.br\/museuinterativo\/wp-json\/wp\/v2\/pages\/301","targetHints":{"allow":["GET"]}}],"collection":[{"href":"https:\/\/www3.unicentro.br\/museuinterativo\/wp-json\/wp\/v2\/pages"}],"about":[{"href":"https:\/\/www3.unicentro.br\/museuinterativo\/wp-json\/wp\/v2\/types\/page"}],"author":[{"embeddable":true,"href":"https:\/\/www3.unicentro.br\/museuinterativo\/wp-json\/wp\/v2\/users\/297"}],"replies":[{"embeddable":true,"href":"https:\/\/www3.unicentro.br\/museuinterativo\/wp-json\/wp\/v2\/comments?post=301"}],"version-history":[{"count":0,"href":"https:\/\/www3.unicentro.br\/museuinterativo\/wp-json\/wp\/v2\/pages\/301\/revisions"}],"wp:attachment":[{"href":"https:\/\/www3.unicentro.br\/museuinterativo\/wp-json\/wp\/v2\/media?parent=301"}],"curies":[{"name":"wp","href":"https:\/\/api.w.org\/{rel}","templated":true}]}}