{"id":236,"date":"2020-11-05T18:44:01","date_gmt":"2020-11-05T21:44:01","guid":{"rendered":"https:\/\/www3.unicentro.br\/museuinterativo\/?page_id=236"},"modified":"2020-12-14T19:08:03","modified_gmt":"2020-12-14T22:08:03","slug":"qrcode7","status":"publish","type":"page","link":"https:\/\/www3.unicentro.br\/museuinterativo\/qrcode7\/","title":{"rendered":"Equinodermos"},"content":{"rendered":"<audio class=\"wp-audio-shortcode\" id=\"audio-236-1\" preload=\"none\" style=\"width: 100%;\" controls=\"controls\"><source type=\"audio\/mpeg\" src=\"https:\/\/www3.unicentro.br\/museuinterativo\/wp-content\/uploads\/sites\/98\/2020\/12\/equinodermos.mp3?_=1\" \/><a href=\"https:\/\/www3.unicentro.br\/museuinterativo\/wp-content\/uploads\/sites\/98\/2020\/12\/equinodermos.mp3\">https:\/\/www3.unicentro.br\/museuinterativo\/wp-content\/uploads\/sites\/98\/2020\/12\/equinodermos.mp3<\/a><\/audio>\n<p style=\"text-align: center\"><span style=\"font-family: helvetica, arial, sans-serif;font-size: 14pt;color: #000000\"><b>EQUINODERMOS<\/b><\/span><\/p>\n<p style=\"text-align: justify\"><span style=\"color: #000000\"><span style=\"font-family: helvetica, arial, sans-serif;font-size: 14pt\">Existem cinco classes no <\/span><strong style=\"font-family: helvetica, arial, sans-serif;font-size: 14pt\">filo\u00a0<\/strong><em style=\"font-family: helvetica, arial, sans-serif;font-size: 14pt\"><strong>Echinodermata<\/strong><\/em><span style=\"font-family: helvetica, arial, sans-serif;font-size: 14pt\">:\u00a0<\/span><\/span><\/p>\n<ul>\n<li style=\"text-align: justify\"><span style=\"font-family: helvetica, arial, sans-serif;font-size: 14pt;color: #000000\"><em>Crinoidea<\/em> (l\u00edrios-do-mar)<\/span><\/li>\n<li><span style=\"color: #000000\"><em><span style=\"font-family: helvetica, arial, sans-serif;font-size: 14pt\">Asteroidea <\/span><\/em><span style=\"font-family: helvetica, arial, sans-serif;font-size: 14pt\">(<\/span><span style=\"font-family: helvetica, arial, sans-serif;font-size: 14pt\">estrelas-do-mar)<\/span><\/span><\/li>\n<li><span style=\"color: #000000\"><em><span style=\"font-family: helvetica, arial, sans-serif;font-size: 14pt\">Ophiuroidea <\/span><\/em><span style=\"font-family: helvetica, arial, sans-serif;font-size: 14pt\">(serpentes do mar)<\/span><\/span><\/li>\n<li style=\"text-align: justify\"><span style=\"font-family: helvetica, arial, sans-serif;font-size: 14pt;color: #000000\"><em>Echinoidea<\/em> (ouri\u00e7os-do-mar e bolacha-de-praia)<\/span><\/li>\n<li style=\"text-align: justify\"><span style=\"font-family: helvetica, arial, sans-serif;font-size: 14pt;color: #000000\"><em>Holothuroidea<\/em> (pepinos do mar)<\/span><\/li>\n<\/ul>\n<p>&nbsp;<\/p>\n<p style=\"text-align: center\"><span style=\"font-family: helvetica, arial, sans-serif;font-size: 14pt;color: #000000\"><strong>Classe Crinoidea <\/strong><strong>(bolacha do mar)<\/strong><\/span><\/p>\n<div id=\"attachment_242\" style=\"width: 415px\" class=\"wp-caption aligncenter\"><img loading=\"lazy\" decoding=\"async\" aria-describedby=\"caption-attachment-242\" class=\"wp-image-242\" src=\"https:\/\/www3.unicentro.br\/museuinterativo\/wp-content\/uploads\/sites\/98\/2020\/11\/classe1.jpg\" alt=\"\" width=\"405\" height=\"269\" srcset=\"https:\/\/www3.unicentro.br\/museuinterativo\/wp-content\/uploads\/sites\/98\/2020\/11\/classe1.jpg 275w, https:\/\/www3.unicentro.br\/museuinterativo\/wp-content\/uploads\/sites\/98\/2020\/11\/classe1-255x170.jpg 255w\" sizes=\"auto, (max-width: 405px) 100vw, 405px\" \/><p id=\"caption-attachment-242\" class=\"wp-caption-text\"><span style=\"font-family: helvetica, arial, sans-serif;font-size: 12pt\">Figura 1: l\u00edrio-do-mar. Fonte: &lt;https:\/\/essaseoutras.com.br\/tudo-sobre-lirios-do-mar-estrutura-alimentos-extincao-fotos\/lirios-de-mar\/&gt;<\/span><\/p><\/div>\n<p>&nbsp;<\/p>\n<p style=\"background: white;margin: 0cm 0cm 11.25pt;text-align: justify\"><span style=\"color: #000000\"><span style=\"font-family: helvetica, arial, sans-serif;font-size: 14pt\">Representada pelos l\u00edrios-do-mar, animais de bra\u00e7os ramificados <\/span><span style=\"font-family: helvetica, arial, sans-serif;font-size: 14pt\">e bastante brilhantes. Vivem em locais mais profundos, inclusive na regi\u00e3o abissal, fixados por ped\u00fanculo ao solo ou a recifes. Alimentam-se de pl\u00e2ncton microsc\u00f3pico e detritos.<\/span><\/span><\/p>\n<p>&nbsp;<\/p>\n<p style=\"text-align: center\"><span style=\"font-family: helvetica, arial, sans-serif;font-size: 14pt;color: #000000\"><strong>Classe Asteroidea<\/strong><\/span><\/p>\n<div id=\"attachment_245\" style=\"width: 429px\" class=\"wp-caption aligncenter\"><img loading=\"lazy\" decoding=\"async\" aria-describedby=\"caption-attachment-245\" class=\"wp-image-245\" src=\"https:\/\/www3.unicentro.br\/museuinterativo\/wp-content\/uploads\/sites\/98\/2020\/11\/estrela-1-300x200.jpg\" alt=\"\" width=\"419\" height=\"279\" srcset=\"https:\/\/www3.unicentro.br\/museuinterativo\/wp-content\/uploads\/sites\/98\/2020\/11\/estrela-1-300x200.jpg 300w, https:\/\/www3.unicentro.br\/museuinterativo\/wp-content\/uploads\/sites\/98\/2020\/11\/estrela-1-255x170.jpg 255w, https:\/\/www3.unicentro.br\/museuinterativo\/wp-content\/uploads\/sites\/98\/2020\/11\/estrela-1.jpg 408w\" sizes=\"auto, (max-width: 419px) 100vw, 419px\" \/><p id=\"caption-attachment-245\" class=\"wp-caption-text\"><span style=\"font-family: helvetica, arial, sans-serif;font-size: 12pt\">Figura 2: estrela-do-mar. Fonte: &lt;https:\/\/d3uyk7qgi7fgpo.cloudfront.net\/lms\/modules\/materials\/Animalia%20-%20artr%C3%B3podes%20e%20equinodermos-d8e222123e8c529841706120565bc130.pdf&gt;<\/span><\/p><\/div>\n<p>&nbsp;<\/p>\n<p style=\"background: white;margin: 0cm 0cm 11.25pt;text-align: justify\"><span style=\"color: #000000;font-family: helvetica, arial, sans-serif;font-size: 14pt\">Representada pelas estrelas-do-mar, habitantes de costas marinhas, praias e rochas. Possuem, geralmente, cinco bra\u00e7os, sendo que estes n\u00e3o partem de um disco central. S\u00e3o carn\u00edvoras e necr\u00f3fagas.<\/span><\/p>\n<p>&nbsp;<\/p>\n<p style=\"margin: 0cm 0cm 0.0001pt;background: white;text-align: center\" align=\"center\"><span style=\"font-family: helvetica, arial, sans-serif;font-size: 14pt;color: #000000\"><strong>Classe Ophiuroidea<\/strong><b><\/b><\/span><\/p>\n<div id=\"attachment_244\" style=\"width: 504px\" class=\"wp-caption aligncenter\"><img loading=\"lazy\" decoding=\"async\" aria-describedby=\"caption-attachment-244\" class=\"wp-image-244\" src=\"https:\/\/www3.unicentro.br\/museuinterativo\/wp-content\/uploads\/sites\/98\/2020\/11\/ofiuro.jpg\" alt=\"\" width=\"494\" height=\"329\" srcset=\"https:\/\/www3.unicentro.br\/museuinterativo\/wp-content\/uploads\/sites\/98\/2020\/11\/ofiuro.jpg 275w, https:\/\/www3.unicentro.br\/museuinterativo\/wp-content\/uploads\/sites\/98\/2020\/11\/ofiuro-255x170.jpg 255w\" sizes=\"auto, (max-width: 494px) 100vw, 494px\" \/><p id=\"caption-attachment-244\" class=\"wp-caption-text\"><span style=\"font-family: helvetica, arial, sans-serif;font-size: 12pt\">Figura 3: serpente-do-mar. Fonte: &lt;https:\/\/d3uyk7qgi7fgpo.cloudfront.net\/lms\/modules\/materials\/Animalia%20-%20artr%C3%B3podes%20e%20equinodermos-d8e222123e8c529841706120565bc130.pdf&gt;<\/span><\/p><\/div>\n<p>&nbsp;<\/p>\n<p style=\"margin: 0cm 0cm 0.0001pt;background: white;text-align: justify\"><span style=\"color: #000000;font-family: helvetica, arial, sans-serif;font-size: 14pt\">Representada pelas serpentes-do-mar: animais noturnos que, durante o dia, se enterram no substrato ou se escondem sob pedras ou plantas. S\u00e3o parecidos com as estrelas-do-mar, mas seus bra\u00e7os s\u00e3o mais longos, esguios e articulados, e partem do disco central. S\u00e3o raspadores e necr\u00f3fagos.<\/span><\/p>\n<p>&nbsp;<\/p>\n<p style=\"text-align: center\"><span style=\"font-family: helvetica, arial, sans-serif;font-size: 14pt;color: #000000\"><strong>Classe Echinoidea<\/strong><\/span><\/p>\n<div id=\"attachment_246\" style=\"width: 336px\" class=\"wp-caption aligncenter\"><img loading=\"lazy\" decoding=\"async\" aria-describedby=\"caption-attachment-246\" class=\"wp-image-246\" src=\"https:\/\/www3.unicentro.br\/museuinterativo\/wp-content\/uploads\/sites\/98\/2020\/11\/ourico.jpg\" alt=\"\" width=\"326\" height=\"322\" srcset=\"https:\/\/www3.unicentro.br\/museuinterativo\/wp-content\/uploads\/sites\/98\/2020\/11\/ourico.jpg 226w, https:\/\/www3.unicentro.br\/museuinterativo\/wp-content\/uploads\/sites\/98\/2020\/11\/ourico-50x50.jpg 50w, https:\/\/www3.unicentro.br\/museuinterativo\/wp-content\/uploads\/sites\/98\/2020\/11\/ourico-80x80.jpg 80w, https:\/\/www3.unicentro.br\/museuinterativo\/wp-content\/uploads\/sites\/98\/2020\/11\/ourico-100x100.jpg 100w\" sizes=\"auto, (max-width: 326px) 100vw, 326px\" \/><p id=\"caption-attachment-246\" class=\"wp-caption-text\"><span style=\"font-family: helvetica, arial, sans-serif;font-size: 12pt\">Figura 4: ouri\u00e7o-do-mar. Fonte: &lt;https:\/\/www.msdmanuals.com\/pt-pt\/casa\/les%C3%B5es-e-envenenamentos\/mordidas-e-picadas\/picadas-de-ouri%C3%A7os-do-mar&gt;<\/span><\/p><\/div>\n<p>&nbsp;<\/p>\n<div id=\"attachment_247\" style=\"width: 453px\" class=\"wp-caption aligncenter\"><img loading=\"lazy\" decoding=\"async\" aria-describedby=\"caption-attachment-247\" class=\"wp-image-247\" src=\"https:\/\/www3.unicentro.br\/museuinterativo\/wp-content\/uploads\/sites\/98\/2020\/11\/ourico2-300x200.jpg\" alt=\"\" width=\"443\" height=\"295\" srcset=\"https:\/\/www3.unicentro.br\/museuinterativo\/wp-content\/uploads\/sites\/98\/2020\/11\/ourico2-300x200.jpg 300w, https:\/\/www3.unicentro.br\/museuinterativo\/wp-content\/uploads\/sites\/98\/2020\/11\/ourico2-255x170.jpg 255w, https:\/\/www3.unicentro.br\/museuinterativo\/wp-content\/uploads\/sites\/98\/2020\/11\/ourico2.jpg 600w\" sizes=\"auto, (max-width: 443px) 100vw, 443px\" \/><p id=\"caption-attachment-247\" class=\"wp-caption-text\"><span style=\"font-family: helvetica, arial, sans-serif;font-size: 12pt\">Figura 5: ouri\u00e7o-do-mar.\u00a0 Fonte: &lt;https:\/\/br.depositphotos.com\/stock-photos\/ouri%C3%A7o-do-mar-morto.html&gt;<\/span><\/p><\/div>\n<p>&nbsp;<\/p>\n<div id=\"attachment_249\" style=\"width: 431px\" class=\"wp-caption aligncenter\"><img loading=\"lazy\" decoding=\"async\" aria-describedby=\"caption-attachment-249\" class=\"wp-image-249\" src=\"https:\/\/www3.unicentro.br\/museuinterativo\/wp-content\/uploads\/sites\/98\/2020\/11\/bolacha-300x194.png\" alt=\"\" width=\"421\" height=\"272\" srcset=\"https:\/\/www3.unicentro.br\/museuinterativo\/wp-content\/uploads\/sites\/98\/2020\/11\/bolacha-300x194.png 300w, https:\/\/www3.unicentro.br\/museuinterativo\/wp-content\/uploads\/sites\/98\/2020\/11\/bolacha-139x89.png 139w, https:\/\/www3.unicentro.br\/museuinterativo\/wp-content\/uploads\/sites\/98\/2020\/11\/bolacha-255x165.png 255w, https:\/\/www3.unicentro.br\/museuinterativo\/wp-content\/uploads\/sites\/98\/2020\/11\/bolacha.png 388w\" sizes=\"auto, (max-width: 421px) 100vw, 421px\" \/><p id=\"caption-attachment-249\" class=\"wp-caption-text\"><span style=\"font-family: helvetica, arial, sans-serif;font-size: 12pt\">Figura 6: bolacha-de-praia. Fonte &lt;https:\/\/d3uyk7qgi7fgpo.cloudfront.net\/lms\/modules\/materials\/Animalia%20-%20artr%C3%B3podes%20e%20equinodermos-d8e222123e8c529841706120565bc130.pdf&gt;<\/span><\/p><\/div>\n<p>&nbsp;<\/p>\n<p style=\"text-align: justify\"><span style=\"font-family: helvetica, arial, sans-serif;font-size: 14pt;color: #000000\">Animais de corpo arredondado, sem bra\u00e7os, com espinhos m\u00f3veis e delgados: bolacha-de-praia e ouri\u00e7o-do-mar. Os primeiros se alimentam de part\u00edculas org\u00e2nicas; os ouri\u00e7os, de plantas marinhas e part\u00edculas org\u00e2nicas, e vivem em fendas de rochas circundadas pela \u00e1gua do mar. Possuem menor capacidade de regenera\u00e7\u00e3o.<\/span><\/p>\n<p>&nbsp;<\/p>\n<p style=\"margin: 0cm 0cm 0.0001pt;background: white;text-align: center\" align=\"center\"><span style=\"font-family: helvetica, arial, sans-serif;font-size: 14pt;color: #000000\"><strong>Classe Holothuroidea<\/strong><\/span><\/p>\n<div id=\"attachment_248\" style=\"width: 436px\" class=\"wp-caption aligncenter\"><img loading=\"lazy\" decoding=\"async\" aria-describedby=\"caption-attachment-248\" class=\"wp-image-248\" src=\"https:\/\/www3.unicentro.br\/museuinterativo\/wp-content\/uploads\/sites\/98\/2020\/11\/pepino-300x191.png\" alt=\"\" width=\"426\" height=\"271\" srcset=\"https:\/\/www3.unicentro.br\/museuinterativo\/wp-content\/uploads\/sites\/98\/2020\/11\/pepino-300x191.png 300w, https:\/\/www3.unicentro.br\/museuinterativo\/wp-content\/uploads\/sites\/98\/2020\/11\/pepino-139x89.png 139w, https:\/\/www3.unicentro.br\/museuinterativo\/wp-content\/uploads\/sites\/98\/2020\/11\/pepino-278x178.png 278w, https:\/\/www3.unicentro.br\/museuinterativo\/wp-content\/uploads\/sites\/98\/2020\/11\/pepino-255x162.png 255w, https:\/\/www3.unicentro.br\/museuinterativo\/wp-content\/uploads\/sites\/98\/2020\/11\/pepino.png 308w\" sizes=\"auto, (max-width: 426px) 100vw, 426px\" \/><p id=\"caption-attachment-248\" class=\"wp-caption-text\"><span style=\"font-family: helvetica, arial, sans-serif;font-size: 12pt\">Figura 7: pepino-do-mar. Fonte: &lt;https:\/\/d3uyk7qgi7fgpo.cloudfront.net\/lms\/modules\/materials\/Animalia%20-%20artr%C3%B3podes%20e%20equinodermos-d8e222123e8c529841706120565bc130.pdf&gt;<\/span><\/p><\/div>\n<p>&nbsp;<\/p>\n<p style=\"background: white;margin: 0cm 0cm 11.25pt;text-align: justify\"><span style=\"color: #000000;font-family: helvetica, arial, sans-serif;font-size: 14pt\">Representada pelos pepinos-do-mar, indiv\u00edduos de corpo alongado e mole,\u00a0em raz\u00e3o da\u00a0aus\u00eancia de carapa\u00e7a. Vivem, geralmente, enterrados. S\u00e3o comensais e parasitas de algumas esp\u00e9cies de anel\u00eddeos, caranguejos e peixes.<\/span><\/p>\n<p style=\"text-align: justify\"><span style=\"font-family: helvetica, arial, sans-serif;font-size: 14pt;color: #000000\">No mundo inteiro temos aproximadamente 6000 esp\u00e9cies diferentes dos equinodermatas, divididas entre as classes descritas anteriormente.<\/span><\/p>\n<p style=\"text-align: justify\"><span style=\"font-family: helvetica, arial, sans-serif;font-size: 14pt;color: #000000\">Alguns desses animais est\u00e3o em perigo de extin\u00e7\u00e3o, al\u00e9m da polui\u00e7\u00e3o desenfreada que compromete a alimenta\u00e7\u00e3o e reprodu\u00e7\u00e3o eles tamb\u00e9m sofrem com a coleta e venda de lembran\u00e7as nos litorais.<\/span><\/p>\n<p style=\"text-align: justify\"><span style=\"font-family: helvetica, arial, sans-serif;font-size: 14pt;color: #000000\"><strong>Acad\u00eamicos respons\u00e1veis:<\/strong> Douglas Rocha, Felipe Martins, Fernanda Gurgel Matakas, Karoline Troc Pires, Tamiris Loures.<\/span><\/p>\n","protected":false},"excerpt":{"rendered":"<p>EQUINODERMOS Existem cinco classes no filo\u00a0Echinodermata:\u00a0 Crinoidea (l\u00edrios-do-mar) Asteroidea (estrelas-do-mar) Ophiuroidea (serpentes do mar) Echinoidea (ouri\u00e7os-do-mar e bolacha-de-praia) Holothuroidea (pepinos do mar) &nbsp; Classe Crinoidea (bolacha do mar) &nbsp; Representada pelos l\u00edrios-do-mar, animais de bra\u00e7os ramificados e bastante brilhantes. Vivem em locais mais profundos, inclusive na regi\u00e3o abissal, fixados por ped\u00fanculo ao solo ou a [&hellip;]<\/p>\n","protected":false},"author":299,"featured_media":0,"parent":0,"menu_order":0,"comment_status":"closed","ping_status":"closed","template":"","meta":{"_exactmetrics_skip_tracking":false,"_exactmetrics_sitenote_active":false,"_exactmetrics_sitenote_note":"","_exactmetrics_sitenote_category":0,"footnotes":"","_links_to":"","_links_to_target":""},"class_list":["post-236","page","type-page","status-publish","hentry"],"_links":{"self":[{"href":"https:\/\/www3.unicentro.br\/museuinterativo\/wp-json\/wp\/v2\/pages\/236","targetHints":{"allow":["GET"]}}],"collection":[{"href":"https:\/\/www3.unicentro.br\/museuinterativo\/wp-json\/wp\/v2\/pages"}],"about":[{"href":"https:\/\/www3.unicentro.br\/museuinterativo\/wp-json\/wp\/v2\/types\/page"}],"author":[{"embeddable":true,"href":"https:\/\/www3.unicentro.br\/museuinterativo\/wp-json\/wp\/v2\/users\/299"}],"replies":[{"embeddable":true,"href":"https:\/\/www3.unicentro.br\/museuinterativo\/wp-json\/wp\/v2\/comments?post=236"}],"version-history":[{"count":0,"href":"https:\/\/www3.unicentro.br\/museuinterativo\/wp-json\/wp\/v2\/pages\/236\/revisions"}],"wp:attachment":[{"href":"https:\/\/www3.unicentro.br\/museuinterativo\/wp-json\/wp\/v2\/media?parent=236"}],"curies":[{"name":"wp","href":"https:\/\/api.w.org\/{rel}","templated":true}]}}