{"id":229,"date":"2020-11-05T18:09:48","date_gmt":"2020-11-05T21:09:48","guid":{"rendered":"https:\/\/www3.unicentro.br\/museuinterativo\/?page_id=229"},"modified":"2020-12-02T17:39:20","modified_gmt":"2020-12-02T20:39:20","slug":"qrcode6","status":"publish","type":"page","link":"https:\/\/www3.unicentro.br\/museuinterativo\/qrcode6\/","title":{"rendered":"Jubarte"},"content":{"rendered":"<audio class=\"wp-audio-shortcode\" id=\"audio-229-1\" preload=\"none\" style=\"width: 100%;\" controls=\"controls\"><source type=\"audio\/mpeg\" src=\"https:\/\/www3.unicentro.br\/museuinterativo\/wp-content\/uploads\/sites\/98\/2020\/12\/jubarte.mp3?_=1\" \/><a href=\"https:\/\/www3.unicentro.br\/museuinterativo\/wp-content\/uploads\/sites\/98\/2020\/12\/jubarte.mp3\">https:\/\/www3.unicentro.br\/museuinterativo\/wp-content\/uploads\/sites\/98\/2020\/12\/jubarte.mp3<\/a><\/audio>\n<p style=\"text-align: center\"><span style=\"font-family: helvetica, arial, sans-serif;font-size: 14pt;color: #000000\"><strong>BALEIA JUBARTE<\/strong><\/span><\/p>\n<p>&nbsp;<\/p>\n<div id=\"attachment_231\" style=\"width: 600px\" class=\"wp-caption aligncenter\"><img loading=\"lazy\" decoding=\"async\" aria-describedby=\"caption-attachment-231\" class=\"wp-image-231\" src=\"https:\/\/www3.unicentro.br\/museuinterativo\/wp-content\/uploads\/sites\/98\/2020\/11\/jubarte.jpg\" alt=\"\" width=\"590\" height=\"393\" srcset=\"https:\/\/www3.unicentro.br\/museuinterativo\/wp-content\/uploads\/sites\/98\/2020\/11\/jubarte.jpg 275w, https:\/\/www3.unicentro.br\/museuinterativo\/wp-content\/uploads\/sites\/98\/2020\/11\/jubarte-255x170.jpg 255w\" sizes=\"auto, (max-width: 590px) 100vw, 590px\" \/><p id=\"caption-attachment-231\" class=\"wp-caption-text\"><span style=\"font-family: helvetica, arial, sans-serif;font-size: 12pt\">Figura 1: baleia jubarte. Fonte: &lt;https:\/\/super.abril.com.br\/ciencia\/o-curioso-caso-da-baleia-jubarte-encontrada-em-uma-mata-no-para\/&gt;<\/span><\/p><\/div>\n<p>&nbsp;<\/p>\n<p><span style=\"font-family: helvetica, arial, sans-serif;font-size: 14pt;color: #000000\">A baleia Jubarte (<em>Megaptera novaeangliae<\/em>) tamb\u00e9m \u00e9 conhecida como baleia-corcunda ou baleia- cantora. Um mam\u00edfero que ocorre na maioria dos oceanos.<\/span><\/p>\n<p>&nbsp;<\/p>\n<div id=\"attachment_230\" style=\"width: 599px\" class=\"wp-caption aligncenter\"><img loading=\"lazy\" decoding=\"async\" aria-describedby=\"caption-attachment-230\" class=\"wp-image-230\" src=\"https:\/\/www3.unicentro.br\/museuinterativo\/wp-content\/uploads\/sites\/98\/2020\/11\/jubarte2.jpg\" alt=\"\" width=\"589\" height=\"335\" srcset=\"https:\/\/www3.unicentro.br\/museuinterativo\/wp-content\/uploads\/sites\/98\/2020\/11\/jubarte2.jpg 297w, https:\/\/www3.unicentro.br\/museuinterativo\/wp-content\/uploads\/sites\/98\/2020\/11\/jubarte2-255x145.jpg 255w\" sizes=\"auto, (max-width: 589px) 100vw, 589px\" \/><p id=\"caption-attachment-230\" class=\"wp-caption-text\"><span style=\"font-family: helvetica, arial, sans-serif;font-size: 12pt\">Figura 2: esqueleto da baleia jubarte. Fonte: &lt;http:\/\/fitosblog.blogspot.com\/2016\/07\/cachalote.html&gt;<\/span><\/p><\/div>\n<p>&nbsp;<\/p>\n<p style=\"text-align: justify\"><span style=\"font-family: helvetica, arial, sans-serif;font-size: 14pt;color: #000000\">Se destaca pelo seu tamanho, chegando a medir 16 metros de comprimento e pesando at\u00e9 40 toneladas. A expectativa de vida desses animais chega a 50 anos.<\/span><\/p>\n<p style=\"text-align: justify\"><span style=\"font-family: helvetica, arial, sans-serif;font-size: 14pt;color: #000000\">Sua pele \u00e9 fina com aproximadamente 1cm de espessura, mas logo abaixo possui uma camada espessa de gordura que serve como um isolante t\u00e9rmico.<\/span><\/p>\n<p style=\"text-align: justify\"><span style=\"font-family: helvetica, arial, sans-serif;font-size: 14pt;color: #000000\">Alimenta-se principalmente de pequenos crust\u00e1ceos como camar\u00e3o, tamb\u00e9m de peixes como sardinhas e anchovas.<\/span><\/p>\n<p style=\"text-align: justify\"><span style=\"font-family: helvetica, arial, sans-serif;font-size: 14pt;color: #000000\">A gesta\u00e7\u00e3o da Jubarte ocorre em 11 meses, gerando apenas um filhote.<\/span><\/p>\n<p>&nbsp;<\/p>\n<div id=\"attachment_232\" style=\"width: 602px\" class=\"wp-caption aligncenter\"><img loading=\"lazy\" decoding=\"async\" aria-describedby=\"caption-attachment-232\" class=\"wp-image-232\" src=\"https:\/\/www3.unicentro.br\/museuinterativo\/wp-content\/uploads\/sites\/98\/2020\/11\/FIOTE-300x113.png\" alt=\"\" width=\"592\" height=\"223\" srcset=\"https:\/\/www3.unicentro.br\/museuinterativo\/wp-content\/uploads\/sites\/98\/2020\/11\/FIOTE-300x113.png 300w, https:\/\/www3.unicentro.br\/museuinterativo\/wp-content\/uploads\/sites\/98\/2020\/11\/FIOTE-255x96.png 255w, https:\/\/www3.unicentro.br\/museuinterativo\/wp-content\/uploads\/sites\/98\/2020\/11\/FIOTE.png 768w\" sizes=\"auto, (max-width: 592px) 100vw, 592px\" \/><p id=\"caption-attachment-232\" class=\"wp-caption-text\"><span style=\"font-family: helvetica, arial, sans-serif;font-size: 12pt\">Figura\u00a0 3: baleia jubarte e filhote. Fonte: &lt;https:\/\/www.tataugadive.com.br\/post\/ciclo-de-vida-das-jubartes&gt;<\/span><\/p><\/div>\n<p>&nbsp;<\/p>\n<p style=\"text-align: center\"><span style=\"font-family: helvetica, arial, sans-serif;font-size: 14pt;color: #000000\"><strong>O CANTO DA JUBARTE<\/strong><\/span><\/p>\n<p style=\"text-align: justify\"><span style=\"font-family: helvetica, arial, sans-serif;font-size: 14pt;color: #000000\">O som emitido pelas baleias serve principalmente para comunica\u00e7\u00e3o e localiza\u00e7\u00e3o,\u00a0 tamb\u00e9m na \u00e9poca e acasalamento e reprodu\u00e7\u00e3o o som \u00e9 usado pelos machos para atrair as f\u00eameas.<\/span><\/p>\n<audio class=\"wp-audio-shortcode\" id=\"audio-229-2\" preload=\"none\" style=\"width: 100%;\" controls=\"controls\"><source type=\"audio\/mpeg\" src=\"https:\/\/www3.unicentro.br\/museuinterativo\/wp-content\/uploads\/sites\/98\/2020\/11\/som_de_baleia-Copia.mp3?_=2\" \/><a href=\"https:\/\/www3.unicentro.br\/museuinterativo\/wp-content\/uploads\/sites\/98\/2020\/11\/som_de_baleia-Copia.mp3\">https:\/\/www3.unicentro.br\/museuinterativo\/wp-content\/uploads\/sites\/98\/2020\/11\/som_de_baleia-Copia.mp3<\/a><\/audio>\n<p>&nbsp;<\/p>\n<p><span style=\"font-family: helvetica, arial, sans-serif;font-size: 14pt;color: #000000\"><strong>Acad\u00eamicos respons\u00e1veis:<\/strong> Douglas Rocha, Felipe Martins, Fernanda Gurgel Matakas, Karoline Troc Pires, Tamiris Loures.<\/span><\/p>\n","protected":false},"excerpt":{"rendered":"<p>BALEIA JUBARTE &nbsp; &nbsp; A baleia Jubarte (Megaptera novaeangliae) tamb\u00e9m \u00e9 conhecida como baleia-corcunda ou baleia- cantora. Um mam\u00edfero que ocorre na maioria dos oceanos. &nbsp; &nbsp; Se destaca pelo seu tamanho, chegando a medir 16 metros de comprimento e pesando at\u00e9 40 toneladas. A expectativa de vida desses animais chega a 50 anos. Sua [&hellip;]<\/p>\n","protected":false},"author":299,"featured_media":0,"parent":0,"menu_order":0,"comment_status":"closed","ping_status":"closed","template":"","meta":{"_exactmetrics_skip_tracking":false,"_exactmetrics_sitenote_active":false,"_exactmetrics_sitenote_note":"","_exactmetrics_sitenote_category":0,"footnotes":"","_links_to":"","_links_to_target":""},"class_list":["post-229","page","type-page","status-publish","hentry"],"_links":{"self":[{"href":"https:\/\/www3.unicentro.br\/museuinterativo\/wp-json\/wp\/v2\/pages\/229","targetHints":{"allow":["GET"]}}],"collection":[{"href":"https:\/\/www3.unicentro.br\/museuinterativo\/wp-json\/wp\/v2\/pages"}],"about":[{"href":"https:\/\/www3.unicentro.br\/museuinterativo\/wp-json\/wp\/v2\/types\/page"}],"author":[{"embeddable":true,"href":"https:\/\/www3.unicentro.br\/museuinterativo\/wp-json\/wp\/v2\/users\/299"}],"replies":[{"embeddable":true,"href":"https:\/\/www3.unicentro.br\/museuinterativo\/wp-json\/wp\/v2\/comments?post=229"}],"version-history":[{"count":0,"href":"https:\/\/www3.unicentro.br\/museuinterativo\/wp-json\/wp\/v2\/pages\/229\/revisions"}],"wp:attachment":[{"href":"https:\/\/www3.unicentro.br\/museuinterativo\/wp-json\/wp\/v2\/media?parent=229"}],"curies":[{"name":"wp","href":"https:\/\/api.w.org\/{rel}","templated":true}]}}