{"id":226,"date":"2020-11-05T17:58:57","date_gmt":"2020-11-05T20:58:57","guid":{"rendered":"https:\/\/www3.unicentro.br\/museuinterativo\/?page_id=226"},"modified":"2020-11-30T23:19:32","modified_gmt":"2020-12-01T02:19:32","slug":"qrcode5","status":"publish","type":"page","link":"https:\/\/www3.unicentro.br\/museuinterativo\/qrcode5\/","title":{"rendered":"Cascos de tartarugas"},"content":{"rendered":"<audio class=\"wp-audio-shortcode\" id=\"audio-226-1\" preload=\"none\" style=\"width: 100%;\" controls=\"controls\"><source type=\"audio\/wav\" src=\"https:\/\/www3.unicentro.br\/museuinterativo\/wp-content\/uploads\/sites\/98\/2020\/11\/cascos.wav?_=1\" \/><a href=\"https:\/\/www3.unicentro.br\/museuinterativo\/wp-content\/uploads\/sites\/98\/2020\/11\/cascos.wav\">https:\/\/www3.unicentro.br\/museuinterativo\/wp-content\/uploads\/sites\/98\/2020\/11\/cascos.wav<\/a><\/audio>\n<p style=\"text-align: center\"><span style=\"font-family: helvetica, arial, sans-serif;font-size: 14pt\"><strong>VOC\u00ca SABIA QUE AS TARTARUGAS N\u00c3O CONSEGUEM SAIR DE SEUS CASCOS?<\/strong><\/span><\/p>\n<p style=\"text-align: justify\"><span style=\"font-family: helvetica, arial, sans-serif;font-size: 14pt\">\u00c9 isso mesmo! Aquela cena que vemos em desenhos animados da tartaruga saindo de seu casco n\u00e3o acontece na vida real. Isso porque o casco \u00e9 uma estrutura \u00f3ssea, ligada ao corpo do animal por membrana. O casco \u00e9 extremamente importante na prote\u00e7\u00e3o. Se retirarmos o casco de uma tartaruga, conseguimos enxergar seus \u00f3rg\u00e3os, ent\u00e3o se n\u00e3o houvesse o casco como uma prote\u00e7\u00e3o, a tartaruga seria uma presa f\u00e1cil.<\/span><\/p>\n<p>&nbsp;<\/p>\n<div id=\"attachment_203\" style=\"width: 411px\" class=\"wp-caption aligncenter\"><img loading=\"lazy\" decoding=\"async\" aria-describedby=\"caption-attachment-203\" class=\"wp-image-203\" src=\"https:\/\/www3.unicentro.br\/museuinterativo\/wp-content\/uploads\/sites\/98\/2020\/11\/esqueleto-300x172.jpg\" alt=\"\" width=\"401\" height=\"230\" srcset=\"https:\/\/www3.unicentro.br\/museuinterativo\/wp-content\/uploads\/sites\/98\/2020\/11\/esqueleto-300x172.jpg 300w, https:\/\/www3.unicentro.br\/museuinterativo\/wp-content\/uploads\/sites\/98\/2020\/11\/esqueleto-255x146.jpg 255w, https:\/\/www3.unicentro.br\/museuinterativo\/wp-content\/uploads\/sites\/98\/2020\/11\/esqueleto.jpg 720w\" sizes=\"auto, (max-width: 401px) 100vw, 401px\" \/><p id=\"caption-attachment-203\" class=\"wp-caption-text\"><span style=\"font-family: helvetica, arial, sans-serif;font-size: 12pt\">Figura 1: esqueleto de uma tartaruga. Fonte: &lt;https:\/\/www.facebook.com\/oficialradiologiaemfoco\/photos\/tartarugas-s%C3%A3o-os-%C3%BAnicos-r%C3%A9pteis-com-cascos-duros-e-%C3%B3sseos-que-funcionam-como-um\/2210657965623435\/&gt;<\/span><\/p><\/div>\n<p>&nbsp;<\/p>\n<p style=\"text-align: justify\"><span style=\"font-family: helvetica, arial, sans-serif;font-size: 14pt\">Essa prote\u00e7\u00e3o funciona t\u00e3o bem que durante o Imp\u00e9rio Romano os soldados faziam a forma\u00e7\u00e3o tartaruga durante batalhas, em que colocavam seus escudos juntos, formando um \u201ccasco\u201d ao redor deles.<\/span><\/p>\n<div id=\"attachment_227\" style=\"width: 473px\" class=\"wp-caption aligncenter\"><img loading=\"lazy\" decoding=\"async\" aria-describedby=\"caption-attachment-227\" class=\"wp-image-227\" src=\"https:\/\/www3.unicentro.br\/museuinterativo\/wp-content\/uploads\/sites\/98\/2020\/11\/aaa-300x202.jpg\" alt=\"\" width=\"463\" height=\"312\" srcset=\"https:\/\/www3.unicentro.br\/museuinterativo\/wp-content\/uploads\/sites\/98\/2020\/11\/aaa-300x202.jpg 300w, https:\/\/www3.unicentro.br\/museuinterativo\/wp-content\/uploads\/sites\/98\/2020\/11\/aaa-255x171.jpg 255w, https:\/\/www3.unicentro.br\/museuinterativo\/wp-content\/uploads\/sites\/98\/2020\/11\/aaa.jpg 396w\" sizes=\"auto, (max-width: 463px) 100vw, 463px\" \/><p id=\"caption-attachment-227\" class=\"wp-caption-text\"><span style=\"font-family: helvetica, arial, sans-serif;font-size: 12pt\">Figura 2: forma\u00e7\u00e3o tartaruga. Fonte: &lt;https:\/\/brasilescola.uol.com.br\/guerras\/guerra-ciencia-na-antiguidade.htm&gt;<\/span><\/p><\/div>\n<p>&nbsp;<\/p>\n<p style=\"text-align: justify\"><span style=\"font-family: helvetica, arial, sans-serif;font-size: 14pt\">A apar\u00eancia dos cascos tamb\u00e9m costuma variar muito, dependendo da esp\u00e9cie e do seu habitat. O casco tamb\u00e9m auxilia na hora de calcular a idade de uma tartaruga. Quando rec\u00e9m-nascida, seu casco \u00e9 liso e tem placas pequenas, mas \u00e0 medida que seu corpo se desenvolve as placas tamb\u00e9m crescem e a cada ano s\u00e3o adicionadas novas linhas. Essas linhas s\u00e3o chamadas de estrias de crescimento, e ao cont\u00e1-las podemos estimar a idade da tartaruga em anos humanos.<\/span><\/p>\n<p style=\"text-align: justify\"><span style=\"font-family: helvetica, arial, sans-serif;font-size: 14pt\">J\u00e1 se perguntou porque a tartaruga-de-pente se chama assim? A resposta tem a ver com seu casco. Sua carapa\u00e7a \u00e9 uma das mais valiosas, utilizada para fabrica\u00e7\u00e3o de aros de \u00f3culos, bijuterias e pentes, vindo da\u00ed a inspira\u00e7\u00e3o para o nome. Por conta da ca\u00e7a ilegal para utiliza\u00e7\u00e3o do casco, essa tartaruga est\u00e1 amea\u00e7a de extin\u00e7\u00e3o e \u00e9 gra\u00e7as a programas de educa\u00e7\u00e3o ambiental e preserva\u00e7\u00e3o que ainda temos indiv\u00edduos dessa esp\u00e9cie.<\/span><\/p>\n<p>&nbsp;<\/p>\n<div id=\"attachment_212\" style=\"width: 408px\" class=\"wp-caption aligncenter\"><img loading=\"lazy\" decoding=\"async\" aria-describedby=\"caption-attachment-212\" class=\"wp-image-212\" src=\"https:\/\/www3.unicentro.br\/museuinterativo\/wp-content\/uploads\/sites\/98\/2020\/11\/pentes-300x262.jpg\" alt=\"\" width=\"398\" height=\"348\" srcset=\"https:\/\/www3.unicentro.br\/museuinterativo\/wp-content\/uploads\/sites\/98\/2020\/11\/pentes-300x262.jpg 300w, https:\/\/www3.unicentro.br\/museuinterativo\/wp-content\/uploads\/sites\/98\/2020\/11\/pentes-1024x895.jpg 1024w, https:\/\/www3.unicentro.br\/museuinterativo\/wp-content\/uploads\/sites\/98\/2020\/11\/pentes-768x671.jpg 768w, https:\/\/www3.unicentro.br\/museuinterativo\/wp-content\/uploads\/sites\/98\/2020\/11\/pentes-255x223.jpg 255w, https:\/\/www3.unicentro.br\/museuinterativo\/wp-content\/uploads\/sites\/98\/2020\/11\/pentes.jpg 1200w\" sizes=\"auto, (max-width: 398px) 100vw, 398px\" \/><p id=\"caption-attachment-212\" class=\"wp-caption-text\"><span style=\"font-family: helvetica, arial, sans-serif;font-size: 12pt\">Figura 3: pentes e presilhas feitos com o casco de tartaruga. Fonte: &lt;https:\/\/www.levyleiloeiro.com.br\/peca.asp?ID=171856&gt;<\/span><\/p><\/div>\n<p>&nbsp;<\/p>\n<p><span style=\"font-family: helvetica, arial, sans-serif;font-size: 14pt;color: #000000\"><strong>Acad\u00eamicos respons\u00e1veis:<\/strong> Douglas Rocha, Felipe Martins, Fernanda Gurgel Matakas, Karoline Troc Pires, Tamiris Loures.<\/span><\/p>\n","protected":false},"excerpt":{"rendered":"<p>VOC\u00ca SABIA QUE AS TARTARUGAS N\u00c3O CONSEGUEM SAIR DE SEUS CASCOS? \u00c9 isso mesmo! Aquela cena que vemos em desenhos animados da tartaruga saindo de seu casco n\u00e3o acontece na vida real. Isso porque o casco \u00e9 uma estrutura \u00f3ssea, ligada ao corpo do animal por membrana. O casco \u00e9 extremamente importante na prote\u00e7\u00e3o. Se [&hellip;]<\/p>\n","protected":false},"author":299,"featured_media":0,"parent":0,"menu_order":0,"comment_status":"closed","ping_status":"closed","template":"","meta":{"_exactmetrics_skip_tracking":false,"_exactmetrics_sitenote_active":false,"_exactmetrics_sitenote_note":"","_exactmetrics_sitenote_category":0,"footnotes":"","_links_to":"","_links_to_target":""},"class_list":["post-226","page","type-page","status-publish","hentry"],"_links":{"self":[{"href":"https:\/\/www3.unicentro.br\/museuinterativo\/wp-json\/wp\/v2\/pages\/226","targetHints":{"allow":["GET"]}}],"collection":[{"href":"https:\/\/www3.unicentro.br\/museuinterativo\/wp-json\/wp\/v2\/pages"}],"about":[{"href":"https:\/\/www3.unicentro.br\/museuinterativo\/wp-json\/wp\/v2\/types\/page"}],"author":[{"embeddable":true,"href":"https:\/\/www3.unicentro.br\/museuinterativo\/wp-json\/wp\/v2\/users\/299"}],"replies":[{"embeddable":true,"href":"https:\/\/www3.unicentro.br\/museuinterativo\/wp-json\/wp\/v2\/comments?post=226"}],"version-history":[{"count":0,"href":"https:\/\/www3.unicentro.br\/museuinterativo\/wp-json\/wp\/v2\/pages\/226\/revisions"}],"wp:attachment":[{"href":"https:\/\/www3.unicentro.br\/museuinterativo\/wp-json\/wp\/v2\/media?parent=226"}],"curies":[{"name":"wp","href":"https:\/\/api.w.org\/{rel}","templated":true}]}}