{"id":22,"date":"2020-09-01T18:44:33","date_gmt":"2020-09-01T21:44:33","guid":{"rendered":"https:\/\/www3.unicentro.br\/museuinterativo\/?page_id=22"},"modified":"2020-11-09T19:24:59","modified_gmt":"2020-11-09T22:24:59","slug":"do-mar","status":"publish","type":"page","link":"https:\/\/www3.unicentro.br\/museuinterativo\/do-mar\/","title":{"rendered":"Do mar"},"content":{"rendered":"<h1 style=\"text-align: center\"><strong><span style=\"text-decoration: underline\"><span style=\"font-size: 14pt;font-family: helvetica, arial, sans-serif\"><a href=\"https:\/\/www3.unicentro.br\/museuinterativo\/do-mar\/qrcode1\">Tartaruga, jabuti e c\u00e1gado: tudo a mesma coisa?<\/a><\/span><\/span><\/strong><\/h1>\n<p style=\"text-align: center\"><strong><span style=\"text-decoration: underline\"><span style=\"font-family: helvetica, arial, sans-serif;font-size: 14pt\"><a href=\"https:\/\/www3.unicentro.br\/museuinterativo\/qrcode2\/\">Tartarugas da costa brasileira<\/a><\/span><\/span><\/strong><\/p>\n<p style=\"text-align: center\"><strong><span style=\"text-decoration: underline\"><span style=\"font-family: helvetica, arial, sans-serif;font-size: 14pt\"><a href=\"https:\/\/www3.unicentro.br\/museuinterativo\/qrcode3\/\">Esp\u00e9cies de tartaruga na regi\u00e3o\u00a0<\/a><\/span><\/span><\/strong><\/p>\n<p style=\"text-align: center\"><strong><span style=\"text-decoration: underline\"><span style=\"font-family: helvetica, arial, sans-serif;font-size: 14pt\"><a href=\"https:\/\/www3.unicentro.br\/museuinterativo\/qrcode4\/\">Amea\u00e7as\u00a0<\/a><\/span><\/span><\/strong><\/p>\n<p style=\"text-align: center\"><strong><span style=\"text-decoration: underline\"><span style=\"font-family: helvetica, arial, sans-serif;font-size: 14pt\"><a href=\"https:\/\/www3.unicentro.br\/museuinterativo\/qrcode5\/\">Cascos de tartarugas<\/a><\/span><\/span><\/strong><\/p>\n<p style=\"text-align: center\"><strong><span style=\"text-decoration: underline\"><span style=\"font-family: helvetica, arial, sans-serif;font-size: 14pt\"><a href=\"https:\/\/www3.unicentro.br\/museuinterativo\/qrcode6\/\">Baleia Jubarte<\/a><\/span><\/span><\/strong><\/p>\n<p style=\"text-align: center\"><strong><span style=\"text-decoration: underline\"><span style=\"font-family: helvetica, arial, sans-serif;font-size: 14pt\"><a href=\"https:\/\/www3.unicentro.br\/museuinterativo\/qrcode7\/\">Equinodermos<\/a><\/span><\/span><\/strong><\/p>\n<p style=\"text-align: center\">\n","protected":false},"excerpt":{"rendered":"<p>Tartaruga, jabuti e c\u00e1gado: tudo a mesma coisa? Tartarugas da costa brasileira Esp\u00e9cies de tartaruga na regi\u00e3o\u00a0 Amea\u00e7as\u00a0 Cascos de tartarugas Baleia Jubarte Equinodermos<\/p>\n","protected":false},"author":3,"featured_media":0,"parent":0,"menu_order":0,"comment_status":"closed","ping_status":"closed","template":"","meta":{"_exactmetrics_skip_tracking":false,"_exactmetrics_sitenote_active":false,"_exactmetrics_sitenote_note":"","_exactmetrics_sitenote_category":0,"footnotes":"","_links_to":"","_links_to_target":""},"class_list":["post-22","page","type-page","status-publish","hentry"],"_links":{"self":[{"href":"https:\/\/www3.unicentro.br\/museuinterativo\/wp-json\/wp\/v2\/pages\/22","targetHints":{"allow":["GET"]}}],"collection":[{"href":"https:\/\/www3.unicentro.br\/museuinterativo\/wp-json\/wp\/v2\/pages"}],"about":[{"href":"https:\/\/www3.unicentro.br\/museuinterativo\/wp-json\/wp\/v2\/types\/page"}],"author":[{"embeddable":true,"href":"https:\/\/www3.unicentro.br\/museuinterativo\/wp-json\/wp\/v2\/users\/3"}],"replies":[{"embeddable":true,"href":"https:\/\/www3.unicentro.br\/museuinterativo\/wp-json\/wp\/v2\/comments?post=22"}],"version-history":[{"count":0,"href":"https:\/\/www3.unicentro.br\/museuinterativo\/wp-json\/wp\/v2\/pages\/22\/revisions"}],"wp:attachment":[{"href":"https:\/\/www3.unicentro.br\/museuinterativo\/wp-json\/wp\/v2\/media?parent=22"}],"curies":[{"name":"wp","href":"https:\/\/api.w.org\/{rel}","templated":true}]}}