{"id":195,"date":"2020-11-05T17:35:15","date_gmt":"2020-11-05T20:35:15","guid":{"rendered":"https:\/\/www3.unicentro.br\/museuinterativo\/?page_id=195"},"modified":"2020-11-30T23:25:15","modified_gmt":"2020-12-01T02:25:15","slug":"qrcode3","status":"publish","type":"page","link":"https:\/\/www3.unicentro.br\/museuinterativo\/qrcode3\/","title":{"rendered":"Esp\u00e9cies da regi\u00e3o"},"content":{"rendered":"<audio class=\"wp-audio-shortcode\" id=\"audio-195-1\" preload=\"none\" style=\"width: 100%;\" controls=\"controls\"><source type=\"audio\/mpeg\" src=\"https:\/\/www3.unicentro.br\/museuinterativo\/wp-content\/uploads\/sites\/98\/2020\/11\/especies-da-regiao.mp3?_=1\" \/><a href=\"https:\/\/www3.unicentro.br\/museuinterativo\/wp-content\/uploads\/sites\/98\/2020\/11\/especies-da-regiao.mp3\">https:\/\/www3.unicentro.br\/museuinterativo\/wp-content\/uploads\/sites\/98\/2020\/11\/especies-da-regiao.mp3<\/a><\/audio>\n<p style=\"text-align: center\"><span style=\"font-family: helvetica, arial, sans-serif;font-size: 14pt\"><strong>ESP\u00c9CIES DA REGI\u00c3O<\/strong><\/span><\/p>\n<p style=\"text-align: justify\"><span style=\"font-family: helvetica, arial, sans-serif;font-size: 14pt\">E sobre as tartarugas encontradas em nossa regi\u00e3o? Temos duas esp\u00e9cies que chamam muito a aten\u00e7\u00e3o:<\/span><\/p>\n<ul>\n<li style=\"text-align: justify\"><strong><span style=\"font-family: helvetica, arial, sans-serif;font-size: 14pt\">C\u00e1gado-rajado (<em>Phrynops sp.<\/em>)<\/span><\/strong><\/li>\n<\/ul>\n<p style=\"text-align: justify\"><span style=\"font-family: helvetica, arial, sans-serif;font-size: 14pt\">Encontrada em \u00e1reas em que a \u00e1gua apresenta grande fluxo, como rios e riachos, \u00e9 uma esp\u00e9cie amea\u00e7ada no estado do Paran\u00e1 por conta da pesca acidental e da destrui\u00e7\u00e3o de seu habitat pela constru\u00e7\u00e3o de reservat\u00f3rios e perda de fontes de alimentos. \u00c9 um c\u00e1gado de tamanho m\u00e9dio, chegando at\u00e9 cerca de 40cm, e se alimenta de invertebrados aqu\u00e1ticos (como crust\u00e1ceos), peixes, algas e restos vegetais. \u00c9 fundamental proteger as \u00e1reas n\u00e3o inundadas da bacia do rio Igua\u00e7u para que a esp\u00e9cie seja conservada.<\/span><\/p>\n<p>&nbsp;<\/p>\n<div id=\"attachment_220\" style=\"width: 463px\" class=\"wp-caption aligncenter\"><img loading=\"lazy\" decoding=\"async\" aria-describedby=\"caption-attachment-220\" class=\"wp-image-220\" src=\"https:\/\/www3.unicentro.br\/museuinterativo\/wp-content\/uploads\/sites\/98\/2020\/11\/Capturar-300x200.jpg\" alt=\"\" width=\"453\" height=\"302\" srcset=\"https:\/\/www3.unicentro.br\/museuinterativo\/wp-content\/uploads\/sites\/98\/2020\/11\/Capturar-300x200.jpg 300w, https:\/\/www3.unicentro.br\/museuinterativo\/wp-content\/uploads\/sites\/98\/2020\/11\/Capturar-1024x683.jpg 1024w, https:\/\/www3.unicentro.br\/museuinterativo\/wp-content\/uploads\/sites\/98\/2020\/11\/Capturar-768x512.jpg 768w, https:\/\/www3.unicentro.br\/museuinterativo\/wp-content\/uploads\/sites\/98\/2020\/11\/Capturar-255x170.jpg 255w, https:\/\/www3.unicentro.br\/museuinterativo\/wp-content\/uploads\/sites\/98\/2020\/11\/Capturar.jpg 1269w\" sizes=\"auto, (max-width: 453px) 100vw, 453px\" \/><p id=\"caption-attachment-220\" class=\"wp-caption-text\"><span style=\"font-family: helvetica, arial, sans-serif;font-size: 12pt\">Figura 1: c\u00e1gado-de-barbicha.\u00a0 Fonte: &lt;https:\/\/www.icmbio.gov.br\/portal\/faunabrasileira\/estado-de-conservacao\/7418-repteis-phrynops-geoffroanus-cagado-de-barbicha&gt;<\/span><\/p><\/div>\n<p>&nbsp;<\/p>\n<div id=\"attachment_221\" style=\"width: 451px\" class=\"wp-caption aligncenter\"><img loading=\"lazy\" decoding=\"async\" aria-describedby=\"caption-attachment-221\" class=\"wp-image-221\" src=\"https:\/\/www3.unicentro.br\/museuinterativo\/wp-content\/uploads\/sites\/98\/2020\/11\/Capturar1-300x211.jpg\" alt=\"\" width=\"441\" height=\"310\" srcset=\"https:\/\/www3.unicentro.br\/museuinterativo\/wp-content\/uploads\/sites\/98\/2020\/11\/Capturar1-300x211.jpg 300w, https:\/\/www3.unicentro.br\/museuinterativo\/wp-content\/uploads\/sites\/98\/2020\/11\/Capturar1-1024x721.jpg 1024w, https:\/\/www3.unicentro.br\/museuinterativo\/wp-content\/uploads\/sites\/98\/2020\/11\/Capturar1-768x541.jpg 768w, https:\/\/www3.unicentro.br\/museuinterativo\/wp-content\/uploads\/sites\/98\/2020\/11\/Capturar1-255x180.jpg 255w, https:\/\/www3.unicentro.br\/museuinterativo\/wp-content\/uploads\/sites\/98\/2020\/11\/Capturar1.jpg 1035w\" sizes=\"auto, (max-width: 441px) 100vw, 441px\" \/><p id=\"caption-attachment-221\" class=\"wp-caption-text\"><span style=\"font-family: helvetica, arial, sans-serif;font-size: 12pt\">Figura 2: distribui\u00e7\u00e3o de Phrynops sp. Fonte: &lt;https:\/\/www.icmbio.gov.br\/portal\/faunabrasileira\/estado-de-conservacao\/7418-repteis-phrynops-geoffroanus-cagado-de-barbicha&gt;<\/span><\/p><\/div>\n<p>&nbsp;<\/p>\n<ul style=\"text-align: justify\">\n<li><span style=\"font-size: 14pt\"><strong><span style=\"font-family: helvetica, arial, sans-serif\">C\u00e1gado-pesco\u00e7o-de-cobra (<em>Hydromedusa sp.<\/em>)<\/span><\/strong><\/span><\/li>\n<\/ul>\n<p style=\"text-align: justify\"><span style=\"font-family: helvetica, arial, sans-serif;font-size: 14pt\">Esse nome peculiar \u00e9 dado a essa tartaruga por conta de seu pesco\u00e7o comprido, n\u00e3o precisa ter medo achando que \u00e9 uma cobra! \u00c9 uma esp\u00e9cie comum no sul e sudeste do Brasil, mas \u00e9, de modo geral, uma esp\u00e9cie bem rara, encontrada em \u00e1guas paradas ou de pouca corrente, como p\u00e2ntanos, po\u00e7os d\u2019\u00e1gua, lagos e lagoas, e com bastante vegeta\u00e7\u00e3o. Um de seus costumes \u00e9 se enterrar na lama durante o inverno e em locais secos durante a primavera. Uma grande amea\u00e7a que sofre \u00e9 que algumas atividades agropecu\u00e1rias podem ocupar o local em que desovam ou contaminar os ovos com agrot\u00f3xicos, mas a esp\u00e9cie n\u00e3o se encontra em perigo de extin\u00e7\u00e3o. \u00c9, infelizmente, usada tamb\u00e9m como animal de estima\u00e7\u00e3o de forma ilegal. Para preservar a esp\u00e9cie e fazer com que continue longe do perigo de extin\u00e7\u00e3o, devemos proteger as margens de lagoas onde o c\u00e1gado vive, para que possa desovar ali sem problemas. Essa esp\u00e9cie j\u00e1 foi encontrada aqui na nossa cidade! L\u00e1 no CEDETEG, campus da Unicentro, temos registro desse c\u00e1gado, que, mesmo sendo t\u00edmido, aparece de vez em quando para dizer um Oi!<\/span><\/p>\n<div id=\"attachment_207\" style=\"width: 397px\" class=\"wp-caption aligncenter\"><img loading=\"lazy\" decoding=\"async\" aria-describedby=\"caption-attachment-207\" class=\"wp-image-207\" src=\"https:\/\/www3.unicentro.br\/museuinterativo\/wp-content\/uploads\/sites\/98\/2020\/11\/hydromedusatectifera2-300x230.jpg\" alt=\"\" width=\"387\" height=\"297\" srcset=\"https:\/\/www3.unicentro.br\/museuinterativo\/wp-content\/uploads\/sites\/98\/2020\/11\/hydromedusatectifera2-300x230.jpg 300w, https:\/\/www3.unicentro.br\/museuinterativo\/wp-content\/uploads\/sites\/98\/2020\/11\/hydromedusatectifera2-255x195.jpg 255w, https:\/\/www3.unicentro.br\/museuinterativo\/wp-content\/uploads\/sites\/98\/2020\/11\/hydromedusatectifera2.jpg 400w\" sizes=\"auto, (max-width: 387px) 100vw, 387px\" \/><p id=\"caption-attachment-207\" class=\"wp-caption-text\"><span style=\"font-family: helvetica, arial, sans-serif;font-size: 12pt\">Figura 3: c\u00e1gado-de-pesco\u00e7o-de-cobra. Fonte: &lt;http:\/\/www.tartarugas.avph.com.br\/cagadopescocodecobra.php&gt;<\/span><\/p><\/div>\n<p>&nbsp;<\/p>\n<div id=\"attachment_205\" style=\"width: 392px\" class=\"wp-caption aligncenter\"><img loading=\"lazy\" decoding=\"async\" aria-describedby=\"caption-attachment-205\" class=\"wp-image-205\" src=\"https:\/\/www3.unicentro.br\/museuinterativo\/wp-content\/uploads\/sites\/98\/2020\/11\/Hydromedusa_tectifera-300x300.jpg\" alt=\"\" width=\"382\" height=\"382\" srcset=\"https:\/\/www3.unicentro.br\/museuinterativo\/wp-content\/uploads\/sites\/98\/2020\/11\/Hydromedusa_tectifera-300x300.jpg 300w, https:\/\/www3.unicentro.br\/museuinterativo\/wp-content\/uploads\/sites\/98\/2020\/11\/Hydromedusa_tectifera-150x150.jpg 150w, https:\/\/www3.unicentro.br\/museuinterativo\/wp-content\/uploads\/sites\/98\/2020\/11\/Hydromedusa_tectifera-768x768.jpg 768w, https:\/\/www3.unicentro.br\/museuinterativo\/wp-content\/uploads\/sites\/98\/2020\/11\/Hydromedusa_tectifera-50x50.jpg 50w, https:\/\/www3.unicentro.br\/museuinterativo\/wp-content\/uploads\/sites\/98\/2020\/11\/Hydromedusa_tectifera-80x80.jpg 80w, https:\/\/www3.unicentro.br\/museuinterativo\/wp-content\/uploads\/sites\/98\/2020\/11\/Hydromedusa_tectifera-263x263.jpg 263w, https:\/\/www3.unicentro.br\/museuinterativo\/wp-content\/uploads\/sites\/98\/2020\/11\/Hydromedusa_tectifera-100x100.jpg 100w, https:\/\/www3.unicentro.br\/museuinterativo\/wp-content\/uploads\/sites\/98\/2020\/11\/Hydromedusa_tectifera-526x526.jpg 526w, https:\/\/www3.unicentro.br\/museuinterativo\/wp-content\/uploads\/sites\/98\/2020\/11\/Hydromedusa_tectifera-255x255.jpg 255w, https:\/\/www3.unicentro.br\/museuinterativo\/wp-content\/uploads\/sites\/98\/2020\/11\/Hydromedusa_tectifera.jpg 1000w\" sizes=\"auto, (max-width: 382px) 100vw, 382px\" \/><p id=\"caption-attachment-205\" class=\"wp-caption-text\"><span style=\"font-family: helvetica, arial, sans-serif;font-size: 12pt\">Figura 3: c\u00e1gado-de-pesco\u00e7o-de-cobra. Fonte: &lt;http:\/\/www.tartarugas.avph.com.br\/cagadopescocodecobra.php&gt;<\/span><\/p><\/div>\n<p>&nbsp;<\/p>\n<div id=\"attachment_206\" style=\"width: 469px\" class=\"wp-caption aligncenter\"><img loading=\"lazy\" decoding=\"async\" aria-describedby=\"caption-attachment-206\" class=\"wp-image-206\" src=\"https:\/\/www3.unicentro.br\/museuinterativo\/wp-content\/uploads\/sites\/98\/2020\/11\/Hydromedusa_tectifera_site-300x211.jpg\" alt=\"\" width=\"459\" height=\"323\" srcset=\"https:\/\/www3.unicentro.br\/museuinterativo\/wp-content\/uploads\/sites\/98\/2020\/11\/Hydromedusa_tectifera_site-300x211.jpg 300w, https:\/\/www3.unicentro.br\/museuinterativo\/wp-content\/uploads\/sites\/98\/2020\/11\/Hydromedusa_tectifera_site-768x541.jpg 768w, https:\/\/www3.unicentro.br\/museuinterativo\/wp-content\/uploads\/sites\/98\/2020\/11\/Hydromedusa_tectifera_site-255x180.jpg 255w, https:\/\/www3.unicentro.br\/museuinterativo\/wp-content\/uploads\/sites\/98\/2020\/11\/Hydromedusa_tectifera_site.jpg 850w\" sizes=\"auto, (max-width: 459px) 100vw, 459px\" \/><p id=\"caption-attachment-206\" class=\"wp-caption-text\"><span style=\"font-family: helvetica, arial, sans-serif;font-size: 12pt\">Figura 4: distribui\u00e7\u00e3o de Hydromedusa sp. Fonte: &lt;https:\/\/www.icmbio.gov.br\/portal\/faunabrasileira\/estado-de-conservacao\/7402-repteis-hydromedusa-tectifera-cagado-de-pescoco-de-cobra&gt;<\/span><\/p><\/div>\n<p>&nbsp;<\/p>\n<p><span style=\"font-family: helvetica, arial, sans-serif;font-size: 14pt;color: #000000\"><strong>Acad\u00eamicos respons\u00e1veis:<\/strong> Douglas Rocha, Felipe Martins, Fernanda Gurgel Matakas, Karoline Troc Pires, Tamiris Loures.<\/span><\/p>\n","protected":false},"excerpt":{"rendered":"<p>ESP\u00c9CIES DA REGI\u00c3O E sobre as tartarugas encontradas em nossa regi\u00e3o? Temos duas esp\u00e9cies que chamam muito a aten\u00e7\u00e3o: C\u00e1gado-rajado (Phrynops sp.) Encontrada em \u00e1reas em que a \u00e1gua apresenta grande fluxo, como rios e riachos, \u00e9 uma esp\u00e9cie amea\u00e7ada no estado do Paran\u00e1 por conta da pesca acidental e da destrui\u00e7\u00e3o de seu habitat [&hellip;]<\/p>\n","protected":false},"author":299,"featured_media":0,"parent":0,"menu_order":0,"comment_status":"closed","ping_status":"closed","template":"","meta":{"_exactmetrics_skip_tracking":false,"_exactmetrics_sitenote_active":false,"_exactmetrics_sitenote_note":"","_exactmetrics_sitenote_category":0,"footnotes":"","_links_to":"","_links_to_target":""},"class_list":["post-195","page","type-page","status-publish","hentry"],"_links":{"self":[{"href":"https:\/\/www3.unicentro.br\/museuinterativo\/wp-json\/wp\/v2\/pages\/195","targetHints":{"allow":["GET"]}}],"collection":[{"href":"https:\/\/www3.unicentro.br\/museuinterativo\/wp-json\/wp\/v2\/pages"}],"about":[{"href":"https:\/\/www3.unicentro.br\/museuinterativo\/wp-json\/wp\/v2\/types\/page"}],"author":[{"embeddable":true,"href":"https:\/\/www3.unicentro.br\/museuinterativo\/wp-json\/wp\/v2\/users\/299"}],"replies":[{"embeddable":true,"href":"https:\/\/www3.unicentro.br\/museuinterativo\/wp-json\/wp\/v2\/comments?post=195"}],"version-history":[{"count":0,"href":"https:\/\/www3.unicentro.br\/museuinterativo\/wp-json\/wp\/v2\/pages\/195\/revisions"}],"wp:attachment":[{"href":"https:\/\/www3.unicentro.br\/museuinterativo\/wp-json\/wp\/v2\/media?parent=195"}],"curies":[{"name":"wp","href":"https:\/\/api.w.org\/{rel}","templated":true}]}}