{"id":181,"date":"2020-11-05T17:11:09","date_gmt":"2020-11-05T20:11:09","guid":{"rendered":"https:\/\/www3.unicentro.br\/museuinterativo\/?page_id=181"},"modified":"2020-11-30T23:03:59","modified_gmt":"2020-12-01T02:03:59","slug":"qrcode2","status":"publish","type":"page","link":"https:\/\/www3.unicentro.br\/museuinterativo\/qrcode2\/","title":{"rendered":"Tartarugas da costa brasileira"},"content":{"rendered":"<audio class=\"wp-audio-shortcode\" id=\"audio-181-1\" preload=\"none\" style=\"width: 100%;\" controls=\"controls\"><source type=\"audio\/mpeg\" src=\"https:\/\/www3.unicentro.br\/museuinterativo\/wp-content\/uploads\/sites\/98\/2020\/11\/Tartarugas-da-costa-brasileira.mp3?_=1\" \/><a href=\"https:\/\/www3.unicentro.br\/museuinterativo\/wp-content\/uploads\/sites\/98\/2020\/11\/Tartarugas-da-costa-brasileira.mp3\">https:\/\/www3.unicentro.br\/museuinterativo\/wp-content\/uploads\/sites\/98\/2020\/11\/Tartarugas-da-costa-brasileira.mp3<\/a><\/audio>\n<p style=\"text-align: center\"><span style=\"font-family: helvetica, arial, sans-serif;font-size: 14pt\"><strong>QUAIS AS TARTARUGAS ENCONTRADAS NA COSTA BRASILEIRA?<\/strong><\/span><\/p>\n<p style=\"text-align: justify\"><span style=\"font-family: helvetica, arial, sans-serif;font-size: 14pt\"><strong>\u00a0<\/strong><\/span><\/p>\n<p style=\"text-align: justify\"><span style=\"font-family: helvetica, arial, sans-serif;font-size: 14pt\"><strong>TARTARUGA-DE-PENTE<\/strong><\/span><\/p>\n<p style=\"text-align: justify\"><span style=\"font-family: helvetica, arial, sans-serif;font-size: 14pt\">Criticamente amea\u00e7ada de extin\u00e7\u00e3o, a tartaruga-de-pente ou tartaruga-leg\u00edtima \u00e9 considerada a mais tropical de todas as tartarugas marinhas e na costa brasileira \u00e9 encontrada desovando no norte da Bahia e Sergipe e no sul do Rio Grande do Norte, prefere viver em recifes de corais e \u00e1guas costeiras rasas. Pode chegar a pesar at\u00e9 86kg, e sua alimenta\u00e7\u00e3o consiste em esponjas, an\u00eamonas, lulas e camar\u00f5es. \u00c9 a 4\u00aa maior tartaruga dentre as encontradas na costa brasileira, chegando at\u00e9 a 110cm.<\/span><\/p>\n<p>&nbsp;<\/p>\n<div id=\"attachment_184\" style=\"width: 375px\" class=\"wp-caption aligncenter\"><img loading=\"lazy\" decoding=\"async\" aria-describedby=\"caption-attachment-184\" class=\"wp-image-184\" src=\"https:\/\/www3.unicentro.br\/museuinterativo\/wp-content\/uploads\/sites\/98\/2020\/11\/de-pente-300x209.jpg\" alt=\"\" width=\"365\" height=\"254\" srcset=\"https:\/\/www3.unicentro.br\/museuinterativo\/wp-content\/uploads\/sites\/98\/2020\/11\/de-pente-300x209.jpg 300w, https:\/\/www3.unicentro.br\/museuinterativo\/wp-content\/uploads\/sites\/98\/2020\/11\/de-pente-1024x712.jpg 1024w, https:\/\/www3.unicentro.br\/museuinterativo\/wp-content\/uploads\/sites\/98\/2020\/11\/de-pente-768x534.jpg 768w, https:\/\/www3.unicentro.br\/museuinterativo\/wp-content\/uploads\/sites\/98\/2020\/11\/de-pente-1536x1068.jpg 1536w, https:\/\/www3.unicentro.br\/museuinterativo\/wp-content\/uploads\/sites\/98\/2020\/11\/de-pente-255x177.jpg 255w, https:\/\/www3.unicentro.br\/museuinterativo\/wp-content\/uploads\/sites\/98\/2020\/11\/de-pente.jpg 1600w\" sizes=\"auto, (max-width: 365px) 100vw, 365px\" \/><p id=\"caption-attachment-184\" class=\"wp-caption-text\"><span style=\"font-family: helvetica, arial, sans-serif;font-size: 12pt\">Figura 1: tartaruga-de-pente. Fonte: &lt;https:\/\/revistagalileu.globo.com\/Ciencia\/noticia\/2017\/09\/tartarugas-marinhas-correm-menos-riscos-de-extincao-diz-instituto.html&gt;<\/span><\/p><\/div>\n<p>&nbsp;<\/p>\n<p style=\"text-align: justify\"><span style=\"font-family: helvetica, arial, sans-serif;font-size: 14pt\"><strong>TARTARUGA-OLIVA<\/strong><\/span><\/p>\n<p style=\"text-align: justify\"><span style=\"font-family: helvetica, arial, sans-serif;font-size: 14pt\">A tartaruga-oliva \u00e9 a menor tartaruga encontrada na costa brasileira, chegando at\u00e9 72cm e pesando 42kg. Ganhou esse nome por causa da cor oliva de seu casco. Se alimentam de peixes, moluscos, crust\u00e1ceos e camar\u00f5es. S\u00e3o encontradas em \u00e1guas rasas, desde o sul de Alagoas at\u00e9 o norte da Bahia. No Brasil \u00e9 considerada como em perigo de extin\u00e7\u00e3o.<\/span><\/p>\n<p>&nbsp;<\/p>\n<div id=\"attachment_185\" style=\"width: 408px\" class=\"wp-caption aligncenter\"><img loading=\"lazy\" decoding=\"async\" aria-describedby=\"caption-attachment-185\" class=\"wp-image-185\" src=\"https:\/\/www3.unicentro.br\/museuinterativo\/wp-content\/uploads\/sites\/98\/2020\/11\/oliva-300x199.jpg\" alt=\"\" width=\"398\" height=\"264\" srcset=\"https:\/\/www3.unicentro.br\/museuinterativo\/wp-content\/uploads\/sites\/98\/2020\/11\/oliva-300x199.jpg 300w, https:\/\/www3.unicentro.br\/museuinterativo\/wp-content\/uploads\/sites\/98\/2020\/11\/oliva-1024x680.jpg 1024w, https:\/\/www3.unicentro.br\/museuinterativo\/wp-content\/uploads\/sites\/98\/2020\/11\/oliva-768x510.jpg 768w, https:\/\/www3.unicentro.br\/museuinterativo\/wp-content\/uploads\/sites\/98\/2020\/11\/oliva-255x169.jpg 255w, https:\/\/www3.unicentro.br\/museuinterativo\/wp-content\/uploads\/sites\/98\/2020\/11\/oliva.jpg 1200w\" sizes=\"auto, (max-width: 398px) 100vw, 398px\" \/><p id=\"caption-attachment-185\" class=\"wp-caption-text\"><span style=\"font-family: helvetica, arial, sans-serif;font-size: 12pt\">Figura 2: tartaruga oliva. Fonte: &lt;https:\/\/conexaoplaneta.com.br\/blog\/tartarugas-marinhas-principais-ameacas\/dn09-_d_0470\/&gt;<\/span><\/p><\/div>\n<p>&nbsp;<\/p>\n<p style=\"text-align: justify\"><span style=\"font-family: helvetica, arial, sans-serif;font-size: 14pt\"><strong>TARTARUGA-VERDE<\/strong><\/span><\/p>\n<p style=\"text-align: justify\"><span style=\"font-family: helvetica, arial, sans-serif;font-size: 14pt\">Em perigo de extin\u00e7\u00e3o, a tartaruga-verde habita \u00e1guas costeiras, ilhas ou ba\u00edas com muita vegeta\u00e7\u00e3o onde podem ficar protegidas, sendo raramente vistas em alto-mar. Podendo pesar at\u00e9 160kg e medir 143cm, \u00e9 a 2\u00aa maior tartaruga encontrada no Brasil. Sua alimenta\u00e7\u00e3o muda durante o ciclo de vida, quando \u00e9 filhote tem tend\u00eancias carn\u00edvoras, mas na vida adulta \u00e9 herb\u00edvora, se alimentando principalmente de ervas marinhas.<\/span><\/p>\n<p>&nbsp;<\/p>\n<div id=\"attachment_187\" style=\"width: 416px\" class=\"wp-caption aligncenter\"><img loading=\"lazy\" decoding=\"async\" aria-describedby=\"caption-attachment-187\" class=\"wp-image-187\" src=\"https:\/\/www3.unicentro.br\/museuinterativo\/wp-content\/uploads\/sites\/98\/2020\/11\/verde-300x199.jpg\" alt=\"\" width=\"406\" height=\"269\" srcset=\"https:\/\/www3.unicentro.br\/museuinterativo\/wp-content\/uploads\/sites\/98\/2020\/11\/verde-300x199.jpg 300w, https:\/\/www3.unicentro.br\/museuinterativo\/wp-content\/uploads\/sites\/98\/2020\/11\/verde-1024x679.jpg 1024w, https:\/\/www3.unicentro.br\/museuinterativo\/wp-content\/uploads\/sites\/98\/2020\/11\/verde-768x509.jpg 768w, https:\/\/www3.unicentro.br\/museuinterativo\/wp-content\/uploads\/sites\/98\/2020\/11\/verde-255x169.jpg 255w, https:\/\/www3.unicentro.br\/museuinterativo\/wp-content\/uploads\/sites\/98\/2020\/11\/verde.jpg 1200w\" sizes=\"auto, (max-width: 406px) 100vw, 406px\" \/><p id=\"caption-attachment-187\" class=\"wp-caption-text\"><span style=\"font-family: helvetica, arial, sans-serif;font-size: 12pt\">Figura 3: tartaruga verde. Fonte: &lt;https:\/\/www.tamar.org.br\/tartaruga.php?cod=20&gt;<\/span><\/p><\/div>\n<p>&nbsp;<\/p>\n<p style=\"text-align: justify\"><span style=\"font-family: helvetica, arial, sans-serif;font-size: 14pt\"><strong>TARTARUGA-CABE\u00c7UDA<\/strong><\/span><\/p>\n<p style=\"text-align: justify\"><span style=\"font-family: helvetica, arial, sans-serif;font-size: 14pt\">Chamada tamb\u00e9m de tartaruga-mesti\u00e7a, pode ser encontrada em alto-mar quando filhote e em \u00e1reas mais profundas quando adulto, no Brasil os estados Esp\u00edrito Santo, Sergipe e norte do Rio de Janeiro s\u00e3o locais comuns de desova. Se alimentam de caranguejos, moluscos, mexilh\u00f5es e outros invertebrados, pode pesar 140kg e atingir 136cm de comprimento, sendo a 3\u00aa maior tartaruga encontrada no Brasil. \u00c9 classificada como em perigo de extin\u00e7\u00e3o.<\/span><\/p>\n<p>&nbsp;<\/p>\n<div id=\"attachment_182\" style=\"width: 389px\" class=\"wp-caption aligncenter\"><img loading=\"lazy\" decoding=\"async\" aria-describedby=\"caption-attachment-182\" class=\"wp-image-182\" src=\"https:\/\/www3.unicentro.br\/museuinterativo\/wp-content\/uploads\/sites\/98\/2020\/11\/cabecuda-300x200.jpg\" alt=\"\" width=\"379\" height=\"252\" srcset=\"https:\/\/www3.unicentro.br\/museuinterativo\/wp-content\/uploads\/sites\/98\/2020\/11\/cabecuda-300x200.jpg 300w, https:\/\/www3.unicentro.br\/museuinterativo\/wp-content\/uploads\/sites\/98\/2020\/11\/cabecuda-1024x683.jpg 1024w, https:\/\/www3.unicentro.br\/museuinterativo\/wp-content\/uploads\/sites\/98\/2020\/11\/cabecuda-768x512.jpg 768w, https:\/\/www3.unicentro.br\/museuinterativo\/wp-content\/uploads\/sites\/98\/2020\/11\/cabecuda-255x170.jpg 255w, https:\/\/www3.unicentro.br\/museuinterativo\/wp-content\/uploads\/sites\/98\/2020\/11\/cabecuda.jpg 1200w\" sizes=\"auto, (max-width: 379px) 100vw, 379px\" \/><p id=\"caption-attachment-182\" class=\"wp-caption-text\"><span style=\"font-family: helvetica, arial, sans-serif;font-size: 12pt\">Figura 4: tartaruga cabe\u00e7uda. Fonte: &lt;https:\/\/www.facebook.com\/ProjetoTamar\/photos\/a-tartaruga-cabe%C3%A7uda-caretta-caretta-desova-principalmente-no-esp%C3%ADrito-santo-na-\/2168494396553445\/&gt;<\/span><\/p><\/div>\n<p style=\"text-align: justify\"><span style=\"font-family: helvetica, arial, sans-serif;font-size: 14pt\"><strong>TARTARUGA-DE-COURO<\/strong><\/span><\/p>\n<p style=\"text-align: justify\"><span style=\"font-family: helvetica, arial, sans-serif;font-size: 14pt\">\u00c9 chamada tamb\u00e9m de tartaruga-gigante por ser a maior de todas as tartarugas. Pode atingir at\u00e9 2m de comprimento e pesar 500kg. \u00c9 encontrada em todos os oceanos tropicais e temperados do mundo vivendo em alto-mar, e no Brasil sua \u00e1rea de desova \u00e9 no norte do Esp\u00edrito Santo. Se alimenta de \u00e1guas-vivas, corais, an\u00eamonas, entre outros celenterados. No Brasil est\u00e1 criticamente em perigo de extin\u00e7\u00e3o.<\/span><\/p>\n<p>&nbsp;<\/p>\n<div id=\"attachment_183\" style=\"width: 409px\" class=\"wp-caption aligncenter\"><img loading=\"lazy\" decoding=\"async\" aria-describedby=\"caption-attachment-183\" class=\"wp-image-183\" src=\"https:\/\/www3.unicentro.br\/museuinterativo\/wp-content\/uploads\/sites\/98\/2020\/11\/couro-300x199.jpg\" alt=\"\" width=\"399\" height=\"265\" srcset=\"https:\/\/www3.unicentro.br\/museuinterativo\/wp-content\/uploads\/sites\/98\/2020\/11\/couro-300x199.jpg 300w, https:\/\/www3.unicentro.br\/museuinterativo\/wp-content\/uploads\/sites\/98\/2020\/11\/couro-1024x680.jpg 1024w, https:\/\/www3.unicentro.br\/museuinterativo\/wp-content\/uploads\/sites\/98\/2020\/11\/couro-768x510.jpg 768w, https:\/\/www3.unicentro.br\/museuinterativo\/wp-content\/uploads\/sites\/98\/2020\/11\/couro-255x169.jpg 255w, https:\/\/www3.unicentro.br\/museuinterativo\/wp-content\/uploads\/sites\/98\/2020\/11\/couro.jpg 1200w\" sizes=\"auto, (max-width: 399px) 100vw, 399px\" \/><p id=\"caption-attachment-183\" class=\"wp-caption-text\"><span style=\"font-family: helvetica, arial, sans-serif;font-size: 12pt\">Figura 5: tartaruga-de-couro. Fonte: &lt;https:\/\/www.tamar.org.br\/tartaruga.php?cod=22&gt;<\/span><\/p><\/div>\n<p>&nbsp;<\/p>\n<p style=\"text-align: justify\"><span style=\"font-family: helvetica, arial, sans-serif;font-size: 14pt\">Para ter uma ideia do tamanho dessa tartaruga, d\u00e1 uma olhada na imagem aqui embaixo! Ela compara o tamanho m\u00e9dio de um ser humano com todas as tartarugas mencionadas aqui.<\/span><\/p>\n<div id=\"attachment_186\" style=\"width: 460px\" class=\"wp-caption aligncenter\"><img loading=\"lazy\" decoding=\"async\" aria-describedby=\"caption-attachment-186\" class=\"wp-image-186\" src=\"https:\/\/www3.unicentro.br\/museuinterativo\/wp-content\/uploads\/sites\/98\/2020\/11\/tamanho-300x138.jpg\" alt=\"\" width=\"450\" height=\"207\" srcset=\"https:\/\/www3.unicentro.br\/museuinterativo\/wp-content\/uploads\/sites\/98\/2020\/11\/tamanho-300x138.jpg 300w, https:\/\/www3.unicentro.br\/museuinterativo\/wp-content\/uploads\/sites\/98\/2020\/11\/tamanho-768x352.jpg 768w, https:\/\/www3.unicentro.br\/museuinterativo\/wp-content\/uploads\/sites\/98\/2020\/11\/tamanho-255x117.jpg 255w, https:\/\/www3.unicentro.br\/museuinterativo\/wp-content\/uploads\/sites\/98\/2020\/11\/tamanho.jpg 840w\" sizes=\"auto, (max-width: 450px) 100vw, 450px\" \/><p id=\"caption-attachment-186\" class=\"wp-caption-text\"><span style=\"font-family: helvetica, arial, sans-serif;font-size: 12pt\">Figura 6: compara\u00e7\u00e3o do tamanho das tartarugas com o tamanho de uma pessoa. Fonte: &lt;http:\/\/osfantasticos-animaisdoplaneta.blogspot.com\/2013\/09\/tartaruga-de-couro-maior-tartaruga-da.html&gt;<\/span><\/p><\/div>\n<p>&nbsp;<\/p>\n<p><span style=\"font-family: helvetica, arial, sans-serif;font-size: 14pt;color: #000000\"><strong>Acad\u00eamicos respons\u00e1veis:<\/strong> Douglas Rocha, Felipe Martins, Fernanda Gurgel Matakas, Karoline Troc Pires, Tamiris Loures.<\/span><\/p>\n","protected":false},"excerpt":{"rendered":"<p>QUAIS AS TARTARUGAS ENCONTRADAS NA COSTA BRASILEIRA? \u00a0 TARTARUGA-DE-PENTE Criticamente amea\u00e7ada de extin\u00e7\u00e3o, a tartaruga-de-pente ou tartaruga-leg\u00edtima \u00e9 considerada a mais tropical de todas as tartarugas marinhas e na costa brasileira \u00e9 encontrada desovando no norte da Bahia e Sergipe e no sul do Rio Grande do Norte, prefere viver em recifes de corais e [&hellip;]<\/p>\n","protected":false},"author":299,"featured_media":0,"parent":0,"menu_order":0,"comment_status":"closed","ping_status":"closed","template":"","meta":{"_exactmetrics_skip_tracking":false,"_exactmetrics_sitenote_active":false,"_exactmetrics_sitenote_note":"","_exactmetrics_sitenote_category":0,"footnotes":"","_links_to":"","_links_to_target":""},"class_list":["post-181","page","type-page","status-publish","hentry"],"_links":{"self":[{"href":"https:\/\/www3.unicentro.br\/museuinterativo\/wp-json\/wp\/v2\/pages\/181","targetHints":{"allow":["GET"]}}],"collection":[{"href":"https:\/\/www3.unicentro.br\/museuinterativo\/wp-json\/wp\/v2\/pages"}],"about":[{"href":"https:\/\/www3.unicentro.br\/museuinterativo\/wp-json\/wp\/v2\/types\/page"}],"author":[{"embeddable":true,"href":"https:\/\/www3.unicentro.br\/museuinterativo\/wp-json\/wp\/v2\/users\/299"}],"replies":[{"embeddable":true,"href":"https:\/\/www3.unicentro.br\/museuinterativo\/wp-json\/wp\/v2\/comments?post=181"}],"version-history":[{"count":0,"href":"https:\/\/www3.unicentro.br\/museuinterativo\/wp-json\/wp\/v2\/pages\/181\/revisions"}],"wp:attachment":[{"href":"https:\/\/www3.unicentro.br\/museuinterativo\/wp-json\/wp\/v2\/media?parent=181"}],"curies":[{"name":"wp","href":"https:\/\/api.w.org\/{rel}","templated":true}]}}