{"id":16,"date":"2020-09-01T18:36:55","date_gmt":"2020-09-01T21:36:55","guid":{"rendered":"https:\/\/www3.unicentro.br\/museuinterativo\/?page_id=16"},"modified":"2020-12-07T10:21:10","modified_gmt":"2020-12-07T13:21:10","slug":"apresentacao","status":"publish","type":"page","link":"https:\/\/www3.unicentro.br\/museuinterativo\/apresentacao\/","title":{"rendered":"Apresenta\u00e7\u00e3o"},"content":{"rendered":"<p class=\"western\" lang=\"pt-PT\" style=\"text-align: justify\"><span style=\"font-family: Comic Sans MS, cursive;font-size: 14pt\">\u00a0\u00a0\u00a0 O Museu de Ci\u00eancias Naturais de Guarapuava, parceria entre Unicentro e Prefeitura Municipal de Guarapuava desde 1998, busca sempre a melhoria do atendimento aos seus visitantes.<\/span><\/p>\n<p class=\"western\" lang=\"pt-PT\" style=\"text-align: justify\"><span style=\"font-family: Comic Sans MS, cursive;font-size: 14pt\">\u00a0\u00a0\u00a0 Este site \u00e9 uma express\u00e3o deste compromisso.<\/span><\/p>\n<p class=\"western\" lang=\"pt-PT\" style=\"text-align: justify\"><span style=\"font-family: Comic Sans MS, cursive;font-size: 14pt\">\u00a0\u00a0\u00a0 Pretendemos aqui dispor conte\u00fados (textos, \u00e1udios, imagens e v\u00eddeos) que poder\u00e3o ser acessados via QRcodes dispostos em diversos locais da visita presencial. <\/span><span style=\"font-family: Comic Sans MS, cursive;font-size: 14pt\">O objetivo \u00e9 fornecer informa\u00e7\u00e3o na medida do interesse do visitante.<\/span><\/p>\n<p class=\"western\" lang=\"pt-PT\" style=\"text-align: justify\"><span style=\"font-family: Comic Sans MS, cursive;font-size: 14pt\">Este empreendimento foi formalizado como um projeto de extens\u00e3o na Unicentro e pretende:<\/span><\/p>\n<p class=\"western\" lang=\"pt-PT\"><span style=\"font-family: Comic Sans MS, cursive;font-size: 14pt\">-Desenvolver material educativo relacionado as pe\u00e7as expostas no museu<br \/>\n&#8211; Revitalizar e promover atrav\u00e9s da tecnologia maior intera\u00e7\u00e3o entre o visitante e o museu<br \/>\n&#8211; Estimular que o museu seja uma extens\u00e3o da sala de aula que poder\u00e1 auxiliar os professores no ensino do conte\u00fado program\u00e1tico;<br \/>\n&#8211; Estimular o desenvolvimento da consci\u00eancia cr\u00edtica dos visitantes sobre a problem\u00e1tica socioambiental.<\/span><\/p>\n<p class=\"western\" lang=\"pt-PT\"><span style=\"font-family: Comic Sans MS, cursive;font-size: 14pt\">O projeto conta com a seguinte equipe:<\/span><\/p>\n<p class=\"western\" lang=\"pt-PT\"><span style=\"font-family: Comic Sans MS, cursive;font-size: 14pt\">I \u2013 Coordenadora geral: Adriana Massae Kataoka.<\/span><\/p>\n<p class=\"western\" lang=\"pt-PT\"><span style=\"font-family: Comic Sans MS, cursive;font-size: 14pt\">II \u2013 Coordenador administrativo: Rodrigo Oliveira Bastos.<\/span><\/p>\n<p class=\"western\" lang=\"pt-PT\"><span style=\"font-family: Comic Sans MS, cursive;font-size: 14pt\">III \u2013 Coordenador pedag\u00f3gico: Rafael Augusto Gregati.<\/span><\/p>\n<p class=\"western\" lang=\"pt-PT\"><span style=\"font-family: Comic Sans MS, cursive;font-size: 14pt\">IV \u2013 Executores: Douglas Rocha, Fernanda Gurgel Matakas, Alexsandra de<\/span><\/p>\n<p class=\"western\" lang=\"pt-PT\"><span style=\"font-family: Comic Sans MS, cursive;font-size: 14pt\">Lima Klates, Ana Flavia Tractz da Luz, Luana Cheliga de Souza, Felipe Martins de Lima,<\/span><\/p>\n<p class=\"western\" lang=\"pt-PT\"><span style=\"font-family: Comic Sans MS, cursive;font-size: 14pt\">Alberto Marques Pilati, Eziel Jonh de Oliveira, Lu\u00eds Carlos Peretiatko, Tamiris Rubiane<\/span><\/p>\n<p class=\"western\" lang=\"pt-PT\"><span style=\"font-family: Comic Sans MS, cursive;font-size: 14pt\">Loures, Antonio Correia da Silva Filho, Jonatas Chade, Pedro Augusto Goncalves Tilp, Fabiana Polidorio dos Santos, Isac Marcelo Goncalves da Silva, Aline Noga, Karoline Troc Pires.<\/span><\/p>\n<p class=\"western\" lang=\"pt-PT\"><span style=\"font-family: Comic Sans MS, cursive;font-size: 14pt\">V \u2013 Participantes: Alexsandra de Lima Klates, Talita Keila de Queiroz,<\/span><\/p>\n<p class=\"western\" lang=\"pt-PT\"><span style=\"font-family: Comic Sans MS, cursive;font-size: 14pt\">Francilene Aparecida de Almeida, Eric Santos Silva, Rafaela Aparecida Dilger.<\/span><\/p>\n<p class=\"western\" lang=\"pt-PT\"><span style=\"font-family: Comic Sans MS, cursive;font-size: 14pt\">VI \u2013 Comiss\u00e3o organizadora: Mariane de Araujo, Rhuann Carlo VieroTaques.<\/span><\/p>\n","protected":false},"excerpt":{"rendered":"<p>\u00a0\u00a0\u00a0 O Museu de Ci\u00eancias Naturais de Guarapuava, parceria entre Unicentro e Prefeitura Municipal de Guarapuava desde 1998, busca sempre a melhoria do atendimento aos seus visitantes. \u00a0\u00a0\u00a0 Este site \u00e9 uma express\u00e3o deste compromisso. \u00a0\u00a0\u00a0 Pretendemos aqui dispor conte\u00fados (textos, \u00e1udios, imagens e v\u00eddeos) que poder\u00e3o ser acessados via QRcodes dispostos em diversos locais [&hellip;]<\/p>\n","protected":false},"author":3,"featured_media":0,"parent":0,"menu_order":0,"comment_status":"closed","ping_status":"closed","template":"","meta":{"_exactmetrics_skip_tracking":false,"_exactmetrics_sitenote_active":false,"_exactmetrics_sitenote_note":"","_exactmetrics_sitenote_category":0,"footnotes":"","_links_to":"","_links_to_target":""},"class_list":["post-16","page","type-page","status-publish","hentry"],"_links":{"self":[{"href":"https:\/\/www3.unicentro.br\/museuinterativo\/wp-json\/wp\/v2\/pages\/16","targetHints":{"allow":["GET"]}}],"collection":[{"href":"https:\/\/www3.unicentro.br\/museuinterativo\/wp-json\/wp\/v2\/pages"}],"about":[{"href":"https:\/\/www3.unicentro.br\/museuinterativo\/wp-json\/wp\/v2\/types\/page"}],"author":[{"embeddable":true,"href":"https:\/\/www3.unicentro.br\/museuinterativo\/wp-json\/wp\/v2\/users\/3"}],"replies":[{"embeddable":true,"href":"https:\/\/www3.unicentro.br\/museuinterativo\/wp-json\/wp\/v2\/comments?post=16"}],"version-history":[{"count":0,"href":"https:\/\/www3.unicentro.br\/museuinterativo\/wp-json\/wp\/v2\/pages\/16\/revisions"}],"wp:attachment":[{"href":"https:\/\/www3.unicentro.br\/museuinterativo\/wp-json\/wp\/v2\/media?parent=16"}],"curies":[{"name":"wp","href":"https:\/\/api.w.org\/{rel}","templated":true}]}}