{"id":80,"date":"2020-05-21T18:14:24","date_gmt":"2020-05-21T21:14:24","guid":{"rendered":"https:\/\/www3.unicentro.br\/museu\/?page_id=80"},"modified":"2020-05-21T18:16:45","modified_gmt":"2020-05-21T21:16:45","slug":"gastropoda","status":"publish","type":"page","link":"https:\/\/www3.unicentro.br\/museu\/acervo\/do-mar\/malacologia\/gastropoda\/","title":{"rendered":"Gastropoda"},"content":{"rendered":"<p style=\"text-align: center\"><span style=\"font-family: comic sans ms, sans-serif;font-size: 14pt\">Classe Gastropoda<\/span><\/p>\n<p class=\"western\" style=\"text-align: center\"><span style=\"font-family: comic sans ms, sans-serif;font-size: 14pt\">Os gastr\u00f3podes assim chamados em virtude da singular posi\u00e7\u00e3o ventral de seu \u00f3rg\u00e3o de locomo\u00e7\u00e3o formam a maior classe dos moluscos, com cerca de cinquenta mil esp\u00e9cies viventes, a concha retorcida, principal caracter\u00edstica \u00e9 formada pela larva dos gastr\u00f3podes corresponde ao \u00e1pice da concha dos indiv\u00edduos adultos. A partir das voltas mais antigas e menores crescem as outras voltas, ou espiras, cada vez mais amplas, ao redor da columela, eixo central a que se v\u00e3o fixando.<\/span><\/p>\n<p>&nbsp;<\/p>\n<p class=\"western\" style=\"text-align: center\"><span style=\"font-family: comic sans ms, sans-serif;font-size: 14pt\">No Museu de Ci\u00eancias Naturais de Guarapuava est\u00e3o expostas v\u00e1rias conchas de gastr\u00f3podes da ordem de Mesogastropoda e Neogastropoda de v\u00e1rias regi\u00f5es do Brasil, e tamb\u00e9m de outras partes do mundo.<\/span><br \/>\n<span style=\"font-family: comic sans ms, sans-serif;font-size: 14pt\"><img loading=\"lazy\" decoding=\"async\" class=\" wp-image-82 aligncenter\" src=\"https:\/\/www3.unicentro.br\/museu\/wp-content\/uploads\/sites\/86\/2020\/05\/MesoNeogastropoda-300x225.jpg\" alt=\"\" width=\"808\" height=\"606\" srcset=\"https:\/\/www3.unicentro.br\/museu\/wp-content\/uploads\/sites\/86\/2020\/05\/MesoNeogastropoda-300x225.jpg 300w, https:\/\/www3.unicentro.br\/museu\/wp-content\/uploads\/sites\/86\/2020\/05\/MesoNeogastropoda-1024x768.jpg 1024w, https:\/\/www3.unicentro.br\/museu\/wp-content\/uploads\/sites\/86\/2020\/05\/MesoNeogastropoda-768x576.jpg 768w, https:\/\/www3.unicentro.br\/museu\/wp-content\/uploads\/sites\/86\/2020\/05\/MesoNeogastropoda-400x300.jpg 400w, https:\/\/www3.unicentro.br\/museu\/wp-content\/uploads\/sites\/86\/2020\/05\/MesoNeogastropoda-800x600.jpg 800w, https:\/\/www3.unicentro.br\/museu\/wp-content\/uploads\/sites\/86\/2020\/05\/MesoNeogastropoda-255x191.jpg 255w, https:\/\/www3.unicentro.br\/museu\/wp-content\/uploads\/sites\/86\/2020\/05\/MesoNeogastropoda.jpg 1152w\" sizes=\"auto, (max-width: 808px) 100vw, 808px\" \/><\/span><\/p>\n","protected":false},"excerpt":{"rendered":"<p>Classe Gastropoda Os gastr\u00f3podes assim chamados em virtude da singular posi\u00e7\u00e3o ventral de seu \u00f3rg\u00e3o de locomo\u00e7\u00e3o formam a maior classe dos moluscos, com cerca de cinquenta mil esp\u00e9cies viventes, a concha retorcida, principal caracter\u00edstica \u00e9 formada pela larva dos gastr\u00f3podes corresponde ao \u00e1pice da concha dos indiv\u00edduos adultos. A partir das voltas mais antigas [&hellip;]<\/p>\n","protected":false},"author":261,"featured_media":0,"parent":67,"menu_order":0,"comment_status":"closed","ping_status":"closed","template":"","meta":{"_exactmetrics_skip_tracking":false,"_exactmetrics_sitenote_active":false,"_exactmetrics_sitenote_note":"","_exactmetrics_sitenote_category":0,"footnotes":"","_links_to":"","_links_to_target":""},"class_list":["post-80","page","type-page","status-publish","hentry"],"_links":{"self":[{"href":"https:\/\/www3.unicentro.br\/museu\/wp-json\/wp\/v2\/pages\/80","targetHints":{"allow":["GET"]}}],"collection":[{"href":"https:\/\/www3.unicentro.br\/museu\/wp-json\/wp\/v2\/pages"}],"about":[{"href":"https:\/\/www3.unicentro.br\/museu\/wp-json\/wp\/v2\/types\/page"}],"author":[{"embeddable":true,"href":"https:\/\/www3.unicentro.br\/museu\/wp-json\/wp\/v2\/users\/261"}],"replies":[{"embeddable":true,"href":"https:\/\/www3.unicentro.br\/museu\/wp-json\/wp\/v2\/comments?post=80"}],"version-history":[{"count":0,"href":"https:\/\/www3.unicentro.br\/museu\/wp-json\/wp\/v2\/pages\/80\/revisions"}],"up":[{"embeddable":true,"href":"https:\/\/www3.unicentro.br\/museu\/wp-json\/wp\/v2\/pages\/67"}],"wp:attachment":[{"href":"https:\/\/www3.unicentro.br\/museu\/wp-json\/wp\/v2\/media?parent=80"}],"curies":[{"name":"wp","href":"https:\/\/api.w.org\/{rel}","templated":true}]}}