{"id":67,"date":"2020-05-18T17:52:34","date_gmt":"2020-05-18T20:52:34","guid":{"rendered":"https:\/\/www3.unicentro.br\/museu\/?page_id=67"},"modified":"2020-05-21T19:11:11","modified_gmt":"2020-05-21T22:11:11","slug":"malacologia","status":"publish","type":"page","link":"https:\/\/www3.unicentro.br\/museu\/acervo\/do-mar\/malacologia\/","title":{"rendered":"Malacologia"},"content":{"rendered":"<p class=\"western\" style=\"text-align: center\" align=\"JUSTIFY\"><span style=\"color: #000000;font-size: 14pt;font-family: comic sans ms, sans-serif\">Malacologia \u00e9 o ramo da biologia que estuda os moluscos. Os estudos malacol\u00f3gicos incluem a taxonomia, a fisiologia e a ecologia destes animais.<\/span><\/p>\n<p class=\"western\" style=\"text-align: center\" align=\"JUSTIFY\"><span style=\"font-size: 14pt\"><span style=\"color: #000000;font-family: comic sans ms, sans-serif\">Os moluscos s\u00e3o animais de corpo mole que geralmente habitam ambientes aqu\u00e1ticos, podendo<\/span><span style=\"color: #000000;font-family: comic sans ms, sans-serif\"> tamb\u00e9m viver em ambientes terrestres \u00famidos. O Filo Mollusca possui uma grande biodiversidade, dividida principalmente em quatro Classes: Polyplacophora, <a href=\"https:\/\/www3.unicentro.br\/museu\/acervo\/do-mar\/malacologia\/gastropoda\/\">Gastropoda<\/a>, Cephalopoda e Bivalvia.<\/span><\/span><\/p>\n<p class=\"western\" style=\"text-align: center\" align=\"JUSTIFY\"><span style=\"color: #000000;font-size: 14pt;font-family: comic sans ms, sans-serif\">Descubra mais sobre estas Classes clicando sobre as fotos abaixo.<\/span><\/p>\n<div id=\"attachment_82\" style=\"width: 274px\" class=\"wp-caption alignleft\"><a href=\"https:\/\/www3.unicentro.br\/museu\/acervo\/do-mar\/malacologia\/gastropoda\/\"><img loading=\"lazy\" decoding=\"async\" aria-describedby=\"caption-attachment-82\" class=\"wp-image-82 \" src=\"https:\/\/www3.unicentro.br\/museu\/wp-content\/uploads\/sites\/86\/2020\/05\/MesoNeogastropoda-300x225.jpg\" alt=\"Mesogastropoda e Neogastropoda\" width=\"264\" height=\"198\" srcset=\"https:\/\/www3.unicentro.br\/museu\/wp-content\/uploads\/sites\/86\/2020\/05\/MesoNeogastropoda-300x225.jpg 300w, https:\/\/www3.unicentro.br\/museu\/wp-content\/uploads\/sites\/86\/2020\/05\/MesoNeogastropoda-1024x768.jpg 1024w, https:\/\/www3.unicentro.br\/museu\/wp-content\/uploads\/sites\/86\/2020\/05\/MesoNeogastropoda-768x576.jpg 768w, https:\/\/www3.unicentro.br\/museu\/wp-content\/uploads\/sites\/86\/2020\/05\/MesoNeogastropoda-400x300.jpg 400w, https:\/\/www3.unicentro.br\/museu\/wp-content\/uploads\/sites\/86\/2020\/05\/MesoNeogastropoda-800x600.jpg 800w, https:\/\/www3.unicentro.br\/museu\/wp-content\/uploads\/sites\/86\/2020\/05\/MesoNeogastropoda-255x191.jpg 255w, https:\/\/www3.unicentro.br\/museu\/wp-content\/uploads\/sites\/86\/2020\/05\/MesoNeogastropoda.jpg 1152w\" sizes=\"auto, (max-width: 264px) 100vw, 264px\" \/><\/a><p id=\"caption-attachment-82\" class=\"wp-caption-text\"><a href=\"https:\/\/www3.unicentro.br\/museu\/acervo\/do-mar\/malacologia\/gastropoda\/\">GASTROPODA<\/a><\/p><\/div>\n","protected":false},"excerpt":{"rendered":"<p>Malacologia \u00e9 o ramo da biologia que estuda os moluscos. Os estudos malacol\u00f3gicos incluem a taxonomia, a fisiologia e a ecologia destes animais. Os moluscos s\u00e3o animais de corpo mole que geralmente habitam ambientes aqu\u00e1ticos, podendo tamb\u00e9m viver em ambientes terrestres \u00famidos. O Filo Mollusca possui uma grande biodiversidade, dividida principalmente em quatro Classes: Polyplacophora, [&hellip;]<\/p>\n","protected":false},"author":261,"featured_media":0,"parent":30,"menu_order":0,"comment_status":"closed","ping_status":"closed","template":"","meta":{"_exactmetrics_skip_tracking":false,"_exactmetrics_sitenote_active":false,"_exactmetrics_sitenote_note":"","_exactmetrics_sitenote_category":0,"footnotes":"","_links_to":"","_links_to_target":""},"class_list":["post-67","page","type-page","status-publish","hentry"],"_links":{"self":[{"href":"https:\/\/www3.unicentro.br\/museu\/wp-json\/wp\/v2\/pages\/67","targetHints":{"allow":["GET"]}}],"collection":[{"href":"https:\/\/www3.unicentro.br\/museu\/wp-json\/wp\/v2\/pages"}],"about":[{"href":"https:\/\/www3.unicentro.br\/museu\/wp-json\/wp\/v2\/types\/page"}],"author":[{"embeddable":true,"href":"https:\/\/www3.unicentro.br\/museu\/wp-json\/wp\/v2\/users\/261"}],"replies":[{"embeddable":true,"href":"https:\/\/www3.unicentro.br\/museu\/wp-json\/wp\/v2\/comments?post=67"}],"version-history":[{"count":0,"href":"https:\/\/www3.unicentro.br\/museu\/wp-json\/wp\/v2\/pages\/67\/revisions"}],"up":[{"embeddable":true,"href":"https:\/\/www3.unicentro.br\/museu\/wp-json\/wp\/v2\/pages\/30"}],"wp:attachment":[{"href":"https:\/\/www3.unicentro.br\/museu\/wp-json\/wp\/v2\/media?parent=67"}],"curies":[{"name":"wp","href":"https:\/\/api.w.org\/{rel}","templated":true}]}}