{"id":609,"date":"2021-02-12T13:26:11","date_gmt":"2021-02-12T16:26:11","guid":{"rendered":"https:\/\/www3.unicentro.br\/museu\/?page_id=609"},"modified":"2025-07-17T16:46:01","modified_gmt":"2025-07-17T19:46:01","slug":"rochas","status":"publish","type":"page","link":"https:\/\/www3.unicentro.br\/museu\/acervo\/fisica\/rochas\/","title":{"rendered":"Rochas"},"content":{"rendered":"<div class=\"wpb-content-wrapper\"><p>[vc_row][vc_column][vc_column_text css=&#8221;&#8221;]<\/p>\n<p style=\"text-align: center\"><span style=\"font-family: comic sans ms, sans-serif;font-size: 24pt\">Rochas<\/span><\/p>\n<p><span style=\"font-family: comic sans ms, sans-serif;font-size: 14pt\">A distribui\u00e7\u00e3o de radiois\u00f3topos na superf\u00edcie terrestre \u00e9 um objeto de estudo com v\u00e1rias finalidades. Para a vis\u00e3o da geol\u00f3gica, a concentra\u00e7\u00e3o de radiois\u00f3topos pode ser analisada de acordo com os diferentes tipos de rocha e forma\u00e7\u00f5es geol\u00f3gicas presentes na \u00e1rea de estudo.\u00a0 Essa condi\u00e7\u00e3o permite o estudo de algumas caracter\u00edsticas geol\u00f3gicas pela an\u00e1lise da distribui\u00e7\u00e3o de radiois\u00f3topos em rochas, bem como possibilita uma reflex\u00e3o a respeito da origem dos sedimentos e dos eventos relacionados ao clima e a eros\u00e3o.<\/span><\/p>\n<p><span style=\"font-family: comic sans ms, sans-serif;font-size: 14pt\">Apesar de um mesmo tipo de rocha apresentar um amplo intervalo de valores de concentra\u00e7\u00f5es em rela\u00e7\u00e3o em rela\u00e7\u00e3o ao t\u00f3rio e ur\u00e2nio, algumas tend\u00eancias podem ser constatadas:<\/span><\/p>\n<p><span style=\"font-family: comic sans ms, sans-serif;font-size: 14pt\"><img loading=\"lazy\" decoding=\"async\" class=\"size-medium wp-image-623 aligncenter\" src=\"https:\/\/www3.unicentro.br\/museu\/wp-content\/uploads\/sites\/86\/2021\/02\/rochas-300x155.png\" alt=\"\" width=\"300\" height=\"155\" srcset=\"https:\/\/www3.unicentro.br\/museu\/wp-content\/uploads\/sites\/86\/2021\/02\/rochas-300x155.png 300w, https:\/\/www3.unicentro.br\/museu\/wp-content\/uploads\/sites\/86\/2021\/02\/rochas-768x397.png 768w, https:\/\/www3.unicentro.br\/museu\/wp-content\/uploads\/sites\/86\/2021\/02\/rochas-255x132.png 255w, https:\/\/www3.unicentro.br\/museu\/wp-content\/uploads\/sites\/86\/2021\/02\/rochas.png 860w\" sizes=\"auto, (max-width: 300px) 100vw, 300px\" \/><\/span><\/p>\n<p>[\/vc_column_text][vc_separator css=&#8221;&#8221;][vc_column_text css=&#8221;&#8221;]<\/p>\n<p style=\"text-align: center\"><span style=\"font-family: comic sans ms, sans-serif;font-size: 24pt\">Forma\u00e7\u00e3o Rio Bonito<\/span><\/p>\n<p><span style=\"font-family: comic sans ms, sans-serif;font-size: 14pt\">A forma\u00e7\u00e3o Rio Bonito possui jazidas de carv\u00e3o e de ur\u00e2nio, sendo o carv\u00e3o dessa regi\u00e3o explorado pela Companhia Carbon\u00edfera de Cambu\u00ed. O LAN (Laborat\u00f3rio de Aplica\u00e7\u00f5es Nucleares) da\u00a0 Unicentro realizou algumas medi\u00e7\u00f5es nessa regi\u00e3o.<\/span><\/p>\n<p><span style=\"font-family: comic sans ms, sans-serif;font-size: 14pt\">O perfil encontrado revela uma sequ\u00eancia intercalar de arenito fino e siltito cinza, al\u00e9m do carv\u00e3o que est\u00e1 cerca de 50 metros de profundidade, a jazida de ur\u00e2nio dessa forma\u00e7\u00e3o est\u00e1 localizada no munic\u00edpio de Figueira\/PR, e \u00e9 estimada em 7000 toneladas de ur\u00e2nio, ocorrendo sobre a camada de carv\u00e3o.<\/span><\/p>\n<p><span style=\"font-family: comic sans ms, sans-serif;font-size: 14pt\">Nas medidas feitas pelo LAN, a maior atividade em amostras do Rio Bonito foram em siltito com a atividade de 2857 Bq\/kg.<\/span><\/p>\n<p style=\"text-align: center\"><span style=\"font-family: comic sans ms, sans-serif;font-size: 24pt\"><img loading=\"lazy\" decoding=\"async\" class=\"alignnone size-medium wp-image-625\" src=\"https:\/\/www3.unicentro.br\/museu\/wp-content\/uploads\/sites\/86\/2021\/02\/P_20210205_152450_vHDR_Auto-300x225.jpg\" alt=\"\" width=\"300\" height=\"225\" srcset=\"https:\/\/www3.unicentro.br\/museu\/wp-content\/uploads\/sites\/86\/2021\/02\/P_20210205_152450_vHDR_Auto-300x225.jpg 300w, https:\/\/www3.unicentro.br\/museu\/wp-content\/uploads\/sites\/86\/2021\/02\/P_20210205_152450_vHDR_Auto-1024x768.jpg 1024w, https:\/\/www3.unicentro.br\/museu\/wp-content\/uploads\/sites\/86\/2021\/02\/P_20210205_152450_vHDR_Auto-768x576.jpg 768w, https:\/\/www3.unicentro.br\/museu\/wp-content\/uploads\/sites\/86\/2021\/02\/P_20210205_152450_vHDR_Auto-1536x1152.jpg 1536w, https:\/\/www3.unicentro.br\/museu\/wp-content\/uploads\/sites\/86\/2021\/02\/P_20210205_152450_vHDR_Auto-400x300.jpg 400w, https:\/\/www3.unicentro.br\/museu\/wp-content\/uploads\/sites\/86\/2021\/02\/P_20210205_152450_vHDR_Auto-800x600.jpg 800w, https:\/\/www3.unicentro.br\/museu\/wp-content\/uploads\/sites\/86\/2021\/02\/P_20210205_152450_vHDR_Auto-1200x900.jpg 1200w, https:\/\/www3.unicentro.br\/museu\/wp-content\/uploads\/sites\/86\/2021\/02\/P_20210205_152450_vHDR_Auto-255x191.jpg 255w, https:\/\/www3.unicentro.br\/museu\/wp-content\/uploads\/sites\/86\/2021\/02\/P_20210205_152450_vHDR_Auto.jpg 1600w\" sizes=\"auto, (max-width: 300px) 100vw, 300px\" \/><\/span><\/p>\n<p>\u00a0[\/vc_column_text][vc_separator css=&#8221;&#8221;][vc_column_text css=&#8221;&#8221;]<\/p>\n<p style=\"text-align: center\"><span style=\"font-family: comic sans ms, sans-serif;font-size: 24pt\">Areia de Guarapari<\/span><\/p>\n<p><span style=\"font-family: comic sans ms, sans-serif;font-size: 14pt\">A areia monaz\u00edtica \u00e9 um tipo de areia que possui a maior concentra\u00e7\u00e3o de metais pesados. No Brasil, o local de maior concentra\u00e7\u00e3o deste tipo de areia \u00e9 em Guarapari\/ES, mais especificamente na Praia de Meaipe e na Praia da Areia Preta.<\/span><\/p>\n<p><span style=\"font-family: comic sans ms, sans-serif;font-size: 14pt\">Esse tipo de areia cont\u00e9m uma abundante quantidade de monazita (fosfato avermelhado contendo metais e terras raras, sendo fonte de t\u00f3rio, lant\u00e2nio e c\u00e9rio). Possui tamb\u00e9m uma quantidade consider\u00e1vel de ur\u00e2nio, que juntamente ao t\u00f3rio \u00e9 respons\u00e1vel pela sua radia\u00e7\u00e3o. A radiatividade medida tem algumas varia\u00e7\u00f5es, mas est\u00e3o na ordem de 4000 Bq\/kg de ur\u00e2nio-238 e 60000 Bq\/kg para t\u00f3rio-232.<\/span><\/p>\n<p><span style=\"font-family: comic sans ms, sans-serif;font-size: 14pt\"><img loading=\"lazy\" decoding=\"async\" class=\"alignnone wp-image-626 size-medium\" src=\"https:\/\/www3.unicentro.br\/museu\/wp-content\/uploads\/sites\/86\/2021\/02\/P_20210205_152714_vHDR_Auto-300x225.jpg\" alt=\"\" width=\"300\" height=\"225\" srcset=\"https:\/\/www3.unicentro.br\/museu\/wp-content\/uploads\/sites\/86\/2021\/02\/P_20210205_152714_vHDR_Auto-300x225.jpg 300w, https:\/\/www3.unicentro.br\/museu\/wp-content\/uploads\/sites\/86\/2021\/02\/P_20210205_152714_vHDR_Auto-1024x768.jpg 1024w, https:\/\/www3.unicentro.br\/museu\/wp-content\/uploads\/sites\/86\/2021\/02\/P_20210205_152714_vHDR_Auto-768x576.jpg 768w, https:\/\/www3.unicentro.br\/museu\/wp-content\/uploads\/sites\/86\/2021\/02\/P_20210205_152714_vHDR_Auto-1536x1152.jpg 1536w, https:\/\/www3.unicentro.br\/museu\/wp-content\/uploads\/sites\/86\/2021\/02\/P_20210205_152714_vHDR_Auto-400x300.jpg 400w, https:\/\/www3.unicentro.br\/museu\/wp-content\/uploads\/sites\/86\/2021\/02\/P_20210205_152714_vHDR_Auto-800x600.jpg 800w, https:\/\/www3.unicentro.br\/museu\/wp-content\/uploads\/sites\/86\/2021\/02\/P_20210205_152714_vHDR_Auto-1200x900.jpg 1200w, https:\/\/www3.unicentro.br\/museu\/wp-content\/uploads\/sites\/86\/2021\/02\/P_20210205_152714_vHDR_Auto-255x191.jpg 255w, https:\/\/www3.unicentro.br\/museu\/wp-content\/uploads\/sites\/86\/2021\/02\/P_20210205_152714_vHDR_Auto.jpg 1600w\" sizes=\"auto, (max-width: 300px) 100vw, 300px\" \/><\/span>[\/vc_column_text][vc_separator css=&#8221;&#8221;][vc_column_text css=&#8221;&#8221;]<span style=\"font-family: comic sans ms, sans-serif;font-size: 14pt\"><span style=\"font-size: 18pt\">Sobre algumas rochas:<\/span><\/span><\/p>\n<p style=\"text-align: center\"><span style=\"font-family: comic sans ms, sans-serif;font-size: 24pt\">Granito<\/span><\/p>\n<p><span style=\"font-family: comic sans ms, sans-serif;font-size: 14pt\">Granito \u00e9 um tipo comum de rocha \u00edgnea intrusiva f\u00e9lsica, de gr\u00e3o fino n\u00e3o metam\u00f3rfico, m\u00e9dio ou grosseiro composta essencialmente pelos minerais quartzo e feldspato, tendo como minerais acess\u00f3rios mica, hornblenda, zirc\u00e3o e outros. As atividades medias encontradas em amostras de Granito Cunhaporanga s\u00e3o 1276 Bq\/kg para pot\u00e1ssio-40, 133 Bq\/kg de t\u00f3rio-232 e 69 Bq\/kg de r\u00e1dio-226.<\/span><\/p>\n<p style=\"text-align: center\"><span style=\"font-family: comic sans ms, sans-serif;font-size: 24pt\"><img loading=\"lazy\" decoding=\"async\" class=\"aligncenter wp-image-632 size-medium\" src=\"https:\/\/www3.unicentro.br\/museu\/wp-content\/uploads\/sites\/86\/2021\/02\/P_20210205_152840_vHDR_Auto-300x225.jpg\" alt=\"\" width=\"300\" height=\"225\" srcset=\"https:\/\/www3.unicentro.br\/museu\/wp-content\/uploads\/sites\/86\/2021\/02\/P_20210205_152840_vHDR_Auto-300x225.jpg 300w, https:\/\/www3.unicentro.br\/museu\/wp-content\/uploads\/sites\/86\/2021\/02\/P_20210205_152840_vHDR_Auto-1024x768.jpg 1024w, https:\/\/www3.unicentro.br\/museu\/wp-content\/uploads\/sites\/86\/2021\/02\/P_20210205_152840_vHDR_Auto-768x576.jpg 768w, https:\/\/www3.unicentro.br\/museu\/wp-content\/uploads\/sites\/86\/2021\/02\/P_20210205_152840_vHDR_Auto-1536x1152.jpg 1536w, https:\/\/www3.unicentro.br\/museu\/wp-content\/uploads\/sites\/86\/2021\/02\/P_20210205_152840_vHDR_Auto-400x300.jpg 400w, https:\/\/www3.unicentro.br\/museu\/wp-content\/uploads\/sites\/86\/2021\/02\/P_20210205_152840_vHDR_Auto-800x600.jpg 800w, https:\/\/www3.unicentro.br\/museu\/wp-content\/uploads\/sites\/86\/2021\/02\/P_20210205_152840_vHDR_Auto-1200x900.jpg 1200w, https:\/\/www3.unicentro.br\/museu\/wp-content\/uploads\/sites\/86\/2021\/02\/P_20210205_152840_vHDR_Auto-255x191.jpg 255w, https:\/\/www3.unicentro.br\/museu\/wp-content\/uploads\/sites\/86\/2021\/02\/P_20210205_152840_vHDR_Auto.jpg 1600w\" sizes=\"auto, (max-width: 300px) 100vw, 300px\" \/><\/span><\/p>\n<p style=\"text-align: center\"><span style=\"font-family: comic sans ms, sans-serif;font-size: 24pt\">Andesito<\/span><\/p>\n<p><span style=\"font-family: comic sans ms, sans-serif;font-size: 14pt\">Andesito \u00e9 uma rocha \u00edgnea vulc\u00e2nica de composi\u00e7\u00e3o intermedi\u00e1ria, calcoalcalina, de cor cinzenta a cinza escura ou mesmo negra, com textura afan\u00edtica a porfiritica.<\/span><\/p>\n<p style=\"text-align: center\"><span style=\"font-family: comic sans ms, sans-serif;font-size: 24pt\"><img loading=\"lazy\" decoding=\"async\" class=\"alignnone size-medium wp-image-631\" src=\"https:\/\/www3.unicentro.br\/museu\/wp-content\/uploads\/sites\/86\/2021\/02\/P_20210205_152742_vHDR_Auto-300x225.jpg\" alt=\"\" width=\"300\" height=\"225\" srcset=\"https:\/\/www3.unicentro.br\/museu\/wp-content\/uploads\/sites\/86\/2021\/02\/P_20210205_152742_vHDR_Auto-300x225.jpg 300w, https:\/\/www3.unicentro.br\/museu\/wp-content\/uploads\/sites\/86\/2021\/02\/P_20210205_152742_vHDR_Auto-1024x768.jpg 1024w, https:\/\/www3.unicentro.br\/museu\/wp-content\/uploads\/sites\/86\/2021\/02\/P_20210205_152742_vHDR_Auto-768x576.jpg 768w, https:\/\/www3.unicentro.br\/museu\/wp-content\/uploads\/sites\/86\/2021\/02\/P_20210205_152742_vHDR_Auto-1536x1152.jpg 1536w, https:\/\/www3.unicentro.br\/museu\/wp-content\/uploads\/sites\/86\/2021\/02\/P_20210205_152742_vHDR_Auto-400x300.jpg 400w, https:\/\/www3.unicentro.br\/museu\/wp-content\/uploads\/sites\/86\/2021\/02\/P_20210205_152742_vHDR_Auto-800x600.jpg 800w, https:\/\/www3.unicentro.br\/museu\/wp-content\/uploads\/sites\/86\/2021\/02\/P_20210205_152742_vHDR_Auto-1200x900.jpg 1200w, https:\/\/www3.unicentro.br\/museu\/wp-content\/uploads\/sites\/86\/2021\/02\/P_20210205_152742_vHDR_Auto-255x191.jpg 255w, https:\/\/www3.unicentro.br\/museu\/wp-content\/uploads\/sites\/86\/2021\/02\/P_20210205_152742_vHDR_Auto.jpg 1600w\" sizes=\"auto, (max-width: 300px) 100vw, 300px\" \/><\/span><\/p>\n<p style=\"text-align: center\"><span style=\"font-family: comic sans ms, sans-serif;font-size: 24pt\">Basalto<\/span><\/p>\n<p><span style=\"font-family: comic sans ms, sans-serif;font-size: 14pt\">O basalto \u00e9 uma rocha \u00edgnea extrusiva de composi\u00e7\u00e3o m\u00e1fica, por isso rica em silicatos de magn\u00e9sio e ferro e com baixo conte\u00fado de s\u00edlica, e que constitui\u00a0 uma das rochas mais abundantes na crosta terrestre.<\/span><\/p>\n<p><span style=\"font-family: comic sans ms, sans-serif;font-size: 14pt\">Atividades m\u00e9dias encontradas em amostras de basalto encontradas na forma\u00e7\u00e3o da Serra Geral s\u00e3o: 315 Bq\/kg de pot\u00e1ssio-40, 9 Bq\/Kg de t\u00f3rio-232 e 5 Bq\/kg de r\u00e1dio-226.<\/span><\/p>\n<p style=\"text-align: center\"><span style=\"font-family: comic sans ms, sans-serif;font-size: 18pt\"><img loading=\"lazy\" decoding=\"async\" class=\"alignnone size-medium wp-image-629\" src=\"https:\/\/www3.unicentro.br\/museu\/wp-content\/uploads\/sites\/86\/2021\/02\/P_20210205_152728_vHDR_Auto-300x225.jpg\" alt=\"\" width=\"300\" height=\"225\" srcset=\"https:\/\/www3.unicentro.br\/museu\/wp-content\/uploads\/sites\/86\/2021\/02\/P_20210205_152728_vHDR_Auto-300x225.jpg 300w, https:\/\/www3.unicentro.br\/museu\/wp-content\/uploads\/sites\/86\/2021\/02\/P_20210205_152728_vHDR_Auto-1024x768.jpg 1024w, https:\/\/www3.unicentro.br\/museu\/wp-content\/uploads\/sites\/86\/2021\/02\/P_20210205_152728_vHDR_Auto-768x576.jpg 768w, https:\/\/www3.unicentro.br\/museu\/wp-content\/uploads\/sites\/86\/2021\/02\/P_20210205_152728_vHDR_Auto-1536x1152.jpg 1536w, https:\/\/www3.unicentro.br\/museu\/wp-content\/uploads\/sites\/86\/2021\/02\/P_20210205_152728_vHDR_Auto-400x300.jpg 400w, https:\/\/www3.unicentro.br\/museu\/wp-content\/uploads\/sites\/86\/2021\/02\/P_20210205_152728_vHDR_Auto-800x600.jpg 800w, https:\/\/www3.unicentro.br\/museu\/wp-content\/uploads\/sites\/86\/2021\/02\/P_20210205_152728_vHDR_Auto-1200x900.jpg 1200w, https:\/\/www3.unicentro.br\/museu\/wp-content\/uploads\/sites\/86\/2021\/02\/P_20210205_152728_vHDR_Auto-255x191.jpg 255w, https:\/\/www3.unicentro.br\/museu\/wp-content\/uploads\/sites\/86\/2021\/02\/P_20210205_152728_vHDR_Auto.jpg 1600w\" sizes=\"auto, (max-width: 300px) 100vw, 300px\" \/><\/span><\/p>\n<p style=\"text-align: center\"><span style=\"font-family: comic sans ms, sans-serif;font-size: 18pt\">Folhelho Forma\u00e7\u00e3o Teresina<\/span><\/p>\n<p><span style=\"font-family: comic sans ms, sans-serif;font-size: 14pt\">Atividades encontradas em amostras dessa forma\u00e7\u00e3o variam de 344 a 1064 Bq\/kg de pot\u00e1ssio-40, 24 a 64 Bq\/kg de t\u00f3rio-232 e 7 a 4 Bq\/Kg de r\u00e1dio-226.<\/span><\/p>\n<p><img loading=\"lazy\" decoding=\"async\" class=\"size-medium wp-image-628 alignnone\" src=\"https:\/\/www3.unicentro.br\/museu\/wp-content\/uploads\/sites\/86\/2021\/02\/P_20210205_153441_vHDR_Auto-300x225.jpg\" alt=\"\" width=\"300\" height=\"225\" srcset=\"https:\/\/www3.unicentro.br\/museu\/wp-content\/uploads\/sites\/86\/2021\/02\/P_20210205_153441_vHDR_Auto-300x225.jpg 300w, https:\/\/www3.unicentro.br\/museu\/wp-content\/uploads\/sites\/86\/2021\/02\/P_20210205_153441_vHDR_Auto-1024x768.jpg 1024w, https:\/\/www3.unicentro.br\/museu\/wp-content\/uploads\/sites\/86\/2021\/02\/P_20210205_153441_vHDR_Auto-768x576.jpg 768w, https:\/\/www3.unicentro.br\/museu\/wp-content\/uploads\/sites\/86\/2021\/02\/P_20210205_153441_vHDR_Auto-1536x1152.jpg 1536w, https:\/\/www3.unicentro.br\/museu\/wp-content\/uploads\/sites\/86\/2021\/02\/P_20210205_153441_vHDR_Auto-400x300.jpg 400w, https:\/\/www3.unicentro.br\/museu\/wp-content\/uploads\/sites\/86\/2021\/02\/P_20210205_153441_vHDR_Auto-800x600.jpg 800w, https:\/\/www3.unicentro.br\/museu\/wp-content\/uploads\/sites\/86\/2021\/02\/P_20210205_153441_vHDR_Auto-1200x900.jpg 1200w, https:\/\/www3.unicentro.br\/museu\/wp-content\/uploads\/sites\/86\/2021\/02\/P_20210205_153441_vHDR_Auto-255x191.jpg 255w, https:\/\/www3.unicentro.br\/museu\/wp-content\/uploads\/sites\/86\/2021\/02\/P_20210205_153441_vHDR_Auto.jpg 1600w\" sizes=\"auto, (max-width: 300px) 100vw, 300px\" \/><\/p>\n<p>[\/vc_column_text][\/vc_column][\/vc_row]<\/p>\n<\/div>","protected":false},"excerpt":{"rendered":"<p>[vc_row][vc_column][vc_column_text css=&#8221;&#8221;] Rochas A distribui\u00e7\u00e3o de radiois\u00f3topos na superf\u00edcie terrestre \u00e9 um objeto de estudo com v\u00e1rias finalidades. Para a vis\u00e3o da geol\u00f3gica, a concentra\u00e7\u00e3o de radiois\u00f3topos pode ser analisada de acordo com os diferentes tipos de rocha e forma\u00e7\u00f5es geol\u00f3gicas presentes na \u00e1rea de estudo.\u00a0 Essa condi\u00e7\u00e3o permite o estudo de algumas caracter\u00edsticas geol\u00f3gicas [&hellip;]<\/p>\n","protected":false},"author":272,"featured_media":0,"parent":38,"menu_order":0,"comment_status":"closed","ping_status":"closed","template":"","meta":{"_exactmetrics_skip_tracking":false,"_exactmetrics_sitenote_active":false,"_exactmetrics_sitenote_note":"","_exactmetrics_sitenote_category":0,"footnotes":"","_links_to":"","_links_to_target":""},"class_list":["post-609","page","type-page","status-publish","hentry"],"_links":{"self":[{"href":"https:\/\/www3.unicentro.br\/museu\/wp-json\/wp\/v2\/pages\/609","targetHints":{"allow":["GET"]}}],"collection":[{"href":"https:\/\/www3.unicentro.br\/museu\/wp-json\/wp\/v2\/pages"}],"about":[{"href":"https:\/\/www3.unicentro.br\/museu\/wp-json\/wp\/v2\/types\/page"}],"author":[{"embeddable":true,"href":"https:\/\/www3.unicentro.br\/museu\/wp-json\/wp\/v2\/users\/272"}],"replies":[{"embeddable":true,"href":"https:\/\/www3.unicentro.br\/museu\/wp-json\/wp\/v2\/comments?post=609"}],"version-history":[{"count":2,"href":"https:\/\/www3.unicentro.br\/museu\/wp-json\/wp\/v2\/pages\/609\/revisions"}],"predecessor-version":[{"id":1422,"href":"https:\/\/www3.unicentro.br\/museu\/wp-json\/wp\/v2\/pages\/609\/revisions\/1422"}],"up":[{"embeddable":true,"href":"https:\/\/www3.unicentro.br\/museu\/wp-json\/wp\/v2\/pages\/38"}],"wp:attachment":[{"href":"https:\/\/www3.unicentro.br\/museu\/wp-json\/wp\/v2\/media?parent=609"}],"curies":[{"name":"wp","href":"https:\/\/api.w.org\/{rel}","templated":true}]}}