{"id":596,"date":"2021-02-05T13:39:20","date_gmt":"2021-02-05T16:39:20","guid":{"rendered":"https:\/\/www3.unicentro.br\/museu\/?page_id=596"},"modified":"2021-04-01T14:35:16","modified_gmt":"2021-04-01T17:35:16","slug":"gerador-de-marx","status":"publish","type":"page","link":"https:\/\/www3.unicentro.br\/museu\/acervo\/fisica\/gerador-de-marx\/","title":{"rendered":"Gerador de Marx"},"content":{"rendered":"<p style=\"text-align: center\"><span style=\"color: #ff0000;font-family: comic sans ms, sans-serif;font-size: 14pt\"><strong>AVISO: Todos os experimentos desta p\u00e1gina contam com uma descri\u00e7\u00e3o escrita e uma demonstra\u00e7\u00e3o por v\u00eddeo com conteudos equivalentes.<\/strong><\/span><\/p>\n<p style=\"text-align: center\"><span style=\"font-size: 24pt;font-family: comic sans ms, sans-serif\">Gerador de Marx<\/span><\/p>\n<p><iframe loading=\"lazy\" title=\"Museu de Ci\u00eancias Naturais de Guarapuava - Experimento Gerador de Marx\" width=\"900\" height=\"506\" src=\"https:\/\/www.youtube.com\/embed\/bOVSjEYe-Rk?feature=oembed\" frameborder=\"0\" allow=\"accelerometer; autoplay; clipboard-write; encrypted-media; gyroscope; picture-in-picture\" allowfullscreen><\/iframe><\/p>\n<p><span style=\"font-size: 14pt;font-family: comic sans ms, sans-serif\">Em 1924, o alem\u00e3o Erwin Otto Marx descreveu um circuito el\u00e9trico que passou a levar o seu nome. O gerador de Marx \u00e9 um circuito que tem a finalidade de gerar pulsos de alta tens\u00e3o a partir de uma fonte de corrente cont\u00ednua de baixa voltagem.<\/span><\/p>\n<p><span style=\"font-size: 14pt;font-family: comic sans ms, sans-serif\">O circuito idealizado por Marx segue o seguinte esquema:<\/span><\/p>\n<p><span style=\"font-size: 14pt;font-family: comic sans ms, sans-serif\"><img loading=\"lazy\" decoding=\"async\" class=\"size-medium wp-image-324 aligncenter\" src=\"https:\/\/www3.unicentro.br\/museu\/wp-content\/uploads\/sites\/86\/2020\/12\/gerador_marx-1-300x251.png\" alt=\"\" width=\"300\" height=\"251\" srcset=\"https:\/\/www3.unicentro.br\/museu\/wp-content\/uploads\/sites\/86\/2020\/12\/gerador_marx-1-300x251.png 300w, https:\/\/www3.unicentro.br\/museu\/wp-content\/uploads\/sites\/86\/2020\/12\/gerador_marx-1-255x213.png 255w, https:\/\/www3.unicentro.br\/museu\/wp-content\/uploads\/sites\/86\/2020\/12\/gerador_marx-1.png 699w\" sizes=\"auto, (max-width: 300px) 100vw, 300px\" \/><\/span><\/p>\n<p><span style=\"font-size: 14pt;font-family: comic sans ms, sans-serif\">Para carregar-se o circuito conta com uma s\u00e9rie de capacitores ligados em paralelo e uma sequ\u00eancia de resist\u00eancias ligadas em s\u00e9rie. \u00c9 interessante que o circuito de descarga \u00e9 ligeiramente diferente, passa a ter os capacitores ligados em s\u00e9rie.<\/span><\/p>\n<p><span style=\"font-size: 14pt;font-family: comic sans ms, sans-serif\">Isso acontece devido a constru\u00e7\u00e3o do circuito, os capacitores tem um pequeno espa\u00e7o entre seus terminais que possibilitaria uma eventual descarga, mas com baixo potencial n\u00e3o \u00e9 poss\u00edvel transmitir a corrente desta maneira, \u201cfor\u00e7ando\u201d o circuito se manter na forma de carregamento.<\/span><\/p>\n<p><span style=\"font-size: 14pt;font-family: comic sans ms, sans-serif\">Quando a carga nos capacitores \u00e9 suficientemente grande para quebrar a barreira diel\u00e9trica do ar (que faz um material ou meio deixar de ser isolante e passar a ser condutor) o circuito consegue utilizar-se se descargas pelo ar para se descarregar atuando como um circuito em s\u00e9rie. \u00c9 interessante que estas descargas feitas no ar s\u00e3o vis\u00edveis e percebidas pelo forte estalo.<\/span><\/p>\n<p><span style=\"font-size: 14pt;font-family: comic sans ms, sans-serif\">Obs: Os capacitores, neste experimento s\u00e3o feitos a partir da ideia de garradas de Leiden. Este capacitor improvisado \u00e9 feito com um recipiente isolante (um pote de vidro ou pl\u00e1stico), revestido internamente e externamente por um material condutor. Dentro fica uma esfera de material condutor e uma haste met\u00e1lica ligando o conte\u00fado do interior com o meio externo.<\/span><\/p>\n","protected":false},"excerpt":{"rendered":"<p>AVISO: Todos os experimentos desta p\u00e1gina contam com uma descri\u00e7\u00e3o escrita e uma demonstra\u00e7\u00e3o por v\u00eddeo com conteudos equivalentes. Gerador de Marx Em 1924, o alem\u00e3o Erwin Otto Marx descreveu um circuito el\u00e9trico que passou a levar o seu nome. O gerador de Marx \u00e9 um circuito que tem a finalidade de gerar pulsos de [&hellip;]<\/p>\n","protected":false},"author":272,"featured_media":0,"parent":38,"menu_order":0,"comment_status":"closed","ping_status":"closed","template":"","meta":{"_exactmetrics_skip_tracking":false,"_exactmetrics_sitenote_active":false,"_exactmetrics_sitenote_note":"","_exactmetrics_sitenote_category":0,"footnotes":"","_links_to":"","_links_to_target":""},"class_list":["post-596","page","type-page","status-publish","hentry"],"_links":{"self":[{"href":"https:\/\/www3.unicentro.br\/museu\/wp-json\/wp\/v2\/pages\/596","targetHints":{"allow":["GET"]}}],"collection":[{"href":"https:\/\/www3.unicentro.br\/museu\/wp-json\/wp\/v2\/pages"}],"about":[{"href":"https:\/\/www3.unicentro.br\/museu\/wp-json\/wp\/v2\/types\/page"}],"author":[{"embeddable":true,"href":"https:\/\/www3.unicentro.br\/museu\/wp-json\/wp\/v2\/users\/272"}],"replies":[{"embeddable":true,"href":"https:\/\/www3.unicentro.br\/museu\/wp-json\/wp\/v2\/comments?post=596"}],"version-history":[{"count":0,"href":"https:\/\/www3.unicentro.br\/museu\/wp-json\/wp\/v2\/pages\/596\/revisions"}],"up":[{"embeddable":true,"href":"https:\/\/www3.unicentro.br\/museu\/wp-json\/wp\/v2\/pages\/38"}],"wp:attachment":[{"href":"https:\/\/www3.unicentro.br\/museu\/wp-json\/wp\/v2\/media?parent=596"}],"curies":[{"name":"wp","href":"https:\/\/api.w.org\/{rel}","templated":true}]}}