{"id":594,"date":"2021-02-05T13:36:53","date_gmt":"2021-02-05T16:36:53","guid":{"rendered":"https:\/\/www3.unicentro.br\/museu\/?page_id=594"},"modified":"2021-08-09T09:50:15","modified_gmt":"2021-08-09T12:50:15","slug":"acelerador-de-saladeira","status":"publish","type":"page","link":"https:\/\/www3.unicentro.br\/museu\/acervo\/fisica\/acelerador-de-saladeira\/","title":{"rendered":"Acelerador de Saladeira"},"content":{"rendered":"<p style=\"text-align: center\"><span style=\"color: #ff0000;font-size: 14pt;font-family: comic sans ms, sans-serif\"><strong>AVISO: Todos os experimentos desta p\u00e1gina contam com uma descri\u00e7\u00e3o escrita e uma demonstra\u00e7\u00e3o por v\u00eddeo com conte\u00fados equivalentes.<\/strong><\/span><\/p>\n<p style=\"text-align: center\"><span style=\"font-size: 24pt;font-family: comic sans ms, sans-serif\">Acelerador de Saladeira<\/span><\/p>\n<p><iframe loading=\"lazy\" title=\"Museu de Ci\u00eancias Naturais de Guarapuava - Experimento Acelerador de Saladeira\" width=\"900\" height=\"506\" src=\"https:\/\/www.youtube.com\/embed\/PrYRlwCMHDc?feature=oembed\" frameborder=\"0\" allow=\"accelerometer; autoplay; clipboard-write; encrypted-media; gyroscope; picture-in-picture\" allowfullscreen><\/iframe><\/p>\n<p><span style=\"font-size: 14pt;font-family: comic sans ms, sans-serif\">O acelerador de saladeira funciona como uma demonstra\u00e7\u00e3o dos aceleradores de part\u00edculas. Como o nome j\u00e1 diz, temos um recipiente c\u00f4ncavo onde s\u00e3o fixadas tiras de um material condutor (papel alum\u00ednio), posterior a isso colocamos cargas positivas e negativas (uma nas tiras que se cruzam no centro e nas outras demais tiras que conectam-se pela parte externa no recipiente)<\/span><\/p>\n<p><span style=\"font-size: 14pt;font-family: comic sans ms, sans-serif\">Ao ligarmos o aparelho as tiras ficam eletrizadas. O pr\u00f3ximo passo \u00e9 colocar um objeto met\u00e1lico ou com revestimento met\u00e1lico no centro (no caso uma esfera revestida de material met\u00e1lico) para que ela adquira a carga da tira de material condutor que est\u00e1 tendo contato.<\/span><\/p>\n<p><span style=\"font-size: 14pt;font-family: comic sans ms, sans-serif\">Com a carga da tira que est\u00e1 mantendo contado, a esfera passa a ser repelida pela tira que se encontra e atra\u00edda pelas tiras de polaridades diferentes que est\u00e3o em torno dela. Quando ela toca uma das tiras que estava a atraindo, troca de carga e passa a ser repelida pela tira em que se encontra e atra\u00edda pelas outras.<\/span><\/p>\n<p><span style=\"font-size: 14pt;font-family: comic sans ms, sans-serif\">Este processo fornece certa acelera\u00e7\u00e3o ao corpo que est\u00e1 interagindo no interior da saladeira. \u00c9 dessa forma que podemos fornecer velocidade a um corpo carregado.<\/span><\/p>\n","protected":false},"excerpt":{"rendered":"<p>AVISO: Todos os experimentos desta p\u00e1gina contam com uma descri\u00e7\u00e3o escrita e uma demonstra\u00e7\u00e3o por v\u00eddeo com conte\u00fados equivalentes. Acelerador de Saladeira O acelerador de saladeira funciona como uma demonstra\u00e7\u00e3o dos aceleradores de part\u00edculas. Como o nome j\u00e1 diz, temos um recipiente c\u00f4ncavo onde s\u00e3o fixadas tiras de um material condutor (papel alum\u00ednio), posterior a [&hellip;]<\/p>\n","protected":false},"author":272,"featured_media":0,"parent":38,"menu_order":0,"comment_status":"closed","ping_status":"closed","template":"","meta":{"_exactmetrics_skip_tracking":false,"_exactmetrics_sitenote_active":false,"_exactmetrics_sitenote_note":"","_exactmetrics_sitenote_category":0,"footnotes":"","_links_to":"","_links_to_target":""},"class_list":["post-594","page","type-page","status-publish","hentry"],"_links":{"self":[{"href":"https:\/\/www3.unicentro.br\/museu\/wp-json\/wp\/v2\/pages\/594","targetHints":{"allow":["GET"]}}],"collection":[{"href":"https:\/\/www3.unicentro.br\/museu\/wp-json\/wp\/v2\/pages"}],"about":[{"href":"https:\/\/www3.unicentro.br\/museu\/wp-json\/wp\/v2\/types\/page"}],"author":[{"embeddable":true,"href":"https:\/\/www3.unicentro.br\/museu\/wp-json\/wp\/v2\/users\/272"}],"replies":[{"embeddable":true,"href":"https:\/\/www3.unicentro.br\/museu\/wp-json\/wp\/v2\/comments?post=594"}],"version-history":[{"count":1,"href":"https:\/\/www3.unicentro.br\/museu\/wp-json\/wp\/v2\/pages\/594\/revisions"}],"predecessor-version":[{"id":1397,"href":"https:\/\/www3.unicentro.br\/museu\/wp-json\/wp\/v2\/pages\/594\/revisions\/1397"}],"up":[{"embeddable":true,"href":"https:\/\/www3.unicentro.br\/museu\/wp-json\/wp\/v2\/pages\/38"}],"wp:attachment":[{"href":"https:\/\/www3.unicentro.br\/museu\/wp-json\/wp\/v2\/media?parent=594"}],"curies":[{"name":"wp","href":"https:\/\/api.w.org\/{rel}","templated":true}]}}