{"id":592,"date":"2021-02-05T13:34:44","date_gmt":"2021-02-05T16:34:44","guid":{"rendered":"https:\/\/www3.unicentro.br\/museu\/?page_id=592"},"modified":"2021-04-01T14:00:18","modified_gmt":"2021-04-01T17:00:18","slug":"globo-de-plasma","status":"publish","type":"page","link":"https:\/\/www3.unicentro.br\/museu\/acervo\/fisica\/globo-de-plasma\/","title":{"rendered":"Globo de Plasma"},"content":{"rendered":"<p style=\"text-align: center\"><span style=\"font-family: comic sans ms, sans-serif;color: #ff0000;font-size: 14pt\"><strong>AVISO: Todos os experimentos desta p\u00e1gina contam com uma descri\u00e7\u00e3o escrita e uma demonstra\u00e7\u00e3o por v\u00eddeo com conteudos equivalentes.<\/strong><\/span><\/p>\n<p style=\"text-align: center\"><span style=\"font-family: comic sans ms, sans-serif;font-size: 24pt\">Globo de Plasma<\/span><\/p>\n<p><iframe loading=\"lazy\" title=\"Museu de Ci\u00eancias Naturais de Guarapuava - Experimento Globo de Plasma\" width=\"900\" height=\"506\" src=\"https:\/\/www.youtube.com\/embed\/S6ZEbHPuMWo?feature=oembed\" frameborder=\"0\" allow=\"accelerometer; autoplay; clipboard-write; encrypted-media; gyroscope; picture-in-picture\" allowfullscreen><\/iframe><\/p>\n<p><span style=\"font-family: comic sans ms, sans-serif;font-size: 14pt\">O globo de plasma \u00e9 um experimento relativamente comum e conhecido, muitas vezes usado como item de decora\u00e7\u00e3o. Muito al\u00e9m de sua beleza (porque raios rosas s\u00e3o realmente muito bonitos), o globo de plasma nos tr\u00e1s a oportunidade de aprender sobre algumas coisas.<\/span><\/p>\n<p><span style=\"font-family: comic sans ms, sans-serif;font-size: 14pt\">O que \u00e9 plasma? O que define onde esses raios v\u00e3o atingir o domo de vidro? Como esse aparelho funciona?<\/span><\/p>\n<p><span style=\"font-family: comic sans ms, sans-serif;font-size: 14pt\">Podemos come\u00e7ar respondendo o que \u00e9 o plasma, que por vezes foge da nossa aten\u00e7\u00e3o, mas \u00e9 presente no nosso cotidiano em l\u00e2mpadas fluorescentes (inclusive uma \u00e9 usada nesse experimento). Plasma \u00e9 o quarto estado da mat\u00e9ria, caracterizado por gases ionizados.<\/span><\/p>\n<p><span style=\"font-family: comic sans ms, sans-serif;font-size: 14pt\">O globo de plasma tem na sua estrutura uma casca esf\u00e9rica de vidro que cont\u00e9m um g\u00e1s inerte (arg\u00f4nio ou ne\u00f4nio) a baixa press\u00e3o. No centro desta casca h\u00e1 um globo de vidro ligado a um material fortemente condutivo (como, por exemplo, o grafite).<\/span><\/p>\n<p><span style=\"font-family: comic sans ms, sans-serif;font-size: 14pt\">O globo de plasma, quando lidado, submete a esfera do seu interior a uma tens\u00e3o significativa (entre 8000 V e 15000 V), os el\u00e9trons (cargas) liberados pelo g\u00e1s interagem os seus \u00e1tomos ().<\/span><\/p>\n<p><span style=\"font-family: comic sans ms, sans-serif;font-size: 14pt\">Os raios que vemos s\u00e3o fruto do caminho dessas part\u00edculas do centro para a borda, onde em seu caminho ioniza o g\u00e1s e o faz emitir f\u00f3tons e das colis\u00f5es entre as pr\u00f3prias part\u00edculas j\u00e1 ionizadas do g\u00e1s sob uma diferen\u00e7a de potencial.<\/span><\/p>\n<p><span style=\"font-family: comic sans ms, sans-serif;font-size: 14pt\">Inicialmente os raios podem partir em qualquer dire\u00e7\u00e3o, pois todos os pontos da casca de vidro est\u00e3o igualmente distantes do centro. Ao se tocar na casca de vidro, torna o caminho entre o centro e o ponto tocado pela sua m\u00e3o muito mais prov\u00e1vel, pois voc\u00ea est\u00e1 atuando como uma entidade de descarregamento das cargas el\u00e9tricas (terra).<\/span><\/p>\n<p><span style=\"font-family: comic sans ms, sans-serif;font-size: 14pt\">A segunda pr\u00e1tica que pode ser realizada \u00e9 aproximar uma l\u00e2mpada fluorescente do globo de plasma e verifica o que acontece. Ao tocar com uma das extremidades no globo, a l\u00e2mpada se acende at\u00e9 onde a m\u00e3o do operador est\u00e1 encostada na l\u00e2mpada. Isso acontece devido ao manipulador da l\u00e2mpada passar a ser caminho para a corrente e um dos componentes el\u00e9tricos deste circuito.<\/span><\/p>\n","protected":false},"excerpt":{"rendered":"<p>AVISO: Todos os experimentos desta p\u00e1gina contam com uma descri\u00e7\u00e3o escrita e uma demonstra\u00e7\u00e3o por v\u00eddeo com conteudos equivalentes. Globo de Plasma O globo de plasma \u00e9 um experimento relativamente comum e conhecido, muitas vezes usado como item de decora\u00e7\u00e3o. Muito al\u00e9m de sua beleza (porque raios rosas s\u00e3o realmente muito bonitos), o globo de [&hellip;]<\/p>\n","protected":false},"author":272,"featured_media":0,"parent":38,"menu_order":0,"comment_status":"closed","ping_status":"closed","template":"","meta":{"_exactmetrics_skip_tracking":false,"_exactmetrics_sitenote_active":false,"_exactmetrics_sitenote_note":"","_exactmetrics_sitenote_category":0,"footnotes":"","_links_to":"","_links_to_target":""},"class_list":["post-592","page","type-page","status-publish","hentry"],"_links":{"self":[{"href":"https:\/\/www3.unicentro.br\/museu\/wp-json\/wp\/v2\/pages\/592","targetHints":{"allow":["GET"]}}],"collection":[{"href":"https:\/\/www3.unicentro.br\/museu\/wp-json\/wp\/v2\/pages"}],"about":[{"href":"https:\/\/www3.unicentro.br\/museu\/wp-json\/wp\/v2\/types\/page"}],"author":[{"embeddable":true,"href":"https:\/\/www3.unicentro.br\/museu\/wp-json\/wp\/v2\/users\/272"}],"replies":[{"embeddable":true,"href":"https:\/\/www3.unicentro.br\/museu\/wp-json\/wp\/v2\/comments?post=592"}],"version-history":[{"count":0,"href":"https:\/\/www3.unicentro.br\/museu\/wp-json\/wp\/v2\/pages\/592\/revisions"}],"up":[{"embeddable":true,"href":"https:\/\/www3.unicentro.br\/museu\/wp-json\/wp\/v2\/pages\/38"}],"wp:attachment":[{"href":"https:\/\/www3.unicentro.br\/museu\/wp-json\/wp\/v2\/media?parent=592"}],"curies":[{"name":"wp","href":"https:\/\/api.w.org\/{rel}","templated":true}]}}