{"id":569,"date":"2021-02-04T00:58:50","date_gmt":"2021-02-04T03:58:50","guid":{"rendered":"https:\/\/www3.unicentro.br\/museu\/?page_id=569"},"modified":"2021-04-01T15:05:33","modified_gmt":"2021-04-01T18:05:33","slug":"fisica-nuclear-na-medicina","status":"publish","type":"page","link":"https:\/\/www3.unicentro.br\/museu\/acervo\/fisica\/fisica-nuclear-na-medicina\/","title":{"rendered":"F\u00edsica Nuclear na Medicina"},"content":{"rendered":"<p style=\"text-align: center\"><strong><span style=\"font-family: comic sans ms, sans-serif;font-size: 14pt;color: #ff0000\">AVISO: Todos os experimentos desta p\u00e1gina contam com uma descri\u00e7\u00e3o escrita e uma demonstra\u00e7\u00e3o por v\u00eddeo com conteudos equivalentes.<\/span><\/strong><\/p>\n<p style=\"text-align: center\"><span style=\"font-size: 24pt\"><span style=\"font-family: comic sans ms, sans-serif\">Raios <\/span><span style=\"font-family: comic sans ms, sans-serif\">X<\/span><\/span><\/p>\n<p><iframe loading=\"lazy\" title=\"Museu de Ci\u00eancias Naturais de Guarapuava - Raios X e Tomografia Computadorizada\" width=\"900\" height=\"506\" src=\"https:\/\/www.youtube.com\/embed\/T-x3Hcdceag?feature=oembed\" frameborder=\"0\" allow=\"accelerometer; autoplay; clipboard-write; encrypted-media; gyroscope; picture-in-picture\" allowfullscreen><\/iframe><\/p>\n<p><span style=\"font-family: comic sans ms, sans-serif;font-size: 14pt\">\u00c9 uma radia\u00e7\u00e3o eletromagn\u00e9tica de grande penetra\u00e7\u00e3o gerada a partir da intera\u00e7\u00e3o de el\u00e9trons com outro \u00e1tomo. Essa intera\u00e7\u00e3o pode ocorrer de duas formas: 1) pela frenagem de um el\u00e9tron pela intera\u00e7\u00e3o com um n\u00facleo at\u00f4mico 2) a eje\u00e7\u00e3o de um el\u00e9tron mais interno de um \u00e1tomo criando uma vac\u00e2ncia que deve ser preenchida por um el\u00e9tron das camadas mais externas.<\/span><\/p>\n<p><span style=\"font-family: comic sans ms, sans-serif;font-size: 14pt\">A intera\u00e7\u00e3o dos raios x com o corpo humano se d\u00e1 baseado na densidade de cada tecido. Tecidos menos densos s\u00e3o atravessados por esse tipo de radia\u00e7\u00e3o com poucas intera\u00e7\u00f5es, j\u00e1 materiais mais densos como os ossos interagem mais e n\u00e3o s\u00e3o atravessados e assim \u00e9 possibilitado a vis\u00e3o dos ossos em uma radiografia.<\/span><\/p>\n<p><span style=\"font-family: comic sans ms, sans-serif;font-size: 14pt\">Os aparelhos funcionam com a acelera\u00e7\u00e3o de el\u00e9trons contra um alvo met\u00e1lico que produz os raios x criando um feixe. Este feixe por sua vez \u00e9 direcionado ao corpo e ap\u00f3s cruza-lo interage com um material fotossens\u00edvel que produz a imagem para diagn\u00f3stico (sendo o desenho dos ossos a sombra devido a eles barrarem boa parte dos raios x).<\/span><\/p>\n<p style=\"text-align: center\"><span style=\"font-family: comic sans ms, sans-serif;font-size: 24pt\">Tomografia Computadorizada<\/span><\/p>\n<p><span style=\"font-family: comic sans ms, sans-serif;font-size: 14pt\">A tomografia computadorizada de raios x \u00e9 um procedimento de diagn\u00f3stico por imagem que usa o mesmo princ\u00edpio da radiografia para coletar as imagens. Diferentemente da radiografia que coleta uma imagem est\u00e1tica, este aparelho rotacional em torno do paciente (com feixes de raios x e sensores) coletando as imagens geradas em 360\u00ba.<\/span><\/p>\n<p><span style=\"font-family: comic sans ms, sans-serif;font-size: 14pt\">Com estes dados \u00e9 poss\u00edvel montar imagens com ajuda de um algoritmo. Pode-se gerar uma vis\u00e3o em \u201cfatias\u201d do corpo humano e analisar toda a extens\u00e3o de um \u00f3rg\u00e3o ou osso, bem como montar uma vis\u00e3o tridimensional com os dados coletados.<\/span><\/p>\n<p><span style=\"font-family: comic sans ms, sans-serif;font-size: 14pt\">Para a coleta dessas imagens feitas com raios x \u00e9 necess\u00e1rio uma dose maior do que uma simples radiografia, por\u00e9m n\u00e3o prejudicial se feito com pouca frequ\u00eancia.<\/span><\/p>\n<p style=\"text-align: center\"><span style=\"font-family: comic sans ms, sans-serif;font-size: 24pt\">PET\u00a0 Scan<\/span><\/p>\n<p><iframe loading=\"lazy\" title=\"Museu de Ci\u00eancias Naturais de Guarapuava - PET Scan\" width=\"900\" height=\"506\" src=\"https:\/\/www.youtube.com\/embed\/QPeN9XRVS9E?feature=oembed\" frameborder=\"0\" allow=\"accelerometer; autoplay; clipboard-write; encrypted-media; gyroscope; picture-in-picture\" allowfullscreen><\/iframe><\/p>\n<p><span style=\"font-family: comic sans ms, sans-serif;font-size: 14pt\">PET Scan, tamb\u00e9m conhecido como Tomografia Computadorizada por Emiss\u00e3o de P\u00f3sitrons \u00e9 o m\u00e9todo de diagn\u00f3stico por imagem baseado na produ\u00e7\u00e3o de radia\u00e7\u00e3o gama pela aniquila\u00e7\u00e3o de p\u00f3sitrons e el\u00e9trons. Sensores captam essas emiss\u00f5es de raios gama e consegue montar imagens para tra\u00e7ar localiza\u00e7\u00e3o e tamanho de tecidos cancer\u00edgenos, exist\u00eancia de met\u00e1stase e a evolu\u00e7\u00e3o de um tumor.<\/span><\/p>\n<p><span style=\"font-family: comic sans ms, sans-serif;font-size: 14pt\">Para realizar esse exame \u00e9 necess\u00e1rio o uso de um composto com radionucl\u00eddeos que \u00e9 injetado no corpo (geralmente associado \u00e0 glicose, pois tecidos cancer\u00edgenos tem uma necessidade de glicose mais glicose para a produ\u00e7\u00e3o de energia). Ap\u00f3s um tempo esses radionucl\u00eddeos decaem e emitem p\u00f3sitrons (antipart\u00edcula dos el\u00e9trons) que se aniquilam aos el\u00e9trons de outros \u00e1tomos produzindo e radia\u00e7\u00e3o gama.<\/span><\/p>\n<p><span style=\"font-family: comic sans ms, sans-serif;font-size: 14pt\">Diferente da tomografia computadorizada de raios x, onde a fonte de radia\u00e7\u00e3o \u00e9 externa, o PET Scan tem a fonte de radia\u00e7\u00e3o no interior do corpo do paciente.<\/span><\/p>\n<p><span style=\"font-family: comic sans ms, sans-serif;font-size: 14pt\">Com aux\u00edlio de um algoritmo e a capta\u00e7\u00e3o em v\u00e1rias dire\u00e7\u00f5es da emiss\u00e3o da radia\u00e7\u00e3o caracter\u00edstica desse exame \u00e9 poss\u00edvel fazer imagens bidimensionais em formato de l\u00e2minas ou tridimensionais.<\/span><\/p>\n<p style=\"text-align: center\"><span style=\"font-family: comic sans ms, sans-serif;font-size: 24pt\">Aceleradores Lineares<\/span><\/p>\n<p><iframe loading=\"lazy\" title=\"Museu de Ci\u00eancias Naturais de Guarapuava - Acelerador Linear\" width=\"900\" height=\"506\" src=\"https:\/\/www.youtube.com\/embed\/_rEzieawsZw?feature=oembed\" frameborder=\"0\" allow=\"accelerometer; autoplay; clipboard-write; encrypted-media; gyroscope; picture-in-picture\" allowfullscreen><\/iframe><\/p>\n<p><span style=\"font-family: comic sans ms, sans-serif;font-size: 14pt\">Os aceleradores lineares s\u00e3o subprodutos da pesquisa de f\u00edsica nuclear e f\u00edsica de altas energias e trata-se de um equipamento muito utilizado para radioterapia (utiliza\u00e7\u00e3o de radia\u00e7\u00e3o para tratar tecidos e \u00f3rg\u00e3os). Alguns equipamentos de radioterapia utilizam-se de materiais radioativos para emiss\u00e3o de radia\u00e7\u00e3o, os aceleradores lineares por outro lados utilizam energia el\u00e9trica para seu funcionamento e emiss\u00e3o de raios X e el\u00e9trons acelerados.<\/span><\/p>\n<p><span style=\"font-family: comic sans ms, sans-serif;font-size: 14pt\">Para sua aplica\u00e7\u00e3o com mais efic\u00e1cia, o aparato que cria o feixe de radia\u00e7\u00e3o tem contens\u00e3o e rotacional em torno do paciente para melhor tratar tecidos e \u00f3rg\u00e3os.<\/span><\/p>\n","protected":false},"excerpt":{"rendered":"<p>AVISO: Todos os experimentos desta p\u00e1gina contam com uma descri\u00e7\u00e3o escrita e uma demonstra\u00e7\u00e3o por v\u00eddeo com conteudos equivalentes. Raios X \u00c9 uma radia\u00e7\u00e3o eletromagn\u00e9tica de grande penetra\u00e7\u00e3o gerada a partir da intera\u00e7\u00e3o de el\u00e9trons com outro \u00e1tomo. Essa intera\u00e7\u00e3o pode ocorrer de duas formas: 1) pela frenagem de um el\u00e9tron pela intera\u00e7\u00e3o com um [&hellip;]<\/p>\n","protected":false},"author":272,"featured_media":0,"parent":38,"menu_order":0,"comment_status":"closed","ping_status":"closed","template":"","meta":{"_exactmetrics_skip_tracking":false,"_exactmetrics_sitenote_active":false,"_exactmetrics_sitenote_note":"","_exactmetrics_sitenote_category":0,"footnotes":"","_links_to":"","_links_to_target":""},"class_list":["post-569","page","type-page","status-publish","hentry"],"_links":{"self":[{"href":"https:\/\/www3.unicentro.br\/museu\/wp-json\/wp\/v2\/pages\/569","targetHints":{"allow":["GET"]}}],"collection":[{"href":"https:\/\/www3.unicentro.br\/museu\/wp-json\/wp\/v2\/pages"}],"about":[{"href":"https:\/\/www3.unicentro.br\/museu\/wp-json\/wp\/v2\/types\/page"}],"author":[{"embeddable":true,"href":"https:\/\/www3.unicentro.br\/museu\/wp-json\/wp\/v2\/users\/272"}],"replies":[{"embeddable":true,"href":"https:\/\/www3.unicentro.br\/museu\/wp-json\/wp\/v2\/comments?post=569"}],"version-history":[{"count":0,"href":"https:\/\/www3.unicentro.br\/museu\/wp-json\/wp\/v2\/pages\/569\/revisions"}],"up":[{"embeddable":true,"href":"https:\/\/www3.unicentro.br\/museu\/wp-json\/wp\/v2\/pages\/38"}],"wp:attachment":[{"href":"https:\/\/www3.unicentro.br\/museu\/wp-json\/wp\/v2\/media?parent=569"}],"curies":[{"name":"wp","href":"https:\/\/api.w.org\/{rel}","templated":true}]}}