{"id":498,"date":"2021-01-12T11:58:45","date_gmt":"2021-01-12T14:58:45","guid":{"rendered":"https:\/\/www3.unicentro.br\/museu\/?page_id=498"},"modified":"2021-01-26T13:46:12","modified_gmt":"2021-01-26T16:46:12","slug":"arenito","status":"publish","type":"page","link":"https:\/\/www3.unicentro.br\/museu\/acervo\/geologia\/arenito\/","title":{"rendered":"Arenito"},"content":{"rendered":"<p><span style=\"font-family: 'comic sans ms', sans-serif;font-size: 14pt\"><strong>ARENITO<\/strong><\/span><\/p>\n<p><img loading=\"lazy\" decoding=\"async\" class=\"aligncenter size-medium wp-image-500\" src=\"https:\/\/www3.unicentro.br\/museu\/wp-content\/uploads\/sites\/86\/2021\/01\/Arenito-300x225.jpeg\" alt=\"\" width=\"300\" height=\"225\" srcset=\"https:\/\/www3.unicentro.br\/museu\/wp-content\/uploads\/sites\/86\/2021\/01\/Arenito-300x225.jpeg 300w, https:\/\/www3.unicentro.br\/museu\/wp-content\/uploads\/sites\/86\/2021\/01\/Arenito-1024x768.jpeg 1024w, https:\/\/www3.unicentro.br\/museu\/wp-content\/uploads\/sites\/86\/2021\/01\/Arenito-768x576.jpeg 768w, https:\/\/www3.unicentro.br\/museu\/wp-content\/uploads\/sites\/86\/2021\/01\/Arenito-400x300.jpeg 400w, https:\/\/www3.unicentro.br\/museu\/wp-content\/uploads\/sites\/86\/2021\/01\/Arenito-800x600.jpeg 800w, https:\/\/www3.unicentro.br\/museu\/wp-content\/uploads\/sites\/86\/2021\/01\/Arenito-255x191.jpeg 255w, https:\/\/www3.unicentro.br\/museu\/wp-content\/uploads\/sites\/86\/2021\/01\/Arenito.jpeg 1040w\" sizes=\"auto, (max-width: 300px) 100vw, 300px\" \/><\/p>\n<audio class=\"wp-audio-shortcode\" id=\"audio-498-1\" preload=\"none\" style=\"width: 100%;\" controls=\"controls\"><source type=\"audio\/mpeg\" src=\"https:\/\/www3.unicentro.br\/museu\/wp-content\/uploads\/sites\/86\/2021\/01\/Arenito-online-audio-converter.com.mp3?_=1\" \/><a href=\"https:\/\/www3.unicentro.br\/museu\/wp-content\/uploads\/sites\/86\/2021\/01\/Arenito-online-audio-converter.com.mp3\">https:\/\/www3.unicentro.br\/museu\/wp-content\/uploads\/sites\/86\/2021\/01\/Arenito-online-audio-converter.com.mp3<\/a><\/audio>\n<p>&nbsp;<\/p>\n<ul>\n<li><span style=\"font-family: 'comic sans ms', sans-serif;font-size: 14pt\">Os arenitos s\u00e3o resultados de sedimenta\u00e7\u00e3o marinha, litor\u00e2nea, aluvial e e\u00f3lica.<\/span><\/li>\n<li><span style=\"font-family: 'comic sans ms', sans-serif;font-size: 14pt\">\u00c9 formado quando rochas como o granito sofrem intemperismo (a\u00e7\u00e3o dos ventos e das chuvas) fazendo com que os gr\u00e3os de quartzo se desintegrem, formando a areia.\u00a0<\/span><\/li>\n<li><span style=\"font-family: 'comic sans ms', sans-serif;font-size: 14pt\">A areia vai sendo depositada no fundo do mar ou em depress\u00f5es e fica submetida a um aumento de press\u00e3o ou temperatura, isso faz com que fique cimentada e endurecida, formando o\u00a0arenito.<\/span><\/li>\n<\/ul>\n<p><span style=\"font-family: 'comic sans ms', sans-serif;font-size: 14pt\"><strong>ARENITO BOTUCATU\u00a0<\/strong><\/span><\/p>\n<audio class=\"wp-audio-shortcode\" id=\"audio-498-2\" preload=\"none\" style=\"width: 100%;\" controls=\"controls\"><source type=\"audio\/mpeg\" src=\"https:\/\/www3.unicentro.br\/museu\/wp-content\/uploads\/sites\/86\/2021\/01\/Arenito-Botucatu-online-audio-converter.com.mp3?_=2\" \/><a href=\"https:\/\/www3.unicentro.br\/museu\/wp-content\/uploads\/sites\/86\/2021\/01\/Arenito-Botucatu-online-audio-converter.com.mp3\">https:\/\/www3.unicentro.br\/museu\/wp-content\/uploads\/sites\/86\/2021\/01\/Arenito-Botucatu-online-audio-converter.com.mp3<\/a><\/audio>\n<ul>\n<li><span style=\"font-family: 'comic sans ms', sans-serif;font-size: 14pt\">A Forma\u00e7\u00e3o Botucatu constitui-se principalmente de arenitos avermelhados;<\/span><\/li>\n<li><span style=\"font-family: 'comic sans ms', sans-serif;font-size: 14pt\">Apresenta estratifica\u00e7\u00e3o cruzada;<\/span><\/li>\n<li><span style=\"font-family: 'comic sans ms', sans-serif;font-size: 14pt\">Tem de m\u00e9dio a grande porte e sua granula\u00e7\u00e3o \u00e9 de fina a m\u00e9dia, com gr\u00e3os bem selecionados e bem arredondados,<\/span><span style=\"font-family: 'comic sans ms', sans-serif;font-size: 14pt\"> em geral foscos e com alta esfericidade.<\/span><\/li>\n<\/ul>\n","protected":false},"excerpt":{"rendered":"<p>ARENITO &nbsp; Os arenitos s\u00e3o resultados de sedimenta\u00e7\u00e3o marinha, litor\u00e2nea, aluvial e e\u00f3lica. \u00c9 formado quando rochas como o granito sofrem intemperismo (a\u00e7\u00e3o dos ventos e das chuvas) fazendo com que os gr\u00e3os de quartzo se desintegrem, formando a areia.\u00a0 A areia vai sendo depositada no fundo do mar ou em depress\u00f5es e fica submetida [&hellip;]<\/p>\n","protected":false},"author":330,"featured_media":0,"parent":34,"menu_order":0,"comment_status":"closed","ping_status":"closed","template":"","meta":{"_exactmetrics_skip_tracking":false,"_exactmetrics_sitenote_active":false,"_exactmetrics_sitenote_note":"","_exactmetrics_sitenote_category":0,"footnotes":"","_links_to":"","_links_to_target":""},"class_list":["post-498","page","type-page","status-publish","hentry"],"_links":{"self":[{"href":"https:\/\/www3.unicentro.br\/museu\/wp-json\/wp\/v2\/pages\/498","targetHints":{"allow":["GET"]}}],"collection":[{"href":"https:\/\/www3.unicentro.br\/museu\/wp-json\/wp\/v2\/pages"}],"about":[{"href":"https:\/\/www3.unicentro.br\/museu\/wp-json\/wp\/v2\/types\/page"}],"author":[{"embeddable":true,"href":"https:\/\/www3.unicentro.br\/museu\/wp-json\/wp\/v2\/users\/330"}],"replies":[{"embeddable":true,"href":"https:\/\/www3.unicentro.br\/museu\/wp-json\/wp\/v2\/comments?post=498"}],"version-history":[{"count":0,"href":"https:\/\/www3.unicentro.br\/museu\/wp-json\/wp\/v2\/pages\/498\/revisions"}],"up":[{"embeddable":true,"href":"https:\/\/www3.unicentro.br\/museu\/wp-json\/wp\/v2\/pages\/34"}],"wp:attachment":[{"href":"https:\/\/www3.unicentro.br\/museu\/wp-json\/wp\/v2\/media?parent=498"}],"curies":[{"name":"wp","href":"https:\/\/api.w.org\/{rel}","templated":true}]}}