{"id":294,"date":"2020-12-08T14:52:31","date_gmt":"2020-12-08T17:52:31","guid":{"rendered":"https:\/\/www3.unicentro.br\/museu\/?page_id=294"},"modified":"2021-02-04T09:37:25","modified_gmt":"2021-02-04T12:37:25","slug":"radioatividade-e-radiacao-ambiental","status":"publish","type":"page","link":"https:\/\/www3.unicentro.br\/museu\/acervo\/fisica\/radioatividade-e-radiacao-ambiental\/","title":{"rendered":"Radioatividade e Radia\u00e7\u00e3o Ambiental"},"content":{"rendered":"<p style=\"text-align: center\"><span style=\"color: #ff0000;font-family: comic sans ms, sans-serif;font-size: 14pt\">AVISO: Todos os experimentos desta p\u00e1gina contam com uma descri\u00e7\u00e3o escrita e uma demonstra\u00e7\u00e3o por v\u00eddeo com conteudos equivalentes.<\/span><\/p>\n<p style=\"text-align: center\"><span style=\"font-size: 24pt;font-family: comic sans ms, sans-serif\">Radia\u00e7\u00e3o e Radioatividade<\/span><\/p>\n<audio class=\"wp-audio-shortcode\" id=\"audio-294-1\" preload=\"none\" style=\"width: 100%;\" controls=\"controls\"><source type=\"audio\/mpeg\" src=\"https:\/\/www3.unicentro.br\/museu\/wp-content\/uploads\/sites\/86\/2020\/12\/Radiacao-e-Radioatividade.mp3?_=1\" \/><a href=\"https:\/\/www3.unicentro.br\/museu\/wp-content\/uploads\/sites\/86\/2020\/12\/Radiacao-e-Radioatividade.mp3\">https:\/\/www3.unicentro.br\/museu\/wp-content\/uploads\/sites\/86\/2020\/12\/Radiacao-e-Radioatividade.mp3<\/a><\/audio>\n<p><span style=\"font-family: comic sans ms, sans-serif;font-size: 14pt\">Radia\u00e7\u00e3o e radioatividade s\u00e3o dois temas que det\u00e9m muitos mitos.<\/span><\/p>\n<p><span style=\"font-family: comic sans ms, sans-serif;font-size: 14pt\">Radia\u00e7\u00e3o, por exemplo, \u00e9 um termo muito mais amplo do que se imagina. Toda onda eletromagn\u00e9tica pode ser chamada de radia\u00e7\u00e3o, como foi descrito por Maxwell e sua espectro eletromagn\u00e9tico. Dentre os tipos de radia\u00e7\u00e3o temos as ondas de r\u00e1dio, as micro-ondas, o infravermelho (ou radia\u00e7\u00e3o t\u00e9rmica), a luz vis\u00edvel (sim, luz \u00e9 radia\u00e7\u00e3o), os raios ultravioleta, os raios x a radia\u00e7\u00e3o gama.<\/span><\/p>\n<div id=\"attachment_339\" style=\"width: 387px\" class=\"wp-caption aligncenter\"><img loading=\"lazy\" decoding=\"async\" aria-describedby=\"caption-attachment-339\" class=\"wp-image-339\" src=\"https:\/\/www3.unicentro.br\/museu\/wp-content\/uploads\/sites\/86\/2020\/12\/Figura-espectro_eletromagnetico-300x192.png\" alt=\"\" width=\"377\" height=\"241\" srcset=\"https:\/\/www3.unicentro.br\/museu\/wp-content\/uploads\/sites\/86\/2020\/12\/Figura-espectro_eletromagnetico-300x192.png 300w, https:\/\/www3.unicentro.br\/museu\/wp-content\/uploads\/sites\/86\/2020\/12\/Figura-espectro_eletromagnetico-768x492.png 768w, https:\/\/www3.unicentro.br\/museu\/wp-content\/uploads\/sites\/86\/2020\/12\/Figura-espectro_eletromagnetico-139x89.png 139w, https:\/\/www3.unicentro.br\/museu\/wp-content\/uploads\/sites\/86\/2020\/12\/Figura-espectro_eletromagnetico-278x178.png 278w, https:\/\/www3.unicentro.br\/museu\/wp-content\/uploads\/sites\/86\/2020\/12\/Figura-espectro_eletromagnetico-255x163.png 255w, https:\/\/www3.unicentro.br\/museu\/wp-content\/uploads\/sites\/86\/2020\/12\/Figura-espectro_eletromagnetico.png 850w\" sizes=\"auto, (max-width: 377px) 100vw, 377px\" \/><p id=\"caption-attachment-339\" class=\"wp-caption-text\">Espectro Eletromagn\u00e9tico (Retirado de: https:\/\/fisicamodernaoperante.blogspot.com\/2017\/06\/natureza-da-luz-ondulatoria.html)<\/p><\/div>\n<p><span style=\"font-family: comic sans ms, sans-serif;font-size: 14pt\">Algumas aplica\u00e7\u00f5es dessas radia\u00e7\u00f5es s\u00e3o a do infravermelho que \u00e9 usado para medir e estimar temperaturas (term\u00f4metro de infravermelho est\u00e3o sendo bem comuns durante a pandemia para evitar o contato f\u00edsico) e o raio x que \u00e9 amplamente usado na medicina.<\/span><\/p>\n<p><span style=\"font-family: comic sans ms, sans-serif;font-size: 14pt\">Quase todos citados acima s\u00e3o inofensivos para os seres humanos. As radia\u00e7\u00f5es de maior energia, chamadas de radia\u00e7\u00e3o ionizantes, \u00e9 que em determinadas dosagens ou tempos de exposi\u00e7\u00e3o podem causar problemas aos tecidos do corpo humano.<\/span><\/p>\n<p><span style=\"font-family: comic sans ms, sans-serif;font-size: 14pt\">Importante lembrar que interagir com radia\u00e7\u00e3o n\u00e3o torna algo radioativo\/emissor de radia\u00e7\u00e3o. Esse fen\u00f4meno est\u00e1 restrito a determinadas formas at\u00f4micas de alguns elementos que possuem instabilidade nuclear e realizam decaimentos.<\/span><\/p>\n<p><span style=\"font-family: comic sans ms, sans-serif;font-size: 14pt\">Radioatividade, por sua vez, \u00e9 a desintegra\u00e7\u00e3o espont\u00e2nea de n\u00facleos inst\u00e1veis de um determinado elemento. Esse processo gera a emiss\u00e3o de part\u00edculas alfa e\/ou beta e radia\u00e7\u00e3o gama.<\/span><\/p>\n<p style=\"text-align: center\"><span style=\"font-size: 24pt;font-family: comic sans ms, sans-serif\">Unidades de Medidas<\/span><\/p>\n<audio class=\"wp-audio-shortcode\" id=\"audio-294-2\" preload=\"none\" style=\"width: 100%;\" controls=\"controls\"><source type=\"audio\/mpeg\" src=\"https:\/\/www3.unicentro.br\/museu\/wp-content\/uploads\/sites\/86\/2020\/12\/Medicao-de-Radiacao.mp3?_=2\" \/><a href=\"https:\/\/www3.unicentro.br\/museu\/wp-content\/uploads\/sites\/86\/2020\/12\/Medicao-de-Radiacao.mp3\">https:\/\/www3.unicentro.br\/museu\/wp-content\/uploads\/sites\/86\/2020\/12\/Medicao-de-Radiacao.mp3<\/a><\/audio>\n<p><span style=\"font-family: comic sans ms, sans-serif;font-size: 14pt\"><strong>Atividade<\/strong> \u00e9 o n\u00famero de decaimentos que em determinada amostra por unidade de tempo. Suas unidades de medidas s\u00e3o:<\/span><\/p>\n<ul>\n<li><span style=\"font-family: comic sans ms, sans-serif;font-size: 14pt\">Becquerel (Bq): Igual a um decaimento por segundo.<\/span><\/li>\n<li><span style=\"font-family: comic sans ms, sans-serif;font-size: 14pt\">Currie (Ci): equivalente a Bq<\/span><\/li>\n<\/ul>\n<p><span style=\"font-family: comic sans ms, sans-serif;font-size: 14pt\"><strong>Exposi\u00e7\u00e3o<\/strong> e <strong>Dose<\/strong> s\u00e3o medidas dos efeitos de radia\u00e7\u00e3o ionizante<\/span><\/p>\n<p><span style=\"font-family: comic sans ms, sans-serif;font-size: 14pt\">A <strong>exposi\u00e7\u00e3o<\/strong> \u00e9 a quantidade de carga gerada pela radia\u00e7\u00e3o ionizante por unidade de massa. Sua unidade pode ser o Roentgen (R) que equivale a \u00a0C\/kg.<\/span><\/p>\n<p><span style=\"font-family: comic sans ms, sans-serif;font-size: 14pt\">A <strong>dose absorvida<\/strong> \u00e9 a quantidade de energia depositada pela radia\u00e7\u00e3o por unidade de massa. Sua unidade \u00e9 o Gray (Gy), que \u00e9 igual a 1 J\/kg.<\/span><\/p>\n<p><span style=\"font-family: comic sans ms, sans-serif;font-size: 14pt\">A <strong>dose equivalente<\/strong> \u00e9 uma grandeza f\u00edsica que descreve o efeito relativo dos distintos tipos de radia\u00e7\u00f5es ionizantes sobre os tecidos vivos. Sua unidade de medida \u00e9 o Sievert (Sv). A dose equivalente \u00e9 um valor com maior significado biol\u00f3gico que a dose absorvida. Para f\u00f3tons, 1 Gy \u00e9 igual a 1 Sv. Para part\u00edculas alfa 1 Gy \u00e9 igual a 20 Sv.<\/span><\/p>\n<p style=\"text-align: center\"><span style=\"font-size: 24pt;font-family: comic sans ms, sans-serif\">Radia\u00e7\u00e3o Ambiental<\/span><\/p>\n<audio class=\"wp-audio-shortcode\" id=\"audio-294-3\" preload=\"none\" style=\"width: 100%;\" controls=\"controls\"><source type=\"audio\/mpeg\" src=\"https:\/\/www3.unicentro.br\/museu\/wp-content\/uploads\/sites\/86\/2020\/12\/Radiacao-Ambiental-Corrigido.mp3?_=3\" \/><a href=\"https:\/\/www3.unicentro.br\/museu\/wp-content\/uploads\/sites\/86\/2020\/12\/Radiacao-Ambiental-Corrigido.mp3\">https:\/\/www3.unicentro.br\/museu\/wp-content\/uploads\/sites\/86\/2020\/12\/Radiacao-Ambiental-Corrigido.mp3<\/a><\/audio>\n<p><span style=\"font-family: comic sans ms, sans-serif;font-size: 14pt\">A radioatividade deve ter sido sempre parte do mundo. O planeta Terra e a sua atmosfera cont\u00eam v\u00e1rias esp\u00e9cies radiativas naturais, e quase tudo, vivo ou inanimado, tem determinada radioatividade.<\/span><\/p>\n<p><span style=\"font-family: comic sans ms, sans-serif;font-size: 14pt\">Desde a sua descoberta, a radioatividade no ar, na \u00e1gua e na superf\u00edcie terrestre tem sido alvo de diversos estudos.<\/span><\/p>\n<p><span style=\"font-family: comic sans ms, sans-serif;font-size: 14pt\">Os n\u00facleos at\u00f3micos naturalmente radioativos podem ser classificados de acordo com a sua origem.<\/span><\/p>\n<ul>\n<li><span style=\"font-family: comic sans ms, sans-serif;font-size: 14pt\">Radionucl\u00eddeos cosmog\u00eanicos (gerados na intera\u00e7\u00e3o dos raios c\u00f3smicos com a atmosfera), como por exemplo, H\u00e9lio-3, Ber\u00edlio-7 ,Carbono-14, S\u00f3dio-22 .<\/span><\/li>\n<li><span style=\"font-family: comic sans ms, sans-serif;font-size: 14pt\">Radionucl\u00eddeos primordiais (j\u00e1 existiam desde a forma\u00e7\u00e3o da Terra), como por exemplo, Ur\u00e2nio-238 ,T\u00f3rio-232 , Pot\u00e1ssio-40 .<\/span><\/li>\n<\/ul>\n<p><span style=\"font-family: comic sans ms, sans-serif;font-size: 14pt\">H\u00e1 diversas pesquisas aonde a radia\u00e7\u00e3o ambiental pode ser aplicada para medir a qualidade e risco de um ambiente baseado nas amostras de radia\u00e7\u00e3o de rochas, solo, \u00e1gua e ar.<\/span><\/p>\n","protected":false},"excerpt":{"rendered":"<p>AVISO: Todos os experimentos desta p\u00e1gina contam com uma descri\u00e7\u00e3o escrita e uma demonstra\u00e7\u00e3o por v\u00eddeo com conteudos equivalentes. Radia\u00e7\u00e3o e Radioatividade Radia\u00e7\u00e3o e radioatividade s\u00e3o dois temas que det\u00e9m muitos mitos. Radia\u00e7\u00e3o, por exemplo, \u00e9 um termo muito mais amplo do que se imagina. Toda onda eletromagn\u00e9tica pode ser chamada de radia\u00e7\u00e3o, como foi [&hellip;]<\/p>\n","protected":false},"author":272,"featured_media":0,"parent":38,"menu_order":0,"comment_status":"closed","ping_status":"closed","template":"","meta":{"_exactmetrics_skip_tracking":false,"_exactmetrics_sitenote_active":false,"_exactmetrics_sitenote_note":"","_exactmetrics_sitenote_category":0,"footnotes":"","_links_to":"","_links_to_target":""},"class_list":["post-294","page","type-page","status-publish","hentry"],"_links":{"self":[{"href":"https:\/\/www3.unicentro.br\/museu\/wp-json\/wp\/v2\/pages\/294","targetHints":{"allow":["GET"]}}],"collection":[{"href":"https:\/\/www3.unicentro.br\/museu\/wp-json\/wp\/v2\/pages"}],"about":[{"href":"https:\/\/www3.unicentro.br\/museu\/wp-json\/wp\/v2\/types\/page"}],"author":[{"embeddable":true,"href":"https:\/\/www3.unicentro.br\/museu\/wp-json\/wp\/v2\/users\/272"}],"replies":[{"embeddable":true,"href":"https:\/\/www3.unicentro.br\/museu\/wp-json\/wp\/v2\/comments?post=294"}],"version-history":[{"count":0,"href":"https:\/\/www3.unicentro.br\/museu\/wp-json\/wp\/v2\/pages\/294\/revisions"}],"up":[{"embeddable":true,"href":"https:\/\/www3.unicentro.br\/museu\/wp-json\/wp\/v2\/pages\/38"}],"wp:attachment":[{"href":"https:\/\/www3.unicentro.br\/museu\/wp-json\/wp\/v2\/media?parent=294"}],"curies":[{"name":"wp","href":"https:\/\/api.w.org\/{rel}","templated":true}]}}