{"id":24,"date":"2020-04-23T17:13:04","date_gmt":"2020-04-23T20:13:04","guid":{"rendered":"https:\/\/www3.unicentro.br\/museu\/?page_id=24"},"modified":"2025-07-18T14:25:28","modified_gmt":"2025-07-18T17:25:28","slug":"oficinas","status":"publish","type":"page","link":"https:\/\/www3.unicentro.br\/museu\/oficinas\/","title":{"rendered":"Oficinas"},"content":{"rendered":"<div class=\"wpb-content-wrapper\"><p>[vc_row][vc_column][vc_column_text css=&#8221;&#8221;]<\/p>\n<p style=\"text-align: center\"><span style=\"font-family: comic sans ms, sans-serif\"><span style=\"font-size: 32px\">Oficina de Terr\u00e1rios (05\/07\/2025)<\/span><\/span><\/p>\n<div style=\"text-align: justify\"><span style=\"font-size: 18pt;font-family: 'comic sans ms', sans-serif\">\u00a0Voc\u00ea j\u00e1 pensou em fazer\u00a0um mini ecossistema que simula as condi\u00e7\u00f5es da natureza em um recipiente de vidro?. Ent\u00e3o venha participar da nossa oficina, durante a atividade, ser\u00e3o abordados conceitos b\u00e1sicos de ecologia, ciclos naturais, cuidados com as plantas e a import\u00e2ncia da conex\u00e3o com o meio ambiente.<\/span><\/div>\n<p style=\"text-align: justify\"><span style=\"font-size: 18pt;font-family: 'comic sans ms', sans-serif\">\u00a0Al\u00e9m de conhecer os materiais necess\u00e1rios (substrato, pedras, carv\u00e3o, musgos e plantas), os participantes v\u00e3o montar seus terr\u00e1rios, entendendo como funciona o equil\u00edbrio entre os elementos e como manter suas plantas saud\u00e1veis. Ao final, cada pessoa levar\u00e1 para casa um terr\u00e1rio feito por suas pr\u00f3prias m\u00e3os.<\/span><\/p>\n<div style=\"text-align: justify\"><span style=\"font-size: 18pt;font-family: 'comic sans ms', sans-serif\">\u00a0 A oficina foi realizada no dia <strong>05\/07<\/strong> das <strong>13h-15h<\/strong> no Museu de Ci\u00eancias Naturais, Rua Jo\u00e3o Fortkamp n\u00b0940 &#8211; Primavera.<\/span><\/div>\n<div><\/div>\n<div><span style=\"font-size: 18pt;font-family: 'comic sans ms', sans-serif\">Para mais oficinas fique ligados na programa\u00e7\u00e3o no site e pelo instagram @museuciencias.gpuava .<\/span><\/div>\n<div><\/div>\n<p>[\/vc_column_text][vc_separator color=&#8221;juicy_pink&#8221; css=&#8221;&#8221;][vc_column_text css=&#8221;&#8221;]<\/p>\n<p style=\"text-align: center\"><span style=\"font-size: 24pt;font-family: 'comic sans ms', sans-serif\">Morfologia das Flores (26\/06)<\/span><\/p>\n<p><span style=\"font-family: 'comic sans ms', sans-serif;font-size: 18pt\">\u00a0As flores s\u00e3o estruturas fundamentais para a reprodu\u00e7\u00e3o das plantas angiospermas e apresentam uma incr\u00edvel diversidade de formas, cores e adapta\u00e7\u00f5es.<\/span><\/p>\n<div><span style=\"font-family: 'comic sans ms', sans-serif;font-size: 18pt\">\u00a0Estudar sua morfologia nos permite compreender como elas funcionam, como se organizam e como se relacionam com o ambiente e com os agentes polinizadores.<\/span><br \/>\n<span style=\"font-family: 'comic sans ms', sans-serif;font-size: 18pt\">\u00a0Nesta oficina, vamos explorar a estrutura b\u00e1sica das flores, identificando e reconhecendo suas principais partes, como s\u00e9palas, p\u00e9talas, estames e carpelos.<\/span><\/div>\n<div><span style=\"font-family: 'comic sans ms', sans-serif;font-size: 18pt\">\u00a0A oficina ser\u00e1 realizada no dia 26\/06 a partir das 13 horas no Museu de Ci\u00eancias Naturais, Rua Jo\u00e3o Fortkamp n\u00b0940 &#8211; Primavera.\u00a0<\/span><\/div>\n<div><span style=\"font-family: 'comic sans ms', sans-serif;font-size: 18pt\">\u00a0<b>Materiais\u00a0<\/b><\/span><\/div>\n<div><span style=\"font-family: 'comic sans ms', sans-serif;font-size: 18pt\">&#8211; Flores. (Exemplos: L\u00edrio, flor de maracuja, Girasol, Hibisco, Rosa, entre outros.)<\/span><\/div>\n<div><span style=\"font-family: 'comic sans ms', sans-serif;font-size: 18pt\">&#8211; Carderno para anota\u00e7\u00f5es, adjunto com seu material (l\u00e1pis, caneta, borracha, etc).<\/span><\/div>\n<div><span style=\"font-family: 'comic sans ms', sans-serif;font-size: 18pt\">&#8211; Pin\u00e7as.<\/span><\/div>\n<div><\/div>\n<div>\n<div><span style=\"font-size: 18pt;font-family: 'comic sans ms', sans-serif\">Para mais oficinas fique ligados na programa\u00e7\u00e3o no site e pelo instagram @museuciencias.gpuava .<\/span><\/div>\n<\/div>\n<p>[\/vc_column_text][\/vc_column][\/vc_row]<\/p>\n<\/div>","protected":false},"excerpt":{"rendered":"<p>[vc_row][vc_column][vc_column_text css=&#8221;&#8221;] Oficina de Terr\u00e1rios (05\/07\/2025) \u00a0Voc\u00ea j\u00e1 pensou em fazer\u00a0um mini ecossistema que simula as condi\u00e7\u00f5es da natureza em um recipiente de vidro?. Ent\u00e3o venha participar da nossa oficina, durante a atividade, ser\u00e3o abordados conceitos b\u00e1sicos de ecologia, ciclos naturais, cuidados com as plantas e a import\u00e2ncia da conex\u00e3o com o meio ambiente. \u00a0Al\u00e9m [&hellip;]<\/p>\n","protected":false},"author":3,"featured_media":0,"parent":0,"menu_order":0,"comment_status":"closed","ping_status":"closed","template":"","meta":{"_exactmetrics_skip_tracking":false,"_exactmetrics_sitenote_active":false,"_exactmetrics_sitenote_note":"","_exactmetrics_sitenote_category":0,"footnotes":"","_links_to":"","_links_to_target":""},"class_list":["post-24","page","type-page","status-publish","hentry"],"_links":{"self":[{"href":"https:\/\/www3.unicentro.br\/museu\/wp-json\/wp\/v2\/pages\/24","targetHints":{"allow":["GET"]}}],"collection":[{"href":"https:\/\/www3.unicentro.br\/museu\/wp-json\/wp\/v2\/pages"}],"about":[{"href":"https:\/\/www3.unicentro.br\/museu\/wp-json\/wp\/v2\/types\/page"}],"author":[{"embeddable":true,"href":"https:\/\/www3.unicentro.br\/museu\/wp-json\/wp\/v2\/users\/3"}],"replies":[{"embeddable":true,"href":"https:\/\/www3.unicentro.br\/museu\/wp-json\/wp\/v2\/comments?post=24"}],"version-history":[{"count":2,"href":"https:\/\/www3.unicentro.br\/museu\/wp-json\/wp\/v2\/pages\/24\/revisions"}],"predecessor-version":[{"id":1423,"href":"https:\/\/www3.unicentro.br\/museu\/wp-json\/wp\/v2\/pages\/24\/revisions\/1423"}],"wp:attachment":[{"href":"https:\/\/www3.unicentro.br\/museu\/wp-json\/wp\/v2\/media?parent=24"}],"curies":[{"name":"wp","href":"https:\/\/api.w.org\/{rel}","templated":true}]}}