{"id":1293,"date":"2023-12-23T09:42:00","date_gmt":"2023-12-23T12:42:00","guid":{"rendered":"https:\/\/www3.unicentro.br\/museu\/?page_id=1293"},"modified":"2023-12-23T10:06:35","modified_gmt":"2023-12-23T13:06:35","slug":"fluorita-2","status":"publish","type":"page","link":"https:\/\/www3.unicentro.br\/museu\/acervo\/geologia\/fluorita-2\/","title":{"rendered":"Fluorita"},"content":{"rendered":"<div class=\"wpb-content-wrapper\"><p>[vc_row][vc_column][vc_column_text]A fluorita (CaF<sub>2<\/sub>) \u00e9 um mineral, e fluoreto, com estrutura octa\u00e9drica e c\u00fabica 2 (1\u20133). Os fluoretos s\u00e3o subst\u00e2ncias em que o fl\u00faor \u00e9 o anion principal. Podem-se ligar a c\u00e1tions terrosos e alcalinos. A fluorita (CaF<sub>2<\/sub>) \u00e9 difluoreto de c\u00e1lcio e devido as liga\u00e7\u00f5es i\u00f4nicas formam a estrutura 2 cristalina. O c\u00e1lcio forma uma estrutura c\u00fabica de face centrada enquanto o fl\u00faor um octaedro central (4). Uma representa\u00e7\u00e3o esquem\u00e1tica da estrutura cristalina est\u00e1 presenta na figura 1 (5).<\/p>\n<p>&nbsp;[\/vc_column_text][\/vc_column][\/vc_row][vc_row][vc_column][vc_single_image image=&#8221;1296&#8243; img_size=&#8221;full&#8221; add_caption=&#8221;yes&#8221; alignment=&#8221;center&#8221; title=&#8221;Figura 1&#8243;][\/vc_column][\/vc_row][vc_row][vc_column][vc_column_text]A fluorita apresenta diversas cores como amarelo, azul, rosa, verde e outras (1). Essa cor depende dos elementos qu\u00edmicos presentes no cristal (1). Pura ela \u00e9 roxa devido \u00e0 transi\u00e7\u00e3o dos el\u00e9trons do fl\u00faor ao c\u00e1lcio e a forma\u00e7\u00e3o de coloides (6). Ao dopar com elemento qu\u00edmico eles alteram o centro dos cristais e mudam a absor\u00e7\u00e3o de radia\u00e7\u00e3o, apresentando cores distintas (1,3,7). A tabela 1 referem-se as colora\u00e7\u00f5es apresentadas e as subst\u00e2ncias presentes nos centros dos cristais e est\u00e3o indicadas fluoritas roxas e brancas na figura 2 (1).[\/vc_column_text][\/vc_column][\/vc_row][vc_row][vc_column][vc_column_text]<\/p>\n<table style=\"border-collapse: collapse; width: 100%; height: 144px;\">\n<thead>\n<tr style=\"height: 24px;\">\n<td style=\"width: 50%; height: 24px; text-align: center;\">Colora\u00e7\u00e3o<\/td>\n<td style=\"width: 50%; height: 24px; text-align: center;\">Mol\u00e9cula<\/td>\n<\/tr>\n<\/thead>\n<tbody>\n<tr style=\"height: 24px;\">\n<td style=\"width: 50%; height: 24px; text-align: center;\">Azul<\/td>\n<td style=\"width: 50%; height: 24px; text-align: center;\">\u00d3xido de \u00edtrio<\/td>\n<\/tr>\n<tr style=\"height: 24px;\">\n<td style=\"width: 50%; height: 24px; text-align: center;\">Rosa<\/td>\n<td style=\"width: 50%; height: 24px; text-align: center;\">G\u00e1s oxig\u00eanio ionizado<\/td>\n<\/tr>\n<tr style=\"height: 24px;\">\n<td style=\"width: 50%; height: 24px; text-align: center;\">Amarelo<\/td>\n<td style=\"width: 50%; height: 24px; text-align: center;\">\u00cdons de sam\u00e1rio<\/td>\n<\/tr>\n<tr style=\"height: 24px;\">\n<td style=\"width: 50%; height: 24px; text-align: center;\">Verde<\/td>\n<td style=\"width: 50%; height: 24px; text-align: center;\">C\u00e9rio<\/td>\n<\/tr>\n<tr style=\"height: 24px;\">\n<td style=\"width: 50%; height: 24px; text-align: center;\">Esverdeada amarelada<\/td>\n<td style=\"width: 50%; height: 24px; text-align: center;\">Fl\u00faor e \u00edtrio<\/td>\n<\/tr>\n<\/tbody>\n<\/table>\n<p style=\"text-align: center;\">Tabela 1: Colora\u00e7\u00e3o da fluorita em fun\u00e7\u00e3o da subst\u00e2ncia presente no centro cristalino. Fonte: Bill e<br \/>\nCalas, 1978 (1).[\/vc_column_text][\/vc_column][\/vc_row][vc_row][vc_column][vc_single_image image=&#8221;1297&#8243; img_size=&#8221;full&#8221; add_caption=&#8221;yes&#8221; alignment=&#8221;center&#8221; title=&#8221;Figura 2&#8243;][\/vc_column][\/vc_row][vc_row][vc_column][vc_column_text]A fluorita forma-se, geralmente, em rochas magm\u00e1ticas gran\u00edticas por metamorfismo ou contato com outros cristais (8,9). Acontecendo, geralmente, na presen\u00e7a de fl\u00faor em fontes hidrotermais (10). Essas forma\u00e7\u00f5es podem acontecer em diferentes per\u00edodos geol\u00f3gicos. Na Europa, a fluorita originou-se durante o per\u00edodo tri\u00e1ssico, cerca de 250 a 205 milh\u00f5es de anos atr\u00e1s (9,11). A chinesa, no per\u00edodo jur\u00e1ssico, cerca 205 a 142 milh\u00f5es de anos atr\u00e1s, \u00e9poca da divis\u00e3o da pangeia (6,11). No Brasil a fluorita \u00e9 encontrada em Santa Catarina, na Bacia Sedimentar do Paran\u00e1 (8). Esta regi\u00e3o constitui em tr\u00eas partes sobrepostas: granitos recortados por diques de riolito, arenito e siltito, basalto recortada por diques de diab\u00e1sio (8). A fluorita, no Brasil, formou-se entre as falhas presentes na bacia sedimentar, permitindo a presen\u00e7a de fluido hidrotermal (8). Ela se originou nos per\u00edodos: Proterozoico, cerca de 2,5 bilh\u00f5es \u00e0 541 milh\u00f5es de anos atr\u00e1s e no cret\u00e1ceo cerca de 135 \u00e0 65 milh\u00f5es de anos atr\u00e1s, durante os eventos termais (11\u201313).[\/vc_column_text][\/vc_column][\/vc_row][vc_row][vc_column][vc_column_text]A fluorita pura t\u00eam um baixo \u00edndice de refra\u00e7\u00e3o e apresenta baixa dispers\u00e3o da radia\u00e7\u00e3o, al\u00e9m de transmitir radia\u00e7\u00e3o de 200 nm \u00e0 7000 nm (8,14). Sendo efetiva para maior parte do vis\u00edvel e infravermelho. Ela tamb\u00e9m, ao ser dopada com it\u00e9rbio (Yb) apresentam emiss\u00f5es de radia\u00e7\u00e3o no infravermelho em pulsos de femtossegundos, o que \u00e9 interessante para estudo de transi\u00e7\u00f5es muito r\u00e1pidas (1,15).[\/vc_column_text][\/vc_column][\/vc_row][vc_row][vc_column][vc_separator color=&#8221;blue&#8221;][\/vc_column][\/vc_row][vc_row][vc_column][vc_column_text]<\/p>\n<ol>\n<li>Bill H, Calas G. Color centers, associated rare-earth ions and the origin of coloration in natural fluorites. Phys Chem Minerals. 1978;3(2):117\u201331.<\/li>\n<li>Gu H, Ma D, Chen W, Zhu R, Li Y, Li Y. Electrolytic coloration and spectral properties of natural fluorite crystals containing oxygen impurities. Spectrochimica Acta Part A: Molecular and Biomolecular Spectroscopy. novembro de 2011;82(1):327\u201331.<\/li>\n<li>Rickert K, Sedefoglu N, Malo S, Caignaert V, Kavak H, Poeppelmeier KR. Structural, Electrical, and Optical Properties of the Tetragonal, Fluorite-Related Zn 0.456 In 1.084 Ge 0.460 O 3. Chem Mater. 28 de julho de 2015;27(14):5072\u20139.<\/li>\n<li>Redes de Bravais \u2013 Estructuras Cristalinas. Citado 3 de outubro de 2023. Dispon\u00edvel em: <a href=\"http:\/\/www.derematerialia.com\/estructuras-cristalinas\/redes-de-bravais\/\">http:\/\/www.derematerialia.com\/estructuras-cristalinas\/redes-de-bravais\/<\/a><\/li>\n<li>Vonk V, Khorshidi N, Stierle A, Dosch H. Atomic structure and composition of the yttria-stabilized zirconia (111) surface. Surface Science. junho de 2013;612:69\u201376.<\/li>\n<li>Ye X, Bai F. Spectral Characteristics, Rare Earth Elements, and Ore-Forming Fluid Constrains on the Origin of Fluorite Deposit in Nanlishu, Jilin Province, China. Minerals. 23 de setembro de 2022;12(10):1195.<\/li>\n<li>Dubey S, Rai AK, Pati JK, Kumar R, Dwivedi MM, Rai AK. Domainal Investigation of a Quartz-Fluorite Composite Using Spectroscopic Techniques. Atoms. 4 de novembro de 2022;10(4):133.<\/li>\n<li>Luz AB da, Lins FF, organizadores. Rochas &amp; minerais industriais: usos e especifica\u00e7\u00f5es. 2a ed. rev. e ampliada. Rio de Janeiro: CETEM-MCT; 2008. 989 p.<\/li>\n<li>Haschke S, Gutzmer J, Wohlgemuth-Ueberwasser CC, Kraemer D, Burisch M. The Niederschlag fluorite-(barite) deposit, Erzgebirge\/Germany\u2014a fluid inclusion and trace element study. Miner Deposita. agosto de 2021;56(6):1071\u201386.<\/li>\n<li>Vlasova M, Pi T, Sol\u00e9 J, Morton-Bermea O, Taran Y, Hern\u00e1ndez-\u00c1lvarez E, et al. Geoqu\u00edmica de lant\u00e1nidos de los yacimientos de fluorita de los distritos mineros de Taxco y Zacualpan, sur de M\u00e9xico: implicaciones sobre el origen y la evoluci\u00f3n de los fluidos. Revista Mexicana De Ciencias Geologicas. 29 de novembro de 2017;34(3):199\u2013211.<\/li>\n<li>S\u00f3 Biologia. Citado 5 de outubro de 2023. Era Mesozoica. Dispon\u00edvel em: <a href=\"https:\/\/www.sobiologia.com.br\/conteudos\/Solo\/eramesozoica.php\">https:\/\/www.sobiologia.com.br\/conteudos\/Solo\/eramesozoica.php<\/a><\/li>\n<li>Ronchi LH, Touray JC, Michard A, Dardenne MA. The Ribeira fluorite district, southern Brazil: Geological and geochemical (REE, Sm-Nd isotopes) characteristics. Mineral Deposita. Setembro de 1993;28(4):240\u201352.<\/li>\n<li>Geosciences LibreText. 2019. Citado 5 de outubro de 2023. 8.5: Proterozoic Eon. Dispon\u00edvel em: <a href=\"http:\/\/Geosciences LibreText. 2019. Citado 5 de outubro de 2023. 8.5: Proterozoic Eon. Dispon\u00edvel em: https:\/\/geo.libretexts.org\/Bookshelves\/Geology\/Book %3A_An_Introduction_to_Geology_(Johnson_Affolter_Inkenbrandt_and_Mosher)\/ 08%3A_Earth_History\/8.05%3A_Proterozoic_Eon\">https:\/\/geo.libretexts.org\/Bookshelves\/Geology\/Book %3A_An_Introduction_to_Geology_(Johnson_Affolter_Inkenbrandt_and_Mosher)\/08%3A_Earth_History\/8.05%3A_Proterozoic_Eon<\/a><\/li>\n<li>CaF2 Windows. Shanghai Optics. 2016. Citado 5 de outubro de 2023. Dispon\u00edvel em: <a href=\"https:\/\/www.shanghai-optics.com\/components\/windows\/caf2-windows\/\">https:\/\/www.shanghai-optics.com\/components\/windows\/caf2-windows\/<\/a><\/li>\n<li>Siebold M, Bock S, Schramm U, Xu B, Doualan JL, Camy P, et al. Yb:CaF2 \u2014 a new old laser crystal. Appl Phys B. outubro de 2009;97(2):327\u201338.<\/li>\n<\/ol>\n<p>[\/vc_column_text][\/vc_column][\/vc_row]<\/p>\n<\/div>","protected":false},"excerpt":{"rendered":"<p>[vc_row][vc_column][vc_column_text]A fluorita (CaF2) \u00e9 um mineral, e fluoreto, com estrutura octa\u00e9drica e c\u00fabica 2 (1\u20133). Os fluoretos s\u00e3o subst\u00e2ncias em que o fl\u00faor \u00e9 o anion principal. Podem-se ligar a c\u00e1tions terrosos e alcalinos. A fluorita (CaF2) \u00e9 difluoreto de c\u00e1lcio e devido as liga\u00e7\u00f5es i\u00f4nicas formam a estrutura 2 cristalina. O c\u00e1lcio forma uma [&hellip;]<\/p>\n","protected":false},"author":536,"featured_media":0,"parent":34,"menu_order":0,"comment_status":"closed","ping_status":"closed","template":"","meta":{"_exactmetrics_skip_tracking":false,"_exactmetrics_sitenote_active":false,"_exactmetrics_sitenote_note":"","_exactmetrics_sitenote_category":0,"footnotes":"","_links_to":"","_links_to_target":""},"class_list":["post-1293","page","type-page","status-publish","hentry"],"_links":{"self":[{"href":"https:\/\/www3.unicentro.br\/museu\/wp-json\/wp\/v2\/pages\/1293","targetHints":{"allow":["GET"]}}],"collection":[{"href":"https:\/\/www3.unicentro.br\/museu\/wp-json\/wp\/v2\/pages"}],"about":[{"href":"https:\/\/www3.unicentro.br\/museu\/wp-json\/wp\/v2\/types\/page"}],"author":[{"embeddable":true,"href":"https:\/\/www3.unicentro.br\/museu\/wp-json\/wp\/v2\/users\/536"}],"replies":[{"embeddable":true,"href":"https:\/\/www3.unicentro.br\/museu\/wp-json\/wp\/v2\/comments?post=1293"}],"version-history":[{"count":1,"href":"https:\/\/www3.unicentro.br\/museu\/wp-json\/wp\/v2\/pages\/1293\/revisions"}],"predecessor-version":[{"id":1300,"href":"https:\/\/www3.unicentro.br\/museu\/wp-json\/wp\/v2\/pages\/1293\/revisions\/1300"}],"up":[{"embeddable":true,"href":"https:\/\/www3.unicentro.br\/museu\/wp-json\/wp\/v2\/pages\/34"}],"wp:attachment":[{"href":"https:\/\/www3.unicentro.br\/museu\/wp-json\/wp\/v2\/media?parent=1293"}],"curies":[{"name":"wp","href":"https:\/\/api.w.org\/{rel}","templated":true}]}}