{"id":1277,"date":"2023-12-23T08:43:25","date_gmt":"2023-12-23T11:43:25","guid":{"rendered":"https:\/\/www3.unicentro.br\/museu\/?page_id=1277"},"modified":"2023-12-23T09:41:00","modified_gmt":"2023-12-23T12:41:00","slug":"hematita","status":"publish","type":"page","link":"https:\/\/www3.unicentro.br\/museu\/acervo\/geologia\/hematita\/","title":{"rendered":"Hematita"},"content":{"rendered":"<div class=\"wpb-content-wrapper\"><p>[vc_row][vc_column][vc_column_text]<\/p>\n<p>[\/vc_column_text][\/vc_column][\/vc_row][vc_row][vc_column][vc_column_text]A hematita \u00e9 um \u00f3xido de ferro (III) (Fe<sub>2<\/sub>O<sub>3<\/sub>), um mineral, com ferro e oxig\u00eanio em sua composi\u00e7\u00e3o semelhante a figura 1 [1, 2]. Tamb\u00e9m pode ser um grupo de \u00f3xidos com f\u00f3rmula qu\u00edmica (X<sub>2<\/sub>O<sub>3<\/sub>), como a ilmenita (FeTiO<sub>3<\/sub>) e o corindon (Al<sub>2<\/sub>O<sub>3<\/sub>) [2]. A palavra hematita vem do latim referente ao prefixo <em>haima<\/em> do grego, que significa sangue [3, 4]. Ela tem uma estrutura em octaedros formando uma l\u00e2mina, esses octaedros formam um anel regular hexagonal como est\u00e1 indicado na figura 2 [4, 5]. A hematita \u00e9 encontrada no solo, e surpreendentemente, muito no oceano, isso, pois, o oxig\u00eanio, produzido pelas antigas cianobact\u00e9rias, reagiu com ferro dilu\u00eddo em \u00e1gua formando \u00f3xido de ferro [6-9]. Tamb\u00e9m \u00e9 encontrada no solo de Marte, que o faz ter uma colora\u00e7\u00e3o avermelhada devido a sua baixa temperatura e tamanho de part\u00edcula [6, 10]. Ela \u00e9 encontrada como mineral e produto de altera\u00e7\u00e3o em rochas \u00edgneas, metam\u00f3rficas e sedimentares [6]. Hematita cristaliza-se durante a diferencia\u00e7\u00e3o do magma ou precipita\u00e7\u00e3o de fluidos que se movem pelas rochas [6].[\/vc_column_text][\/vc_column][\/vc_row][vc_row][vc_column][vc_single_image image=&#8221;1284&#8243; img_size=&#8221;full&#8221; add_caption=&#8221;yes&#8221; alignment=&#8221;center&#8221; title=&#8221;Figura 1&#8243;][\/vc_column][\/vc_row][vc_row][vc_column][vc_column_text]Algumas aplica\u00e7\u00f5es da hematita ocorrem em diversas \u00e1reas da ci\u00eancia e da economia, servindo como min\u00e9rio de ferro e diversos outros. Alguns estudos arqueol\u00f3gicos s\u00e3o baseados na detec\u00e7\u00e3o dela, pois dependendo da absor\u00e7\u00e3o de luz existir\u00e3o diferentes associa\u00e7\u00f5es a temperatura de queima de uma cer\u00e2mica [7, 11]. O agroneg\u00f3cio tem interesse econ\u00f4mico em descobrir a concentra\u00e7\u00e3o de ferro no solo, geralmente a determina\u00e7\u00e3o de hematita e magnetita s\u00e3o um dos m\u00e9todos de classifica\u00e7\u00e3o [9, 12]. Alguns pigmentos de colora\u00e7\u00e3o avermelhada s\u00e3o derivados de hematita e foram um dos primeiros utilizados para artes no mundo [6, 13]. Algumas rea\u00e7\u00f5es como: produ\u00e7\u00e3o de derivados de combust\u00edveis fosseis, produ\u00e7\u00e3o de amon\u00edaco e tratamento de efluentes necessitam de catalisadores, subst\u00e2ncias que diminuem a energia necess\u00e1ria para uma rea\u00e7\u00e3o acontecer [4].[\/vc_column_text][\/vc_column][\/vc_row][vc_row][vc_column][vc_single_image image=&#8221;1285&#8243; img_size=&#8221;full&#8221; add_caption=&#8221;yes&#8221; alignment=&#8221;center&#8221; title=&#8221;Figura 2&#8243;][\/vc_column][\/vc_row][vc_row][vc_column][vc_separator color=&#8221;blue&#8221;][\/vc_column][\/vc_row][vc_row][vc_column][vc_column_text]<\/p>\n<ol>\n<li>Hematita. Museu de Minerais, Min\u00e9rios e Rochas Heinz Ebert. Acessado em: 09 de fev. de 2023. Dispon\u00edvel em: &lt;<a href=\"https:\/\/museuhe.com.br\/mineral\/hematita-hematite\/\">https:\/\/museuhe.com.br\/mineral\/hematita-hematite\/<\/a>&gt;.<\/li>\n<li>Hematita. Geoci\u00eancias USP. Acessado em: 09 de fev. de 2023. Dispon\u00edvel em: &lt;<a href=\"https:\/\/didatico.igc.usp.br\/minerais\/oxidos-hidroxidos\/hematita\/\">https:\/\/didatico.igc.usp.br\/minerais\/oxidos-hidroxidos\/hematita\/<\/a>&gt;.<\/li>\n<li>Hematite. Online Etymology Dictionary. Acessado em: 09 de fev. de 2023. Dispon\u00edvel em &lt;<a href=\"https:\/\/www.etymonline.com\/word\/hematite\">https:\/\/www.etymonline.com\/word\/hematite<\/a>&gt;.<\/li>\n<li>Oliveira L.C.A., Fabris J.D., Pereira M.C.. \u00d3xidos de ferro e suas aplica\u00e7\u00f5es em processos catal\u00edticos: uma revis\u00e3o. Qu\u00edmica Nova, v. 36, n.1, 2013.<\/li>\n<li>Houda Mansour, Hanen Letifi, Radhouane Bargougui, Sonia De Almeida-Didry, Beatrice Negulescu, C\u00e9cile Autret-Lambert, Abdellatif Gadri, Salah Ammar. Structural, optical, magnetic an electrical properties of hematite (\u03b1-Fe2O3) nanoparticles synthesized by two methods: polyol and precipitation. Applied Physics A, 2017.<\/li>\n<li>Hobart M. King. Hematite: properties, uses, and occurrence of the most important ore of iron. Geology. Acessado em: 09 de fev. de 2023. Dispon\u00edvel em: &lt;<a href=\"https:\/\/geology.com\/minerals\/hematite.shtml#mars\">https:\/\/geology.com\/minerals\/hematite.shtml#mars<\/a>&gt;.<\/li>\n<li>Ezequiel Jos\u00e9 Novacoski, Isis Kaminski Caetano, Fabio Luiz Melquiades, Aline Marques Gen\u00fa, Yohandra Reyes Torres, Pedro Pablo Gonz\u00e1lez-Borrero. Spectroscopic based partial least-squares models to estimate soil features. Microchemical Journal, v. 180, n. 107617, 2022.<\/li>\n<li>Campos RC, Dematt\u00ea JAM, Quartaroli CF. Determina\u00e7\u00e3o indireta do teor de hematita no solo a partir de dados de colorimetria e radiometria. Pesq agropec bras, v. 38, 2003.<\/li>\n<li>Almeida JA, Torrent J, Barr\u00f3n V. Cor de solo, formas do f\u00f3sforo e adsor\u00e7\u00e3o de fosfatos em Latossolos desenvolvidos de basalto do extremo-sul do Brasil. Rev Bras Ci\u00eanc Solo. v. 27, n. 6, 2003.<\/li>\n<li>Richard V. Morris. Golden Houston, James F. Bell III. Low-temperature reflectivity spectra of red hematite and the color of Mars. Journal of geophyscal research, v. 102, n. E4, p. 9125-913, 1997.<\/li>\n<li>L. Mota, R. Toledo, R.T. Faria Jr., E.C. da Silva, H. Vargas, I. Delgadillo-Holtfort. Thermally treated soil clays as ceramic raw materials: Characterization by X-ray diffraction, photoacoustic spectroscopy and electron spin resonance. Applied Clay Science, v.43, p. 243\u2013247, 2009.<\/li>\n<li>Samuel W. Karikhoff and George W. Bailey. Optical absorption of clay minerals. Clays and Clay Minerals, v. 21. p. 59-70, 1973.<\/li>\n<li>J. Carneiro, D.M. Tobaldi, W. Hajjaji, M.N. Capela, R.M. Novais, M.P. Seabra, J.A. Labrinch. Red mud as a substitute coloring agent for the hematite pigment. Ceramics International, v. 44, 2018, p. 4211\u20134219.<\/li>\n<\/ol>\n<p>[\/vc_column_text][\/vc_column][\/vc_row]<\/p>\n<\/div>","protected":false},"excerpt":{"rendered":"<p>[vc_row][vc_column][vc_column_text] [\/vc_column_text][\/vc_column][\/vc_row][vc_row][vc_column][vc_column_text]A hematita \u00e9 um \u00f3xido de ferro (III) (Fe2O3), um mineral, com ferro e oxig\u00eanio em sua composi\u00e7\u00e3o semelhante a figura 1 [1, 2]. Tamb\u00e9m pode ser um grupo de \u00f3xidos com f\u00f3rmula qu\u00edmica (X2O3), como a ilmenita (FeTiO3) e o corindon (Al2O3) [2]. A palavra hematita vem do latim referente ao prefixo haima [&hellip;]<\/p>\n","protected":false},"author":536,"featured_media":0,"parent":34,"menu_order":0,"comment_status":"closed","ping_status":"closed","template":"","meta":{"_exactmetrics_skip_tracking":false,"_exactmetrics_sitenote_active":false,"_exactmetrics_sitenote_note":"","_exactmetrics_sitenote_category":0,"footnotes":"","_links_to":"","_links_to_target":""},"class_list":["post-1277","page","type-page","status-publish","hentry"],"_links":{"self":[{"href":"https:\/\/www3.unicentro.br\/museu\/wp-json\/wp\/v2\/pages\/1277","targetHints":{"allow":["GET"]}}],"collection":[{"href":"https:\/\/www3.unicentro.br\/museu\/wp-json\/wp\/v2\/pages"}],"about":[{"href":"https:\/\/www3.unicentro.br\/museu\/wp-json\/wp\/v2\/types\/page"}],"author":[{"embeddable":true,"href":"https:\/\/www3.unicentro.br\/museu\/wp-json\/wp\/v2\/users\/536"}],"replies":[{"embeddable":true,"href":"https:\/\/www3.unicentro.br\/museu\/wp-json\/wp\/v2\/comments?post=1277"}],"version-history":[{"count":1,"href":"https:\/\/www3.unicentro.br\/museu\/wp-json\/wp\/v2\/pages\/1277\/revisions"}],"predecessor-version":[{"id":1292,"href":"https:\/\/www3.unicentro.br\/museu\/wp-json\/wp\/v2\/pages\/1277\/revisions\/1292"}],"up":[{"embeddable":true,"href":"https:\/\/www3.unicentro.br\/museu\/wp-json\/wp\/v2\/pages\/34"}],"wp:attachment":[{"href":"https:\/\/www3.unicentro.br\/museu\/wp-json\/wp\/v2\/media?parent=1277"}],"curies":[{"name":"wp","href":"https:\/\/api.w.org\/{rel}","templated":true}]}}