{"id":115,"date":"2020-05-26T16:36:20","date_gmt":"2020-05-26T19:36:20","guid":{"rendered":"https:\/\/www3.unicentro.br\/museu\/?page_id=115"},"modified":"2020-05-26T16:36:20","modified_gmt":"2020-05-26T19:36:20","slug":"equinodermos","status":"publish","type":"page","link":"https:\/\/www3.unicentro.br\/museu\/acervo\/do-mar\/equinodermos\/","title":{"rendered":"Equinodermos"},"content":{"rendered":"<p align=\"JUSTIFY\"><span style=\"font-family: Times New Roman, serif;font-size: 14pt\"><span style=\"color: #000000\"><span style=\"font-family: comic sans ms, sans-serif\">Os Equinodermos, que do Grego significa: echinos= espinho + derma= pele, s\u00e3o animais invertebrados e exclusivamente marinhos. O seu corpo \u00e9 organizado, geralmente, em cinco partes sim\u00e9tricas que se distribuem na forma dos raios de uma circunfer\u00eancia. Os animais equinodermos apresentam uma grande diversidade de formas, tamanhos e modos de vida. A maioria s\u00e3o animais de vida livre e isolados.\u00a0S\u00e3o representantes: os ouri\u00e7os do mar, bolacha da \u00e1gua, estrela do mar entre outros.<\/span> <\/span><\/span><\/p>\n<p align=\"JUSTIFY\"><img loading=\"lazy\" decoding=\"async\" class=\" wp-image-103 aligncenter\" src=\"https:\/\/www3.unicentro.br\/museu\/wp-content\/uploads\/sites\/86\/2020\/05\/bigarela-102-300x200.jpg\" alt=\"Equinodermos\" width=\"455\" height=\"303\" srcset=\"https:\/\/www3.unicentro.br\/museu\/wp-content\/uploads\/sites\/86\/2020\/05\/bigarela-102-300x200.jpg 300w, https:\/\/www3.unicentro.br\/museu\/wp-content\/uploads\/sites\/86\/2020\/05\/bigarela-102-1024x684.jpg 1024w, https:\/\/www3.unicentro.br\/museu\/wp-content\/uploads\/sites\/86\/2020\/05\/bigarela-102-768x513.jpg 768w, https:\/\/www3.unicentro.br\/museu\/wp-content\/uploads\/sites\/86\/2020\/05\/bigarela-102-1536x1026.jpg 1536w, https:\/\/www3.unicentro.br\/museu\/wp-content\/uploads\/sites\/86\/2020\/05\/bigarela-102-255x170.jpg 255w, https:\/\/www3.unicentro.br\/museu\/wp-content\/uploads\/sites\/86\/2020\/05\/bigarela-102.jpg 1797w\" sizes=\"auto, (max-width: 455px) 100vw, 455px\" \/><\/p>\n<p align=\"JUSTIFY\"><img loading=\"lazy\" decoding=\"async\" class=\" wp-image-104 aligncenter\" src=\"https:\/\/www3.unicentro.br\/museu\/wp-content\/uploads\/sites\/86\/2020\/05\/bigarela-103-300x200.jpg\" alt=\"\" width=\"458\" height=\"305\" srcset=\"https:\/\/www3.unicentro.br\/museu\/wp-content\/uploads\/sites\/86\/2020\/05\/bigarela-103-300x200.jpg 300w, https:\/\/www3.unicentro.br\/museu\/wp-content\/uploads\/sites\/86\/2020\/05\/bigarela-103-1024x684.jpg 1024w, https:\/\/www3.unicentro.br\/museu\/wp-content\/uploads\/sites\/86\/2020\/05\/bigarela-103-768x513.jpg 768w, https:\/\/www3.unicentro.br\/museu\/wp-content\/uploads\/sites\/86\/2020\/05\/bigarela-103-1536x1026.jpg 1536w, https:\/\/www3.unicentro.br\/museu\/wp-content\/uploads\/sites\/86\/2020\/05\/bigarela-103-255x170.jpg 255w, https:\/\/www3.unicentro.br\/museu\/wp-content\/uploads\/sites\/86\/2020\/05\/bigarela-103.jpg 1797w\" sizes=\"auto, (max-width: 458px) 100vw, 458px\" \/><\/p>\n","protected":false},"excerpt":{"rendered":"<p>Os Equinodermos, que do Grego significa: echinos= espinho + derma= pele, s\u00e3o animais invertebrados e exclusivamente marinhos. O seu corpo \u00e9 organizado, geralmente, em cinco partes sim\u00e9tricas que se distribuem na forma dos raios de uma circunfer\u00eancia. Os animais equinodermos apresentam uma grande diversidade de formas, tamanhos e modos de vida. A maioria s\u00e3o animais [&hellip;]<\/p>\n","protected":false},"author":261,"featured_media":0,"parent":30,"menu_order":0,"comment_status":"closed","ping_status":"closed","template":"","meta":{"_exactmetrics_skip_tracking":false,"_exactmetrics_sitenote_active":false,"_exactmetrics_sitenote_note":"","_exactmetrics_sitenote_category":0,"footnotes":"","_links_to":"","_links_to_target":""},"class_list":["post-115","page","type-page","status-publish","hentry"],"_links":{"self":[{"href":"https:\/\/www3.unicentro.br\/museu\/wp-json\/wp\/v2\/pages\/115","targetHints":{"allow":["GET"]}}],"collection":[{"href":"https:\/\/www3.unicentro.br\/museu\/wp-json\/wp\/v2\/pages"}],"about":[{"href":"https:\/\/www3.unicentro.br\/museu\/wp-json\/wp\/v2\/types\/page"}],"author":[{"embeddable":true,"href":"https:\/\/www3.unicentro.br\/museu\/wp-json\/wp\/v2\/users\/261"}],"replies":[{"embeddable":true,"href":"https:\/\/www3.unicentro.br\/museu\/wp-json\/wp\/v2\/comments?post=115"}],"version-history":[{"count":0,"href":"https:\/\/www3.unicentro.br\/museu\/wp-json\/wp\/v2\/pages\/115\/revisions"}],"up":[{"embeddable":true,"href":"https:\/\/www3.unicentro.br\/museu\/wp-json\/wp\/v2\/pages\/30"}],"wp:attachment":[{"href":"https:\/\/www3.unicentro.br\/museu\/wp-json\/wp\/v2\/media?parent=115"}],"curies":[{"name":"wp","href":"https:\/\/api.w.org\/{rel}","templated":true}]}}