{"id":109,"date":"2020-05-26T15:45:18","date_gmt":"2020-05-26T18:45:18","guid":{"rendered":"https:\/\/www3.unicentro.br\/museu\/?page_id=109"},"modified":"2020-05-26T15:45:18","modified_gmt":"2020-05-26T18:45:18","slug":"filo-cnidarios","status":"publish","type":"page","link":"https:\/\/www3.unicentro.br\/museu\/acervo\/do-mar\/filo-cnidarios\/","title":{"rendered":"Filo Cnid\u00e1rios"},"content":{"rendered":"<p style=\"text-align: center\" align=\"JUSTIFY\"><span style=\"font-family: comic sans ms, sans-serif;font-size: 14pt\"><span style=\"color: #000000\">Os cnid\u00e1rios<\/span><span style=\"color: #000000\">, que do grego: Knide= urticante, s\u00e3o <\/span><a href=\"https:\/\/pt.wikipedia.org\/wiki\/Animal_aqu\u00e1tico\"><span style=\"color: #000000\">animais exclusivamente aqu\u00e1ticos<\/span><\/a><span style=\"color: #000000\">, entre os quais est\u00e3o os corais. Os corais s\u00e3o animais que constroem um\u00a0<\/span><a href=\"https:\/\/pt.wikipedia.org\/wiki\/Exoesqueleto\"><span style=\"color: #000000\">exoesqueleto<\/span><\/a><span style=\"color: #000000\">\u00a0que pode ser de mat\u00e9ria org\u00e2nica ou de\u00a0<\/span><a href=\"https:\/\/pt.wikipedia.org\/wiki\/Carbonato_de_c\u00e1lcio\"><span style=\"color: #000000\">carbonato de c\u00e1lcio<\/span><\/a><span style=\"color: #000000\">. Eles se alimentam de pequenos seres vivos, como o zoopl\u00e2ncton e pequenos peixes, atrav\u00e9s de poros que possui em sua estrutura. S\u00e3o animais sesses, muitas vezes confundidos com plantas. Muitos corais formam\u00a0<\/span><a href=\"https:\/\/pt.wikipedia.org\/wiki\/Col\u00f3nia_(biologia)\"><span style=\"color: #000000\">col\u00f4nias<\/span><\/a><span style=\"color: #000000\">, que podem chegar a tamanhos consider\u00e1veis (os recifes). <\/span><\/span><\/p>\n<p style=\"text-align: center\" align=\"JUSTIFY\"><span style=\"font-family: comic sans ms, sans-serif;font-size: 14pt\"><span style=\"color: #000000\">V\u00e1rios tipos de estruturas de corais podem ser vistos em exposi\u00e7\u00e3o no Museu de Ci\u00eancias Naturais de Guarapuava. <\/span><\/span><\/p>\n<p align=\"JUSTIFY\"><img loading=\"lazy\" decoding=\"async\" class=\"alignnone size-medium wp-image-108 aligncenter\" src=\"https:\/\/www3.unicentro.br\/museu\/wp-content\/uploads\/sites\/86\/2020\/05\/bigarela-113-300x200.jpg\" alt=\"\" width=\"300\" height=\"200\" srcset=\"https:\/\/www3.unicentro.br\/museu\/wp-content\/uploads\/sites\/86\/2020\/05\/bigarela-113-300x200.jpg 300w, https:\/\/www3.unicentro.br\/museu\/wp-content\/uploads\/sites\/86\/2020\/05\/bigarela-113-1024x684.jpg 1024w, https:\/\/www3.unicentro.br\/museu\/wp-content\/uploads\/sites\/86\/2020\/05\/bigarela-113-768x513.jpg 768w, https:\/\/www3.unicentro.br\/museu\/wp-content\/uploads\/sites\/86\/2020\/05\/bigarela-113-1536x1026.jpg 1536w, https:\/\/www3.unicentro.br\/museu\/wp-content\/uploads\/sites\/86\/2020\/05\/bigarela-113-255x170.jpg 255w, https:\/\/www3.unicentro.br\/museu\/wp-content\/uploads\/sites\/86\/2020\/05\/bigarela-113.jpg 1797w\" sizes=\"auto, (max-width: 300px) 100vw, 300px\" \/><img loading=\"lazy\" decoding=\"async\" class=\"alignnone size-medium wp-image-107 aligncenter\" src=\"https:\/\/www3.unicentro.br\/museu\/wp-content\/uploads\/sites\/86\/2020\/05\/bigarela-112-300x200.jpg\" alt=\"\" width=\"300\" height=\"200\" srcset=\"https:\/\/www3.unicentro.br\/museu\/wp-content\/uploads\/sites\/86\/2020\/05\/bigarela-112-300x200.jpg 300w, https:\/\/www3.unicentro.br\/museu\/wp-content\/uploads\/sites\/86\/2020\/05\/bigarela-112-1024x684.jpg 1024w, https:\/\/www3.unicentro.br\/museu\/wp-content\/uploads\/sites\/86\/2020\/05\/bigarela-112-768x513.jpg 768w, https:\/\/www3.unicentro.br\/museu\/wp-content\/uploads\/sites\/86\/2020\/05\/bigarela-112-1536x1026.jpg 1536w, https:\/\/www3.unicentro.br\/museu\/wp-content\/uploads\/sites\/86\/2020\/05\/bigarela-112-255x170.jpg 255w, https:\/\/www3.unicentro.br\/museu\/wp-content\/uploads\/sites\/86\/2020\/05\/bigarela-112.jpg 1797w\" sizes=\"auto, (max-width: 300px) 100vw, 300px\" \/><img loading=\"lazy\" decoding=\"async\" class=\"alignnone size-medium wp-image-106 aligncenter\" src=\"https:\/\/www3.unicentro.br\/museu\/wp-content\/uploads\/sites\/86\/2020\/05\/bigarela-111-300x200.jpg\" alt=\"\" width=\"300\" height=\"200\" srcset=\"https:\/\/www3.unicentro.br\/museu\/wp-content\/uploads\/sites\/86\/2020\/05\/bigarela-111-300x200.jpg 300w, https:\/\/www3.unicentro.br\/museu\/wp-content\/uploads\/sites\/86\/2020\/05\/bigarela-111-1024x684.jpg 1024w, https:\/\/www3.unicentro.br\/museu\/wp-content\/uploads\/sites\/86\/2020\/05\/bigarela-111-768x513.jpg 768w, https:\/\/www3.unicentro.br\/museu\/wp-content\/uploads\/sites\/86\/2020\/05\/bigarela-111-1536x1026.jpg 1536w, https:\/\/www3.unicentro.br\/museu\/wp-content\/uploads\/sites\/86\/2020\/05\/bigarela-111-255x170.jpg 255w, https:\/\/www3.unicentro.br\/museu\/wp-content\/uploads\/sites\/86\/2020\/05\/bigarela-111.jpg 1797w\" sizes=\"auto, (max-width: 300px) 100vw, 300px\" \/><img loading=\"lazy\" decoding=\"async\" class=\"alignnone size-medium wp-image-105 aligncenter\" src=\"https:\/\/www3.unicentro.br\/museu\/wp-content\/uploads\/sites\/86\/2020\/05\/bigarela-110-300x200.jpg\" alt=\"\" width=\"300\" height=\"200\" srcset=\"https:\/\/www3.unicentro.br\/museu\/wp-content\/uploads\/sites\/86\/2020\/05\/bigarela-110-300x200.jpg 300w, https:\/\/www3.unicentro.br\/museu\/wp-content\/uploads\/sites\/86\/2020\/05\/bigarela-110-1024x684.jpg 1024w, https:\/\/www3.unicentro.br\/museu\/wp-content\/uploads\/sites\/86\/2020\/05\/bigarela-110-768x513.jpg 768w, https:\/\/www3.unicentro.br\/museu\/wp-content\/uploads\/sites\/86\/2020\/05\/bigarela-110-1536x1026.jpg 1536w, https:\/\/www3.unicentro.br\/museu\/wp-content\/uploads\/sites\/86\/2020\/05\/bigarela-110-255x170.jpg 255w, https:\/\/www3.unicentro.br\/museu\/wp-content\/uploads\/sites\/86\/2020\/05\/bigarela-110.jpg 1797w\" sizes=\"auto, (max-width: 300px) 100vw, 300px\" \/><img loading=\"lazy\" decoding=\"async\" class=\"alignnone size-medium wp-image-102 aligncenter\" src=\"https:\/\/www3.unicentro.br\/museu\/wp-content\/uploads\/sites\/86\/2020\/05\/bigarela-153-300x200.jpg\" alt=\"\" width=\"300\" height=\"200\" srcset=\"https:\/\/www3.unicentro.br\/museu\/wp-content\/uploads\/sites\/86\/2020\/05\/bigarela-153-300x200.jpg 300w, https:\/\/www3.unicentro.br\/museu\/wp-content\/uploads\/sites\/86\/2020\/05\/bigarela-153-1024x681.jpg 1024w, https:\/\/www3.unicentro.br\/museu\/wp-content\/uploads\/sites\/86\/2020\/05\/bigarela-153-768x511.jpg 768w, https:\/\/www3.unicentro.br\/museu\/wp-content\/uploads\/sites\/86\/2020\/05\/bigarela-153-1536x1022.jpg 1536w, https:\/\/www3.unicentro.br\/museu\/wp-content\/uploads\/sites\/86\/2020\/05\/bigarela-153-255x170.jpg 255w, https:\/\/www3.unicentro.br\/museu\/wp-content\/uploads\/sites\/86\/2020\/05\/bigarela-153.jpg 1804w\" sizes=\"auto, (max-width: 300px) 100vw, 300px\" \/><img loading=\"lazy\" decoding=\"async\" class=\"alignnone size-medium wp-image-101 aligncenter\" src=\"https:\/\/www3.unicentro.br\/museu\/wp-content\/uploads\/sites\/86\/2020\/05\/bigarela-152-300x200.jpg\" alt=\"\" width=\"300\" height=\"200\" srcset=\"https:\/\/www3.unicentro.br\/museu\/wp-content\/uploads\/sites\/86\/2020\/05\/bigarela-152-300x200.jpg 300w, https:\/\/www3.unicentro.br\/museu\/wp-content\/uploads\/sites\/86\/2020\/05\/bigarela-152-1024x681.jpg 1024w, https:\/\/www3.unicentro.br\/museu\/wp-content\/uploads\/sites\/86\/2020\/05\/bigarela-152-768x511.jpg 768w, https:\/\/www3.unicentro.br\/museu\/wp-content\/uploads\/sites\/86\/2020\/05\/bigarela-152-1536x1022.jpg 1536w, https:\/\/www3.unicentro.br\/museu\/wp-content\/uploads\/sites\/86\/2020\/05\/bigarela-152-255x170.jpg 255w, https:\/\/www3.unicentro.br\/museu\/wp-content\/uploads\/sites\/86\/2020\/05\/bigarela-152.jpg 1804w\" sizes=\"auto, (max-width: 300px) 100vw, 300px\" \/><\/p>\n","protected":false},"excerpt":{"rendered":"<p>Os cnid\u00e1rios, que do grego: Knide= urticante, s\u00e3o animais exclusivamente aqu\u00e1ticos, entre os quais est\u00e3o os corais. Os corais s\u00e3o animais que constroem um\u00a0exoesqueleto\u00a0que pode ser de mat\u00e9ria org\u00e2nica ou de\u00a0carbonato de c\u00e1lcio. Eles se alimentam de pequenos seres vivos, como o zoopl\u00e2ncton e pequenos peixes, atrav\u00e9s de poros que possui em sua estrutura. S\u00e3o [&hellip;]<\/p>\n","protected":false},"author":261,"featured_media":0,"parent":30,"menu_order":0,"comment_status":"closed","ping_status":"closed","template":"","meta":{"_exactmetrics_skip_tracking":false,"_exactmetrics_sitenote_active":false,"_exactmetrics_sitenote_note":"","_exactmetrics_sitenote_category":0,"footnotes":"","_links_to":"","_links_to_target":""},"class_list":["post-109","page","type-page","status-publish","hentry"],"_links":{"self":[{"href":"https:\/\/www3.unicentro.br\/museu\/wp-json\/wp\/v2\/pages\/109","targetHints":{"allow":["GET"]}}],"collection":[{"href":"https:\/\/www3.unicentro.br\/museu\/wp-json\/wp\/v2\/pages"}],"about":[{"href":"https:\/\/www3.unicentro.br\/museu\/wp-json\/wp\/v2\/types\/page"}],"author":[{"embeddable":true,"href":"https:\/\/www3.unicentro.br\/museu\/wp-json\/wp\/v2\/users\/261"}],"replies":[{"embeddable":true,"href":"https:\/\/www3.unicentro.br\/museu\/wp-json\/wp\/v2\/comments?post=109"}],"version-history":[{"count":0,"href":"https:\/\/www3.unicentro.br\/museu\/wp-json\/wp\/v2\/pages\/109\/revisions"}],"up":[{"embeddable":true,"href":"https:\/\/www3.unicentro.br\/museu\/wp-json\/wp\/v2\/pages\/30"}],"wp:attachment":[{"href":"https:\/\/www3.unicentro.br\/museu\/wp-json\/wp\/v2\/media?parent=109"}],"curies":[{"name":"wp","href":"https:\/\/api.w.org\/{rel}","templated":true}]}}