{"id":1011,"date":"2022-07-06T13:40:49","date_gmt":"2022-07-06T16:40:49","guid":{"rendered":"https:\/\/www3.unicentro.br\/museu\/?page_id=1011"},"modified":"2025-07-09T09:02:40","modified_gmt":"2025-07-09T12:02:40","slug":"orientacoes-para-visitas-2","status":"publish","type":"page","link":"https:\/\/www3.unicentro.br\/museu\/orientacoes-para-visitas-2\/","title":{"rendered":"Orienta\u00e7\u00f5es para visitas"},"content":{"rendered":"<div class=\"wpb-content-wrapper\"><p>[vc_row][vc_column][vc_column_text css=&#8221;&#8221;]<\/p>\n<p style=\"text-align: center\"><span style=\"font-family: 'comic sans ms', sans-serif\"><span style=\"font-size: 32px\"><strong><span style=\"color: #ff0000\">Hor\u00e1rio de Atendimento<\/span><\/strong><br \/>\nDe Ter\u00e7a \u00e0 Sexta, Finais de semana e tamb\u00e9m Feriados:<br \/>\nPela manh\u00e3, das <strong>08h<\/strong> \u00e0s <strong>12h<\/strong><br \/>\nE a tarde das <strong>13h<\/strong> \u00e0s <strong>17h<\/strong><\/span><span style=\"font-size: 32px\"><br \/>\n<span style=\"font-size: 18pt\">A partir das <strong>16:45h<\/strong> apenas <strong>sa\u00edda<\/strong> de visitantes.<\/span><\/span><\/span><\/p>\n<p>&nbsp;<\/p>\n<p style=\"text-align: center\"><span style=\"font-family: 'comic sans ms', sans-serif;font-size: 18pt\">Visitas particulares n\u00e3o precisam ser agendadas. <\/span><\/p>\n<p style=\"text-align: center\"><span style=\"font-family: 'comic sans ms', sans-serif;font-size: 18pt\">Escolas e demais institui\u00e7\u00f5es de ensino podem agendar visitas ligando para (42) 3624-0193, ou em nosso instagram @museuciencias.gpuava, n\u00e3o perca essa oportunidade!<\/span><\/p>\n<p>[\/vc_column_text][\/vc_column][\/vc_row]<\/p>\n<\/div>","protected":false},"excerpt":{"rendered":"<p>[vc_row][vc_column][vc_column_text css=&#8221;&#8221;] Hor\u00e1rio de Atendimento De Ter\u00e7a \u00e0 Sexta, Finais de semana e tamb\u00e9m Feriados: Pela manh\u00e3, das 08h \u00e0s 12h E a tarde das 13h \u00e0s 17h A partir das 16:45h apenas sa\u00edda de visitantes. &nbsp; Visitas particulares n\u00e3o precisam ser agendadas. Escolas e demais institui\u00e7\u00f5es de ensino podem agendar visitas ligando para (42) [&hellip;]<\/p>\n","protected":false},"author":473,"featured_media":0,"parent":0,"menu_order":0,"comment_status":"closed","ping_status":"closed","template":"","meta":{"_exactmetrics_skip_tracking":false,"_exactmetrics_sitenote_active":false,"_exactmetrics_sitenote_note":"","_exactmetrics_sitenote_category":0,"footnotes":"","_links_to":"","_links_to_target":""},"class_list":["post-1011","page","type-page","status-publish","hentry"],"_links":{"self":[{"href":"https:\/\/www3.unicentro.br\/museu\/wp-json\/wp\/v2\/pages\/1011","targetHints":{"allow":["GET"]}}],"collection":[{"href":"https:\/\/www3.unicentro.br\/museu\/wp-json\/wp\/v2\/pages"}],"about":[{"href":"https:\/\/www3.unicentro.br\/museu\/wp-json\/wp\/v2\/types\/page"}],"author":[{"embeddable":true,"href":"https:\/\/www3.unicentro.br\/museu\/wp-json\/wp\/v2\/users\/473"}],"replies":[{"embeddable":true,"href":"https:\/\/www3.unicentro.br\/museu\/wp-json\/wp\/v2\/comments?post=1011"}],"version-history":[{"count":2,"href":"https:\/\/www3.unicentro.br\/museu\/wp-json\/wp\/v2\/pages\/1011\/revisions"}],"predecessor-version":[{"id":1414,"href":"https:\/\/www3.unicentro.br\/museu\/wp-json\/wp\/v2\/pages\/1011\/revisions\/1414"}],"wp:attachment":[{"href":"https:\/\/www3.unicentro.br\/museu\/wp-json\/wp\/v2\/media?parent=1011"}],"curies":[{"name":"wp","href":"https:\/\/api.w.org\/{rel}","templated":true}]}}