{"id":99,"date":"2017-06-28T00:20:39","date_gmt":"2017-06-28T03:20:39","guid":{"rendered":"https:\/\/www3.unicentro.br\/midiaememoriasemfronteiras\/?page_id=99"},"modified":"2017-08-22T21:42:39","modified_gmt":"2017-08-23T00:42:39","slug":"salao-de-artes-plasticas-de-jacarezinho-dialogos-entre-memoria-arte-preservacao-e-ensino","status":"publish","type":"page","link":"https:\/\/www3.unicentro.br\/midiaememoriasemfronteiras\/universidades\/uenp\/salao-de-artes-plasticas-de-jacarezinho-dialogos-entre-memoria-arte-preservacao-e-ensino\/","title":{"rendered":"Sal\u00e3o de artes pl\u00e1sticas de Jacarezinho: di\u00e1logos entre mem\u00f3ria, arte, preserva\u00e7\u00e3o e ensino"},"content":{"rendered":"<p>O projeto em quest\u00e3o tem por objetivo a conserva\u00e7\u00e3o, documenta\u00e7\u00e3o e frui\u00e7\u00e3o cultural das obras que comp\u00f5em o acervo do Sal\u00e3o de Artes Pl\u00e1sticas da cidade de Jacarezinho\/PR, bem como a cria\u00e7\u00e3o da <em>Sala de Estar<\/em>, um espa\u00e7o no ambiente acad\u00eamico para a observa\u00e7\u00e3o e a pesquisa em arte, hist\u00f3ria e cultura regional, al\u00e9m do estudo de possibilidades l\u00fadicas, como a cria\u00e7\u00e3o de jogos para o ensino atrav\u00e9s do acervo do Sal\u00e3o de Artes Pl\u00e1sticas de Jacarezinho. Tamb\u00e9m pretende dialogar com artistas locais e professores de artes, pois buscaremos a cria\u00e7\u00e3o de oficinas de produ\u00e7\u00e3o de arte, abertas \u00e0 comunidade, que explorem as t\u00e9cnicas, a mem\u00f3ria e as hist\u00f3rias presentes no acervo do Sal\u00e3o, buscando, atrav\u00e9s do ensino e produ\u00e7\u00e3o, a inova\u00e7\u00e3o de linguagens art\u00edsticas. Esta inova\u00e7\u00e3o \u00e9 poss\u00edvel porque estudando as culturas e os fazeres regionais representados nas telas e esculturas do acervo do Sal\u00e3o, abrimos margem a tornar h\u00edbridas as express\u00f5es das identidades culturais, visto que no tempo contempor\u00e2neo, estas tamb\u00e9m o s\u00e3o. A observa\u00e7\u00e3o e ressignifica\u00e7\u00e3o das representa\u00e7\u00f5es e das identidades faz parte da metodologia de revitalizar, al\u00e9m de criar novos discursos, atentos \u00e0 diversidade cultural e ao exercer da democracia. Por fim, pretende-se favorecer a organiza\u00e7\u00e3o de eventos, que insiram espa\u00e7os da democracia em cultura nas cidades, almejando que a arte possa produzir sobre as pessoas um efeito pr\u00e1tico, modificando sua conduta e concep\u00e7\u00e3o de mundo, ou refor\u00e7ando nessas o sentimento dos valores sociais.<\/p>\n<p><strong>Equipe:<\/strong><\/p>\n<p>Luciana Brito (coordenadora);<br \/>\nCamila Pereira de Souza;<br \/>\nJuliana Carolina da Silva;<br \/>\nGlaisier Mara Aparecida Germano Mariano;<\/p>\n","protected":false},"excerpt":{"rendered":"<p>O projeto em quest\u00e3o tem por objetivo a conserva\u00e7\u00e3o, documenta\u00e7\u00e3o e frui\u00e7\u00e3o cultural das obras que comp\u00f5em o acervo do Sal\u00e3o de Artes Pl\u00e1sticas da cidade de Jacarezinho\/PR, bem como a cria\u00e7\u00e3o da Sala de Estar, um espa\u00e7o no ambiente acad\u00eamico para a observa\u00e7\u00e3o e a pesquisa em arte, hist\u00f3ria e cultura regional, al\u00e9m do [&hellip;]<\/p>\n","protected":false},"author":28,"featured_media":0,"parent":81,"menu_order":6,"comment_status":"closed","ping_status":"closed","template":"","meta":{"_exactmetrics_skip_tracking":false,"_exactmetrics_sitenote_active":false,"_exactmetrics_sitenote_note":"","_exactmetrics_sitenote_category":0,"footnotes":"","_links_to":"","_links_to_target":""},"class_list":["post-99","page","type-page","status-publish","hentry"],"_links":{"self":[{"href":"https:\/\/www3.unicentro.br\/midiaememoriasemfronteiras\/wp-json\/wp\/v2\/pages\/99","targetHints":{"allow":["GET"]}}],"collection":[{"href":"https:\/\/www3.unicentro.br\/midiaememoriasemfronteiras\/wp-json\/wp\/v2\/pages"}],"about":[{"href":"https:\/\/www3.unicentro.br\/midiaememoriasemfronteiras\/wp-json\/wp\/v2\/types\/page"}],"author":[{"embeddable":true,"href":"https:\/\/www3.unicentro.br\/midiaememoriasemfronteiras\/wp-json\/wp\/v2\/users\/28"}],"replies":[{"embeddable":true,"href":"https:\/\/www3.unicentro.br\/midiaememoriasemfronteiras\/wp-json\/wp\/v2\/comments?post=99"}],"version-history":[{"count":0,"href":"https:\/\/www3.unicentro.br\/midiaememoriasemfronteiras\/wp-json\/wp\/v2\/pages\/99\/revisions"}],"up":[{"embeddable":true,"href":"https:\/\/www3.unicentro.br\/midiaememoriasemfronteiras\/wp-json\/wp\/v2\/pages\/81"}],"wp:attachment":[{"href":"https:\/\/www3.unicentro.br\/midiaememoriasemfronteiras\/wp-json\/wp\/v2\/media?parent=99"}],"curies":[{"name":"wp","href":"https:\/\/api.w.org\/{rel}","templated":true}]}}