{"id":93,"date":"2017-06-28T00:06:08","date_gmt":"2017-06-28T03:06:08","guid":{"rendered":"https:\/\/www3.unicentro.br\/midiaememoriasemfronteiras\/?page_id=93"},"modified":"2017-08-22T22:02:14","modified_gmt":"2017-08-23T01:02:14","slug":"nucleo-de-equoterapia","status":"publish","type":"page","link":"https:\/\/www3.unicentro.br\/midiaememoriasemfronteiras\/universidades\/uenp\/nucleo-de-equoterapia\/","title":{"rendered":"N\u00facleo de equoterapia"},"content":{"rendered":"<p>O N\u00facleo de Equoterapia atende 57 crian\u00e7as, todas encaminhadas pelas APAE&#8217;s. S\u00e3o crian\u00e7as com autismo, paralisia cerebral, s\u00edndrome de Down e algumas s\u00edndromes diferenciadas como as de &#8216;la Tourrette&#8217;, a de &#8216;Prader-Willi&#8217; e, tamb\u00e9m, alunos que v\u00eam apenas com atraso motor e cognitivo. O N\u00facleo de Equoterapia da UENP visa contemplar a forma\u00e7\u00e3o acad\u00eamica dos graduandos, por meio de desenvolvimento de atividades de ensino,pesquisa e extens\u00e3o universit\u00e1ria. O aspecto original da proposta \u00e9 refor\u00e7ada pela aus\u00eancia de centros de equoterapia como forma de tratamento para pacientes com necessidades especiais ou outras formas de terapias nas diferentes \u00e1reas da sa\u00fade na regi\u00e3o no Norte Pioneiro do Estado do Paran\u00e1.<\/p>\n<p><strong>Equipe:<\/strong><\/p>\n<p>Francisco Armando de Azevedo Souza (coordenador);<br \/>\nThais Helena Constantino Patelli;<br \/>\nThales Ricardo Barreiros;<br \/>\nEderson Marcos Sgarbi;<br \/>\nRicardo Castanho Moreira;<br \/>\nDaniela de Freitas Guilhermino Trindade;<br \/>\nVin\u00edcius Rodrigues Silva;<br \/>\nL\u00edgia de Marchi Bonancin;<br \/>\nMaria L\u00edgia Gomes Gon\u00e7alves;<br \/>\nSuellen Tanaka;<br \/>\nIsaque Denner da Silva;<br \/>\nRaquel Zanardo;<br \/>\nMa\u00edra Garcia Justo;<\/p>\n<p><a href=\"https:\/\/www.facebook.com\/N%C3%BAcleo-de-Equoterapia-Dr-Raul-Hidetoci-Mioshi-244666932586609\/\" target=\"_blank\" rel=\"noopener\"><img loading=\"lazy\" decoding=\"async\" class=\"alignleft size-thumbnail wp-image-351\" src=\"https:\/\/www3.unicentro.br\/midiaememoriasemfronteiras\/wp-content\/uploads\/sites\/19\/2017\/06\/botao3-150x150.png\" alt=\"\" width=\"150\" height=\"150\" srcset=\"https:\/\/www3.unicentro.br\/midiaememoriasemfronteiras\/wp-content\/uploads\/sites\/19\/2017\/06\/botao3-150x150.png 150w, https:\/\/www3.unicentro.br\/midiaememoriasemfronteiras\/wp-content\/uploads\/sites\/19\/2017\/06\/botao3-50x50.png 50w, https:\/\/www3.unicentro.br\/midiaememoriasemfronteiras\/wp-content\/uploads\/sites\/19\/2017\/06\/botao3-80x80.png 80w, https:\/\/www3.unicentro.br\/midiaememoriasemfronteiras\/wp-content\/uploads\/sites\/19\/2017\/06\/botao3-263x263.png 263w, https:\/\/www3.unicentro.br\/midiaememoriasemfronteiras\/wp-content\/uploads\/sites\/19\/2017\/06\/botao3-100x100.png 100w, https:\/\/www3.unicentro.br\/midiaememoriasemfronteiras\/wp-content\/uploads\/sites\/19\/2017\/06\/botao3-526x526.png 526w\" sizes=\"auto, (max-width: 150px) 100vw, 150px\" \/><\/a><\/p>\n","protected":false},"excerpt":{"rendered":"<p>O N\u00facleo de Equoterapia atende 57 crian\u00e7as, todas encaminhadas pelas APAE&#8217;s. S\u00e3o crian\u00e7as com autismo, paralisia cerebral, s\u00edndrome de Down e algumas s\u00edndromes diferenciadas como as de &#8216;la Tourrette&#8217;, a de &#8216;Prader-Willi&#8217; e, tamb\u00e9m, alunos que v\u00eam apenas com atraso motor e cognitivo. O N\u00facleo de Equoterapia da UENP visa contemplar a forma\u00e7\u00e3o acad\u00eamica dos [&hellip;]<\/p>\n","protected":false},"author":28,"featured_media":0,"parent":81,"menu_order":4,"comment_status":"closed","ping_status":"closed","template":"","meta":{"_exactmetrics_skip_tracking":false,"_exactmetrics_sitenote_active":false,"_exactmetrics_sitenote_note":"","_exactmetrics_sitenote_category":0,"footnotes":"","_links_to":"","_links_to_target":""},"class_list":["post-93","page","type-page","status-publish","hentry"],"_links":{"self":[{"href":"https:\/\/www3.unicentro.br\/midiaememoriasemfronteiras\/wp-json\/wp\/v2\/pages\/93","targetHints":{"allow":["GET"]}}],"collection":[{"href":"https:\/\/www3.unicentro.br\/midiaememoriasemfronteiras\/wp-json\/wp\/v2\/pages"}],"about":[{"href":"https:\/\/www3.unicentro.br\/midiaememoriasemfronteiras\/wp-json\/wp\/v2\/types\/page"}],"author":[{"embeddable":true,"href":"https:\/\/www3.unicentro.br\/midiaememoriasemfronteiras\/wp-json\/wp\/v2\/users\/28"}],"replies":[{"embeddable":true,"href":"https:\/\/www3.unicentro.br\/midiaememoriasemfronteiras\/wp-json\/wp\/v2\/comments?post=93"}],"version-history":[{"count":0,"href":"https:\/\/www3.unicentro.br\/midiaememoriasemfronteiras\/wp-json\/wp\/v2\/pages\/93\/revisions"}],"up":[{"embeddable":true,"href":"https:\/\/www3.unicentro.br\/midiaememoriasemfronteiras\/wp-json\/wp\/v2\/pages\/81"}],"wp:attachment":[{"href":"https:\/\/www3.unicentro.br\/midiaememoriasemfronteiras\/wp-json\/wp\/v2\/media?parent=93"}],"curies":[{"name":"wp","href":"https:\/\/api.w.org\/{rel}","templated":true}]}}