{"id":91,"date":"2017-06-27T23:42:34","date_gmt":"2017-06-28T02:42:34","guid":{"rendered":"https:\/\/www3.unicentro.br\/midiaememoriasemfronteiras\/?page_id=91"},"modified":"2017-06-27T23:42:34","modified_gmt":"2017-06-28T02:42:34","slug":"colabora-incubadora-de-empreendimentos-de-economia-solidaria","status":"publish","type":"page","link":"https:\/\/www3.unicentro.br\/midiaememoriasemfronteiras\/universidades\/uenp\/colabora-incubadora-de-empreendimentos-de-economia-solidaria\/","title":{"rendered":"Colabora Incubadora de empreendimentos de economia solid\u00e1ria"},"content":{"rendered":"<p>A CoLabora &#8211; Incubadora de Empreendimentos de Economia Solid\u00e1ria \u00e9 um Projeto de Extens\u00e3o da Universidade Estadual do Norte do Paran\u00e1 iniciado em 2017, por meio do Programa de Extens\u00e3o \u201cUniversidade Sem Fronteiras\u201d da Secretaria da Ci\u00eancia, Tecnologia e Ensino Superior &#8211; SETI. O objetivo do projeto \u00e9 a incuba\u00e7\u00e3o de empreendimentos solid\u00e1rios na regi\u00e3o do norte pioneiro guiado pelos princ\u00edpios da economia solid\u00e1ria, sustentabilidade e da coletividade.<\/p>\n<p><strong>Equipe:<\/strong><\/p>\n<p>Fernando de Brito Alves (coordenador);<br \/>\nAndr\u00e9 Vicente Ribeiro de Godoi;<br \/>\nGiovanni Santos do Amaral;<br \/>\nMarco Antonio Turatti Junior;<\/p>\n","protected":false},"excerpt":{"rendered":"<p>A CoLabora &#8211; Incubadora de Empreendimentos de Economia Solid\u00e1ria \u00e9 um Projeto de Extens\u00e3o da Universidade Estadual do Norte do Paran\u00e1 iniciado em 2017, por meio do Programa de Extens\u00e3o \u201cUniversidade Sem Fronteiras\u201d da Secretaria da Ci\u00eancia, Tecnologia e Ensino Superior &#8211; SETI. O objetivo do projeto \u00e9 a incuba\u00e7\u00e3o de empreendimentos solid\u00e1rios na regi\u00e3o [&hellip;]<\/p>\n","protected":false},"author":28,"featured_media":0,"parent":81,"menu_order":3,"comment_status":"closed","ping_status":"closed","template":"","meta":{"_exactmetrics_skip_tracking":false,"_exactmetrics_sitenote_active":false,"_exactmetrics_sitenote_note":"","_exactmetrics_sitenote_category":0,"footnotes":"","_links_to":"","_links_to_target":""},"class_list":["post-91","page","type-page","status-publish","hentry"],"_links":{"self":[{"href":"https:\/\/www3.unicentro.br\/midiaememoriasemfronteiras\/wp-json\/wp\/v2\/pages\/91","targetHints":{"allow":["GET"]}}],"collection":[{"href":"https:\/\/www3.unicentro.br\/midiaememoriasemfronteiras\/wp-json\/wp\/v2\/pages"}],"about":[{"href":"https:\/\/www3.unicentro.br\/midiaememoriasemfronteiras\/wp-json\/wp\/v2\/types\/page"}],"author":[{"embeddable":true,"href":"https:\/\/www3.unicentro.br\/midiaememoriasemfronteiras\/wp-json\/wp\/v2\/users\/28"}],"replies":[{"embeddable":true,"href":"https:\/\/www3.unicentro.br\/midiaememoriasemfronteiras\/wp-json\/wp\/v2\/comments?post=91"}],"version-history":[{"count":0,"href":"https:\/\/www3.unicentro.br\/midiaememoriasemfronteiras\/wp-json\/wp\/v2\/pages\/91\/revisions"}],"up":[{"embeddable":true,"href":"https:\/\/www3.unicentro.br\/midiaememoriasemfronteiras\/wp-json\/wp\/v2\/pages\/81"}],"wp:attachment":[{"href":"https:\/\/www3.unicentro.br\/midiaememoriasemfronteiras\/wp-json\/wp\/v2\/media?parent=91"}],"curies":[{"name":"wp","href":"https:\/\/api.w.org\/{rel}","templated":true}]}}